{"id":20083,"date":"2015-07-06T06:45:12","date_gmt":"2015-07-06T06:45:12","guid":{"rendered":"http:\/\/nlhoog-salebaboe.savviihq.com\/?page_id=20083"},"modified":"2015-09-21T11:16:30","modified_gmt":"2015-09-21T11:16:30","slug":"celosvetovy-inovator-v-automatizaci-pestitelstvi","status":"publish","type":"page","link":"https:\/\/www.hoogendoorn.nl\/cs\/","title":{"rendered":"CELOSV\u011aTOV\u00dd INOV\u00c1TOR V AUTOMATIZACI P\u011aSTITELSTV\u00cd"},"content":{"rendered":"<p>Hled\u00e1te integrovan\u00e1 automatick\u00e1 \u0159e\u0161en\u00ed, kter\u00e1 dosahuj\u00ed optim\u00e1ln\u00ed produkce plodin a vysok\u00e9 kvality? Sna\u017e\u00edte se o efektivn\u00ed vyu\u017eit\u00ed vody, \u017eivin a energie? Cht\u011bli byste m\u00edt lep\u0161\u00ed p\u0159ehled o sv\u00fdch plodin\u00e1ch a obchodn\u00edch \u010dinnostech, abyste zv\u00fd\u0161ili zisk va\u0161\u00ed firmy?<\/p>\n<p>Hoogendoorn vytv\u00e1\u0159\u00ed udr\u017eiteln\u00e1 a u\u017eivatelsky p\u0159\u00edv\u011btiv\u00e1 automatiza\u010dn\u00ed \u0159e\u0161en\u00ed pro v\u0161echny typy p\u011bstitelstv\u00ed po cel\u00e9m sv\u011bt\u011b. V\u00a0centru z\u00e1jmu je r\u016fst, plynulost a inovace.<\/p>\n<p>\u00dazce spolupracujeme s\u00a0na\u0161imi z\u00e1kazn\u00edky, partnery a univerzitami na udr\u017eiteln\u00fdch \u0159e\u0161en\u00edch v\u00a0p\u011bstitelstv\u00ed, kter\u00e9 p\u0159inesou va\u0161\u00ed produkci p\u0159idanou hodnotu a va\u0161\u00ed firm\u011b zisk. S\u00a0na\u0161imi \u0159e\u0161en\u00edmi, \u0161kolen\u00edm, doporu\u010den\u00edmi, slu\u017ebami a podporou v\u00e1m nab\u00eddneme komplexn\u00ed bal\u00ed\u010dek pro va\u0161e podnik\u00e1n\u00ed. D\u00edky celosv\u011btov\u00e9 s\u00edti partner\u016f jsme schopni dodat na m\u00edru u\u0161it\u00e1 udr\u017eiteln\u00e1 \u0159e\u0161en\u00ed spolehliv\u00e9 kvality jak\u00e9koli p\u011bstitelsk\u00e9 firm\u011b.<\/p>\n","protected":false},"excerpt":{"rendered":"<p>Hled\u00e1te integrovan\u00e1 automatick\u00e1 \u0159e\u0161en\u00ed, kter\u00e1 dosahuj\u00ed optim\u00e1ln\u00ed produkce plodin a vysok\u00e9 kvality? Sna\u017e\u00edte se o efektivn\u00ed vyu\u017eit\u00ed vody, \u017eivin a energie? Cht\u011bli byste m\u00edt lep\u0161\u00ed &#8230;<\/p>\n<div class=\"item-read-more\">\n<p>        <a href=\"https:\/\/www.hoogendoorn.nl\/cs\/\" style=\"font-weight: normal;\">\u010ct\u011bte v\u00edce<\/a><\/p><\/div>\n","protected":false},"author":101,"featured_media":0,"parent":0,"menu_order":0,"comment_status":"open","ping_status":"open","template":"","meta":{"_acf_changed":false,"_et_pb_use_builder":"","_et_pb_old_content":"","_et_gb_content_width":"","_genesis_hide_title":false,"_genesis_hide_breadcrumbs":false,"_genesis_hide_singular_image":false,"_genesis_hide_footer_widgets":false,"_genesis_custom_body_class":"","_genesis_custom_post_class":"","_genesis_layout":"","footnotes":""},"class_list":{"0":"post-20083","1":"page","2":"type-page","3":"status-publish","5":"entry"},"acf":[],"yoast_head":"<!-- This site is optimized with the Yoast SEO plugin v26.6 - https:\/\/yoast.com\/wordpress\/plugins\/seo\/ -->\n<title>CELOSV\u011aTOV\u00dd INOV\u00c1TOR V AUTOMATIZACI P\u011aSTITELSTV\u00cd - Hoogendoorn Growth Management<\/title>\n<meta name=\"description\" content=\"CELOSV\u011aTOV\u00dd INOV\u00c1TOR V AUTOMATIZACI P\u011aSTITELSTV\u00cd\" \/>\n<meta name=\"robots\" content=\"index, follow, max-snippet:-1, max-image-preview:large, max-video-preview:-1\" \/>\n<link rel=\"canonical\" href=\"https:\/\/www.hoogendoorn.nl\/cs\/\" \/>\n<meta property=\"og:locale\" content=\"cs_CZ\" \/>\n<meta property=\"og:type\" content=\"article\" \/>\n<meta property=\"og:title\" content=\"CELOSV\u011aTOV\u00dd INOV\u00c1TOR V AUTOMATIZACI P\u011aSTITELSTV\u00cd - Hoogendoorn Growth Management\" \/>\n<meta property=\"og:description\" content=\"CELOSV\u011aTOV\u00dd INOV\u00c1TOR V AUTOMATIZACI P\u011aSTITELSTV\u00cd\" \/>\n<meta property=\"og:url\" content=\"https:\/\/www.hoogendoorn.nl\/cs\/\" \/>\n<meta property=\"og:site_name\" content=\"Hoogendoorn Growth Management\" \/>\n<meta property=\"article:modified_time\" content=\"2015-09-21T11:16:30+00:00\" \/>\n<meta name=\"twitter:label1\" content=\"Odhadovan\u00e1 doba \u010dten\u00ed\" \/>\n\t<meta name=\"twitter:data1\" content=\"1 minuta\" \/>\n<script type=\"application\/ld+json\" class=\"yoast-schema-graph\">{\"@context\":\"https:\/\/schema.org\",\"@graph\":[{\"@type\":\"WebPage\",\"@id\":\"https:\/\/www.hoogendoorn.nl\/cs\/\",\"url\":\"https:\/\/www.hoogendoorn.nl\/cs\/\",\"name\":\"CELOSV\u011aTOV\u00dd INOV\u00c1TOR V AUTOMATIZACI P\u011aSTITELSTV\u00cd - Hoogendoorn Growth Management\",\"isPartOf\":{\"@id\":\"https:\/\/www.hoogendoorn.nl\/#website\"},\"datePublished\":\"2015-07-06T06:45:12+00:00\",\"dateModified\":\"2015-09-21T11:16:30+00:00\",\"description\":\"CELOSV\u011aTOV\u00dd INOV\u00c1TOR V AUTOMATIZACI P\u011aSTITELSTV\u00cd\",\"breadcrumb\":{\"@id\":\"https:\/\/www.hoogendoorn.nl\/cs\/#breadcrumb\"},\"inLanguage\":\"cs\",\"potentialAction\":[{\"@type\":\"ReadAction\",\"target\":[\"https:\/\/www.hoogendoorn.nl\/cs\/\"]}]},{\"@type\":\"BreadcrumbList\",\"@id\":\"https:\/\/www.hoogendoorn.nl\/cs\/#breadcrumb\",\"itemListElement\":[{\"@type\":\"ListItem\",\"position\":1,\"name\":\"Home\",\"item\":\"https:\/\/www.hoogendoorn.nl\/cs\/\"},{\"@type\":\"ListItem\",\"position\":2,\"name\":\"CELOSV\u011aTOV\u00dd INOV\u00c1TOR V AUTOMATIZACI P\u011aSTITELSTV\u00cd\"}]},{\"@type\":\"WebSite\",\"@id\":\"https:\/\/www.hoogendoorn.nl\/#website\",\"url\":\"https:\/\/www.hoogendoorn.nl\/\",\"name\":\"Hoogendoorn Growth Management\",\"description\":\"Wereldwijd duurzame tuinbouwoplossingen op maat\",\"potentialAction\":[{\"@type\":\"SearchAction\",\"target\":{\"@type\":\"EntryPoint\",\"urlTemplate\":\"https:\/\/www.hoogendoorn.nl\/?s={search_term_string}\"},\"query-input\":{\"@type\":\"PropertyValueSpecification\",\"valueRequired\":true,\"valueName\":\"search_term_string\"}}],\"inLanguage\":\"cs\"}]}<\/script>\n<!-- \/ Yoast SEO plugin. -->","yoast_head_json":{"title":"CELOSV\u011aTOV\u00dd INOV\u00c1TOR V AUTOMATIZACI P\u011aSTITELSTV\u00cd - Hoogendoorn Growth Management","description":"CELOSV\u011aTOV\u00dd INOV\u00c1TOR V AUTOMATIZACI P\u011aSTITELSTV\u00cd","robots":{"index":"index","follow":"follow","max-snippet":"max-snippet:-1","max-image-preview":"max-image-preview:large","max-video-preview":"max-video-preview:-1"},"canonical":"https:\/\/www.hoogendoorn.nl\/cs\/","og_locale":"cs_CZ","og_type":"article","og_title":"CELOSV\u011aTOV\u00dd INOV\u00c1TOR V AUTOMATIZACI P\u011aSTITELSTV\u00cd - Hoogendoorn Growth Management","og_description":"CELOSV\u011aTOV\u00dd INOV\u00c1TOR V AUTOMATIZACI P\u011aSTITELSTV\u00cd","og_url":"https:\/\/www.hoogendoorn.nl\/cs\/","og_site_name":"Hoogendoorn Growth Management","article_modified_time":"2015-09-21T11:16:30+00:00","twitter_misc":{"Odhadovan\u00e1 doba \u010dten\u00ed":"1 minuta"},"schema":{"@context":"https:\/\/schema.org","@graph":[{"@type":"WebPage","@id":"https:\/\/www.hoogendoorn.nl\/cs\/","url":"https:\/\/www.hoogendoorn.nl\/cs\/","name":"CELOSV\u011aTOV\u00dd INOV\u00c1TOR V AUTOMATIZACI P\u011aSTITELSTV\u00cd - Hoogendoorn Growth Management","isPartOf":{"@id":"https:\/\/www.hoogendoorn.nl\/#website"},"datePublished":"2015-07-06T06:45:12+00:00","dateModified":"2015-09-21T11:16:30+00:00","description":"CELOSV\u011aTOV\u00dd INOV\u00c1TOR V AUTOMATIZACI P\u011aSTITELSTV\u00cd","breadcrumb":{"@id":"https:\/\/www.hoogendoorn.nl\/cs\/#breadcrumb"},"inLanguage":"cs","potentialAction":[{"@type":"ReadAction","target":["https:\/\/www.hoogendoorn.nl\/cs\/"]}]},{"@type":"BreadcrumbList","@id":"https:\/\/www.hoogendoorn.nl\/cs\/#breadcrumb","itemListElement":[{"@type":"ListItem","position":1,"name":"Home","item":"https:\/\/www.hoogendoorn.nl\/cs\/"},{"@type":"ListItem","position":2,"name":"CELOSV\u011aTOV\u00dd INOV\u00c1TOR V AUTOMATIZACI P\u011aSTITELSTV\u00cd"}]},{"@type":"WebSite","@id":"https:\/\/www.hoogendoorn.nl\/#website","url":"https:\/\/www.hoogendoorn.nl\/","name":"Hoogendoorn Growth Management","description":"Wereldwijd duurzame tuinbouwoplossingen op maat","potentialAction":[{"@type":"SearchAction","target":{"@type":"EntryPoint","urlTemplate":"https:\/\/www.hoogendoorn.nl\/?s={search_term_string}"},"query-input":{"@type":"PropertyValueSpecification","valueRequired":true,"valueName":"search_term_string"}}],"inLanguage":"cs"}]}},"_links":{"self":[{"href":"https:\/\/www.hoogendoorn.nl\/cs\/wp-json\/wp\/v2\/pages\/20083","targetHints":{"allow":["GET"]}}],"collection":[{"href":"https:\/\/www.hoogendoorn.nl\/cs\/wp-json\/wp\/v2\/pages"}],"about":[{"href":"https:\/\/www.hoogendoorn.nl\/cs\/wp-json\/wp\/v2\/types\/page"}],"author":[{"embeddable":true,"href":"https:\/\/www.hoogendoorn.nl\/cs\/wp-json\/wp\/v2\/users\/101"}],"replies":[{"embeddable":true,"href":"https:\/\/www.hoogendoorn.nl\/cs\/wp-json\/wp\/v2\/comments?post=20083"}],"version-history":[{"count":0,"href":"https:\/\/www.hoogendoorn.nl\/cs\/wp-json\/wp\/v2\/pages\/20083\/revisions"}],"wp:attachment":[{"href":"https:\/\/www.hoogendoorn.nl\/cs\/wp-json\/wp\/v2\/media?parent=20083"}],"curies":[{"name":"wp","href":"https:\/\/api.w.org\/{rel}","templated":true}]}}