{"id":20087,"date":"2015-07-06T06:53:03","date_gmt":"2015-07-06T06:53:03","guid":{"rendered":"http:\/\/nlhoog-salebaboe.savviihq.com\/?page_id=20087"},"modified":"2015-11-09T14:13:56","modified_gmt":"2015-11-09T14:13:56","slug":"produkty","status":"publish","type":"page","link":"https:\/\/www.hoogendoorn.nl\/cs\/produkty\/","title":{"rendered":"Produkty"},"content":{"rendered":"<p>Po cel\u00e9m sv\u011bt\u011b se zvy\u0161uj\u00ed po\u017eadavky na kvalitn\u00ed potraviny. P\u0159\u00ed\u010dinou je st\u00e1le se rozr\u016fstaj\u00edc\u00ed sv\u011btov\u00e1 populace a vy\u0161\u0161\u00ed n\u00e1roky kladen\u00e9 na bezpe\u010dnost potravin. Sou\u010dasn\u011b vn\u00edm\u00e1me, \u017ee se klima m\u011bn\u00ed a \u017ee fosiln\u00ed paliva a voda jsou \u010d\u00edm d\u00e1l vz\u00e1cn\u011bj\u0161\u00ed. Na cel\u00e9m sv\u011bt\u011b se vyu\u017e\u00edvaj\u00ed alternativn\u00ed udr\u017eiteln\u00e9 zdroje energie jako geoterm\u00e1ln\u00ed energie, sol\u00e1rn\u00ed a v\u011btrn\u00e1 energie \u010di bioenergie. Krom\u011b toho se neust\u00e1le vyhled\u00e1vaj\u00ed nov\u00e9 mo\u017enosti, jak vyu\u017e\u00edvat vodu a energii efektivn\u011bji.<\/p>\n<p>Spolu s Hoogendoorn m\u016f\u017eete p\u0159isp\u011bt k udr\u017eiteln\u00e9mu vyu\u017eit\u00ed zdroj\u016f, energie a vody a ke sn\u00ed\u017een\u00ed emis\u00ed CO<sub>2<\/sub>. Na\u0161e slu\u017eby a produkty umo\u017e\u0148uj\u00ed analyzovat, \u0159\u00eddit a optimalizovat v\u0161echny procesy ve va\u0161em podniku, a to zcela c\u00edlen\u011b. Takto m\u00e1te, jako podnikatel v p\u011bsitelstv\u00ed vhled do va\u0161ich firemn\u00edch \u010dinnost\u00ed a dok\u00e1\u017eete produkovat s ni\u017e\u0161\u00edmi n\u00e1klady. Je to situace, ve kter\u00e9 ka\u017ed\u00fd vyhr\u00e1v\u00e1: je zde p\u0159\u00ednos pro \u017eivotn\u00ed prost\u0159ed\u00ed a zisk pro va\u0161i firmu.<\/p>\n<p>Hoogendoorn m\u00e1 vyhovuj\u00edc\u00ed automatiza\u010dn\u00ed \u0159e\u0161en\u00ed skute\u010dn\u011b pro v\u0161echny procesy a syst\u00e9my ve va\u0161\u00ed firm\u011b, a to bez ohledu na typ plodiny, klima \u010di situaci ve firm\u011b.<\/p>\n","protected":false},"excerpt":{"rendered":"<p>Po cel\u00e9m sv\u011bt\u011b se zvy\u0161uj\u00ed po\u017eadavky na kvalitn\u00ed potraviny. P\u0159\u00ed\u010dinou je st\u00e1le se rozr\u016fstaj\u00edc\u00ed sv\u011btov\u00e1 populace a vy\u0161\u0161\u00ed n\u00e1roky kladen\u00e9 na bezpe\u010dnost potravin. Sou\u010dasn\u011b vn\u00edm\u00e1me, &#8230;<\/p>\n<div class=\"item-read-more\">\n<p>        <a href=\"https:\/\/www.hoogendoorn.nl\/cs\/produkty\/\" style=\"font-weight: normal;\">\u010ct\u011bte v\u00edce<\/a><\/p><\/div>\n","protected":false},"author":101,"featured_media":0,"parent":0,"menu_order":0,"comment_status":"open","ping_status":"closed","template":"page-full-width.php","meta":{"_acf_changed":false,"_et_pb_use_builder":"","_et_pb_old_content":"","_et_gb_content_width":"","_genesis_hide_title":false,"_genesis_hide_breadcrumbs":false,"_genesis_hide_singular_image":false,"_genesis_hide_footer_widgets":false,"_genesis_custom_body_class":"","_genesis_custom_post_class":"","_genesis_layout":"content-sidebar","footnotes":""},"class_list":{"0":"post-20087","1":"page","2":"type-page","3":"status-publish","5":"entry"},"acf":[],"yoast_head":"<!-- This site is optimized with the Yoast SEO plugin v26.6 - https:\/\/yoast.com\/wordpress\/plugins\/seo\/ -->\n<title>Produkty - Hoogendoorn Growth Management<\/title>\n<meta name=\"robots\" content=\"index, follow, max-snippet:-1, max-image-preview:large, max-video-preview:-1\" \/>\n<link rel=\"canonical\" href=\"https:\/\/www.hoogendoorn.nl\/cs\/produkty\/\" \/>\n<meta property=\"og:locale\" content=\"cs_CZ\" \/>\n<meta property=\"og:type\" content=\"article\" \/>\n<meta property=\"og:title\" content=\"Produkty - Hoogendoorn Growth Management\" \/>\n<meta property=\"og:description\" content=\"Po cel\u00e9m sv\u011bt\u011b se zvy\u0161uj\u00ed po\u017eadavky na kvalitn\u00ed potraviny. P\u0159\u00ed\u010dinou je st\u00e1le se rozr\u016fstaj\u00edc\u00ed sv\u011btov\u00e1 populace a vy\u0161\u0161\u00ed n\u00e1roky kladen\u00e9 na bezpe\u010dnost potravin. Sou\u010dasn\u011b vn\u00edm\u00e1me, ...        \u010ct\u011bte v\u00edce\" \/>\n<meta property=\"og:url\" content=\"https:\/\/www.hoogendoorn.nl\/cs\/produkty\/\" \/>\n<meta property=\"og:site_name\" content=\"Hoogendoorn Growth Management\" \/>\n<meta property=\"article:modified_time\" content=\"2015-11-09T14:13:56+00:00\" \/>\n<meta name=\"twitter:label1\" content=\"Odhadovan\u00e1 doba \u010dten\u00ed\" \/>\n\t<meta name=\"twitter:data1\" content=\"1 minuta\" \/>\n<script type=\"application\/ld+json\" class=\"yoast-schema-graph\">{\"@context\":\"https:\/\/schema.org\",\"@graph\":[{\"@type\":\"WebPage\",\"@id\":\"https:\/\/www.hoogendoorn.nl\/cs\/produkty\/\",\"url\":\"https:\/\/www.hoogendoorn.nl\/cs\/produkty\/\",\"name\":\"Produkty - Hoogendoorn Growth Management\",\"isPartOf\":{\"@id\":\"https:\/\/www.hoogendoorn.nl\/#website\"},\"datePublished\":\"2015-07-06T06:53:03+00:00\",\"dateModified\":\"2015-11-09T14:13:56+00:00\",\"breadcrumb\":{\"@id\":\"https:\/\/www.hoogendoorn.nl\/cs\/produkty\/#breadcrumb\"},\"inLanguage\":\"cs\",\"potentialAction\":[{\"@type\":\"ReadAction\",\"target\":[\"https:\/\/www.hoogendoorn.nl\/cs\/produkty\/\"]}]},{\"@type\":\"BreadcrumbList\",\"@id\":\"https:\/\/www.hoogendoorn.nl\/cs\/produkty\/#breadcrumb\",\"itemListElement\":[{\"@type\":\"ListItem\",\"position\":1,\"name\":\"Home\",\"item\":\"https:\/\/www.hoogendoorn.nl\/cs\/\"},{\"@type\":\"ListItem\",\"position\":2,\"name\":\"Produkty\"}]},{\"@type\":\"WebSite\",\"@id\":\"https:\/\/www.hoogendoorn.nl\/#website\",\"url\":\"https:\/\/www.hoogendoorn.nl\/\",\"name\":\"Hoogendoorn Growth Management\",\"description\":\"Wereldwijd duurzame tuinbouwoplossingen op maat\",\"potentialAction\":[{\"@type\":\"SearchAction\",\"target\":{\"@type\":\"EntryPoint\",\"urlTemplate\":\"https:\/\/www.hoogendoorn.nl\/?s={search_term_string}\"},\"query-input\":{\"@type\":\"PropertyValueSpecification\",\"valueRequired\":true,\"valueName\":\"search_term_string\"}}],\"inLanguage\":\"cs\"}]}<\/script>\n<!-- \/ Yoast SEO plugin. -->","yoast_head_json":{"title":"Produkty - Hoogendoorn Growth Management","robots":{"index":"index","follow":"follow","max-snippet":"max-snippet:-1","max-image-preview":"max-image-preview:large","max-video-preview":"max-video-preview:-1"},"canonical":"https:\/\/www.hoogendoorn.nl\/cs\/produkty\/","og_locale":"cs_CZ","og_type":"article","og_title":"Produkty - Hoogendoorn Growth Management","og_description":"Po cel\u00e9m sv\u011bt\u011b se zvy\u0161uj\u00ed po\u017eadavky na kvalitn\u00ed potraviny. P\u0159\u00ed\u010dinou je st\u00e1le se rozr\u016fstaj\u00edc\u00ed sv\u011btov\u00e1 populace a vy\u0161\u0161\u00ed n\u00e1roky kladen\u00e9 na bezpe\u010dnost potravin. Sou\u010dasn\u011b vn\u00edm\u00e1me, ...        \u010ct\u011bte v\u00edce","og_url":"https:\/\/www.hoogendoorn.nl\/cs\/produkty\/","og_site_name":"Hoogendoorn Growth Management","article_modified_time":"2015-11-09T14:13:56+00:00","twitter_misc":{"Odhadovan\u00e1 doba \u010dten\u00ed":"1 minuta"},"schema":{"@context":"https:\/\/schema.org","@graph":[{"@type":"WebPage","@id":"https:\/\/www.hoogendoorn.nl\/cs\/produkty\/","url":"https:\/\/www.hoogendoorn.nl\/cs\/produkty\/","name":"Produkty - Hoogendoorn Growth Management","isPartOf":{"@id":"https:\/\/www.hoogendoorn.nl\/#website"},"datePublished":"2015-07-06T06:53:03+00:00","dateModified":"2015-11-09T14:13:56+00:00","breadcrumb":{"@id":"https:\/\/www.hoogendoorn.nl\/cs\/produkty\/#breadcrumb"},"inLanguage":"cs","potentialAction":[{"@type":"ReadAction","target":["https:\/\/www.hoogendoorn.nl\/cs\/produkty\/"]}]},{"@type":"BreadcrumbList","@id":"https:\/\/www.hoogendoorn.nl\/cs\/produkty\/#breadcrumb","itemListElement":[{"@type":"ListItem","position":1,"name":"Home","item":"https:\/\/www.hoogendoorn.nl\/cs\/"},{"@type":"ListItem","position":2,"name":"Produkty"}]},{"@type":"WebSite","@id":"https:\/\/www.hoogendoorn.nl\/#website","url":"https:\/\/www.hoogendoorn.nl\/","name":"Hoogendoorn Growth Management","description":"Wereldwijd duurzame tuinbouwoplossingen op maat","potentialAction":[{"@type":"SearchAction","target":{"@type":"EntryPoint","urlTemplate":"https:\/\/www.hoogendoorn.nl\/?s={search_term_string}"},"query-input":{"@type":"PropertyValueSpecification","valueRequired":true,"valueName":"search_term_string"}}],"inLanguage":"cs"}]}},"_links":{"self":[{"href":"https:\/\/www.hoogendoorn.nl\/cs\/wp-json\/wp\/v2\/pages\/20087","targetHints":{"allow":["GET"]}}],"collection":[{"href":"https:\/\/www.hoogendoorn.nl\/cs\/wp-json\/wp\/v2\/pages"}],"about":[{"href":"https:\/\/www.hoogendoorn.nl\/cs\/wp-json\/wp\/v2\/types\/page"}],"author":[{"embeddable":true,"href":"https:\/\/www.hoogendoorn.nl\/cs\/wp-json\/wp\/v2\/users\/101"}],"replies":[{"embeddable":true,"href":"https:\/\/www.hoogendoorn.nl\/cs\/wp-json\/wp\/v2\/comments?post=20087"}],"version-history":[{"count":0,"href":"https:\/\/www.hoogendoorn.nl\/cs\/wp-json\/wp\/v2\/pages\/20087\/revisions"}],"wp:attachment":[{"href":"https:\/\/www.hoogendoorn.nl\/cs\/wp-json\/wp\/v2\/media?parent=20087"}],"curies":[{"name":"wp","href":"https:\/\/api.w.org\/{rel}","templated":true}]}}