{"id":20102,"date":"2015-07-06T09:04:23","date_gmt":"2015-07-06T09:04:23","guid":{"rendered":"http:\/\/nlhoog-salebaboe.savviihq.com\/?page_id=20102"},"modified":"2015-07-06T09:11:59","modified_gmt":"2015-07-06T09:11:59","slug":"rizeni-klimatu","status":"publish","type":"page","link":"https:\/\/www.hoogendoorn.nl\/cs\/produkty\/rizeni-klimatu\/","title":{"rendered":"\u0158\u00edzen\u00ed klimatu"},"content":{"rendered":"<p><strong>Pro\u010d je regulace klimatu ve sklen\u00edku d\u016fle\u017eit\u00e1<br \/>\n<\/strong>Jako podnikatel v p\u011bstitelstv\u00ed ch\u00e1pete l\u00e9pe ne\u017e kdokoli jin\u00fd, \u017ee klima ve sklen\u00edku m\u00e1 obrovsk\u00fd vliv na podm\u00ednky pro va\u0161e plodiny. Teplota vzduchu, vlhkost, obsha CO<sub>2<\/sub> a spr\u00e1vn\u00e1 rovnov\u00e1ha sv\u011btla pro r\u016fst jsou nezbytn\u00e9 podm\u00ednky pro zdrav\u00e9 a aktivn\u00ed plodiny. Kdy\u017e regulujete klima ve sklen\u00edku spr\u00e1vn\u011b, sni\u017eujete pravd\u011bpodobnost v\u00fdskytu chorob a n\u00e1kaz a zajist\u00edte se tak kvalitn\u00ed produkci. Krom\u011b toho tak\u00e9 \u0161et\u0159\u00edte cennou energii.<\/p>\n<p><strong>\u0158e\u0161en\u00ed pro \u0159\u00edzen\u00ed klimatu ve va\u0161\u00ed p\u011bstitelsk\u00e9 firm\u011b<br \/>\n<\/strong>M\u016f\u017eete dos\u00e1hnout efektivn\u00ed koordinace v\u0161ech klimatick\u00fdch faktor\u016f s pomoc\u00ed procesn\u00edho po\u010d\u00edta\u010de iSii od Hoogendoorn. Inteligentn\u00ed ovl\u00e1dac\u00ed software a p\u0159esn\u00e9 sensory umo\u017e\u0148uj\u00ed dokonalou spolupr\u00e1ci v\u0161ech klimatick\u00fdch proces\u016f jako vyt\u00e1p\u011bn\u00ed, odst\u00edn\u011bn\u00ed, v\u011btr\u00e1n\u00ed a osv\u011btlen\u00ed. Podrobn\u00e9 p\u0159ehledy a grafy v\u00e1m poskytnou n\u00e1hled na podm\u00ednky uvnit\u0159 sklen\u00edku I mimo n\u011bj. \u0158\u00edzen\u00ed klimatu bere v potaz nejen aktu\u00e1ln\u00ed pov\u011btrnostn\u00ed podm\u00ednky, ale I p\u0159edpov\u011b\u010f po\u010das\u00ed. Nap\u0159\u00edklad teplota ve sklen\u00edku m\u016f\u017ee b\u00fdt upravena podle po\u010das\u00ed v nast\u00e1vaj\u00edc\u00edch dnech a okna lze dokonce p\u0159ed nadch\u00e1zej\u00edc\u00ed bou\u0159kou s de\u0161t\u011bm zav\u0159\u00edt.<\/p>\n<p><strong>\u010ceho dos\u00e1hnete?<br \/>\n<\/strong>S pomoc\u00ed procesn\u00edho po\u010d\u00edta\u010de iSii m\u00e1te \u00faplnou kontrolu nad podm\u00ednkami kultivace ve sklen\u00edku. Kdykoli b\u011bhem dne, bez ohledu na podm\u00ednky, vytvo\u0159\u00edte ide\u00e1ln\u00ed r\u016fstov\u00e9 klima zcela p\u0159izp\u016fsoben\u00e9 po\u017eadavk\u016fm rostlin. S efektivn\u00edm \u0159\u00edzen\u00edm klimatu zlep\u0161te kvalitu sv\u00fdch produkt\u016f, sn\u00ed\u017e\u00edte n\u00e1klady a zv\u00fd\u0161\u00edte efektivitu produkce plodin.<\/p>\n","protected":false},"excerpt":{"rendered":"<p>Pro\u010d je regulace klimatu ve sklen\u00edku d\u016fle\u017eit\u00e1 Jako podnikatel v p\u011bstitelstv\u00ed ch\u00e1pete l\u00e9pe ne\u017e kdokoli jin\u00fd, \u017ee klima ve sklen\u00edku m\u00e1 obrovsk\u00fd vliv na podm\u00ednky &#8230;<\/p>\n<div class=\"item-read-more\">\n<p>        <a href=\"https:\/\/www.hoogendoorn.nl\/cs\/produkty\/rizeni-klimatu\/\" style=\"font-weight: normal;\">\u010ct\u011bte v\u00edce<\/a><\/p><\/div>\n","protected":false},"author":101,"featured_media":0,"parent":20087,"menu_order":0,"comment_status":"open","ping_status":"closed","template":"page-full-width.php","meta":{"_acf_changed":false,"_et_pb_use_builder":"","_et_pb_old_content":"","_et_gb_content_width":"","_genesis_hide_title":false,"_genesis_hide_breadcrumbs":false,"_genesis_hide_singular_image":false,"_genesis_hide_footer_widgets":false,"_genesis_custom_body_class":"","_genesis_custom_post_class":"","_genesis_layout":"","footnotes":""},"class_list":{"0":"post-20102","1":"page","2":"type-page","3":"status-publish","5":"theme-rizeni-klimatu","6":"entry"},"acf":[],"yoast_head":"<!-- This site is optimized with the Yoast SEO plugin v26.6 - https:\/\/yoast.com\/wordpress\/plugins\/seo\/ -->\n<title>\u0158\u00edzen\u00ed klimatu - Hoogendoorn Growth Management<\/title>\n<meta name=\"description\" content=\"\u0158\u00edzen\u00ed klimatu: Optim\u00e1ln\u00ed klima pro r\u016fst za v\u0161ech okolnost\u00ed\" \/>\n<meta name=\"robots\" content=\"index, follow, max-snippet:-1, max-image-preview:large, max-video-preview:-1\" \/>\n<link rel=\"canonical\" href=\"https:\/\/www.hoogendoorn.nl\/cs\/produkty\/rizeni-klimatu\/\" \/>\n<meta property=\"og:locale\" content=\"cs_CZ\" \/>\n<meta property=\"og:type\" content=\"article\" \/>\n<meta property=\"og:title\" content=\"\u0158\u00edzen\u00ed klimatu - Hoogendoorn Growth Management\" \/>\n<meta property=\"og:description\" content=\"\u0158\u00edzen\u00ed klimatu: Optim\u00e1ln\u00ed klima pro r\u016fst za v\u0161ech okolnost\u00ed\" \/>\n<meta property=\"og:url\" content=\"https:\/\/www.hoogendoorn.nl\/cs\/produkty\/rizeni-klimatu\/\" \/>\n<meta property=\"og:site_name\" content=\"Hoogendoorn Growth Management\" \/>\n<meta property=\"article:modified_time\" content=\"2015-07-06T09:11:59+00:00\" \/>\n<meta name=\"twitter:label1\" content=\"Odhadovan\u00e1 doba \u010dten\u00ed\" \/>\n\t<meta name=\"twitter:data1\" content=\"1 minuta\" \/>\n<script type=\"application\/ld+json\" class=\"yoast-schema-graph\">{\"@context\":\"https:\/\/schema.org\",\"@graph\":[{\"@type\":\"WebPage\",\"@id\":\"https:\/\/www.hoogendoorn.nl\/cs\/produkty\/rizeni-klimatu\/\",\"url\":\"https:\/\/www.hoogendoorn.nl\/cs\/produkty\/rizeni-klimatu\/\",\"name\":\"\u0158\u00edzen\u00ed klimatu - Hoogendoorn Growth Management\",\"isPartOf\":{\"@id\":\"https:\/\/www.hoogendoorn.nl\/#website\"},\"datePublished\":\"2015-07-06T09:04:23+00:00\",\"dateModified\":\"2015-07-06T09:11:59+00:00\",\"description\":\"\u0158\u00edzen\u00ed klimatu: Optim\u00e1ln\u00ed klima pro r\u016fst za v\u0161ech okolnost\u00ed\",\"breadcrumb\":{\"@id\":\"https:\/\/www.hoogendoorn.nl\/cs\/produkty\/rizeni-klimatu\/#breadcrumb\"},\"inLanguage\":\"cs\",\"potentialAction\":[{\"@type\":\"ReadAction\",\"target\":[\"https:\/\/www.hoogendoorn.nl\/cs\/produkty\/rizeni-klimatu\/\"]}]},{\"@type\":\"BreadcrumbList\",\"@id\":\"https:\/\/www.hoogendoorn.nl\/cs\/produkty\/rizeni-klimatu\/#breadcrumb\",\"itemListElement\":[{\"@type\":\"ListItem\",\"position\":1,\"name\":\"Home\",\"item\":\"https:\/\/www.hoogendoorn.nl\/cs\/\"},{\"@type\":\"ListItem\",\"position\":2,\"name\":\"Produkty\",\"item\":\"https:\/\/www.hoogendoorn.nl\/cs\/produkty\/\"},{\"@type\":\"ListItem\",\"position\":3,\"name\":\"\u0158\u00edzen\u00ed klimatu\"}]},{\"@type\":\"WebSite\",\"@id\":\"https:\/\/www.hoogendoorn.nl\/#website\",\"url\":\"https:\/\/www.hoogendoorn.nl\/\",\"name\":\"Hoogendoorn Growth Management\",\"description\":\"Wereldwijd duurzame tuinbouwoplossingen op maat\",\"potentialAction\":[{\"@type\":\"SearchAction\",\"target\":{\"@type\":\"EntryPoint\",\"urlTemplate\":\"https:\/\/www.hoogendoorn.nl\/?s={search_term_string}\"},\"query-input\":{\"@type\":\"PropertyValueSpecification\",\"valueRequired\":true,\"valueName\":\"search_term_string\"}}],\"inLanguage\":\"cs\"}]}<\/script>\n<!-- \/ Yoast SEO plugin. -->","yoast_head_json":{"title":"\u0158\u00edzen\u00ed klimatu - Hoogendoorn Growth Management","description":"\u0158\u00edzen\u00ed klimatu: Optim\u00e1ln\u00ed klima pro r\u016fst za v\u0161ech okolnost\u00ed","robots":{"index":"index","follow":"follow","max-snippet":"max-snippet:-1","max-image-preview":"max-image-preview:large","max-video-preview":"max-video-preview:-1"},"canonical":"https:\/\/www.hoogendoorn.nl\/cs\/produkty\/rizeni-klimatu\/","og_locale":"cs_CZ","og_type":"article","og_title":"\u0158\u00edzen\u00ed klimatu - Hoogendoorn Growth Management","og_description":"\u0158\u00edzen\u00ed klimatu: Optim\u00e1ln\u00ed klima pro r\u016fst za v\u0161ech okolnost\u00ed","og_url":"https:\/\/www.hoogendoorn.nl\/cs\/produkty\/rizeni-klimatu\/","og_site_name":"Hoogendoorn Growth Management","article_modified_time":"2015-07-06T09:11:59+00:00","twitter_misc":{"Odhadovan\u00e1 doba \u010dten\u00ed":"1 minuta"},"schema":{"@context":"https:\/\/schema.org","@graph":[{"@type":"WebPage","@id":"https:\/\/www.hoogendoorn.nl\/cs\/produkty\/rizeni-klimatu\/","url":"https:\/\/www.hoogendoorn.nl\/cs\/produkty\/rizeni-klimatu\/","name":"\u0158\u00edzen\u00ed klimatu - Hoogendoorn Growth Management","isPartOf":{"@id":"https:\/\/www.hoogendoorn.nl\/#website"},"datePublished":"2015-07-06T09:04:23+00:00","dateModified":"2015-07-06T09:11:59+00:00","description":"\u0158\u00edzen\u00ed klimatu: Optim\u00e1ln\u00ed klima pro r\u016fst za v\u0161ech okolnost\u00ed","breadcrumb":{"@id":"https:\/\/www.hoogendoorn.nl\/cs\/produkty\/rizeni-klimatu\/#breadcrumb"},"inLanguage":"cs","potentialAction":[{"@type":"ReadAction","target":["https:\/\/www.hoogendoorn.nl\/cs\/produkty\/rizeni-klimatu\/"]}]},{"@type":"BreadcrumbList","@id":"https:\/\/www.hoogendoorn.nl\/cs\/produkty\/rizeni-klimatu\/#breadcrumb","itemListElement":[{"@type":"ListItem","position":1,"name":"Home","item":"https:\/\/www.hoogendoorn.nl\/cs\/"},{"@type":"ListItem","position":2,"name":"Produkty","item":"https:\/\/www.hoogendoorn.nl\/cs\/produkty\/"},{"@type":"ListItem","position":3,"name":"\u0158\u00edzen\u00ed klimatu"}]},{"@type":"WebSite","@id":"https:\/\/www.hoogendoorn.nl\/#website","url":"https:\/\/www.hoogendoorn.nl\/","name":"Hoogendoorn Growth Management","description":"Wereldwijd duurzame tuinbouwoplossingen op maat","potentialAction":[{"@type":"SearchAction","target":{"@type":"EntryPoint","urlTemplate":"https:\/\/www.hoogendoorn.nl\/?s={search_term_string}"},"query-input":{"@type":"PropertyValueSpecification","valueRequired":true,"valueName":"search_term_string"}}],"inLanguage":"cs"}]}},"_links":{"self":[{"href":"https:\/\/www.hoogendoorn.nl\/cs\/wp-json\/wp\/v2\/pages\/20102","targetHints":{"allow":["GET"]}}],"collection":[{"href":"https:\/\/www.hoogendoorn.nl\/cs\/wp-json\/wp\/v2\/pages"}],"about":[{"href":"https:\/\/www.hoogendoorn.nl\/cs\/wp-json\/wp\/v2\/types\/page"}],"author":[{"embeddable":true,"href":"https:\/\/www.hoogendoorn.nl\/cs\/wp-json\/wp\/v2\/users\/101"}],"replies":[{"embeddable":true,"href":"https:\/\/www.hoogendoorn.nl\/cs\/wp-json\/wp\/v2\/comments?post=20102"}],"version-history":[{"count":0,"href":"https:\/\/www.hoogendoorn.nl\/cs\/wp-json\/wp\/v2\/pages\/20102\/revisions"}],"up":[{"embeddable":true,"href":"https:\/\/www.hoogendoorn.nl\/cs\/wp-json\/wp\/v2\/pages\/20087"}],"wp:attachment":[{"href":"https:\/\/www.hoogendoorn.nl\/cs\/wp-json\/wp\/v2\/media?parent=20102"}],"curies":[{"name":"wp","href":"https:\/\/api.w.org\/{rel}","templated":true}]}}