{"id":20106,"date":"2015-07-06T09:10:02","date_gmt":"2015-07-06T09:10:02","guid":{"rendered":"http:\/\/nlhoog-salebaboe.savviihq.com\/?page_id=20106"},"modified":"2015-07-06T09:10:45","modified_gmt":"2015-07-06T09:10:45","slug":"hospodareni-s-vodou","status":"publish","type":"page","link":"https:\/\/www.hoogendoorn.nl\/cs\/produkty\/hospodareni-s-vodou\/","title":{"rendered":"Hospoda\u0159en\u00ed s vodou"},"content":{"rendered":"<p><strong>Pro\u010d je efektivn\u00ed zavla\u017eov\u00e1n\u00ed d\u016fle\u017eit\u00e9<\/strong><br \/>\nVoda a hnojiva jsou nezbytn\u00e9 pro r\u016fst va\u0161ich plodin. Av\u0161ak tyto zdroje jsou celosv\u011btov\u011b st\u00e1le m\u00e9n\u011b dostupn\u00e9. Modern\u00ed p\u011bstitelstv\u00ed m\u00e1 r\u016fzn\u00e9 mo\u017enosti jak \u0161et\u0159it vodou a hnojivy Nap\u0159\u00edklad recirkulace odv\u00e1d\u011bn\u00e9 vody redukuje spot\u0159ebu p\u0159inejmen\u0161\u00edm o 30%. P\u0159esn\u00e9 p\u0159izp\u016fsoben\u00ed se pot\u0159eb\u00e1m rostlin a zavla\u017eov\u00e1n\u00ed tak\u00e9 v\u00fdznamn\u011b p\u0159isp\u00edv\u00e1 \u00faspor\u00e1m. Dal\u0161\u00ed dodate\u010dnou v\u00fdhodou je to, \u017ee optim\u00e1ln\u00ed strategie zavla\u017eov\u00e1n\u00ed zv\u00fd\u0161\u00ed produkci plodin a v\u00e1\u0161 zisk.<strong>\u00a0<\/strong><\/p>\n<p><strong>\u0158e\u0161en\u00ed pro hospoda\u0159en\u00ed s vodou pro va\u0161i p\u011bstitelskou firmu<br \/>\n<\/strong>S pomoc\u00ed udr\u017eiteln\u00fdch automatiza\u010dn\u00edch \u0159e\u0161en\u00ed od Hoogendoorn m\u016f\u017eete c\u00edlen\u011b regulovat zavla\u017eov\u00e1n\u00ed ve sklen\u00edku i zavla\u017eov\u00e1n\u00ed rostlin p\u011bstovan\u00fdch mimo sklen\u00edk. Inovativn\u00ed procesn\u00ed po\u010d\u00edta\u010d iSii p\u0159esn\u011b koordinuje d\u00e1vkov\u00e1n\u00ed r\u016fzn\u00fdch zdroj\u016f vody, jako je de\u0161\u0165ov\u00e1 voda, studni\u010dn\u00ed voda a odpadov\u00e1 voda s po\u017eadavky plodin. Kdekoli je to mo\u017en\u00e9, tam iSii take reguluje kompletn\u00ed recirkulaci a dezinfekci odv\u00e1d\u011bn\u00e9 vody. Pokro\u010dil\u00e1 verze software proaktivn\u011b p\u0159edv\u00edd\u00e1 m\u011bn\u00edc\u00ed se podm\u00ednky. Nap\u0159\u00edklad frekvence a trv\u00e1n\u00ed zavla\u017eovac\u00edch program jsou p\u0159izp\u016fsobeny obdob\u00edm s v\u011bt\u0161\u00ed \u010di men\u0161\u00edm mno\u017estv\u00edm sune\u010dn\u00edho sv\u011btla. V z\u00e1vislosti na nam\u011b\u0159en\u00fdch hodnot\u00e1ch odb\u011bru vody u plodin and objemu vody v p\u016fd\u011b \u010di substr\u00e1tu je mo\u017en\u00e9 zavla\u017eov\u00e1n\u00ed je\u0161t\u011b p\u0159esn\u011bji upravit na m\u00edru procesu r\u016fstu.<\/p>\n<p><strong>\u010ceho dos\u00e1hnete?<br \/>\n<\/strong>Bez pot\u00ed\u017e\u00ed m\u016f\u017eete nechat odpov\u011bdn\u00e9 a udr\u017eiteln\u00e9 hospoda\u0159en\u00ed s vodou na atomatick\u00fdch syst\u00e9mech Hoogendoorn. Va\u0161im rostlin\u00e1m se ve spr\u00e1vn\u00e9 chv\u00edli dost\u00e1v\u00e1 spr\u00e1vn\u00e9ho mno\u017estv\u00ed vody a hnojiv. Tak dos\u00e1hnete maxim\u00e1ln\u00edch v\u00fdsledk\u016f v produkci plodin za ka\u017ed\u00fdch podm\u00ednek a u\u0161et\u0159\u00edte spot\u0159ebu vody a hnojiv.<\/p>\n<p>&nbsp;<\/p>\n","protected":false},"excerpt":{"rendered":"<p>Pro\u010d je efektivn\u00ed zavla\u017eov\u00e1n\u00ed d\u016fle\u017eit\u00e9 Voda a hnojiva jsou nezbytn\u00e9 pro r\u016fst va\u0161ich plodin. Av\u0161ak tyto zdroje jsou celosv\u011btov\u011b st\u00e1le m\u00e9n\u011b dostupn\u00e9. Modern\u00ed p\u011bstitelstv\u00ed m\u00e1 &#8230;<\/p>\n<div class=\"item-read-more\">\n<p>        <a href=\"https:\/\/www.hoogendoorn.nl\/cs\/produkty\/hospodareni-s-vodou\/\" style=\"font-weight: normal;\">\u010ct\u011bte v\u00edce<\/a><\/p><\/div>\n","protected":false},"author":101,"featured_media":0,"parent":20087,"menu_order":0,"comment_status":"open","ping_status":"closed","template":"page-full-width.php","meta":{"_acf_changed":false,"_et_pb_use_builder":"","_et_pb_old_content":"","_et_gb_content_width":"","_genesis_hide_title":false,"_genesis_hide_breadcrumbs":false,"_genesis_hide_singular_image":false,"_genesis_hide_footer_widgets":false,"_genesis_custom_body_class":"","_genesis_custom_post_class":"","_genesis_layout":"","footnotes":""},"class_list":{"0":"post-20106","1":"page","2":"type-page","3":"status-publish","5":"theme-hospodareni-s-vodou","6":"entry"},"acf":[],"yoast_head":"<!-- This site is optimized with the Yoast SEO plugin v26.6 - https:\/\/yoast.com\/wordpress\/plugins\/seo\/ -->\n<title>Hospoda\u0159en\u00ed s vodou - Hoogendoorn Growth Management<\/title>\n<meta name=\"description\" content=\"Bez pot\u00ed\u017e\u00ed m\u016f\u017eete nechat odpov\u011bdn\u00e9 a udr\u017eiteln\u00e9 hospoda\u0159en\u00ed s vodou na atomatick\u00fdch syst\u00e9mech Hoogendoorn.\" \/>\n<meta name=\"robots\" content=\"index, follow, max-snippet:-1, max-image-preview:large, max-video-preview:-1\" \/>\n<link rel=\"canonical\" href=\"https:\/\/www.hoogendoorn.nl\/cs\/produkty\/hospodareni-s-vodou\/\" \/>\n<meta property=\"og:locale\" content=\"cs_CZ\" \/>\n<meta property=\"og:type\" content=\"article\" \/>\n<meta property=\"og:title\" content=\"Hospoda\u0159en\u00ed s vodou - Hoogendoorn Growth Management\" \/>\n<meta property=\"og:description\" content=\"Bez pot\u00ed\u017e\u00ed m\u016f\u017eete nechat odpov\u011bdn\u00e9 a udr\u017eiteln\u00e9 hospoda\u0159en\u00ed s vodou na atomatick\u00fdch syst\u00e9mech Hoogendoorn.\" \/>\n<meta property=\"og:url\" content=\"https:\/\/www.hoogendoorn.nl\/cs\/produkty\/hospodareni-s-vodou\/\" \/>\n<meta property=\"og:site_name\" content=\"Hoogendoorn Growth Management\" \/>\n<meta property=\"article:modified_time\" content=\"2015-07-06T09:10:45+00:00\" \/>\n<meta name=\"twitter:label1\" content=\"Odhadovan\u00e1 doba \u010dten\u00ed\" \/>\n\t<meta name=\"twitter:data1\" content=\"2 minuty\" \/>\n<script type=\"application\/ld+json\" class=\"yoast-schema-graph\">{\"@context\":\"https:\/\/schema.org\",\"@graph\":[{\"@type\":\"WebPage\",\"@id\":\"https:\/\/www.hoogendoorn.nl\/cs\/produkty\/hospodareni-s-vodou\/\",\"url\":\"https:\/\/www.hoogendoorn.nl\/cs\/produkty\/hospodareni-s-vodou\/\",\"name\":\"Hospoda\u0159en\u00ed s vodou - Hoogendoorn Growth Management\",\"isPartOf\":{\"@id\":\"https:\/\/www.hoogendoorn.nl\/#website\"},\"datePublished\":\"2015-07-06T09:10:02+00:00\",\"dateModified\":\"2015-07-06T09:10:45+00:00\",\"description\":\"Bez pot\u00ed\u017e\u00ed m\u016f\u017eete nechat odpov\u011bdn\u00e9 a udr\u017eiteln\u00e9 hospoda\u0159en\u00ed s vodou na atomatick\u00fdch syst\u00e9mech Hoogendoorn.\",\"breadcrumb\":{\"@id\":\"https:\/\/www.hoogendoorn.nl\/cs\/produkty\/hospodareni-s-vodou\/#breadcrumb\"},\"inLanguage\":\"cs\",\"potentialAction\":[{\"@type\":\"ReadAction\",\"target\":[\"https:\/\/www.hoogendoorn.nl\/cs\/produkty\/hospodareni-s-vodou\/\"]}]},{\"@type\":\"BreadcrumbList\",\"@id\":\"https:\/\/www.hoogendoorn.nl\/cs\/produkty\/hospodareni-s-vodou\/#breadcrumb\",\"itemListElement\":[{\"@type\":\"ListItem\",\"position\":1,\"name\":\"Home\",\"item\":\"https:\/\/www.hoogendoorn.nl\/cs\/\"},{\"@type\":\"ListItem\",\"position\":2,\"name\":\"Produkty\",\"item\":\"https:\/\/www.hoogendoorn.nl\/cs\/produkty\/\"},{\"@type\":\"ListItem\",\"position\":3,\"name\":\"Hospoda\u0159en\u00ed s vodou\"}]},{\"@type\":\"WebSite\",\"@id\":\"https:\/\/www.hoogendoorn.nl\/#website\",\"url\":\"https:\/\/www.hoogendoorn.nl\/\",\"name\":\"Hoogendoorn Growth Management\",\"description\":\"Wereldwijd duurzame tuinbouwoplossingen op maat\",\"potentialAction\":[{\"@type\":\"SearchAction\",\"target\":{\"@type\":\"EntryPoint\",\"urlTemplate\":\"https:\/\/www.hoogendoorn.nl\/?s={search_term_string}\"},\"query-input\":{\"@type\":\"PropertyValueSpecification\",\"valueRequired\":true,\"valueName\":\"search_term_string\"}}],\"inLanguage\":\"cs\"}]}<\/script>\n<!-- \/ Yoast SEO plugin. -->","yoast_head_json":{"title":"Hospoda\u0159en\u00ed s vodou - Hoogendoorn Growth Management","description":"Bez pot\u00ed\u017e\u00ed m\u016f\u017eete nechat odpov\u011bdn\u00e9 a udr\u017eiteln\u00e9 hospoda\u0159en\u00ed s vodou na atomatick\u00fdch syst\u00e9mech Hoogendoorn.","robots":{"index":"index","follow":"follow","max-snippet":"max-snippet:-1","max-image-preview":"max-image-preview:large","max-video-preview":"max-video-preview:-1"},"canonical":"https:\/\/www.hoogendoorn.nl\/cs\/produkty\/hospodareni-s-vodou\/","og_locale":"cs_CZ","og_type":"article","og_title":"Hospoda\u0159en\u00ed s vodou - Hoogendoorn Growth Management","og_description":"Bez pot\u00ed\u017e\u00ed m\u016f\u017eete nechat odpov\u011bdn\u00e9 a udr\u017eiteln\u00e9 hospoda\u0159en\u00ed s vodou na atomatick\u00fdch syst\u00e9mech Hoogendoorn.","og_url":"https:\/\/www.hoogendoorn.nl\/cs\/produkty\/hospodareni-s-vodou\/","og_site_name":"Hoogendoorn Growth Management","article_modified_time":"2015-07-06T09:10:45+00:00","twitter_misc":{"Odhadovan\u00e1 doba \u010dten\u00ed":"2 minuty"},"schema":{"@context":"https:\/\/schema.org","@graph":[{"@type":"WebPage","@id":"https:\/\/www.hoogendoorn.nl\/cs\/produkty\/hospodareni-s-vodou\/","url":"https:\/\/www.hoogendoorn.nl\/cs\/produkty\/hospodareni-s-vodou\/","name":"Hospoda\u0159en\u00ed s vodou - Hoogendoorn Growth Management","isPartOf":{"@id":"https:\/\/www.hoogendoorn.nl\/#website"},"datePublished":"2015-07-06T09:10:02+00:00","dateModified":"2015-07-06T09:10:45+00:00","description":"Bez pot\u00ed\u017e\u00ed m\u016f\u017eete nechat odpov\u011bdn\u00e9 a udr\u017eiteln\u00e9 hospoda\u0159en\u00ed s vodou na atomatick\u00fdch syst\u00e9mech Hoogendoorn.","breadcrumb":{"@id":"https:\/\/www.hoogendoorn.nl\/cs\/produkty\/hospodareni-s-vodou\/#breadcrumb"},"inLanguage":"cs","potentialAction":[{"@type":"ReadAction","target":["https:\/\/www.hoogendoorn.nl\/cs\/produkty\/hospodareni-s-vodou\/"]}]},{"@type":"BreadcrumbList","@id":"https:\/\/www.hoogendoorn.nl\/cs\/produkty\/hospodareni-s-vodou\/#breadcrumb","itemListElement":[{"@type":"ListItem","position":1,"name":"Home","item":"https:\/\/www.hoogendoorn.nl\/cs\/"},{"@type":"ListItem","position":2,"name":"Produkty","item":"https:\/\/www.hoogendoorn.nl\/cs\/produkty\/"},{"@type":"ListItem","position":3,"name":"Hospoda\u0159en\u00ed s vodou"}]},{"@type":"WebSite","@id":"https:\/\/www.hoogendoorn.nl\/#website","url":"https:\/\/www.hoogendoorn.nl\/","name":"Hoogendoorn Growth Management","description":"Wereldwijd duurzame tuinbouwoplossingen op maat","potentialAction":[{"@type":"SearchAction","target":{"@type":"EntryPoint","urlTemplate":"https:\/\/www.hoogendoorn.nl\/?s={search_term_string}"},"query-input":{"@type":"PropertyValueSpecification","valueRequired":true,"valueName":"search_term_string"}}],"inLanguage":"cs"}]}},"_links":{"self":[{"href":"https:\/\/www.hoogendoorn.nl\/cs\/wp-json\/wp\/v2\/pages\/20106","targetHints":{"allow":["GET"]}}],"collection":[{"href":"https:\/\/www.hoogendoorn.nl\/cs\/wp-json\/wp\/v2\/pages"}],"about":[{"href":"https:\/\/www.hoogendoorn.nl\/cs\/wp-json\/wp\/v2\/types\/page"}],"author":[{"embeddable":true,"href":"https:\/\/www.hoogendoorn.nl\/cs\/wp-json\/wp\/v2\/users\/101"}],"replies":[{"embeddable":true,"href":"https:\/\/www.hoogendoorn.nl\/cs\/wp-json\/wp\/v2\/comments?post=20106"}],"version-history":[{"count":0,"href":"https:\/\/www.hoogendoorn.nl\/cs\/wp-json\/wp\/v2\/pages\/20106\/revisions"}],"up":[{"embeddable":true,"href":"https:\/\/www.hoogendoorn.nl\/cs\/wp-json\/wp\/v2\/pages\/20087"}],"wp:attachment":[{"href":"https:\/\/www.hoogendoorn.nl\/cs\/wp-json\/wp\/v2\/media?parent=20106"}],"curies":[{"name":"wp","href":"https:\/\/api.w.org\/{rel}","templated":true}]}}