{"id":20112,"date":"2015-07-06T09:15:14","date_gmt":"2015-07-06T09:15:14","guid":{"rendered":"http:\/\/nlhoog-salebaboe.savviihq.com\/?page_id=20112"},"modified":"2015-07-06T09:15:14","modified_gmt":"2015-07-06T09:15:14","slug":"rizeni-energie","status":"publish","type":"page","link":"https:\/\/www.hoogendoorn.nl\/cs\/produkty\/rizeni-energie\/","title":{"rendered":"\u0158\u00edzen\u00ed energie"},"content":{"rendered":"<p><strong>Pro\u010d je \u0159\u00edzen\u00ed spot\u0159eby energie d\u016fle\u017eit\u00e9<br \/>\n<\/strong>Klima vhodn\u00e9 pro r\u016fst spole\u010dn\u011b s\u00a0n\u00e1le\u017eit\u00fdm pom\u011brem sv\u011btla, tepla a d\u00e1vek CO<sub>2<\/sub> zaji\u0161\u0165uje vysokou produkci a kvalitu. Nejd\u016fle\u017eit\u011bj\u0161\u00ed udr\u017eiteln\u00fd zdroj sv\u011btla pro r\u016fst a tepla pro va\u0161e plodiny, slunce, v\u0161ak nen\u00ed v\u017edy v\u00a0dostate\u010dn\u00e9m mno\u017estv\u00ed k\u00a0dispozici. Proto je nutn\u00e9 vyu\u017e\u00edvat dopl\u0148kov\u00e9 zdroje energie. Av\u0161ak zdroje energie z\u00a0fosiln\u00edch paliv, jako je zemn\u00ed plyn a nafta, jsou \u010d\u00edm d\u00e1l vz\u00e1cn\u011bj\u0161\u00ed a dra\u017e\u0161\u00ed a tak\u00e9 zat\u011b\u017euj\u00ed \u017eivotn\u00ed prost\u0159ed\u00ed. Efektivn\u00ed \u0159\u00edzen\u00ed energetick\u00fdch proces\u016f a d\u00e1vkov\u00e1n\u00ed CO<sub>2<\/sub> je proto nezbytn\u00e9 pro udr\u017eitelnou produkci i pro zisk va\u0161\u00ed firmy.<\/p>\n<p><strong>Energetick\u00e1 \u0159e\u0161en\u00ed pro va\u0161i p\u011bstitelskou firmu<br \/>\n<\/strong>S\u00a0\u0159\u00edzen\u00edm proces\u016f iSii od Hoogendoorn dostanou va\u0161e plodinu p\u0159im\u011b\u0159en\u00e9 mno\u017estv\u00ed tepla, CO<sub>2<\/sub> a sv\u011btla pro r\u016fst, aby mohly zdrav\u011b r\u016fst ka\u017edou chv\u00edli dne. Energie a CO<sub>2<\/sub>, generovan\u00e9 mj. kotly, kombinovanou v\u00fdrobou tepla a elekt\u0159iny (CHP), tepeln\u00fdmi \u010derpadly a geoterm\u00e1ln\u00edmi zdroji, se rozmis\u0165uje co nejefektivn\u011bji. Nadbyte\u010dn\u00e9 teplo se ukl\u00e1d\u00e1 v\u00a0rezervo\u00e1rech pro pozd\u011bj\u0161\u00ed vyu\u017eit\u00ed. D\u00edky modul\u00e1rn\u00ed struktu\u0159e softwaru je mo\u017en\u00e9 absolutn\u011b v\u0161echny procesy a syst\u00e9my ve va\u0161\u00ed firm\u011b vz\u00e1jemn\u011b sladit, bez jak\u00fdchkoli prostoj\u016f. Jednotn\u00fd software dokonce bez pot\u00ed\u017e\u00ed zvl\u00e1dne komplexn\u00ed procesy, jako je p\u0159evod tepla mezi soused\u00edc\u00edmi propojen\u00fdmi firmami.<\/p>\n<p><strong>\u010ceho dos\u00e1hnete?<br \/>\n<\/strong>V\u0161echny energetick\u00e9 procesy a d\u00e1vkov\u00e1n\u00ed CO<sub>2<\/sub> jsou slad\u011bny s\u00a0pot\u0159ebami va\u0161ich plodin, aby bylo dosa\u017eeno v\u00fdrazn\u00e9ho r\u016fstu a vysok\u00e9 produkce. Pro generov\u00e1n\u00ed energie se v\u00a0danou chv\u00edli vol\u00ed ten nejefektivn\u011bj\u0161\u00ed zdroj. Zv\u00fd\u0161\u00edte svou energetickou \u00fa\u010dinnost a sou\u010dasn\u011b vytvo\u0159\u00edte z\u00e1klad pro udr\u017eiteln\u00e9 \u010dinnosti va\u0161\u00ed firmy.<\/p>\n","protected":false},"excerpt":{"rendered":"<p>Pro\u010d je \u0159\u00edzen\u00ed spot\u0159eby energie d\u016fle\u017eit\u00e9 Klima vhodn\u00e9 pro r\u016fst spole\u010dn\u011b s\u00a0n\u00e1le\u017eit\u00fdm pom\u011brem sv\u011btla, tepla a d\u00e1vek CO2 zaji\u0161\u0165uje vysokou produkci a kvalitu. Nejd\u016fle\u017eit\u011bj\u0161\u00ed udr\u017eiteln\u00fd &#8230;<\/p>\n<div class=\"item-read-more\">\n<p>        <a href=\"https:\/\/www.hoogendoorn.nl\/cs\/produkty\/rizeni-energie\/\" style=\"font-weight: normal;\">\u010ct\u011bte v\u00edce<\/a><\/p><\/div>\n","protected":false},"author":101,"featured_media":20108,"parent":20087,"menu_order":0,"comment_status":"open","ping_status":"closed","template":"page-full-width.php","meta":{"_acf_changed":false,"_et_pb_use_builder":"","_et_pb_old_content":"","_et_gb_content_width":"","_genesis_hide_title":false,"_genesis_hide_breadcrumbs":false,"_genesis_hide_singular_image":false,"_genesis_hide_footer_widgets":false,"_genesis_custom_body_class":"","_genesis_custom_post_class":"","_genesis_layout":"","footnotes":""},"class_list":{"0":"post-20112","1":"page","2":"type-page","3":"status-publish","4":"has-post-thumbnail","6":"theme-rizeni-energie","7":"entry"},"acf":[],"yoast_head":"<!-- This site is optimized with the Yoast SEO plugin v26.6 - https:\/\/yoast.com\/wordpress\/plugins\/seo\/ -->\n<title>\u0158\u00edzen\u00ed energie - Hoogendoorn Growth Management<\/title>\n<meta name=\"description\" content=\"\u0158\u00edzen\u00ed energie: V\u0161echny energetick\u00e9 procesy a d\u00e1vkov\u00e1n\u00ed CO2 jsou slad\u011bny s pot\u0159ebami va\u0161ich plodin, aby bylo dosa\u017eeno v\u00fdrazn\u00e9ho r\u016fstu a vysok\u00e9 produkce.\" \/>\n<meta name=\"robots\" content=\"index, follow, max-snippet:-1, max-image-preview:large, max-video-preview:-1\" \/>\n<link rel=\"canonical\" href=\"https:\/\/www.hoogendoorn.nl\/cs\/produkty\/rizeni-energie\/\" \/>\n<meta property=\"og:locale\" content=\"cs_CZ\" \/>\n<meta property=\"og:type\" content=\"article\" \/>\n<meta property=\"og:title\" content=\"\u0158\u00edzen\u00ed energie - Hoogendoorn Growth Management\" \/>\n<meta property=\"og:description\" content=\"\u0158\u00edzen\u00ed energie: V\u0161echny energetick\u00e9 procesy a d\u00e1vkov\u00e1n\u00ed CO2 jsou slad\u011bny s pot\u0159ebami va\u0161ich plodin, aby bylo dosa\u017eeno v\u00fdrazn\u00e9ho r\u016fstu a vysok\u00e9 produkce.\" \/>\n<meta property=\"og:url\" content=\"https:\/\/www.hoogendoorn.nl\/cs\/produkty\/rizeni-energie\/\" \/>\n<meta property=\"og:site_name\" content=\"Hoogendoorn Growth Management\" \/>\n<meta property=\"og:image\" content=\"https:\/\/www.hoogendoorn.nl\/wp-content\/uploads\/2015\/07\/\u0158\u00edzen\u00ed-energie-Hoogendoorn-Growth-Management.jpg\" \/>\n\t<meta property=\"og:image:width\" content=\"1665\" \/>\n\t<meta property=\"og:image:height\" content=\"250\" \/>\n\t<meta property=\"og:image:type\" content=\"image\/jpeg\" \/>\n<meta name=\"twitter:label1\" content=\"Odhadovan\u00e1 doba \u010dten\u00ed\" \/>\n\t<meta name=\"twitter:data1\" content=\"2 minuty\" \/>\n<script type=\"application\/ld+json\" class=\"yoast-schema-graph\">{\"@context\":\"https:\/\/schema.org\",\"@graph\":[{\"@type\":\"WebPage\",\"@id\":\"https:\/\/www.hoogendoorn.nl\/cs\/produkty\/rizeni-energie\/\",\"url\":\"https:\/\/www.hoogendoorn.nl\/cs\/produkty\/rizeni-energie\/\",\"name\":\"\u0158\u00edzen\u00ed energie - Hoogendoorn Growth Management\",\"isPartOf\":{\"@id\":\"https:\/\/www.hoogendoorn.nl\/#website\"},\"primaryImageOfPage\":{\"@id\":\"https:\/\/www.hoogendoorn.nl\/cs\/produkty\/rizeni-energie\/#primaryimage\"},\"image\":{\"@id\":\"https:\/\/www.hoogendoorn.nl\/cs\/produkty\/rizeni-energie\/#primaryimage\"},\"thumbnailUrl\":\"https:\/\/www.hoogendoorn.nl\/wp-content\/uploads\/2015\/07\/\u0158\u00edzen\u00ed-energie-Hoogendoorn-Growth-Management.jpg\",\"datePublished\":\"2015-07-06T09:15:14+00:00\",\"description\":\"\u0158\u00edzen\u00ed energie: V\u0161echny energetick\u00e9 procesy a d\u00e1vkov\u00e1n\u00ed CO2 jsou slad\u011bny s pot\u0159ebami va\u0161ich plodin, aby bylo dosa\u017eeno v\u00fdrazn\u00e9ho r\u016fstu a vysok\u00e9 produkce.\",\"breadcrumb\":{\"@id\":\"https:\/\/www.hoogendoorn.nl\/cs\/produkty\/rizeni-energie\/#breadcrumb\"},\"inLanguage\":\"cs\",\"potentialAction\":[{\"@type\":\"ReadAction\",\"target\":[\"https:\/\/www.hoogendoorn.nl\/cs\/produkty\/rizeni-energie\/\"]}]},{\"@type\":\"ImageObject\",\"inLanguage\":\"cs\",\"@id\":\"https:\/\/www.hoogendoorn.nl\/cs\/produkty\/rizeni-energie\/#primaryimage\",\"url\":\"https:\/\/www.hoogendoorn.nl\/wp-content\/uploads\/2015\/07\/\u0158\u00edzen\u00ed-energie-Hoogendoorn-Growth-Management.jpg\",\"contentUrl\":\"https:\/\/www.hoogendoorn.nl\/wp-content\/uploads\/2015\/07\/\u0158\u00edzen\u00ed-energie-Hoogendoorn-Growth-Management.jpg\",\"width\":1665,\"height\":250},{\"@type\":\"BreadcrumbList\",\"@id\":\"https:\/\/www.hoogendoorn.nl\/cs\/produkty\/rizeni-energie\/#breadcrumb\",\"itemListElement\":[{\"@type\":\"ListItem\",\"position\":1,\"name\":\"Home\",\"item\":\"https:\/\/www.hoogendoorn.nl\/cs\/\"},{\"@type\":\"ListItem\",\"position\":2,\"name\":\"Produkty\",\"item\":\"https:\/\/www.hoogendoorn.nl\/cs\/produkty\/\"},{\"@type\":\"ListItem\",\"position\":3,\"name\":\"\u0158\u00edzen\u00ed energie\"}]},{\"@type\":\"WebSite\",\"@id\":\"https:\/\/www.hoogendoorn.nl\/#website\",\"url\":\"https:\/\/www.hoogendoorn.nl\/\",\"name\":\"Hoogendoorn Growth Management\",\"description\":\"Wereldwijd duurzame tuinbouwoplossingen op maat\",\"potentialAction\":[{\"@type\":\"SearchAction\",\"target\":{\"@type\":\"EntryPoint\",\"urlTemplate\":\"https:\/\/www.hoogendoorn.nl\/?s={search_term_string}\"},\"query-input\":{\"@type\":\"PropertyValueSpecification\",\"valueRequired\":true,\"valueName\":\"search_term_string\"}}],\"inLanguage\":\"cs\"}]}<\/script>\n<!-- \/ Yoast SEO plugin. -->","yoast_head_json":{"title":"\u0158\u00edzen\u00ed energie - Hoogendoorn Growth Management","description":"\u0158\u00edzen\u00ed energie: V\u0161echny energetick\u00e9 procesy a d\u00e1vkov\u00e1n\u00ed CO2 jsou slad\u011bny s pot\u0159ebami va\u0161ich plodin, aby bylo dosa\u017eeno v\u00fdrazn\u00e9ho r\u016fstu a vysok\u00e9 produkce.","robots":{"index":"index","follow":"follow","max-snippet":"max-snippet:-1","max-image-preview":"max-image-preview:large","max-video-preview":"max-video-preview:-1"},"canonical":"https:\/\/www.hoogendoorn.nl\/cs\/produkty\/rizeni-energie\/","og_locale":"cs_CZ","og_type":"article","og_title":"\u0158\u00edzen\u00ed energie - Hoogendoorn Growth Management","og_description":"\u0158\u00edzen\u00ed energie: V\u0161echny energetick\u00e9 procesy a d\u00e1vkov\u00e1n\u00ed CO2 jsou slad\u011bny s pot\u0159ebami va\u0161ich plodin, aby bylo dosa\u017eeno v\u00fdrazn\u00e9ho r\u016fstu a vysok\u00e9 produkce.","og_url":"https:\/\/www.hoogendoorn.nl\/cs\/produkty\/rizeni-energie\/","og_site_name":"Hoogendoorn Growth Management","og_image":[{"width":1665,"height":250,"url":"https:\/\/www.hoogendoorn.nl\/wp-content\/uploads\/2015\/07\/\u0158\u00edzen\u00ed-energie-Hoogendoorn-Growth-Management.jpg","type":"image\/jpeg"}],"twitter_misc":{"Odhadovan\u00e1 doba \u010dten\u00ed":"2 minuty"},"schema":{"@context":"https:\/\/schema.org","@graph":[{"@type":"WebPage","@id":"https:\/\/www.hoogendoorn.nl\/cs\/produkty\/rizeni-energie\/","url":"https:\/\/www.hoogendoorn.nl\/cs\/produkty\/rizeni-energie\/","name":"\u0158\u00edzen\u00ed energie - Hoogendoorn Growth Management","isPartOf":{"@id":"https:\/\/www.hoogendoorn.nl\/#website"},"primaryImageOfPage":{"@id":"https:\/\/www.hoogendoorn.nl\/cs\/produkty\/rizeni-energie\/#primaryimage"},"image":{"@id":"https:\/\/www.hoogendoorn.nl\/cs\/produkty\/rizeni-energie\/#primaryimage"},"thumbnailUrl":"https:\/\/www.hoogendoorn.nl\/wp-content\/uploads\/2015\/07\/\u0158\u00edzen\u00ed-energie-Hoogendoorn-Growth-Management.jpg","datePublished":"2015-07-06T09:15:14+00:00","description":"\u0158\u00edzen\u00ed energie: V\u0161echny energetick\u00e9 procesy a d\u00e1vkov\u00e1n\u00ed CO2 jsou slad\u011bny s pot\u0159ebami va\u0161ich plodin, aby bylo dosa\u017eeno v\u00fdrazn\u00e9ho r\u016fstu a vysok\u00e9 produkce.","breadcrumb":{"@id":"https:\/\/www.hoogendoorn.nl\/cs\/produkty\/rizeni-energie\/#breadcrumb"},"inLanguage":"cs","potentialAction":[{"@type":"ReadAction","target":["https:\/\/www.hoogendoorn.nl\/cs\/produkty\/rizeni-energie\/"]}]},{"@type":"ImageObject","inLanguage":"cs","@id":"https:\/\/www.hoogendoorn.nl\/cs\/produkty\/rizeni-energie\/#primaryimage","url":"https:\/\/www.hoogendoorn.nl\/wp-content\/uploads\/2015\/07\/\u0158\u00edzen\u00ed-energie-Hoogendoorn-Growth-Management.jpg","contentUrl":"https:\/\/www.hoogendoorn.nl\/wp-content\/uploads\/2015\/07\/\u0158\u00edzen\u00ed-energie-Hoogendoorn-Growth-Management.jpg","width":1665,"height":250},{"@type":"BreadcrumbList","@id":"https:\/\/www.hoogendoorn.nl\/cs\/produkty\/rizeni-energie\/#breadcrumb","itemListElement":[{"@type":"ListItem","position":1,"name":"Home","item":"https:\/\/www.hoogendoorn.nl\/cs\/"},{"@type":"ListItem","position":2,"name":"Produkty","item":"https:\/\/www.hoogendoorn.nl\/cs\/produkty\/"},{"@type":"ListItem","position":3,"name":"\u0158\u00edzen\u00ed energie"}]},{"@type":"WebSite","@id":"https:\/\/www.hoogendoorn.nl\/#website","url":"https:\/\/www.hoogendoorn.nl\/","name":"Hoogendoorn Growth Management","description":"Wereldwijd duurzame tuinbouwoplossingen op maat","potentialAction":[{"@type":"SearchAction","target":{"@type":"EntryPoint","urlTemplate":"https:\/\/www.hoogendoorn.nl\/?s={search_term_string}"},"query-input":{"@type":"PropertyValueSpecification","valueRequired":true,"valueName":"search_term_string"}}],"inLanguage":"cs"}]}},"_links":{"self":[{"href":"https:\/\/www.hoogendoorn.nl\/cs\/wp-json\/wp\/v2\/pages\/20112","targetHints":{"allow":["GET"]}}],"collection":[{"href":"https:\/\/www.hoogendoorn.nl\/cs\/wp-json\/wp\/v2\/pages"}],"about":[{"href":"https:\/\/www.hoogendoorn.nl\/cs\/wp-json\/wp\/v2\/types\/page"}],"author":[{"embeddable":true,"href":"https:\/\/www.hoogendoorn.nl\/cs\/wp-json\/wp\/v2\/users\/101"}],"replies":[{"embeddable":true,"href":"https:\/\/www.hoogendoorn.nl\/cs\/wp-json\/wp\/v2\/comments?post=20112"}],"version-history":[{"count":0,"href":"https:\/\/www.hoogendoorn.nl\/cs\/wp-json\/wp\/v2\/pages\/20112\/revisions"}],"up":[{"embeddable":true,"href":"https:\/\/www.hoogendoorn.nl\/cs\/wp-json\/wp\/v2\/pages\/20087"}],"wp:featuredmedia":[{"embeddable":true,"href":"https:\/\/www.hoogendoorn.nl\/cs\/wp-json\/wp\/v2\/media\/20108"}],"wp:attachment":[{"href":"https:\/\/www.hoogendoorn.nl\/cs\/wp-json\/wp\/v2\/media?parent=20112"}],"curies":[{"name":"wp","href":"https:\/\/api.w.org\/{rel}","templated":true}]}}