{"id":20114,"date":"2015-07-06T09:18:00","date_gmt":"2015-07-06T09:18:00","guid":{"rendered":"http:\/\/nlhoog-salebaboe.savviihq.com\/?page_id=20114"},"modified":"2019-12-05T09:01:56","modified_gmt":"2019-12-05T09:01:56","slug":"sprava-dat","status":"publish","type":"page","link":"https:\/\/www.hoogendoorn.nl\/cs\/produkty\/sprava-dat\/","title":{"rendered":"Spr\u00e1va dat"},"content":{"rendered":"<p><strong>Pro\u010d je d\u016fle\u017eit\u00e9 spravovat firemn\u00ed data<br \/>\n<\/strong>\u0158\u00edzen\u00ed va\u0161\u00ed p\u011bstitelsk\u00e9 firmy vy\u017eaduje vhled do nejr\u016fzn\u011bj\u0161\u00edch proces\u016f. Pro kultivaci plodin sv\u00edr\u00e1te informace o klimatu ve sklen\u00edku a o vyu\u017eit\u00ed vody a energie. Krom\u011b toho tak\u00e9 \u0159e\u0161\u00edte data o produktivit\u011b pr\u00e1ce, n\u00e1kladech, inventarizaci a pl\u00e1nov\u00e1n\u00ed \u2013 mezi jin\u00fdmi. Dobr\u00e1 kontrola produkce a kvality, spole\u010dn\u011b s\u00a0\u0159\u00edzen\u00edm n\u00e1klad\u016f a zisk\u016f jsou pro zisk va\u0161\u00ed firmy nezbytn\u00e9. Znamen\u00e1 to, \u017ee v\u0161echny informace z\u00a0r\u016fzn\u00fdch zdroj\u016f je t\u0159eba pravideln\u011b strukturovat, ukl\u00e1dat a zobrazovat. Jedin\u011b tak je mo\u017en\u00e1 c\u00edlen\u00e1 anal\u00fdza dat, d\u00edky n\u00ed\u017e dosp\u011bjete ke zhodnocen\u00ed a zlep\u0161en\u00ed.<\/p>\n<p><strong>\u0158e\u0161en\u00ed pro spr\u00e1vu dat va\u0161\u00ed firmy<br \/>\n<\/strong>Hoogendoorn nab\u00edz\u00ed mnohostrann\u00e1 \u0159e\u0161en\u00ed v oblasti spr\u00e1vy dat. V\u0161echny relevantn\u00ed procesy se zaznamen\u00e1vaj\u00ed v procesn\u00edm po\u010d\u00edta\u010di iSii. Krom\u011b toho se v\u0161echna data t\u00fdkaj\u00edc\u00ed se \u010dinnosti zam\u011bstnanc\u016f, pr\u00e1ce p\u0159i kultivaci a sklizni, n\u00e1klad\u016f na produkci, kontroly invent\u00e1\u0159e, chorob a n\u00e1kaz ukl\u00e1daj\u00ed v syst\u00e9mu spr\u00e1vy informac\u00ed Work-IT. Prost\u0159ednictv\u00edm Hoogendoorn Analytics\u00a0online datov\u00e9 platformy m\u016f\u017eete ukl\u00e1dat informace o pr\u016fb\u011bhu pr\u00e1ce a \u00farovni plodin a srovn\u00e1vat je s jin\u00fdmi p\u011bstitelsk\u00fdmi podniky. Na\u0161e integrovan\u00e1 \u0159e\u0161en\u00ed v\u00e1m dodaj\u00ed p\u0159ehledn\u00fd n\u00e1hled na va\u0161i sou\u010dasnou situaci a tvo\u0159\u00ed z\u00e1klad pro strategick\u00e1 zlep\u0161en\u00ed v kr\u00e1tkodob\u00e9m i dlouhodob\u00e9m horizontu.<\/p>\n<p><strong>\u010ceho dos\u00e1hnete?<br \/>\n<\/strong>V centru pozornosti udr\u017e\u00edte v\u0161echny \u010dinnosti va\u0161eho podniku, a to v z\u00e1vislosti na aktu\u00e1ln\u00edch a spolehliv\u00fdch informac\u00edch. M\u00e1te k dispozici u\u017eivatelsky p\u0159\u00edv\u011btiv\u00e9 a \u010dasov\u011b \u00fasporn\u00e9 n\u00e1stroje pro anal\u00fdzu dat, srovn\u00e1n\u00ed a zlep\u0161en\u00ed \u010dinnost\u00ed. Lep\u0161\u00ed n\u00e1hled vyn\u00e1\u0161\u00ed efektivitu \u0159\u00edzen\u00ed va\u0161\u00ed firmy, a t\u00edm i v\u00e1\u0161 zisk, na vy\u0161\u0161\u00ed \u00farove\u0148.<\/p>\n","protected":false},"excerpt":{"rendered":"<p>Pro\u010d je d\u016fle\u017eit\u00e9 spravovat firemn\u00ed data \u0158\u00edzen\u00ed va\u0161\u00ed p\u011bstitelsk\u00e9 firmy vy\u017eaduje vhled do nejr\u016fzn\u011bj\u0161\u00edch proces\u016f. Pro kultivaci plodin sv\u00edr\u00e1te informace o klimatu ve sklen\u00edku a &#8230;<\/p>\n<div class=\"item-read-more\">\n<p>        <a href=\"https:\/\/www.hoogendoorn.nl\/cs\/produkty\/sprava-dat\/\" style=\"font-weight: normal;\">\u010ct\u011bte v\u00edce<\/a><\/p><\/div>\n","protected":false},"author":101,"featured_media":0,"parent":20087,"menu_order":0,"comment_status":"open","ping_status":"closed","template":"page-full-width.php","meta":{"_acf_changed":false,"_et_pb_use_builder":"","_et_pb_old_content":"","_et_gb_content_width":"","_genesis_hide_title":false,"_genesis_hide_breadcrumbs":false,"_genesis_hide_singular_image":false,"_genesis_hide_footer_widgets":false,"_genesis_custom_body_class":"","_genesis_custom_post_class":"","_genesis_layout":"","footnotes":""},"class_list":{"0":"post-20114","1":"page","2":"type-page","3":"status-publish","5":"theme-sprava-dat","6":"entry"},"acf":[],"yoast_head":"<!-- This site is optimized with the Yoast SEO plugin v26.6 - https:\/\/yoast.com\/wordpress\/plugins\/seo\/ -->\n<title>Spr\u00e1va dat - Hoogendoorn Growth Management<\/title>\n<meta name=\"description\" content=\"Spr\u00e1va dat: V centru pozornosti udr\u017e\u00edte v\u0161echny \u010dinnosti va\u0161eho podniku, a to v z\u00e1vislosti na aktu\u00e1ln\u00edch a spolehliv\u00fdch informac\u00edch.\" \/>\n<meta name=\"robots\" content=\"noindex, nofollow\" \/>\n<meta property=\"og:locale\" content=\"cs_CZ\" \/>\n<meta property=\"og:type\" content=\"article\" \/>\n<meta property=\"og:title\" content=\"Spr\u00e1va dat - Hoogendoorn Growth Management\" \/>\n<meta property=\"og:description\" content=\"Spr\u00e1va dat: V centru pozornosti udr\u017e\u00edte v\u0161echny \u010dinnosti va\u0161eho podniku, a to v z\u00e1vislosti na aktu\u00e1ln\u00edch a spolehliv\u00fdch informac\u00edch.\" \/>\n<meta property=\"og:url\" content=\"https:\/\/www.hoogendoorn.nl\/cs\/produkty\/sprava-dat\/\" \/>\n<meta property=\"og:site_name\" content=\"Hoogendoorn Growth Management\" \/>\n<meta property=\"article:modified_time\" content=\"2019-12-05T09:01:56+00:00\" \/>\n<meta name=\"twitter:label1\" content=\"Odhadovan\u00e1 doba \u010dten\u00ed\" \/>\n\t<meta name=\"twitter:data1\" content=\"2 minuty\" \/>\n<script type=\"application\/ld+json\" class=\"yoast-schema-graph\">{\"@context\":\"https:\/\/schema.org\",\"@graph\":[{\"@type\":\"WebPage\",\"@id\":\"https:\/\/www.hoogendoorn.nl\/cs\/produkty\/sprava-dat\/\",\"url\":\"https:\/\/www.hoogendoorn.nl\/cs\/produkty\/sprava-dat\/\",\"name\":\"Spr\u00e1va dat - Hoogendoorn Growth Management\",\"isPartOf\":{\"@id\":\"https:\/\/www.hoogendoorn.nl\/#website\"},\"datePublished\":\"2015-07-06T09:18:00+00:00\",\"dateModified\":\"2019-12-05T09:01:56+00:00\",\"description\":\"Spr\u00e1va dat: V centru pozornosti udr\u017e\u00edte v\u0161echny \u010dinnosti va\u0161eho podniku, a to v z\u00e1vislosti na aktu\u00e1ln\u00edch a spolehliv\u00fdch informac\u00edch.\",\"breadcrumb\":{\"@id\":\"https:\/\/www.hoogendoorn.nl\/cs\/produkty\/sprava-dat\/#breadcrumb\"},\"inLanguage\":\"cs\",\"potentialAction\":[{\"@type\":\"ReadAction\",\"target\":[\"https:\/\/www.hoogendoorn.nl\/cs\/produkty\/sprava-dat\/\"]}]},{\"@type\":\"BreadcrumbList\",\"@id\":\"https:\/\/www.hoogendoorn.nl\/cs\/produkty\/sprava-dat\/#breadcrumb\",\"itemListElement\":[{\"@type\":\"ListItem\",\"position\":1,\"name\":\"Home\",\"item\":\"https:\/\/www.hoogendoorn.nl\/cs\/\"},{\"@type\":\"ListItem\",\"position\":2,\"name\":\"Produkty\",\"item\":\"https:\/\/www.hoogendoorn.nl\/cs\/produkty\/\"},{\"@type\":\"ListItem\",\"position\":3,\"name\":\"Spr\u00e1va dat\"}]},{\"@type\":\"WebSite\",\"@id\":\"https:\/\/www.hoogendoorn.nl\/#website\",\"url\":\"https:\/\/www.hoogendoorn.nl\/\",\"name\":\"Hoogendoorn Growth Management\",\"description\":\"Wereldwijd duurzame tuinbouwoplossingen op maat\",\"potentialAction\":[{\"@type\":\"SearchAction\",\"target\":{\"@type\":\"EntryPoint\",\"urlTemplate\":\"https:\/\/www.hoogendoorn.nl\/?s={search_term_string}\"},\"query-input\":{\"@type\":\"PropertyValueSpecification\",\"valueRequired\":true,\"valueName\":\"search_term_string\"}}],\"inLanguage\":\"cs\"}]}<\/script>\n<!-- \/ Yoast SEO plugin. -->","yoast_head_json":{"title":"Spr\u00e1va dat - Hoogendoorn Growth Management","description":"Spr\u00e1va dat: V centru pozornosti udr\u017e\u00edte v\u0161echny \u010dinnosti va\u0161eho podniku, a to v z\u00e1vislosti na aktu\u00e1ln\u00edch a spolehliv\u00fdch informac\u00edch.","robots":{"index":"noindex","follow":"nofollow"},"og_locale":"cs_CZ","og_type":"article","og_title":"Spr\u00e1va dat - Hoogendoorn Growth Management","og_description":"Spr\u00e1va dat: V centru pozornosti udr\u017e\u00edte v\u0161echny \u010dinnosti va\u0161eho podniku, a to v z\u00e1vislosti na aktu\u00e1ln\u00edch a spolehliv\u00fdch informac\u00edch.","og_url":"https:\/\/www.hoogendoorn.nl\/cs\/produkty\/sprava-dat\/","og_site_name":"Hoogendoorn Growth Management","article_modified_time":"2019-12-05T09:01:56+00:00","twitter_misc":{"Odhadovan\u00e1 doba \u010dten\u00ed":"2 minuty"},"schema":{"@context":"https:\/\/schema.org","@graph":[{"@type":"WebPage","@id":"https:\/\/www.hoogendoorn.nl\/cs\/produkty\/sprava-dat\/","url":"https:\/\/www.hoogendoorn.nl\/cs\/produkty\/sprava-dat\/","name":"Spr\u00e1va dat - Hoogendoorn Growth Management","isPartOf":{"@id":"https:\/\/www.hoogendoorn.nl\/#website"},"datePublished":"2015-07-06T09:18:00+00:00","dateModified":"2019-12-05T09:01:56+00:00","description":"Spr\u00e1va dat: V centru pozornosti udr\u017e\u00edte v\u0161echny \u010dinnosti va\u0161eho podniku, a to v z\u00e1vislosti na aktu\u00e1ln\u00edch a spolehliv\u00fdch informac\u00edch.","breadcrumb":{"@id":"https:\/\/www.hoogendoorn.nl\/cs\/produkty\/sprava-dat\/#breadcrumb"},"inLanguage":"cs","potentialAction":[{"@type":"ReadAction","target":["https:\/\/www.hoogendoorn.nl\/cs\/produkty\/sprava-dat\/"]}]},{"@type":"BreadcrumbList","@id":"https:\/\/www.hoogendoorn.nl\/cs\/produkty\/sprava-dat\/#breadcrumb","itemListElement":[{"@type":"ListItem","position":1,"name":"Home","item":"https:\/\/www.hoogendoorn.nl\/cs\/"},{"@type":"ListItem","position":2,"name":"Produkty","item":"https:\/\/www.hoogendoorn.nl\/cs\/produkty\/"},{"@type":"ListItem","position":3,"name":"Spr\u00e1va dat"}]},{"@type":"WebSite","@id":"https:\/\/www.hoogendoorn.nl\/#website","url":"https:\/\/www.hoogendoorn.nl\/","name":"Hoogendoorn Growth Management","description":"Wereldwijd duurzame tuinbouwoplossingen op maat","potentialAction":[{"@type":"SearchAction","target":{"@type":"EntryPoint","urlTemplate":"https:\/\/www.hoogendoorn.nl\/?s={search_term_string}"},"query-input":{"@type":"PropertyValueSpecification","valueRequired":true,"valueName":"search_term_string"}}],"inLanguage":"cs"}]}},"_links":{"self":[{"href":"https:\/\/www.hoogendoorn.nl\/cs\/wp-json\/wp\/v2\/pages\/20114","targetHints":{"allow":["GET"]}}],"collection":[{"href":"https:\/\/www.hoogendoorn.nl\/cs\/wp-json\/wp\/v2\/pages"}],"about":[{"href":"https:\/\/www.hoogendoorn.nl\/cs\/wp-json\/wp\/v2\/types\/page"}],"author":[{"embeddable":true,"href":"https:\/\/www.hoogendoorn.nl\/cs\/wp-json\/wp\/v2\/users\/101"}],"replies":[{"embeddable":true,"href":"https:\/\/www.hoogendoorn.nl\/cs\/wp-json\/wp\/v2\/comments?post=20114"}],"version-history":[{"count":1,"href":"https:\/\/www.hoogendoorn.nl\/cs\/wp-json\/wp\/v2\/pages\/20114\/revisions"}],"predecessor-version":[{"id":42089,"href":"https:\/\/www.hoogendoorn.nl\/cs\/wp-json\/wp\/v2\/pages\/20114\/revisions\/42089"}],"up":[{"embeddable":true,"href":"https:\/\/www.hoogendoorn.nl\/cs\/wp-json\/wp\/v2\/pages\/20087"}],"wp:attachment":[{"href":"https:\/\/www.hoogendoorn.nl\/cs\/wp-json\/wp\/v2\/media?parent=20114"}],"curies":[{"name":"wp","href":"https:\/\/api.w.org\/{rel}","templated":true}]}}