{"id":20118,"date":"2015-07-06T09:26:30","date_gmt":"2015-07-06T09:26:30","guid":{"rendered":"http:\/\/nlhoog-salebaboe.savviihq.com\/?page_id=20118"},"modified":"2015-11-09T14:17:08","modified_gmt":"2015-11-09T14:17:08","slug":"skoleni","status":"publish","type":"page","link":"https:\/\/www.hoogendoorn.nl\/cs\/skoleni\/","title":{"rendered":"\u0160kolen\u00ed"},"content":{"rendered":"<p>Pova\u017eujeme za z\u00e1sadn\u00ed sd\u00edlet s\u00a0v\u00e1mi sv\u00e9 rozs\u00e1hl\u00e9 znalosti a odbornou kvalifikaci ohledn\u011b v\u0161eho, co se vztahuje k\u00a0regulaci klimatu, optimalizaci energie, hospoda\u0159en\u00ed s\u00a0vodou a r\u016fstu rostlin. Na na\u0161ich kurzech, workshopech a \u0161kolen\u00edch v\u00e1m pom\u00e1h\u00e1me efektivn\u011b vyu\u017e\u00edt na\u0161ich inovac\u00ed a udr\u017eiteln\u00fdch technologi\u00ed. Sou\u010dasn\u011b se diskutuje o sou\u010dasn\u00e9m v\u00fdvoji v\u00a0oblasti p\u011bstitelstv\u00ed. V\u00a0tomto ohledu \u00fazce spolupracujeme s\u00a0renomovan\u00fdmi univerzitami a v\u00fdzkumn\u00fdmi centry. D\u00edky sd\u00edlen\u00ed znalost\u00ed m\u016f\u017eete dos\u00e1hnout co nejlep\u0161\u00edho r\u016fstu plodin a z\u00a0produkce vyt\u011b\u017eit maxim\u00e1ln\u00ed zisk.<\/p>\n<p><strong>Mo\u017enosti \u0161kolen\u00ed<br \/>\n<\/strong>Poskytujeme (na m\u00edru p\u0159ipraven\u00e9) \u0161kolen\u00ed v\u00a0na\u0161ich prostor\u00e1ch, ve va\u0161\u00ed firm\u011b nebo online prost\u0159ednictv\u00edm webin\u00e1\u0159\u016f. Na\u0161e kurzy, workshopy a odborn\u00e1 \u0161kolen\u00ed zahrnuj\u00ed odborn\u00e9 materi\u00e1ly a ob\u011bd. Ceny jsou uv\u00e1d\u011bny bez DPH a mohou se m\u011bnit.<\/p>\n<p>Na\u0161i zam\u011bstnanci v\u00e1s budou ochotn\u011b informovat o v\u0161ech mo\u017enostech \u0161kolen\u00ed.<\/p>\n<p>V\u00a0z\u00e1vislosti na dlouhodob\u00fdch c\u00edlech va\u0161\u00ed firmy v\u00e1m a va\u0161im zam\u011bstnanc\u016fm na\u0161i konzultanti poskytnou nejvhodn\u011bj\u0161\u00ed \u0161kolen\u00ed. Kontaktuje n\u00e1s na tel. +31 (0)10\u00a0460 80 80.\u00a0Nebo n\u00e1m napi\u0161te na e-mail\u00a0<a href=\"mailto:info@hoogendoorn.nl\" target=\"_blank\">info@hoogendoorn.nl<\/a>.<\/p>\n<p><strong>Portfolio \u0161kolen\u00ed<br \/>\n<\/strong>Pod\u00edvejte se na na\u0161e portfolio \u0161kolen\u00ed n\u00ed\u017ee<\/p>\n<ul>\n<li><strong><em>Odborn\u00e9 \u0161kolen\u00ed o fyziologii rostlin a kontrole klimatu<br \/>\n<\/em><\/strong><em>Program:<\/em> vhled do problematiky interakce mezi chov\u00e1n\u00edm rostliny a klimatem ve sklen\u00edku \u2013 interpretace senzor\u016f rostliny \u2013 vhled do problematiky mikro- a makroklimatu a vlhkostn\u00ed rovnov\u00e1hy mezi sklen\u00edkem a rostlinou \u2013 praktick\u00e9 p\u0159\u00edklady zam\u011b\u0159en\u00e9 na plodiny s\u00a0vyu\u017eit\u00edm procesn\u00edho po\u010d\u00edta\u010de Hoogendoorn<br \/>\n<em>Trv\u00e1n\u00ed:<\/em> 2 dny<\/li>\n<\/ul>\n<ul>\n<li><strong><em>Workshopy na t\u00e9ma \u0158\u00edzen\u00ed klimatu dle sez\u00f3ny<br \/>\n<\/em><\/strong><em>Program:<\/em> fyziologie rostlin jako v\u00fdchoz\u00ed t\u00e9ma \u2013 klima ve sklen\u00edku z\u00a0pohledu fyzik\u00e1ln\u00edch z\u00e1kon\u016f rovnov\u00e1hy energie a vlhkosti<br \/>\nHlavn\u00ed t\u00e9ma sez\u00f3ny \u2013 principy \u201enov\u00e9 kultivace\u201c jsou zakomponovan\u00e9 do ka\u017edodenn\u00ed praxe \u2013 praktick\u00e9 p\u0159\u00edklady<br \/>\n<em>Trv\u00e1n\u00ed:<\/em> 4 p\u016fldenn\u00ed \u0161kolen\u00ed, rozd\u011blen\u00e9 podle ro\u010dn\u00edch obdob\u00ed: 1. Vlhkost (podzim), 2. Vyt\u00e1p\u011bn\u00ed (zima), 3. Zavla\u017eov\u00e1n\u00ed (jaro), 4. V\u011btr\u00e1n\u00ed (l\u00e9to).<\/li>\n<\/ul>\n<ul>\n<li><strong><em>Rychl\u00fd \u00favodn\u00ed kurz iSii<br \/>\n<\/em><\/strong><em>Program:<\/em> co nejvy\u0161\u0161\u00ed vyu\u017eit\u00ed procesn\u00edho po\u010d\u00edta\u010de iSii \u2013 orientov\u00e1no velmi prakticky \u2013 vysv\u011btlen\u00ed modul\u016f klimatu, vody a energie<br \/>\n<em>Trv\u00e1n\u00ed:<\/em> 4 p\u016fldenn\u00ed \u0161kolen\u00ed: 1. Obsluha, 2. Ovl\u00e1d\u00e1n\u00ed klimatu, 3. \u0158\u00edzen\u00ed energi\u00ed, 4. Hospoda\u0159en\u00ed s\u00a0vodou<\/li>\n<\/ul>\n<ul>\n<li><strong><em>Webin\u00e1\u0159<br \/>\n<\/em><\/strong><em>Program:<\/em> jeden na jednoho \u2013 online kurzy u\u0161it\u00e9 na m\u00edru \u2013 sami si vol\u00edte t\u00e9mata \u2013 zam\u011b\u0159en\u00e9 na konkr\u00e9tn\u00ed pot\u0159eby \u2013 osobn\u00ed kontakt s\u00a0t\u00edm prav\u00fdm expertem z\u00a0Hoogendoorn<br \/>\n<em>Trv\u00e1n\u00ed:<\/em> 1,5 hodiny \/ 1 lekce<\/li>\n<\/ul>\n<ul>\n<li><strong><em>Kurz na t\u00e9ma po\u010das\u00ed a rostlinn\u00e9 klima<br \/>\n<\/em><\/strong><em>Program:<\/em> vhled do problematiky pov\u011btrnostn\u00edch podm\u00ednek ve vztahu k\u00a0optim\u00e1ln\u00edmu klimatu ve sklen\u00edc\u00edch \u2013 praktick\u00e9 p\u0159\u00edklady \u2013 v\u00a0kombinaci s\u00a0MeteoScope<br \/>\n<em>Trv\u00e1n\u00ed:<\/em> 1 den<\/li>\n<\/ul>\n<ul>\n<li><strong><em>Workshop na t\u00e9ma Hospoda\u0159en\u00ed s\u00a0vodou<br \/>\n<\/em><\/strong><em>Program:<\/em> zavla\u017eov\u00e1n\u00ed v\u00a0souladu s\u00a0pot\u0159ebami rostlin \u2013 vliv klimatu ve sklen\u00edku \u2013 optimalizace nastaven\u00ed ve va\u0161em procesn\u00edm po\u010d\u00edta\u010di \u2013 ve spolupr\u00e1ci s\u00a0v\u00fdzkumn\u00fdmi instituty a\/nebo dodavateli substr\u00e1t\u016f<br \/>\n<em>Trv\u00e1n\u00ed:<\/em> 1 den<\/li>\n<\/ul>\n<ul>\n<li><strong><em>Workshop na t\u00e9ma Optimalizace energi\u00ed<br \/>\n<\/em><\/strong><em>Program:<\/em> p\u0159ehled mo\u017enost\u00ed \u0161et\u0159en\u00ed energi\u00ed \u2013 efektivn\u00ed vyu\u017eit\u00ed energie \u2013 zam\u011b\u0159eno na situaci ve va\u0161\u00ed firm\u011b<br \/>\n<em>Trv\u00e1n\u00ed:<\/em> 1 den<\/li>\n<\/ul>\n","protected":false},"excerpt":{"rendered":"<p>Pova\u017eujeme za z\u00e1sadn\u00ed sd\u00edlet s\u00a0v\u00e1mi sv\u00e9 rozs\u00e1hl\u00e9 znalosti a odbornou kvalifikaci ohledn\u011b v\u0161eho, co se vztahuje k\u00a0regulaci klimatu, optimalizaci energie, hospoda\u0159en\u00ed s\u00a0vodou a r\u016fstu rostlin. &#8230;<\/p>\n<div class=\"item-read-more\">\n<p>        <a href=\"https:\/\/www.hoogendoorn.nl\/cs\/skoleni\/\" style=\"font-weight: normal;\">\u010ct\u011bte v\u00edce<\/a><\/p><\/div>\n","protected":false},"author":101,"featured_media":0,"parent":0,"menu_order":0,"comment_status":"open","ping_status":"closed","template":"","meta":{"_acf_changed":false,"_et_pb_use_builder":"","_et_pb_old_content":"","_et_gb_content_width":"","_genesis_hide_title":false,"_genesis_hide_breadcrumbs":false,"_genesis_hide_singular_image":false,"_genesis_hide_footer_widgets":false,"_genesis_custom_body_class":"","_genesis_custom_post_class":"","_genesis_layout":"content-sidebar","footnotes":""},"class_list":{"0":"post-20118","1":"page","2":"type-page","3":"status-publish","5":"entry"},"acf":[],"yoast_head":"<!-- This site is optimized with the Yoast SEO plugin v26.6 - https:\/\/yoast.com\/wordpress\/plugins\/seo\/ -->\n<title>\u0160kolen\u00ed - Hoogendoorn Growth Management<\/title>\n<meta name=\"description\" content=\"Poskytujeme (na m\u00edru p\u0159ipraven\u00e9) \u0161kolen\u00ed v na\u0161ich prostor\u00e1ch, ve va\u0161\u00ed firm\u011b nebo online prost\u0159ednictv\u00edm webin\u00e1\u0159\u016f. Kontaktuje n\u00e1s na tel. +31 (0)10 460 80 80\" \/>\n<meta name=\"robots\" content=\"index, follow, max-snippet:-1, max-image-preview:large, max-video-preview:-1\" \/>\n<link rel=\"canonical\" href=\"https:\/\/www.hoogendoorn.nl\/cs\/skoleni\/\" \/>\n<meta property=\"og:locale\" content=\"cs_CZ\" \/>\n<meta property=\"og:type\" content=\"article\" \/>\n<meta property=\"og:title\" content=\"\u0160kolen\u00ed - Hoogendoorn Growth Management\" \/>\n<meta property=\"og:description\" content=\"Poskytujeme (na m\u00edru p\u0159ipraven\u00e9) \u0161kolen\u00ed v na\u0161ich prostor\u00e1ch, ve va\u0161\u00ed firm\u011b nebo online prost\u0159ednictv\u00edm webin\u00e1\u0159\u016f. Kontaktuje n\u00e1s na tel. +31 (0)10 460 80 80\" \/>\n<meta property=\"og:url\" content=\"https:\/\/www.hoogendoorn.nl\/cs\/skoleni\/\" \/>\n<meta property=\"og:site_name\" content=\"Hoogendoorn Growth Management\" \/>\n<meta property=\"article:modified_time\" content=\"2015-11-09T14:17:08+00:00\" \/>\n<meta name=\"twitter:label1\" content=\"Odhadovan\u00e1 doba \u010dten\u00ed\" \/>\n\t<meta name=\"twitter:data1\" content=\"3 minuty\" \/>\n<script type=\"application\/ld+json\" class=\"yoast-schema-graph\">{\"@context\":\"https:\/\/schema.org\",\"@graph\":[{\"@type\":\"WebPage\",\"@id\":\"https:\/\/www.hoogendoorn.nl\/cs\/skoleni\/\",\"url\":\"https:\/\/www.hoogendoorn.nl\/cs\/skoleni\/\",\"name\":\"\u0160kolen\u00ed - Hoogendoorn Growth Management\",\"isPartOf\":{\"@id\":\"https:\/\/www.hoogendoorn.nl\/#website\"},\"datePublished\":\"2015-07-06T09:26:30+00:00\",\"dateModified\":\"2015-11-09T14:17:08+00:00\",\"description\":\"Poskytujeme (na m\u00edru p\u0159ipraven\u00e9) \u0161kolen\u00ed v na\u0161ich prostor\u00e1ch, ve va\u0161\u00ed firm\u011b nebo online prost\u0159ednictv\u00edm webin\u00e1\u0159\u016f. Kontaktuje n\u00e1s na tel. +31 (0)10 460 80 80\",\"breadcrumb\":{\"@id\":\"https:\/\/www.hoogendoorn.nl\/cs\/skoleni\/#breadcrumb\"},\"inLanguage\":\"cs\",\"potentialAction\":[{\"@type\":\"ReadAction\",\"target\":[\"https:\/\/www.hoogendoorn.nl\/cs\/skoleni\/\"]}]},{\"@type\":\"BreadcrumbList\",\"@id\":\"https:\/\/www.hoogendoorn.nl\/cs\/skoleni\/#breadcrumb\",\"itemListElement\":[{\"@type\":\"ListItem\",\"position\":1,\"name\":\"Home\",\"item\":\"https:\/\/www.hoogendoorn.nl\/cs\/\"},{\"@type\":\"ListItem\",\"position\":2,\"name\":\"\u0160kolen\u00ed\"}]},{\"@type\":\"WebSite\",\"@id\":\"https:\/\/www.hoogendoorn.nl\/#website\",\"url\":\"https:\/\/www.hoogendoorn.nl\/\",\"name\":\"Hoogendoorn Growth Management\",\"description\":\"Wereldwijd duurzame tuinbouwoplossingen op maat\",\"potentialAction\":[{\"@type\":\"SearchAction\",\"target\":{\"@type\":\"EntryPoint\",\"urlTemplate\":\"https:\/\/www.hoogendoorn.nl\/?s={search_term_string}\"},\"query-input\":{\"@type\":\"PropertyValueSpecification\",\"valueRequired\":true,\"valueName\":\"search_term_string\"}}],\"inLanguage\":\"cs\"}]}<\/script>\n<!-- \/ Yoast SEO plugin. -->","yoast_head_json":{"title":"\u0160kolen\u00ed - Hoogendoorn Growth Management","description":"Poskytujeme (na m\u00edru p\u0159ipraven\u00e9) \u0161kolen\u00ed v na\u0161ich prostor\u00e1ch, ve va\u0161\u00ed firm\u011b nebo online prost\u0159ednictv\u00edm webin\u00e1\u0159\u016f. Kontaktuje n\u00e1s na tel. +31 (0)10 460 80 80","robots":{"index":"index","follow":"follow","max-snippet":"max-snippet:-1","max-image-preview":"max-image-preview:large","max-video-preview":"max-video-preview:-1"},"canonical":"https:\/\/www.hoogendoorn.nl\/cs\/skoleni\/","og_locale":"cs_CZ","og_type":"article","og_title":"\u0160kolen\u00ed - Hoogendoorn Growth Management","og_description":"Poskytujeme (na m\u00edru p\u0159ipraven\u00e9) \u0161kolen\u00ed v na\u0161ich prostor\u00e1ch, ve va\u0161\u00ed firm\u011b nebo online prost\u0159ednictv\u00edm webin\u00e1\u0159\u016f. Kontaktuje n\u00e1s na tel. +31 (0)10 460 80 80","og_url":"https:\/\/www.hoogendoorn.nl\/cs\/skoleni\/","og_site_name":"Hoogendoorn Growth Management","article_modified_time":"2015-11-09T14:17:08+00:00","twitter_misc":{"Odhadovan\u00e1 doba \u010dten\u00ed":"3 minuty"},"schema":{"@context":"https:\/\/schema.org","@graph":[{"@type":"WebPage","@id":"https:\/\/www.hoogendoorn.nl\/cs\/skoleni\/","url":"https:\/\/www.hoogendoorn.nl\/cs\/skoleni\/","name":"\u0160kolen\u00ed - Hoogendoorn Growth Management","isPartOf":{"@id":"https:\/\/www.hoogendoorn.nl\/#website"},"datePublished":"2015-07-06T09:26:30+00:00","dateModified":"2015-11-09T14:17:08+00:00","description":"Poskytujeme (na m\u00edru p\u0159ipraven\u00e9) \u0161kolen\u00ed v na\u0161ich prostor\u00e1ch, ve va\u0161\u00ed firm\u011b nebo online prost\u0159ednictv\u00edm webin\u00e1\u0159\u016f. Kontaktuje n\u00e1s na tel. +31 (0)10 460 80 80","breadcrumb":{"@id":"https:\/\/www.hoogendoorn.nl\/cs\/skoleni\/#breadcrumb"},"inLanguage":"cs","potentialAction":[{"@type":"ReadAction","target":["https:\/\/www.hoogendoorn.nl\/cs\/skoleni\/"]}]},{"@type":"BreadcrumbList","@id":"https:\/\/www.hoogendoorn.nl\/cs\/skoleni\/#breadcrumb","itemListElement":[{"@type":"ListItem","position":1,"name":"Home","item":"https:\/\/www.hoogendoorn.nl\/cs\/"},{"@type":"ListItem","position":2,"name":"\u0160kolen\u00ed"}]},{"@type":"WebSite","@id":"https:\/\/www.hoogendoorn.nl\/#website","url":"https:\/\/www.hoogendoorn.nl\/","name":"Hoogendoorn Growth Management","description":"Wereldwijd duurzame tuinbouwoplossingen op maat","potentialAction":[{"@type":"SearchAction","target":{"@type":"EntryPoint","urlTemplate":"https:\/\/www.hoogendoorn.nl\/?s={search_term_string}"},"query-input":{"@type":"PropertyValueSpecification","valueRequired":true,"valueName":"search_term_string"}}],"inLanguage":"cs"}]}},"_links":{"self":[{"href":"https:\/\/www.hoogendoorn.nl\/cs\/wp-json\/wp\/v2\/pages\/20118","targetHints":{"allow":["GET"]}}],"collection":[{"href":"https:\/\/www.hoogendoorn.nl\/cs\/wp-json\/wp\/v2\/pages"}],"about":[{"href":"https:\/\/www.hoogendoorn.nl\/cs\/wp-json\/wp\/v2\/types\/page"}],"author":[{"embeddable":true,"href":"https:\/\/www.hoogendoorn.nl\/cs\/wp-json\/wp\/v2\/users\/101"}],"replies":[{"embeddable":true,"href":"https:\/\/www.hoogendoorn.nl\/cs\/wp-json\/wp\/v2\/comments?post=20118"}],"version-history":[{"count":0,"href":"https:\/\/www.hoogendoorn.nl\/cs\/wp-json\/wp\/v2\/pages\/20118\/revisions"}],"wp:attachment":[{"href":"https:\/\/www.hoogendoorn.nl\/cs\/wp-json\/wp\/v2\/media?parent=20118"}],"curies":[{"name":"wp","href":"https:\/\/api.w.org\/{rel}","templated":true}]}}