{"id":20122,"date":"2015-07-06T09:31:14","date_gmt":"2015-07-06T09:31:14","guid":{"rendered":"http:\/\/nlhoog-salebaboe.savviihq.com\/?page_id=20122"},"modified":"2015-07-06T09:31:52","modified_gmt":"2015-07-06T09:31:52","slug":"portfolio-skoleni","status":"publish","type":"page","link":"https:\/\/www.hoogendoorn.nl\/cs\/portfolio-skoleni\/","title":{"rendered":"Portfolio \u0161kolen\u00ed"},"content":{"rendered":"<p>Pod\u00edvejte se na na\u0161e portfolio \u0161kolen\u00ed n\u00ed\u017ee<\/p>\n<ul>\n<li><strong><em>Odborn\u00e9 \u0161kolen\u00ed o fyziologii rostlin a kontrole klimatu<\/em><\/strong><\/li>\n<\/ul>\n<p><em>Program:<\/em> vhled do problematiky interakce mezi chov\u00e1n\u00edm rostliny a klimatem ve sklen\u00edku \u2013 interpretace senzor\u016f rostliny \u2013 vhled do problematiky mikro- a makroklimatu a vlhkostn\u00ed rovnov\u00e1hy mezi sklen\u00edkem a rostlinou \u2013 praktick\u00e9 p\u0159\u00edklady zam\u011b\u0159en\u00e9 na plodiny s\u00a0vyu\u017eit\u00edm procesn\u00edho po\u010d\u00edta\u010de Hoogendoorn<\/p>\n<p><em>Trv\u00e1n\u00ed:<\/em> 2 dny<\/p>\n<p>&nbsp;<\/p>\n<ul>\n<li><strong><em>Workshopy na t\u00e9ma \u0158\u00edzen\u00ed klimatu dle sez\u00f3ny<\/em><\/strong><\/li>\n<\/ul>\n<p><em>Program:<\/em> fyziologie rostlin jako v\u00fdchoz\u00ed t\u00e9ma \u2013 klima ve sklen\u00edku z\u00a0pohledu fyzik\u00e1ln\u00edch z\u00e1kon\u016f rovnov\u00e1hy energie a vlhkosti<\/p>\n<p>Hlavn\u00ed t\u00e9ma sez\u00f3ny \u2013 principy \u201enov\u00e9 kultivace\u201c jsou zakomponovan\u00e9 do ka\u017edodenn\u00ed praxe \u2013 praktick\u00e9 p\u0159\u00edklady<\/p>\n<p><em>Trv\u00e1n\u00ed:<\/em> 4 p\u016fldny, rozd\u011blen\u00e9 podle ro\u010dn\u00edch obdob\u00ed: 1. Vlhkost (podzim), 2. Vyt\u00e1p\u011bn\u00ed (zima), 3. Zavla\u017eov\u00e1n\u00ed (jaro), 4. V\u011btr\u00e1n\u00ed (l\u00e9to).<\/p>\n<p>&nbsp;<\/p>\n<ul>\n<li><strong><em>Rychl\u00fd \u00favodn\u00ed kurz iSii<\/em><\/strong><\/li>\n<\/ul>\n<p><em>Program:<\/em> co nejvy\u0161\u0161\u00ed vyu\u017eit\u00ed procesn\u00edho po\u010d\u00edta\u010de iSii \u2013 orientov\u00e1no velmi prakticky \u2013 vysv\u011btlen\u00ed modul\u016f klimatu, vody a energie<\/p>\n<p><em>Trv\u00e1n\u00ed:<\/em> 4 p\u016fldny: 1. Obsluha, 2. Ovl\u00e1d\u00e1n\u00ed klimatu, 3. \u0158\u00edzen\u00ed energi\u00ed, 4. Hospoda\u0159en\u00ed s\u00a0vodou<\/p>\n<p>&nbsp;<\/p>\n<ul>\n<li><strong><em>Webinar<\/em><\/strong><\/li>\n<\/ul>\n<p><em>Program:<\/em> jeden na jednoho \u2013 online kurzy u\u0161it\u00e9 na m\u00edru \u2013 sami si vol\u00edte t\u00e9mata \u2013 zam\u011b\u0159en\u00e9 na konkr\u00e9tn\u00ed pot\u0159eby \u2013 osobn\u00ed kontakt s\u00a0t\u00edm prav\u00fdm expertem z\u00a0Hoogendoorn<\/p>\n<p><em>Trv\u00e1n\u00ed:<\/em> 1,5 hodiny \/ 1 lekce<\/p>\n<p>&nbsp;<\/p>\n<ul>\n<li><strong><em>Kurz na t\u00e9ma po\u010das\u00ed a rostlinn\u00e9 klima<\/em><\/strong><\/li>\n<\/ul>\n<p><em>Program:<\/em> vhled do problematiky pov\u011btrnostn\u00edch podm\u00ednek ve vztahu k\u00a0optim\u00e1ln\u00edmu klimatu ve sklen\u00edc\u00edch \u2013 praktick\u00e9 p\u0159\u00edklady \u2013 v\u00a0kombinaci s\u00a0MeteoScope<\/p>\n<p><em>Trv\u00e1n\u00ed:<\/em> 1 den<\/p>\n<p>&nbsp;<\/p>\n<ul>\n<li><strong><em>Workshop na t\u00e9ma Hospoda\u0159en\u00ed s\u00a0vodou<\/em><\/strong><\/li>\n<\/ul>\n<p><em>Program:<\/em> zavla\u017eov\u00e1n\u00ed v\u00a0souladu s\u00a0pot\u0159ebami rostlin \u2013 vliv klimatu ve sklen\u00edku \u2013 optimalizace nastaven\u00ed ve va\u0161em procesn\u00edm po\u010d\u00edta\u010di \u2013 ve spolupr\u00e1ci s\u00a0v\u00fdzkumn\u00fdmi instituty a\/nebo dodavateli substr\u00e1t\u016f<\/p>\n<p><em>Trv\u00e1n\u00ed:<\/em> 1 den<\/p>\n<p>&nbsp;<\/p>\n<ul>\n<li><strong><em>Workshop na t\u00e9ma Optimalizace energi\u00ed<\/em><\/strong><\/li>\n<\/ul>\n<p><em>Program:<\/em> p\u0159ehled mo\u017enost\u00ed \u0161et\u0159en\u00ed energi\u00ed \u2013 efektivn\u00ed vyu\u017eit\u00ed energie \u2013 zam\u011b\u0159eno na situaci ve va\u0161\u00ed firm\u011b<\/p>\n<p><em>Trv\u00e1n\u00ed:<\/em> 1 den<\/p>\n<p>&nbsp;<\/p>\n","protected":false},"excerpt":{"rendered":"<p>Pod\u00edvejte se na na\u0161e portfolio \u0161kolen\u00ed n\u00ed\u017ee Odborn\u00e9 \u0161kolen\u00ed o fyziologii rostlin a kontrole klimatu Program: vhled do problematiky interakce mezi chov\u00e1n\u00edm rostliny a klimatem &#8230;<\/p>\n<div class=\"item-read-more\">\n<p>        <a href=\"https:\/\/www.hoogendoorn.nl\/cs\/portfolio-skoleni\/\" style=\"font-weight: normal;\">\u010ct\u011bte v\u00edce<\/a><\/p><\/div>\n","protected":false},"author":101,"featured_media":0,"parent":0,"menu_order":0,"comment_status":"closed","ping_status":"closed","template":"","meta":{"_acf_changed":false,"_et_pb_use_builder":"","_et_pb_old_content":"","_et_gb_content_width":"","_genesis_hide_title":false,"_genesis_hide_breadcrumbs":false,"_genesis_hide_singular_image":false,"_genesis_hide_footer_widgets":false,"_genesis_custom_body_class":"","_genesis_custom_post_class":"","_genesis_layout":"","footnotes":""},"class_list":{"0":"post-20122","1":"page","2":"type-page","3":"status-publish","5":"entry"},"acf":[],"yoast_head":"<!-- This site is optimized with the Yoast SEO plugin v26.6 - https:\/\/yoast.com\/wordpress\/plugins\/seo\/ -->\n<title>Portfolio \u0161kolen\u00ed - Hoogendoorn Growth Management<\/title>\n<meta name=\"description\" content=\"Portfolio \u0161kolen\u00ed\" \/>\n<meta name=\"robots\" content=\"index, follow, max-snippet:-1, max-image-preview:large, max-video-preview:-1\" \/>\n<link rel=\"canonical\" href=\"https:\/\/www.hoogendoorn.nl\/cs\/portfolio-skoleni\/\" \/>\n<meta property=\"og:locale\" content=\"cs_CZ\" \/>\n<meta property=\"og:type\" content=\"article\" \/>\n<meta property=\"og:title\" content=\"Portfolio \u0161kolen\u00ed - Hoogendoorn Growth Management\" \/>\n<meta property=\"og:description\" content=\"Portfolio \u0161kolen\u00ed\" \/>\n<meta property=\"og:url\" content=\"https:\/\/www.hoogendoorn.nl\/cs\/portfolio-skoleni\/\" \/>\n<meta property=\"og:site_name\" content=\"Hoogendoorn Growth Management\" \/>\n<meta property=\"article:modified_time\" content=\"2015-07-06T09:31:52+00:00\" \/>\n<meta name=\"twitter:label1\" content=\"Odhadovan\u00e1 doba \u010dten\u00ed\" \/>\n\t<meta name=\"twitter:data1\" content=\"2 minuty\" \/>\n<script type=\"application\/ld+json\" class=\"yoast-schema-graph\">{\"@context\":\"https:\/\/schema.org\",\"@graph\":[{\"@type\":\"WebPage\",\"@id\":\"https:\/\/www.hoogendoorn.nl\/cs\/portfolio-skoleni\/\",\"url\":\"https:\/\/www.hoogendoorn.nl\/cs\/portfolio-skoleni\/\",\"name\":\"Portfolio \u0161kolen\u00ed - Hoogendoorn Growth Management\",\"isPartOf\":{\"@id\":\"https:\/\/www.hoogendoorn.nl\/#website\"},\"datePublished\":\"2015-07-06T09:31:14+00:00\",\"dateModified\":\"2015-07-06T09:31:52+00:00\",\"description\":\"Portfolio \u0161kolen\u00ed\",\"breadcrumb\":{\"@id\":\"https:\/\/www.hoogendoorn.nl\/cs\/portfolio-skoleni\/#breadcrumb\"},\"inLanguage\":\"cs\",\"potentialAction\":[{\"@type\":\"ReadAction\",\"target\":[\"https:\/\/www.hoogendoorn.nl\/cs\/portfolio-skoleni\/\"]}]},{\"@type\":\"BreadcrumbList\",\"@id\":\"https:\/\/www.hoogendoorn.nl\/cs\/portfolio-skoleni\/#breadcrumb\",\"itemListElement\":[{\"@type\":\"ListItem\",\"position\":1,\"name\":\"Home\",\"item\":\"https:\/\/www.hoogendoorn.nl\/cs\/\"},{\"@type\":\"ListItem\",\"position\":2,\"name\":\"Portfolio \u0161kolen\u00ed\"}]},{\"@type\":\"WebSite\",\"@id\":\"https:\/\/www.hoogendoorn.nl\/#website\",\"url\":\"https:\/\/www.hoogendoorn.nl\/\",\"name\":\"Hoogendoorn Growth Management\",\"description\":\"Wereldwijd duurzame tuinbouwoplossingen op maat\",\"potentialAction\":[{\"@type\":\"SearchAction\",\"target\":{\"@type\":\"EntryPoint\",\"urlTemplate\":\"https:\/\/www.hoogendoorn.nl\/?s={search_term_string}\"},\"query-input\":{\"@type\":\"PropertyValueSpecification\",\"valueRequired\":true,\"valueName\":\"search_term_string\"}}],\"inLanguage\":\"cs\"}]}<\/script>\n<!-- \/ Yoast SEO plugin. -->","yoast_head_json":{"title":"Portfolio \u0161kolen\u00ed - Hoogendoorn Growth Management","description":"Portfolio \u0161kolen\u00ed","robots":{"index":"index","follow":"follow","max-snippet":"max-snippet:-1","max-image-preview":"max-image-preview:large","max-video-preview":"max-video-preview:-1"},"canonical":"https:\/\/www.hoogendoorn.nl\/cs\/portfolio-skoleni\/","og_locale":"cs_CZ","og_type":"article","og_title":"Portfolio \u0161kolen\u00ed - Hoogendoorn Growth Management","og_description":"Portfolio \u0161kolen\u00ed","og_url":"https:\/\/www.hoogendoorn.nl\/cs\/portfolio-skoleni\/","og_site_name":"Hoogendoorn Growth Management","article_modified_time":"2015-07-06T09:31:52+00:00","twitter_misc":{"Odhadovan\u00e1 doba \u010dten\u00ed":"2 minuty"},"schema":{"@context":"https:\/\/schema.org","@graph":[{"@type":"WebPage","@id":"https:\/\/www.hoogendoorn.nl\/cs\/portfolio-skoleni\/","url":"https:\/\/www.hoogendoorn.nl\/cs\/portfolio-skoleni\/","name":"Portfolio \u0161kolen\u00ed - Hoogendoorn Growth Management","isPartOf":{"@id":"https:\/\/www.hoogendoorn.nl\/#website"},"datePublished":"2015-07-06T09:31:14+00:00","dateModified":"2015-07-06T09:31:52+00:00","description":"Portfolio \u0161kolen\u00ed","breadcrumb":{"@id":"https:\/\/www.hoogendoorn.nl\/cs\/portfolio-skoleni\/#breadcrumb"},"inLanguage":"cs","potentialAction":[{"@type":"ReadAction","target":["https:\/\/www.hoogendoorn.nl\/cs\/portfolio-skoleni\/"]}]},{"@type":"BreadcrumbList","@id":"https:\/\/www.hoogendoorn.nl\/cs\/portfolio-skoleni\/#breadcrumb","itemListElement":[{"@type":"ListItem","position":1,"name":"Home","item":"https:\/\/www.hoogendoorn.nl\/cs\/"},{"@type":"ListItem","position":2,"name":"Portfolio \u0161kolen\u00ed"}]},{"@type":"WebSite","@id":"https:\/\/www.hoogendoorn.nl\/#website","url":"https:\/\/www.hoogendoorn.nl\/","name":"Hoogendoorn Growth Management","description":"Wereldwijd duurzame tuinbouwoplossingen op maat","potentialAction":[{"@type":"SearchAction","target":{"@type":"EntryPoint","urlTemplate":"https:\/\/www.hoogendoorn.nl\/?s={search_term_string}"},"query-input":{"@type":"PropertyValueSpecification","valueRequired":true,"valueName":"search_term_string"}}],"inLanguage":"cs"}]}},"_links":{"self":[{"href":"https:\/\/www.hoogendoorn.nl\/cs\/wp-json\/wp\/v2\/pages\/20122","targetHints":{"allow":["GET"]}}],"collection":[{"href":"https:\/\/www.hoogendoorn.nl\/cs\/wp-json\/wp\/v2\/pages"}],"about":[{"href":"https:\/\/www.hoogendoorn.nl\/cs\/wp-json\/wp\/v2\/types\/page"}],"author":[{"embeddable":true,"href":"https:\/\/www.hoogendoorn.nl\/cs\/wp-json\/wp\/v2\/users\/101"}],"replies":[{"embeddable":true,"href":"https:\/\/www.hoogendoorn.nl\/cs\/wp-json\/wp\/v2\/comments?post=20122"}],"version-history":[{"count":0,"href":"https:\/\/www.hoogendoorn.nl\/cs\/wp-json\/wp\/v2\/pages\/20122\/revisions"}],"wp:attachment":[{"href":"https:\/\/www.hoogendoorn.nl\/cs\/wp-json\/wp\/v2\/media?parent=20122"}],"curies":[{"name":"wp","href":"https:\/\/api.w.org\/{rel}","templated":true}]}}