{"id":20126,"date":"2015-07-06T09:41:59","date_gmt":"2015-07-06T09:41:59","guid":{"rendered":"http:\/\/nlhoog-salebaboe.savviihq.com\/?page_id=20126"},"modified":"2016-11-14T12:36:42","modified_gmt":"2016-11-14T12:36:42","slug":"o-nas","status":"publish","type":"page","link":"https:\/\/www.hoogendoorn.nl\/cs\/o-nas\/","title":{"rendered":"O n\u00e1s"},"content":{"rendered":"<p>Hoogendoorn spole\u010dn\u011b s\u00a0partnery po cel\u00e9m sv\u011bt\u011b dod\u00e1v\u00e1 udr\u017eiteln\u00e1 automatizovan\u00e1 \u0159e\u0161en\u00ed, kter\u00e1 hladce koordinuj\u00ed ve\u0161ker\u00e9 procesy a syst\u00e9my ve va\u0161em p\u011bstitelsk\u00e9m podniku. Modulov\u00fd software zaji\u0161\u0165uje, \u017ee se dostupn\u00e9 zdroje, jako je zemn\u00ed plyn, hnojiva a voda, vyu\u017e\u00edvaj\u00ed co nejefektivn\u011bji. D\u00edky tomu Hoogendoorn pom\u00e1h\u00e1 klient\u016fm minimalizovat n\u00e1klady (na energie) a emise CO<sub>2<\/sub> a tak\u00e9 maximalizovat rentabilitu plodin.<\/p>\n<p>Roky zku\u0161enost\u00ed a odborn\u00e1 kvalifikace vede k\u00a0celistv\u00e9 \u0161k\u00e1le \u00fa\u010dinn\u00fdch, integrovan\u00fdch ucelen\u00fdch \u0159e\u0161en, kter\u00e9 lze aplikovat v\u00a0ka\u017ed\u00e9m p\u011bstitelsk\u00e9m podniku na sv\u011bt\u011b. Nab\u00edz\u00edme \u0159e\u0161en\u00ed v\u00a0oblasti \u0159\u00edzen\u00ed klimatu, hospoda\u0159en\u00ed s\u00a0vodou, \u0159\u00edzen\u00ed spot\u0159eby energie a spr\u00e1vy dat.<\/p>\n<p><strong>Od roku 1967 a\u017e dodnes<br \/>\n<\/strong>Hoogendoorn zah\u00e1jil svou \u010dinnost jako mal\u00e1 mont\u00e1\u017en\u00ed firma, kter\u00e1 se rozvinula v\u00a0mezin\u00e1rodn\u00ed automatiza\u010dn\u00ed firmu, kter\u00e1 je \u010dinn\u00e1 po cel\u00e9m sv\u011bt\u011b. V\u00a0roce 1974 Hoogendoorn jako prvn\u00ed na sv\u011bt\u011b uvedla na trh digit\u00e1ln\u00ed po\u010d\u00edta\u010d ur\u010den\u00fd pro p\u011bstitelstv\u00ed. Od t\u00e9 doby u\u017e Hoogendoorn vyprodukoval nejpokro\u010dilej\u0161\u00ed procesn\u00ed po\u010d\u00edta\u010de a syst\u00e9my pro p\u011bstitelstv\u00ed a BUSINESS REGISTRATION, kter\u00e9 p\u0159isp\u00edvaj\u00ed k\u00a0udr\u017eiteln\u00e9mu p\u0159\u00edstupu k\u00a0vod\u011b, klimatu a energii. D\u00edky s\u00edti partner\u016f, roz\u0161\u00ed\u0159en\u00e9 po ka\u017ed\u00e9m kontinentu, podporuj\u00ed na\u0161i vy\u0161kolen\u00ed specialist\u00e9 v\u0161echny z\u00e1kazn\u00edky t\u00edm, \u017ee jim erudovan\u011b doporu\u010duj\u00ed dan\u00e9 vhodn\u00e9 produkty, \u0161kolen\u00ed a poskytov\u00e1n\u00ed slu\u017eeb.<\/p>\n<p><strong><em>\u0158\u00edzen\u00ed klimatu<br \/>\n<\/em><\/strong>Pokud \u0159\u00edd\u00edte sv\u00e9 sklen\u00edkov\u00e9 klima, zajist\u00edte efektivn\u00ed r\u016fst va\u0161ich plodin<\/p>\n<p><strong><em>Hospoda\u0159en\u00ed s vodou<br \/>\n<\/em><\/strong>Spolehliv\u00e9 a p\u0159esn\u00e9 zavla\u017eov\u00e1n\u00ed pro optim\u00e1ln\u00ed r\u016fst plodin.<\/p>\n<p><strong><em>\u0158\u00edzen\u00ed spot\u0159eby energie<br \/>\n<\/em><\/strong>\u0160et\u0159ete energii a sou\u010dasn\u011b udr\u017ete svou produkci a kvalitu.<\/p>\n<p><strong><em>Spr\u00e1va dat<br \/>\n<\/em><\/strong>Spolehliv\u00e1 data v\u00a0jedin\u00e9m pohledu<\/p>\n<p>&nbsp;<\/p>\n<p><strong>Hoogendoorn v\u00a0jednom pohledu<\/strong><\/p>\n<ul>\n<li>V\u00edce ne\u017e 45 let zku\u0161enost\u00ed v\u00a0automatizaci proces\u016f pro p\u011bstitelstv\u00ed<\/li>\n<li>V\u00fdvoj produktu, produkce a prodej z\u00a0\u00fast\u0159ed\u00ed ve Vlaardingen, Holandsko<\/li>\n<li>Aktivn\u00ed ve v\u00edce ne\u017e 60 zem\u00edch, nap\u0159\u00ed\u010d kontinenty<\/li>\n<li>Spolupracuj\u00edc\u00ed s\u00a0partnery po cel\u00e9m sv\u011bt\u011b<\/li>\n<li>V\u00fdzkum ve spolupr\u00e1ci s\u00a0presti\u017en\u00edmi univerzitami a v\u00fdzkumn\u00fdmi centry<\/li>\n<li>15% obratu se ro\u010dn\u011b investuje do v\u00fdzkumu a v\u00fdvoje<\/li>\n<li>Workshopy a \u0161kolen\u00ed se pravideln\u011b organizuj\u00ed pro z\u00e1kazn\u00edky i partnery<\/li>\n<li>Divize Batenburg Techniek, finan\u010dn\u011b stabiln\u00ed, ve\u0159ejn\u00e9 obchodn\u00ed spole\u010dnosti<\/li>\n<\/ul>\n","protected":false},"excerpt":{"rendered":"<p>Hoogendoorn spole\u010dn\u011b s\u00a0partnery po cel\u00e9m sv\u011bt\u011b dod\u00e1v\u00e1 udr\u017eiteln\u00e1 automatizovan\u00e1 \u0159e\u0161en\u00ed, kter\u00e1 hladce koordinuj\u00ed ve\u0161ker\u00e9 procesy a syst\u00e9my ve va\u0161em p\u011bstitelsk\u00e9m podniku. Modulov\u00fd software zaji\u0161\u0165uje, \u017ee &#8230;<\/p>\n<div class=\"item-read-more\">\n<p>        <a href=\"https:\/\/www.hoogendoorn.nl\/cs\/o-nas\/\" style=\"font-weight: normal;\">\u010ct\u011bte v\u00edce<\/a><\/p><\/div>\n","protected":false},"author":101,"featured_media":0,"parent":0,"menu_order":0,"comment_status":"open","ping_status":"closed","template":"","meta":{"_acf_changed":false,"_et_pb_use_builder":"","_et_pb_old_content":"","_et_gb_content_width":"","_genesis_hide_title":false,"_genesis_hide_breadcrumbs":false,"_genesis_hide_singular_image":false,"_genesis_hide_footer_widgets":false,"_genesis_custom_body_class":"","_genesis_custom_post_class":"","_genesis_layout":"full-width-content","footnotes":""},"class_list":{"0":"post-20126","1":"page","2":"type-page","3":"status-publish","5":"entry"},"acf":[],"yoast_head":"<!-- This site is optimized with the Yoast SEO plugin v26.6 - https:\/\/yoast.com\/wordpress\/plugins\/seo\/ -->\n<title>O Hoogendoorn - Hoogendoorn Growth Management<\/title>\n<meta name=\"description\" content=\"Hoogendoorn zah\u00e1jil svou \u010dinnost jako mal\u00e1 mont\u00e1\u017en\u00ed firma, kter\u00e1 se rozvinula v mezin\u00e1rodn\u00ed automatiza\u010dn\u00ed firmu, kter\u00e1 je \u010dinn\u00e1 po cel\u00e9m sv\u011bt\u011b.\" \/>\n<meta name=\"robots\" content=\"noindex, nofollow\" \/>\n<meta property=\"og:locale\" content=\"cs_CZ\" \/>\n<meta property=\"og:type\" content=\"article\" \/>\n<meta property=\"og:title\" content=\"O Hoogendoorn - Hoogendoorn Growth Management\" \/>\n<meta property=\"og:description\" content=\"Hoogendoorn zah\u00e1jil svou \u010dinnost jako mal\u00e1 mont\u00e1\u017en\u00ed firma, kter\u00e1 se rozvinula v mezin\u00e1rodn\u00ed automatiza\u010dn\u00ed firmu, kter\u00e1 je \u010dinn\u00e1 po cel\u00e9m sv\u011bt\u011b.\" \/>\n<meta property=\"og:url\" content=\"https:\/\/www.hoogendoorn.nl\/cs\/o-nas\/\" \/>\n<meta property=\"og:site_name\" content=\"Hoogendoorn Growth Management\" \/>\n<meta property=\"article:modified_time\" content=\"2016-11-14T12:36:42+00:00\" \/>\n<meta name=\"twitter:label1\" content=\"Odhadovan\u00e1 doba \u010dten\u00ed\" \/>\n\t<meta name=\"twitter:data1\" content=\"2 minuty\" \/>\n<script type=\"application\/ld+json\" class=\"yoast-schema-graph\">{\"@context\":\"https:\/\/schema.org\",\"@graph\":[{\"@type\":\"WebPage\",\"@id\":\"https:\/\/www.hoogendoorn.nl\/cs\/o-nas\/\",\"url\":\"https:\/\/www.hoogendoorn.nl\/cs\/o-nas\/\",\"name\":\"O Hoogendoorn - Hoogendoorn Growth Management\",\"isPartOf\":{\"@id\":\"https:\/\/www.hoogendoorn.nl\/#website\"},\"datePublished\":\"2015-07-06T09:41:59+00:00\",\"dateModified\":\"2016-11-14T12:36:42+00:00\",\"description\":\"Hoogendoorn zah\u00e1jil svou \u010dinnost jako mal\u00e1 mont\u00e1\u017en\u00ed firma, kter\u00e1 se rozvinula v mezin\u00e1rodn\u00ed automatiza\u010dn\u00ed firmu, kter\u00e1 je \u010dinn\u00e1 po cel\u00e9m sv\u011bt\u011b.\",\"breadcrumb\":{\"@id\":\"https:\/\/www.hoogendoorn.nl\/cs\/o-nas\/#breadcrumb\"},\"inLanguage\":\"cs\",\"potentialAction\":[{\"@type\":\"ReadAction\",\"target\":[\"https:\/\/www.hoogendoorn.nl\/cs\/o-nas\/\"]}]},{\"@type\":\"BreadcrumbList\",\"@id\":\"https:\/\/www.hoogendoorn.nl\/cs\/o-nas\/#breadcrumb\",\"itemListElement\":[{\"@type\":\"ListItem\",\"position\":1,\"name\":\"Home\",\"item\":\"https:\/\/www.hoogendoorn.nl\/cs\/\"},{\"@type\":\"ListItem\",\"position\":2,\"name\":\"O n\u00e1s\"}]},{\"@type\":\"WebSite\",\"@id\":\"https:\/\/www.hoogendoorn.nl\/#website\",\"url\":\"https:\/\/www.hoogendoorn.nl\/\",\"name\":\"Hoogendoorn Growth Management\",\"description\":\"Wereldwijd duurzame tuinbouwoplossingen op maat\",\"potentialAction\":[{\"@type\":\"SearchAction\",\"target\":{\"@type\":\"EntryPoint\",\"urlTemplate\":\"https:\/\/www.hoogendoorn.nl\/?s={search_term_string}\"},\"query-input\":{\"@type\":\"PropertyValueSpecification\",\"valueRequired\":true,\"valueName\":\"search_term_string\"}}],\"inLanguage\":\"cs\"}]}<\/script>\n<!-- \/ Yoast SEO plugin. -->","yoast_head_json":{"title":"O Hoogendoorn - Hoogendoorn Growth Management","description":"Hoogendoorn zah\u00e1jil svou \u010dinnost jako mal\u00e1 mont\u00e1\u017en\u00ed firma, kter\u00e1 se rozvinula v mezin\u00e1rodn\u00ed automatiza\u010dn\u00ed firmu, kter\u00e1 je \u010dinn\u00e1 po cel\u00e9m sv\u011bt\u011b.","robots":{"index":"noindex","follow":"nofollow"},"og_locale":"cs_CZ","og_type":"article","og_title":"O Hoogendoorn - Hoogendoorn Growth Management","og_description":"Hoogendoorn zah\u00e1jil svou \u010dinnost jako mal\u00e1 mont\u00e1\u017en\u00ed firma, kter\u00e1 se rozvinula v mezin\u00e1rodn\u00ed automatiza\u010dn\u00ed firmu, kter\u00e1 je \u010dinn\u00e1 po cel\u00e9m sv\u011bt\u011b.","og_url":"https:\/\/www.hoogendoorn.nl\/cs\/o-nas\/","og_site_name":"Hoogendoorn Growth Management","article_modified_time":"2016-11-14T12:36:42+00:00","twitter_misc":{"Odhadovan\u00e1 doba \u010dten\u00ed":"2 minuty"},"schema":{"@context":"https:\/\/schema.org","@graph":[{"@type":"WebPage","@id":"https:\/\/www.hoogendoorn.nl\/cs\/o-nas\/","url":"https:\/\/www.hoogendoorn.nl\/cs\/o-nas\/","name":"O Hoogendoorn - Hoogendoorn Growth Management","isPartOf":{"@id":"https:\/\/www.hoogendoorn.nl\/#website"},"datePublished":"2015-07-06T09:41:59+00:00","dateModified":"2016-11-14T12:36:42+00:00","description":"Hoogendoorn zah\u00e1jil svou \u010dinnost jako mal\u00e1 mont\u00e1\u017en\u00ed firma, kter\u00e1 se rozvinula v mezin\u00e1rodn\u00ed automatiza\u010dn\u00ed firmu, kter\u00e1 je \u010dinn\u00e1 po cel\u00e9m sv\u011bt\u011b.","breadcrumb":{"@id":"https:\/\/www.hoogendoorn.nl\/cs\/o-nas\/#breadcrumb"},"inLanguage":"cs","potentialAction":[{"@type":"ReadAction","target":["https:\/\/www.hoogendoorn.nl\/cs\/o-nas\/"]}]},{"@type":"BreadcrumbList","@id":"https:\/\/www.hoogendoorn.nl\/cs\/o-nas\/#breadcrumb","itemListElement":[{"@type":"ListItem","position":1,"name":"Home","item":"https:\/\/www.hoogendoorn.nl\/cs\/"},{"@type":"ListItem","position":2,"name":"O n\u00e1s"}]},{"@type":"WebSite","@id":"https:\/\/www.hoogendoorn.nl\/#website","url":"https:\/\/www.hoogendoorn.nl\/","name":"Hoogendoorn Growth Management","description":"Wereldwijd duurzame tuinbouwoplossingen op maat","potentialAction":[{"@type":"SearchAction","target":{"@type":"EntryPoint","urlTemplate":"https:\/\/www.hoogendoorn.nl\/?s={search_term_string}"},"query-input":{"@type":"PropertyValueSpecification","valueRequired":true,"valueName":"search_term_string"}}],"inLanguage":"cs"}]}},"_links":{"self":[{"href":"https:\/\/www.hoogendoorn.nl\/cs\/wp-json\/wp\/v2\/pages\/20126","targetHints":{"allow":["GET"]}}],"collection":[{"href":"https:\/\/www.hoogendoorn.nl\/cs\/wp-json\/wp\/v2\/pages"}],"about":[{"href":"https:\/\/www.hoogendoorn.nl\/cs\/wp-json\/wp\/v2\/types\/page"}],"author":[{"embeddable":true,"href":"https:\/\/www.hoogendoorn.nl\/cs\/wp-json\/wp\/v2\/users\/101"}],"replies":[{"embeddable":true,"href":"https:\/\/www.hoogendoorn.nl\/cs\/wp-json\/wp\/v2\/comments?post=20126"}],"version-history":[{"count":0,"href":"https:\/\/www.hoogendoorn.nl\/cs\/wp-json\/wp\/v2\/pages\/20126\/revisions"}],"wp:attachment":[{"href":"https:\/\/www.hoogendoorn.nl\/cs\/wp-json\/wp\/v2\/media?parent=20126"}],"curies":[{"name":"wp","href":"https:\/\/api.w.org\/{rel}","templated":true}]}}