{"id":20130,"date":"2015-07-06T09:49:22","date_gmt":"2015-07-06T09:49:22","guid":{"rendered":"http:\/\/nlhoog-salebaboe.savviihq.com\/?page_id=20130"},"modified":"2015-07-06T09:50:17","modified_gmt":"2015-07-06T09:50:17","slug":"proc-hoogendoorn","status":"publish","type":"page","link":"https:\/\/www.hoogendoorn.nl\/cs\/o-nas\/proc-hoogendoorn\/","title":{"rendered":"Pro\u010d Hoogendoorn?"},"content":{"rendered":"<p>Investujeme do dlouhodob\u00fdch partnerstv\u00ed s\u00a0na\u0161imi z\u00e1kazn\u00edky, partnery a spolupracuj\u00edc\u00edmi podnikateli. Ta se vyzna\u010duj\u00ed d\u016fv\u011brou, transparentnost\u00ed a flexibilitou. Hoogendoorn je v\u00edc ne\u017e jen v\u00e1\u0161 dodavatel; jsme tak\u00e9 va\u0161i partne\u0159i.<\/p>\n<p>Co m\u016f\u017eete jako z\u00e1kazn\u00edk od Hoogendoorn \u010dekat:<\/p>\n<p><strong>Osobn\u00ed p\u0159\u00edstup<br \/>\n<\/strong>Na\u0161i z\u00e1kazn\u00edci jsou na prvn\u00edm m\u00edst\u011b. Na\u0161i kvalifikovan\u00ed, iniciativn\u00ed odborn\u00edci naslouchaj\u00ed p\u0159\u00e1n\u00edm z\u00e1kazn\u00edka a daj\u00ed mu poctiv\u00e9 a p\u0159\u00edm\u00e9 doporu\u010den\u00ed dlouhodob\u00e9ho \u0159e\u0161en\u00ed. Vedeme a podporujeme na\u0161e z\u00e1kazn\u00edky b\u011bhem cel\u00e9ho procesu n\u00e1kupu a pot\u00e9 dod\u00e1me slu\u017ebu, kterou si z\u00e1kazn\u00edk zvolil s (u\u017eivatelsk\u00fdm) \u0161kolen\u00edm a \u00fadr\u017ebou.<\/p>\n<p><strong>Dlouhodob\u00e1 investice<br \/>\n<\/strong>Na\u0161e produkty maj\u00ed dlouhou provozn\u00ed \u017eivotnost a jsou spolehlivou dlouhodobou investic\u00ed. V\u00e1\u0161 procesn\u00ed po\u010d\u00edta\u010d m\u016f\u017eeme snadno upgradovat s\u00a0pomoc\u00ed nejnov\u011bj\u0161\u00edho softwaru. Tak m\u016f\u017eete neust\u00e1le \u0159\u00eddit procesy s\u00a0pomoc\u00ed nej\u00fa\u010dinn\u011bj\u0161\u00edch a nejmodern\u011bj\u0161\u00edch technologi\u00ed.<\/p>\n<p><strong>Bl\u00edzko k\u00a0z\u00e1kazn\u00edk\u016fm<br \/>\n<\/strong>Hoogendoorn m\u00e1 k\u00a0z\u00e1kazn\u00edk\u016fm bl\u00edzko, proto\u017ee p\u016fsob\u00edme v\u00a0mezin\u00e1rodn\u00edm m\u011b\u0159\u00edtku prost\u0159ednictv\u00edm spolupr\u00e1ce s na\u0161imi lok\u00e1ln\u00edmi partnery. To n\u00e1m umo\u017e\u0148uje ch\u00e1pat jazyk na\u0161eho z\u00e1kazn\u00edka, stejn\u011b jako jeho kulturu a situaci. V\u00a0tomto ohledu m\u016f\u017eeme p\u0159izp\u016fsobit na\u0161e \u0159e\u0161en\u00ed a slu\u017eby optim\u00e1ln\u011b pot\u0159eb\u00e1m z\u00e1kazn\u00edka a poskytovat lok\u00e1ln\u00ed slu\u017eby. Zaji\u0161\u0165ujeme tak\u00e9, \u017ee n\u00e1hradn\u00ed d\u00edly jsou sou\u010d\u00e1st\u00ed lok\u00e1ln\u00edch z\u00e1sob.<\/p>\n<p><strong>Vysoko cen\u011bn\u00e1 kvalita<br \/>\n<\/strong>Hoogendoorn je certifikovan\u00fd Horti-Q. Tento nez\u00e1visl\u00fd a spolehliv\u00fd certifik\u00e1t kvality v\u00e1m dod\u00e1v\u00e1 jistotu, \u017ee v\u0161echny produkty byly vyrobeny v\u00a0souladu s\u00a0p\u0159\u00edsn\u00fdmi technick\u00fdmi po\u017eadavky a \u017ee spl\u0148uj\u00ed mezin\u00e1rodn\u00ed standardy.<\/p>\n<p><strong>\u010cas a klid<br \/>\n<\/strong>Jako podnikatel\u00e9 v\u00a0oblasti p\u011bstitelstv\u00ed vedete ru\u0161n\u00fd \u017eivot. Hoogendoorn v\u00e1m nab\u00edz\u00ed u\u017eivatelsky p\u0159\u00edv\u011btiv\u00e1 \u0159e\u0161en\u00ed, d\u00edky nim\u017e budou va\u0161e ka\u017edodenn\u00ed pracovn\u00ed \u010dinnosti jasn\u011bj\u0161\u00ed a jednodu\u0161\u0161\u00ed, u\u0161et\u0159\u00ed v\u00e1m \u010das. Na\u0161e pokro\u010dil\u00e9 technologie m\u011b\u0159\u00ed a analyzuj\u00ed va\u0161e podnikov\u00e9 \u010dinnosti s\u00a0velkou p\u0159esnost\u00ed a kladou d\u016fraz na \u010das a p\u0159\u00edpady, kdy je \u010dinnost skute\u010dn\u011b nutn\u00e1. D\u00edky tomu budete ve v\u011bt\u0161\u00edm klidu a pohod\u011b.<\/p>\n","protected":false},"excerpt":{"rendered":"<p>Investujeme do dlouhodob\u00fdch partnerstv\u00ed s\u00a0na\u0161imi z\u00e1kazn\u00edky, partnery a spolupracuj\u00edc\u00edmi podnikateli. Ta se vyzna\u010duj\u00ed d\u016fv\u011brou, transparentnost\u00ed a flexibilitou. Hoogendoorn je v\u00edc ne\u017e jen v\u00e1\u0161 dodavatel; jsme &#8230;<\/p>\n<div class=\"item-read-more\">\n<p>        <a href=\"https:\/\/www.hoogendoorn.nl\/cs\/o-nas\/proc-hoogendoorn\/\" style=\"font-weight: normal;\">\u010ct\u011bte v\u00edce<\/a><\/p><\/div>\n","protected":false},"author":101,"featured_media":0,"parent":20126,"menu_order":0,"comment_status":"open","ping_status":"closed","template":"","meta":{"_acf_changed":false,"_et_pb_use_builder":"","_et_pb_old_content":"","_et_gb_content_width":"","_genesis_hide_title":false,"_genesis_hide_breadcrumbs":false,"_genesis_hide_singular_image":false,"_genesis_hide_footer_widgets":false,"_genesis_custom_body_class":"","_genesis_custom_post_class":"","_genesis_layout":"","footnotes":""},"class_list":{"0":"post-20130","1":"page","2":"type-page","3":"status-publish","5":"entry"},"acf":[],"yoast_head":"<!-- This site is optimized with the Yoast SEO plugin v26.6 - https:\/\/yoast.com\/wordpress\/plugins\/seo\/ -->\n<title>Pro\u010d Hoogendoorn? - Hoogendoorn Growth Management<\/title>\n<meta name=\"description\" content=\"Ta se vyzna\u010duj\u00ed d\u016fv\u011brou, transparentnost\u00ed a flexibilitou. Hoogendoorn je v\u00edc ne\u017e jen v\u00e1\u0161 dodavatel; jsme tak\u00e9 va\u0161i partne\u0159i.\" \/>\n<meta name=\"robots\" content=\"index, follow, max-snippet:-1, max-image-preview:large, max-video-preview:-1\" \/>\n<link rel=\"canonical\" href=\"https:\/\/www.hoogendoorn.nl\/cs\/o-nas\/proc-hoogendoorn\/\" \/>\n<meta property=\"og:locale\" content=\"cs_CZ\" \/>\n<meta property=\"og:type\" content=\"article\" \/>\n<meta property=\"og:title\" content=\"Pro\u010d Hoogendoorn? - Hoogendoorn Growth Management\" \/>\n<meta property=\"og:description\" content=\"Ta se vyzna\u010duj\u00ed d\u016fv\u011brou, transparentnost\u00ed a flexibilitou. Hoogendoorn je v\u00edc ne\u017e jen v\u00e1\u0161 dodavatel; jsme tak\u00e9 va\u0161i partne\u0159i.\" \/>\n<meta property=\"og:url\" content=\"https:\/\/www.hoogendoorn.nl\/cs\/o-nas\/proc-hoogendoorn\/\" \/>\n<meta property=\"og:site_name\" content=\"Hoogendoorn Growth Management\" \/>\n<meta property=\"article:modified_time\" content=\"2015-07-06T09:50:17+00:00\" \/>\n<meta name=\"twitter:label1\" content=\"Odhadovan\u00e1 doba \u010dten\u00ed\" \/>\n\t<meta name=\"twitter:data1\" content=\"2 minuty\" \/>\n<script type=\"application\/ld+json\" class=\"yoast-schema-graph\">{\"@context\":\"https:\/\/schema.org\",\"@graph\":[{\"@type\":\"WebPage\",\"@id\":\"https:\/\/www.hoogendoorn.nl\/cs\/o-nas\/proc-hoogendoorn\/\",\"url\":\"https:\/\/www.hoogendoorn.nl\/cs\/o-nas\/proc-hoogendoorn\/\",\"name\":\"Pro\u010d Hoogendoorn? - Hoogendoorn Growth Management\",\"isPartOf\":{\"@id\":\"https:\/\/www.hoogendoorn.nl\/#website\"},\"datePublished\":\"2015-07-06T09:49:22+00:00\",\"dateModified\":\"2015-07-06T09:50:17+00:00\",\"description\":\"Ta se vyzna\u010duj\u00ed d\u016fv\u011brou, transparentnost\u00ed a flexibilitou. Hoogendoorn je v\u00edc ne\u017e jen v\u00e1\u0161 dodavatel; jsme tak\u00e9 va\u0161i partne\u0159i.\",\"breadcrumb\":{\"@id\":\"https:\/\/www.hoogendoorn.nl\/cs\/o-nas\/proc-hoogendoorn\/#breadcrumb\"},\"inLanguage\":\"cs\",\"potentialAction\":[{\"@type\":\"ReadAction\",\"target\":[\"https:\/\/www.hoogendoorn.nl\/cs\/o-nas\/proc-hoogendoorn\/\"]}]},{\"@type\":\"BreadcrumbList\",\"@id\":\"https:\/\/www.hoogendoorn.nl\/cs\/o-nas\/proc-hoogendoorn\/#breadcrumb\",\"itemListElement\":[{\"@type\":\"ListItem\",\"position\":1,\"name\":\"Home\",\"item\":\"https:\/\/www.hoogendoorn.nl\/cs\/\"},{\"@type\":\"ListItem\",\"position\":2,\"name\":\"O n\u00e1s\",\"item\":\"https:\/\/www.hoogendoorn.nl\/cs\/o-nas\/\"},{\"@type\":\"ListItem\",\"position\":3,\"name\":\"Pro\u010d Hoogendoorn?\"}]},{\"@type\":\"WebSite\",\"@id\":\"https:\/\/www.hoogendoorn.nl\/#website\",\"url\":\"https:\/\/www.hoogendoorn.nl\/\",\"name\":\"Hoogendoorn Growth Management\",\"description\":\"Wereldwijd duurzame tuinbouwoplossingen op maat\",\"potentialAction\":[{\"@type\":\"SearchAction\",\"target\":{\"@type\":\"EntryPoint\",\"urlTemplate\":\"https:\/\/www.hoogendoorn.nl\/?s={search_term_string}\"},\"query-input\":{\"@type\":\"PropertyValueSpecification\",\"valueRequired\":true,\"valueName\":\"search_term_string\"}}],\"inLanguage\":\"cs\"}]}<\/script>\n<!-- \/ Yoast SEO plugin. -->","yoast_head_json":{"title":"Pro\u010d Hoogendoorn? - Hoogendoorn Growth Management","description":"Ta se vyzna\u010duj\u00ed d\u016fv\u011brou, transparentnost\u00ed a flexibilitou. Hoogendoorn je v\u00edc ne\u017e jen v\u00e1\u0161 dodavatel; jsme tak\u00e9 va\u0161i partne\u0159i.","robots":{"index":"index","follow":"follow","max-snippet":"max-snippet:-1","max-image-preview":"max-image-preview:large","max-video-preview":"max-video-preview:-1"},"canonical":"https:\/\/www.hoogendoorn.nl\/cs\/o-nas\/proc-hoogendoorn\/","og_locale":"cs_CZ","og_type":"article","og_title":"Pro\u010d Hoogendoorn? - Hoogendoorn Growth Management","og_description":"Ta se vyzna\u010duj\u00ed d\u016fv\u011brou, transparentnost\u00ed a flexibilitou. Hoogendoorn je v\u00edc ne\u017e jen v\u00e1\u0161 dodavatel; jsme tak\u00e9 va\u0161i partne\u0159i.","og_url":"https:\/\/www.hoogendoorn.nl\/cs\/o-nas\/proc-hoogendoorn\/","og_site_name":"Hoogendoorn Growth Management","article_modified_time":"2015-07-06T09:50:17+00:00","twitter_misc":{"Odhadovan\u00e1 doba \u010dten\u00ed":"2 minuty"},"schema":{"@context":"https:\/\/schema.org","@graph":[{"@type":"WebPage","@id":"https:\/\/www.hoogendoorn.nl\/cs\/o-nas\/proc-hoogendoorn\/","url":"https:\/\/www.hoogendoorn.nl\/cs\/o-nas\/proc-hoogendoorn\/","name":"Pro\u010d Hoogendoorn? - Hoogendoorn Growth Management","isPartOf":{"@id":"https:\/\/www.hoogendoorn.nl\/#website"},"datePublished":"2015-07-06T09:49:22+00:00","dateModified":"2015-07-06T09:50:17+00:00","description":"Ta se vyzna\u010duj\u00ed d\u016fv\u011brou, transparentnost\u00ed a flexibilitou. Hoogendoorn je v\u00edc ne\u017e jen v\u00e1\u0161 dodavatel; jsme tak\u00e9 va\u0161i partne\u0159i.","breadcrumb":{"@id":"https:\/\/www.hoogendoorn.nl\/cs\/o-nas\/proc-hoogendoorn\/#breadcrumb"},"inLanguage":"cs","potentialAction":[{"@type":"ReadAction","target":["https:\/\/www.hoogendoorn.nl\/cs\/o-nas\/proc-hoogendoorn\/"]}]},{"@type":"BreadcrumbList","@id":"https:\/\/www.hoogendoorn.nl\/cs\/o-nas\/proc-hoogendoorn\/#breadcrumb","itemListElement":[{"@type":"ListItem","position":1,"name":"Home","item":"https:\/\/www.hoogendoorn.nl\/cs\/"},{"@type":"ListItem","position":2,"name":"O n\u00e1s","item":"https:\/\/www.hoogendoorn.nl\/cs\/o-nas\/"},{"@type":"ListItem","position":3,"name":"Pro\u010d Hoogendoorn?"}]},{"@type":"WebSite","@id":"https:\/\/www.hoogendoorn.nl\/#website","url":"https:\/\/www.hoogendoorn.nl\/","name":"Hoogendoorn Growth Management","description":"Wereldwijd duurzame tuinbouwoplossingen op maat","potentialAction":[{"@type":"SearchAction","target":{"@type":"EntryPoint","urlTemplate":"https:\/\/www.hoogendoorn.nl\/?s={search_term_string}"},"query-input":{"@type":"PropertyValueSpecification","valueRequired":true,"valueName":"search_term_string"}}],"inLanguage":"cs"}]}},"_links":{"self":[{"href":"https:\/\/www.hoogendoorn.nl\/cs\/wp-json\/wp\/v2\/pages\/20130","targetHints":{"allow":["GET"]}}],"collection":[{"href":"https:\/\/www.hoogendoorn.nl\/cs\/wp-json\/wp\/v2\/pages"}],"about":[{"href":"https:\/\/www.hoogendoorn.nl\/cs\/wp-json\/wp\/v2\/types\/page"}],"author":[{"embeddable":true,"href":"https:\/\/www.hoogendoorn.nl\/cs\/wp-json\/wp\/v2\/users\/101"}],"replies":[{"embeddable":true,"href":"https:\/\/www.hoogendoorn.nl\/cs\/wp-json\/wp\/v2\/comments?post=20130"}],"version-history":[{"count":0,"href":"https:\/\/www.hoogendoorn.nl\/cs\/wp-json\/wp\/v2\/pages\/20130\/revisions"}],"up":[{"embeddable":true,"href":"https:\/\/www.hoogendoorn.nl\/cs\/wp-json\/wp\/v2\/pages\/20126"}],"wp:attachment":[{"href":"https:\/\/www.hoogendoorn.nl\/cs\/wp-json\/wp\/v2\/media?parent=20130"}],"curies":[{"name":"wp","href":"https:\/\/api.w.org\/{rel}","templated":true}]}}