{"id":20133,"date":"2015-07-06T09:53:07","date_gmt":"2015-07-06T09:53:07","guid":{"rendered":"http:\/\/nlhoog-salebaboe.savviihq.com\/?page_id=20133"},"modified":"2015-11-09T14:48:54","modified_gmt":"2015-11-09T14:48:54","slug":"spoluprace","status":"publish","type":"page","link":"https:\/\/www.hoogendoorn.nl\/cs\/o-nas\/spoluprace\/","title":{"rendered":"Spolupr\u00e1ce"},"content":{"rendered":"<p>V\u011b\u0159\u00edme, \u017ee spolupr\u00e1ce a sd\u00edlen\u00ed v\u011bdomost\u00ed p\u0159isp\u00edv\u00e1 k\u00a0inovaci a r\u016fstu. Proto vyv\u00edj\u00edme na\u0161e automatizovan\u00e1 \u0159e\u0161en\u00ed v\u00a0t\u011bsn\u00e9 spolupr\u00e1ci s\u00a0na\u0161imi z\u00e1kazn\u00edky, lok\u00e1ln\u00edmi partnery, organizacemi v\u00a0odv\u011btv\u00ed, univerzitami a v\u00fdzkumn\u00fdmi instituty. T\u00edm, \u017ee sd\u00edl\u00edme v\u011bdomosti, dok\u00e1\u017eeme l\u00e9pe produkovat inovativn\u00ed a u\u017eivatelsky p\u0159\u00edv\u011btiv\u00e1 \u0159e\u0161en\u00ed, je\u017e maximalizuj\u00ed kvalitu v\u00fdrobk\u016f a produktivnost plodin. Udr\u017eiteln\u00e1 a bezpe\u010dn\u00e1 produkce je d\u016fle\u017eitou z\u00e1sadou na\u0161eho partnerstv\u00ed.<\/p>\n<p><strong>Mezin\u00e1rodn\u00ed partnersk\u00e9 programy<br \/>\n<\/strong>Spole\u010dn\u011b s\u00a0dal\u0161\u00edmi v\u00fdznamn\u00fdmi dodavateli \u0159e\u0161en\u00ed pro p\u011bstitele se Hoogendoorn \u00fa\u010dastn\u00ed r\u016fzn\u00fdch partnersk\u00fdch program\u016f. \u010clen\u0161t\u00ed partne\u0159i se vz\u00e1jemn\u011b dopl\u0148uj\u00ed v\u00a0oblastech technologie, znalost\u00ed a zku\u0161enost\u00ed. C\u00edlem t\u011bchto program\u016f je pos\u00edlit v\u00fdvozn\u00ed pozici holandsk\u00fdch p\u011bstitelsk\u00fdch produkt\u016f a slu\u017eeb a t\u00edm zah\u00e1jit anebo pos\u00edlit spolupr\u00e1ci s\u00a0lok\u00e1ln\u00edmi partnery v\u00a0oblasti v\u00fdzkumu, v\u00fdvoje a produkce.<\/p>\n<p><strong>\u0158e\u0161en\u00ed aplikovateln\u00e1 po cel\u00e9m sv\u011bt\u011b<br \/>\n<\/strong>Kdy\u017e holandsk\u00e1 p\u011bstitelsk\u00e1 \u0159e\u0161en\u00ed spoj\u00ed s\u00edly, mohou se l\u00e9pe p\u0159izp\u016fsobit lok\u00e1ln\u00edm podm\u00ednk\u00e1m. Tak je mo\u017en\u00e9 na\u0161e \u0159e\u0161en\u00ed \u00fasp\u011b\u0161n\u011b aplikovat kdekoli na sv\u011bt\u011b. \u010c\u00e1ste\u010dn\u011b i d\u00edky tomu jsme jedni\u010dka na trhu v\u00a0automatizaci proces\u016f ve sf\u00e9\u0159e p\u011bstitelstv\u00ed.<\/p>\n","protected":false},"excerpt":{"rendered":"<p>V\u011b\u0159\u00edme, \u017ee spolupr\u00e1ce a sd\u00edlen\u00ed v\u011bdomost\u00ed p\u0159isp\u00edv\u00e1 k\u00a0inovaci a r\u016fstu. Proto vyv\u00edj\u00edme na\u0161e automatizovan\u00e1 \u0159e\u0161en\u00ed v\u00a0t\u011bsn\u00e9 spolupr\u00e1ci s\u00a0na\u0161imi z\u00e1kazn\u00edky, lok\u00e1ln\u00edmi partnery, organizacemi v\u00a0odv\u011btv\u00ed, univerzitami a &#8230;<\/p>\n<div class=\"item-read-more\">\n<p>        <a href=\"https:\/\/www.hoogendoorn.nl\/cs\/o-nas\/spoluprace\/\" style=\"font-weight: normal;\">\u010ct\u011bte v\u00edce<\/a><\/p><\/div>\n","protected":false},"author":101,"featured_media":0,"parent":20126,"menu_order":0,"comment_status":"open","ping_status":"closed","template":"","meta":{"_acf_changed":false,"_et_pb_use_builder":"","_et_pb_old_content":"","_et_gb_content_width":"","_genesis_hide_title":false,"_genesis_hide_breadcrumbs":false,"_genesis_hide_singular_image":false,"_genesis_hide_footer_widgets":false,"_genesis_custom_body_class":"","_genesis_custom_post_class":"","_genesis_layout":"","footnotes":""},"class_list":{"0":"post-20133","1":"page","2":"type-page","3":"status-publish","5":"entry"},"acf":[],"yoast_head":"<!-- This site is optimized with the Yoast SEO plugin v26.6 - https:\/\/yoast.com\/wordpress\/plugins\/seo\/ -->\n<title>Spolupr\u00e1ce - Hoogendoorn Growth Management<\/title>\n<meta name=\"description\" content=\"V\u011b\u0159\u00edme, \u017ee spolupr\u00e1ce a sd\u00edlen\u00ed v\u011bdomost\u00ed p\u0159isp\u00edv\u00e1 k inovaci a r\u016fstu.\" \/>\n<meta name=\"robots\" content=\"index, follow, max-snippet:-1, max-image-preview:large, max-video-preview:-1\" \/>\n<link rel=\"canonical\" href=\"https:\/\/www.hoogendoorn.nl\/cs\/o-nas\/spoluprace\/\" \/>\n<meta property=\"og:locale\" content=\"cs_CZ\" \/>\n<meta property=\"og:type\" content=\"article\" \/>\n<meta property=\"og:title\" content=\"Spolupr\u00e1ce - Hoogendoorn Growth Management\" \/>\n<meta property=\"og:description\" content=\"V\u011b\u0159\u00edme, \u017ee spolupr\u00e1ce a sd\u00edlen\u00ed v\u011bdomost\u00ed p\u0159isp\u00edv\u00e1 k inovaci a r\u016fstu.\" \/>\n<meta property=\"og:url\" content=\"https:\/\/www.hoogendoorn.nl\/cs\/o-nas\/spoluprace\/\" \/>\n<meta property=\"og:site_name\" content=\"Hoogendoorn Growth Management\" \/>\n<meta property=\"article:modified_time\" content=\"2015-11-09T14:48:54+00:00\" \/>\n<meta name=\"twitter:label1\" content=\"Odhadovan\u00e1 doba \u010dten\u00ed\" \/>\n\t<meta name=\"twitter:data1\" content=\"1 minuta\" \/>\n<script type=\"application\/ld+json\" class=\"yoast-schema-graph\">{\"@context\":\"https:\/\/schema.org\",\"@graph\":[{\"@type\":\"WebPage\",\"@id\":\"https:\/\/www.hoogendoorn.nl\/cs\/o-nas\/spoluprace\/\",\"url\":\"https:\/\/www.hoogendoorn.nl\/cs\/o-nas\/spoluprace\/\",\"name\":\"Spolupr\u00e1ce - Hoogendoorn Growth Management\",\"isPartOf\":{\"@id\":\"https:\/\/www.hoogendoorn.nl\/#website\"},\"datePublished\":\"2015-07-06T09:53:07+00:00\",\"dateModified\":\"2015-11-09T14:48:54+00:00\",\"description\":\"V\u011b\u0159\u00edme, \u017ee spolupr\u00e1ce a sd\u00edlen\u00ed v\u011bdomost\u00ed p\u0159isp\u00edv\u00e1 k inovaci a r\u016fstu.\",\"breadcrumb\":{\"@id\":\"https:\/\/www.hoogendoorn.nl\/cs\/o-nas\/spoluprace\/#breadcrumb\"},\"inLanguage\":\"cs\",\"potentialAction\":[{\"@type\":\"ReadAction\",\"target\":[\"https:\/\/www.hoogendoorn.nl\/cs\/o-nas\/spoluprace\/\"]}]},{\"@type\":\"BreadcrumbList\",\"@id\":\"https:\/\/www.hoogendoorn.nl\/cs\/o-nas\/spoluprace\/#breadcrumb\",\"itemListElement\":[{\"@type\":\"ListItem\",\"position\":1,\"name\":\"Home\",\"item\":\"https:\/\/www.hoogendoorn.nl\/cs\/\"},{\"@type\":\"ListItem\",\"position\":2,\"name\":\"O n\u00e1s\",\"item\":\"https:\/\/www.hoogendoorn.nl\/cs\/o-nas\/\"},{\"@type\":\"ListItem\",\"position\":3,\"name\":\"Spolupr\u00e1ce\"}]},{\"@type\":\"WebSite\",\"@id\":\"https:\/\/www.hoogendoorn.nl\/#website\",\"url\":\"https:\/\/www.hoogendoorn.nl\/\",\"name\":\"Hoogendoorn Growth Management\",\"description\":\"Wereldwijd duurzame tuinbouwoplossingen op maat\",\"potentialAction\":[{\"@type\":\"SearchAction\",\"target\":{\"@type\":\"EntryPoint\",\"urlTemplate\":\"https:\/\/www.hoogendoorn.nl\/?s={search_term_string}\"},\"query-input\":{\"@type\":\"PropertyValueSpecification\",\"valueRequired\":true,\"valueName\":\"search_term_string\"}}],\"inLanguage\":\"cs\"}]}<\/script>\n<!-- \/ Yoast SEO plugin. -->","yoast_head_json":{"title":"Spolupr\u00e1ce - Hoogendoorn Growth Management","description":"V\u011b\u0159\u00edme, \u017ee spolupr\u00e1ce a sd\u00edlen\u00ed v\u011bdomost\u00ed p\u0159isp\u00edv\u00e1 k inovaci a r\u016fstu.","robots":{"index":"index","follow":"follow","max-snippet":"max-snippet:-1","max-image-preview":"max-image-preview:large","max-video-preview":"max-video-preview:-1"},"canonical":"https:\/\/www.hoogendoorn.nl\/cs\/o-nas\/spoluprace\/","og_locale":"cs_CZ","og_type":"article","og_title":"Spolupr\u00e1ce - Hoogendoorn Growth Management","og_description":"V\u011b\u0159\u00edme, \u017ee spolupr\u00e1ce a sd\u00edlen\u00ed v\u011bdomost\u00ed p\u0159isp\u00edv\u00e1 k inovaci a r\u016fstu.","og_url":"https:\/\/www.hoogendoorn.nl\/cs\/o-nas\/spoluprace\/","og_site_name":"Hoogendoorn Growth Management","article_modified_time":"2015-11-09T14:48:54+00:00","twitter_misc":{"Odhadovan\u00e1 doba \u010dten\u00ed":"1 minuta"},"schema":{"@context":"https:\/\/schema.org","@graph":[{"@type":"WebPage","@id":"https:\/\/www.hoogendoorn.nl\/cs\/o-nas\/spoluprace\/","url":"https:\/\/www.hoogendoorn.nl\/cs\/o-nas\/spoluprace\/","name":"Spolupr\u00e1ce - Hoogendoorn Growth Management","isPartOf":{"@id":"https:\/\/www.hoogendoorn.nl\/#website"},"datePublished":"2015-07-06T09:53:07+00:00","dateModified":"2015-11-09T14:48:54+00:00","description":"V\u011b\u0159\u00edme, \u017ee spolupr\u00e1ce a sd\u00edlen\u00ed v\u011bdomost\u00ed p\u0159isp\u00edv\u00e1 k inovaci a r\u016fstu.","breadcrumb":{"@id":"https:\/\/www.hoogendoorn.nl\/cs\/o-nas\/spoluprace\/#breadcrumb"},"inLanguage":"cs","potentialAction":[{"@type":"ReadAction","target":["https:\/\/www.hoogendoorn.nl\/cs\/o-nas\/spoluprace\/"]}]},{"@type":"BreadcrumbList","@id":"https:\/\/www.hoogendoorn.nl\/cs\/o-nas\/spoluprace\/#breadcrumb","itemListElement":[{"@type":"ListItem","position":1,"name":"Home","item":"https:\/\/www.hoogendoorn.nl\/cs\/"},{"@type":"ListItem","position":2,"name":"O n\u00e1s","item":"https:\/\/www.hoogendoorn.nl\/cs\/o-nas\/"},{"@type":"ListItem","position":3,"name":"Spolupr\u00e1ce"}]},{"@type":"WebSite","@id":"https:\/\/www.hoogendoorn.nl\/#website","url":"https:\/\/www.hoogendoorn.nl\/","name":"Hoogendoorn Growth Management","description":"Wereldwijd duurzame tuinbouwoplossingen op maat","potentialAction":[{"@type":"SearchAction","target":{"@type":"EntryPoint","urlTemplate":"https:\/\/www.hoogendoorn.nl\/?s={search_term_string}"},"query-input":{"@type":"PropertyValueSpecification","valueRequired":true,"valueName":"search_term_string"}}],"inLanguage":"cs"}]}},"_links":{"self":[{"href":"https:\/\/www.hoogendoorn.nl\/cs\/wp-json\/wp\/v2\/pages\/20133","targetHints":{"allow":["GET"]}}],"collection":[{"href":"https:\/\/www.hoogendoorn.nl\/cs\/wp-json\/wp\/v2\/pages"}],"about":[{"href":"https:\/\/www.hoogendoorn.nl\/cs\/wp-json\/wp\/v2\/types\/page"}],"author":[{"embeddable":true,"href":"https:\/\/www.hoogendoorn.nl\/cs\/wp-json\/wp\/v2\/users\/101"}],"replies":[{"embeddable":true,"href":"https:\/\/www.hoogendoorn.nl\/cs\/wp-json\/wp\/v2\/comments?post=20133"}],"version-history":[{"count":0,"href":"https:\/\/www.hoogendoorn.nl\/cs\/wp-json\/wp\/v2\/pages\/20133\/revisions"}],"up":[{"embeddable":true,"href":"https:\/\/www.hoogendoorn.nl\/cs\/wp-json\/wp\/v2\/pages\/20126"}],"wp:attachment":[{"href":"https:\/\/www.hoogendoorn.nl\/cs\/wp-json\/wp\/v2\/media?parent=20133"}],"curies":[{"name":"wp","href":"https:\/\/api.w.org\/{rel}","templated":true}]}}