{"id":20136,"date":"2015-07-06T09:59:20","date_gmt":"2015-07-06T09:59:20","guid":{"rendered":"http:\/\/nlhoog-salebaboe.savviihq.com\/?page_id=20136"},"modified":"2018-08-17T08:12:58","modified_gmt":"2018-08-17T08:12:58","slug":"kvalita-a-inovace","status":"publish","type":"page","link":"https:\/\/www.hoogendoorn.nl\/cs\/o-nas\/kvalita-a-inovace\/","title":{"rendered":"Kvalita a inovace"},"content":{"rendered":"<p>Ka\u017edoro\u010dn\u011b se 15% obratu vyu\u017eije na inovace a v\u00fdvoj produkt\u016f. Na\u0161e vlastn\u00ed odd\u011blen\u00ed v\u00fdzkumu a v\u00fdvoje \u00fazce spolupracuje s\u00a0inovativn\u00edmi z\u00e1kazn\u00edky a renomovan\u00fdmi univerzitami po cel\u00e9m sv\u011bt\u011b.<\/p>\n<p><strong>\u0158\u00edzen\u00ed kvality<br \/>\n<\/strong>Vedle udr\u017eitelnosti a u\u017eivatelsk\u00e9 p\u0159\u00edv\u011btivosti je kvalita t\u00edm z\u00e1sadn\u00edm principem na\u0161ich inovac\u00ed. Syst\u00e9my Hoogendoorn maj\u00ed dlouhou \u017eivotnost d\u00edky pou\u017eit\u00ed vysoce trvanliv\u00fdch pr\u016fmyslov\u00fdch za\u0159\u00edzen\u00ed. Nav\u00edc lze v\u0161echny syst\u00e9my snadno upgradovat s\u00a0pomoc\u00ed nejnov\u011bj\u0161\u00edho software. Proto jsou na\u0161e \u0159e\u0161en\u00ed automatizace dlouhodobou investic\u00ed s\u00a0vysokou n\u00e1vratnost\u00ed investic.\u00a0Aby Hoogendoorn zajistil st\u00e1lou kvalitu produkt\u016f a proces\u016f, m\u00e1 certifikace ISO 9001 a HortiQ a spl\u0148uje standardy UL.<\/p>\n<p><a href=\"https:\/\/www.hoogendoorn.nl\/wp-content\/uploads\/2015\/01\/Kiwa-ISO-9001-logo-UK.jpg\"><img loading=\"lazy\" decoding=\"async\" class=\"alignleft wp-image-20605\" src=\"https:\/\/www.hoogendoorn.nl\/wp-content\/uploads\/2015\/01\/Kiwa-ISO-9001-logo-UK.jpg\" alt=\"\" width=\"100\" height=\"191\" srcset=\"https:\/\/www.hoogendoorn.nl\/wp-content\/uploads\/2015\/01\/Kiwa-ISO-9001-logo-UK.jpg 929w, https:\/\/www.hoogendoorn.nl\/wp-content\/uploads\/2015\/01\/Kiwa-ISO-9001-logo-UK-157x300.jpg 157w, https:\/\/www.hoogendoorn.nl\/wp-content\/uploads\/2015\/01\/Kiwa-ISO-9001-logo-UK-535x1024.jpg 535w\" sizes=\"auto, (max-width: 100px) 100vw, 100px\" \/><\/a><\/p>\n<p>&nbsp;<\/p>\n<p><em>Syst\u00e9m \u0159\u00edzen\u00ed kvality s certifikac\u00ed ISO 9001<br \/>\n<\/em>ISO 9001 je mezin\u00e1rodn\u011b uzn\u00e1van\u00fdm standardem pro syst\u00e9m \u0159\u00edzen\u00ed kvality. D\u00edky systematick\u00e9mu p\u0159\u00edstupu k \u0159\u00edzen\u00ed na\u0161ich firemn\u00edch proces\u016f je zaji\u0161t\u011bna st\u00e1l\u00e1 \u00farove\u0148 kvality a va\u0161\u00ed spokojenosti.<\/p>\n<p>&nbsp;<\/p>\n<p>&nbsp;<\/p>\n<p><em><a href=\"https:\/\/www.hoogendoorn.nl\/wp-content\/uploads\/2015\/01\/HortiQ-Hoogendoorn.fw_-e1420789544660.png\"><br \/>\n<\/a><a href=\"https:\/\/www.hoogendoorn.nl\/wp-content\/uploads\/2018\/06\/HortiQ-8001-rgb.png\"><img loading=\"lazy\" decoding=\"async\" class=\"alignleft wp-image-28589\" src=\"https:\/\/www.hoogendoorn.nl\/wp-content\/uploads\/2018\/06\/HortiQ-8001-rgb-219x300.png\" alt=\"\" width=\"100\" height=\"137\" srcset=\"https:\/\/www.hoogendoorn.nl\/wp-content\/uploads\/2018\/06\/HortiQ-8001-rgb-219x300.png 219w, https:\/\/www.hoogendoorn.nl\/wp-content\/uploads\/2018\/06\/HortiQ-8001-rgb.png 400w\" sizes=\"auto, (max-width: 100px) 100vw, 100px\" \/><\/a><\/em><\/p>\n<p><em><br \/>\nKvalita za\u0159\u00edzen\u00ed s\u00a0certifikac\u00ed HortiQ: BRL 8001<br \/>\n<\/em>HortiQ je nez\u00e1visl\u00fd a spolehliv\u00fd certifik\u00e1t kvality, kter\u00fd v\u00e1m dod\u00e1 jistotu, \u017ee v\u0161echny produkty byly vyrobeny podle p\u0159\u00edsn\u00fdch technick\u00fdch po\u017eadavk\u016f a \u017ee spl\u0148uj\u00ed mezin\u00e1rodn\u00ed standardy.<\/p>\n","protected":false},"excerpt":{"rendered":"<p>Ka\u017edoro\u010dn\u011b se 15% obratu vyu\u017eije na inovace a v\u00fdvoj produkt\u016f. Na\u0161e vlastn\u00ed odd\u011blen\u00ed v\u00fdzkumu a v\u00fdvoje \u00fazce spolupracuje s\u00a0inovativn\u00edmi z\u00e1kazn\u00edky a renomovan\u00fdmi univerzitami po cel\u00e9m &#8230;<\/p>\n<div class=\"item-read-more\">\n<p>        <a href=\"https:\/\/www.hoogendoorn.nl\/cs\/o-nas\/kvalita-a-inovace\/\" style=\"font-weight: normal;\">\u010ct\u011bte v\u00edce<\/a><\/p><\/div>\n","protected":false},"author":101,"featured_media":0,"parent":20126,"menu_order":0,"comment_status":"open","ping_status":"open","template":"","meta":{"_acf_changed":false,"_et_pb_use_builder":"","_et_pb_old_content":"","_et_gb_content_width":"","_genesis_hide_title":false,"_genesis_hide_breadcrumbs":false,"_genesis_hide_singular_image":false,"_genesis_hide_footer_widgets":false,"_genesis_custom_body_class":"","_genesis_custom_post_class":"","_genesis_layout":"","footnotes":""},"class_list":{"0":"post-20136","1":"page","2":"type-page","3":"status-publish","5":"entry"},"acf":[],"yoast_head":"<!-- This site is optimized with the Yoast SEO plugin v26.6 - https:\/\/yoast.com\/wordpress\/plugins\/seo\/ -->\n<title>Kvalita a inovace - Hoogendoorn Growth Management<\/title>\n<meta name=\"description\" content=\"Aby Hoogendoorn zajistil st\u00e1lou kvalitu produkt\u016f a proces\u016f, m\u00e1 certifikaci ISO 9001, Horti-Q a spl\u0148uje standardy UL.\" \/>\n<meta name=\"robots\" content=\"index, follow, max-snippet:-1, max-image-preview:large, max-video-preview:-1\" \/>\n<link rel=\"canonical\" href=\"https:\/\/www.hoogendoorn.nl\/cs\/o-nas\/kvalita-a-inovace\/\" \/>\n<meta property=\"og:locale\" content=\"cs_CZ\" \/>\n<meta property=\"og:type\" content=\"article\" \/>\n<meta property=\"og:title\" content=\"Kvalita a inovace - Hoogendoorn Growth Management\" \/>\n<meta property=\"og:description\" content=\"Aby Hoogendoorn zajistil st\u00e1lou kvalitu produkt\u016f a proces\u016f, m\u00e1 certifikaci ISO 9001, Horti-Q a spl\u0148uje standardy UL.\" \/>\n<meta property=\"og:url\" content=\"https:\/\/www.hoogendoorn.nl\/cs\/o-nas\/kvalita-a-inovace\/\" \/>\n<meta property=\"og:site_name\" content=\"Hoogendoorn Growth Management\" \/>\n<meta property=\"article:modified_time\" content=\"2018-08-17T08:12:58+00:00\" \/>\n<meta property=\"og:image\" content=\"https:\/\/www.hoogendoorn.nl\/wp-content\/uploads\/2015\/01\/Kiwa-ISO-9001-logo-UK.jpg\" \/>\n<meta name=\"twitter:label1\" content=\"Odhadovan\u00e1 doba \u010dten\u00ed\" \/>\n\t<meta name=\"twitter:data1\" content=\"1 minuta\" \/>\n<script type=\"application\/ld+json\" class=\"yoast-schema-graph\">{\"@context\":\"https:\/\/schema.org\",\"@graph\":[{\"@type\":\"WebPage\",\"@id\":\"https:\/\/www.hoogendoorn.nl\/cs\/o-nas\/kvalita-a-inovace\/\",\"url\":\"https:\/\/www.hoogendoorn.nl\/cs\/o-nas\/kvalita-a-inovace\/\",\"name\":\"Kvalita a inovace - Hoogendoorn Growth Management\",\"isPartOf\":{\"@id\":\"https:\/\/www.hoogendoorn.nl\/#website\"},\"primaryImageOfPage\":{\"@id\":\"https:\/\/www.hoogendoorn.nl\/cs\/o-nas\/kvalita-a-inovace\/#primaryimage\"},\"image\":{\"@id\":\"https:\/\/www.hoogendoorn.nl\/cs\/o-nas\/kvalita-a-inovace\/#primaryimage\"},\"thumbnailUrl\":\"https:\/\/www.hoogendoorn.nl\/wp-content\/uploads\/2015\/01\/Kiwa-ISO-9001-logo-UK.jpg\",\"datePublished\":\"2015-07-06T09:59:20+00:00\",\"dateModified\":\"2018-08-17T08:12:58+00:00\",\"description\":\"Aby Hoogendoorn zajistil st\u00e1lou kvalitu produkt\u016f a proces\u016f, m\u00e1 certifikaci ISO 9001, Horti-Q a spl\u0148uje standardy UL.\",\"breadcrumb\":{\"@id\":\"https:\/\/www.hoogendoorn.nl\/cs\/o-nas\/kvalita-a-inovace\/#breadcrumb\"},\"inLanguage\":\"cs\",\"potentialAction\":[{\"@type\":\"ReadAction\",\"target\":[\"https:\/\/www.hoogendoorn.nl\/cs\/o-nas\/kvalita-a-inovace\/\"]}]},{\"@type\":\"ImageObject\",\"inLanguage\":\"cs\",\"@id\":\"https:\/\/www.hoogendoorn.nl\/cs\/o-nas\/kvalita-a-inovace\/#primaryimage\",\"url\":\"https:\/\/www.hoogendoorn.nl\/wp-content\/uploads\/2015\/01\/Kiwa-ISO-9001-logo-UK.jpg\",\"contentUrl\":\"https:\/\/www.hoogendoorn.nl\/wp-content\/uploads\/2015\/01\/Kiwa-ISO-9001-logo-UK.jpg\"},{\"@type\":\"BreadcrumbList\",\"@id\":\"https:\/\/www.hoogendoorn.nl\/cs\/o-nas\/kvalita-a-inovace\/#breadcrumb\",\"itemListElement\":[{\"@type\":\"ListItem\",\"position\":1,\"name\":\"Home\",\"item\":\"https:\/\/www.hoogendoorn.nl\/cs\/\"},{\"@type\":\"ListItem\",\"position\":2,\"name\":\"O n\u00e1s\",\"item\":\"https:\/\/www.hoogendoorn.nl\/cs\/o-nas\/\"},{\"@type\":\"ListItem\",\"position\":3,\"name\":\"Kvalita a inovace\"}]},{\"@type\":\"WebSite\",\"@id\":\"https:\/\/www.hoogendoorn.nl\/#website\",\"url\":\"https:\/\/www.hoogendoorn.nl\/\",\"name\":\"Hoogendoorn Growth Management\",\"description\":\"Wereldwijd duurzame tuinbouwoplossingen op maat\",\"potentialAction\":[{\"@type\":\"SearchAction\",\"target\":{\"@type\":\"EntryPoint\",\"urlTemplate\":\"https:\/\/www.hoogendoorn.nl\/?s={search_term_string}\"},\"query-input\":{\"@type\":\"PropertyValueSpecification\",\"valueRequired\":true,\"valueName\":\"search_term_string\"}}],\"inLanguage\":\"cs\"}]}<\/script>\n<!-- \/ Yoast SEO plugin. -->","yoast_head_json":{"title":"Kvalita a inovace - Hoogendoorn Growth Management","description":"Aby Hoogendoorn zajistil st\u00e1lou kvalitu produkt\u016f a proces\u016f, m\u00e1 certifikaci ISO 9001, Horti-Q a spl\u0148uje standardy UL.","robots":{"index":"index","follow":"follow","max-snippet":"max-snippet:-1","max-image-preview":"max-image-preview:large","max-video-preview":"max-video-preview:-1"},"canonical":"https:\/\/www.hoogendoorn.nl\/cs\/o-nas\/kvalita-a-inovace\/","og_locale":"cs_CZ","og_type":"article","og_title":"Kvalita a inovace - Hoogendoorn Growth Management","og_description":"Aby Hoogendoorn zajistil st\u00e1lou kvalitu produkt\u016f a proces\u016f, m\u00e1 certifikaci ISO 9001, Horti-Q a spl\u0148uje standardy UL.","og_url":"https:\/\/www.hoogendoorn.nl\/cs\/o-nas\/kvalita-a-inovace\/","og_site_name":"Hoogendoorn Growth Management","article_modified_time":"2018-08-17T08:12:58+00:00","og_image":[{"url":"https:\/\/www.hoogendoorn.nl\/wp-content\/uploads\/2015\/01\/Kiwa-ISO-9001-logo-UK.jpg","type":"","width":"","height":""}],"twitter_misc":{"Odhadovan\u00e1 doba \u010dten\u00ed":"1 minuta"},"schema":{"@context":"https:\/\/schema.org","@graph":[{"@type":"WebPage","@id":"https:\/\/www.hoogendoorn.nl\/cs\/o-nas\/kvalita-a-inovace\/","url":"https:\/\/www.hoogendoorn.nl\/cs\/o-nas\/kvalita-a-inovace\/","name":"Kvalita a inovace - Hoogendoorn Growth Management","isPartOf":{"@id":"https:\/\/www.hoogendoorn.nl\/#website"},"primaryImageOfPage":{"@id":"https:\/\/www.hoogendoorn.nl\/cs\/o-nas\/kvalita-a-inovace\/#primaryimage"},"image":{"@id":"https:\/\/www.hoogendoorn.nl\/cs\/o-nas\/kvalita-a-inovace\/#primaryimage"},"thumbnailUrl":"https:\/\/www.hoogendoorn.nl\/wp-content\/uploads\/2015\/01\/Kiwa-ISO-9001-logo-UK.jpg","datePublished":"2015-07-06T09:59:20+00:00","dateModified":"2018-08-17T08:12:58+00:00","description":"Aby Hoogendoorn zajistil st\u00e1lou kvalitu produkt\u016f a proces\u016f, m\u00e1 certifikaci ISO 9001, Horti-Q a spl\u0148uje standardy UL.","breadcrumb":{"@id":"https:\/\/www.hoogendoorn.nl\/cs\/o-nas\/kvalita-a-inovace\/#breadcrumb"},"inLanguage":"cs","potentialAction":[{"@type":"ReadAction","target":["https:\/\/www.hoogendoorn.nl\/cs\/o-nas\/kvalita-a-inovace\/"]}]},{"@type":"ImageObject","inLanguage":"cs","@id":"https:\/\/www.hoogendoorn.nl\/cs\/o-nas\/kvalita-a-inovace\/#primaryimage","url":"https:\/\/www.hoogendoorn.nl\/wp-content\/uploads\/2015\/01\/Kiwa-ISO-9001-logo-UK.jpg","contentUrl":"https:\/\/www.hoogendoorn.nl\/wp-content\/uploads\/2015\/01\/Kiwa-ISO-9001-logo-UK.jpg"},{"@type":"BreadcrumbList","@id":"https:\/\/www.hoogendoorn.nl\/cs\/o-nas\/kvalita-a-inovace\/#breadcrumb","itemListElement":[{"@type":"ListItem","position":1,"name":"Home","item":"https:\/\/www.hoogendoorn.nl\/cs\/"},{"@type":"ListItem","position":2,"name":"O n\u00e1s","item":"https:\/\/www.hoogendoorn.nl\/cs\/o-nas\/"},{"@type":"ListItem","position":3,"name":"Kvalita a inovace"}]},{"@type":"WebSite","@id":"https:\/\/www.hoogendoorn.nl\/#website","url":"https:\/\/www.hoogendoorn.nl\/","name":"Hoogendoorn Growth Management","description":"Wereldwijd duurzame tuinbouwoplossingen op maat","potentialAction":[{"@type":"SearchAction","target":{"@type":"EntryPoint","urlTemplate":"https:\/\/www.hoogendoorn.nl\/?s={search_term_string}"},"query-input":{"@type":"PropertyValueSpecification","valueRequired":true,"valueName":"search_term_string"}}],"inLanguage":"cs"}]}},"_links":{"self":[{"href":"https:\/\/www.hoogendoorn.nl\/cs\/wp-json\/wp\/v2\/pages\/20136","targetHints":{"allow":["GET"]}}],"collection":[{"href":"https:\/\/www.hoogendoorn.nl\/cs\/wp-json\/wp\/v2\/pages"}],"about":[{"href":"https:\/\/www.hoogendoorn.nl\/cs\/wp-json\/wp\/v2\/types\/page"}],"author":[{"embeddable":true,"href":"https:\/\/www.hoogendoorn.nl\/cs\/wp-json\/wp\/v2\/users\/101"}],"replies":[{"embeddable":true,"href":"https:\/\/www.hoogendoorn.nl\/cs\/wp-json\/wp\/v2\/comments?post=20136"}],"version-history":[{"count":0,"href":"https:\/\/www.hoogendoorn.nl\/cs\/wp-json\/wp\/v2\/pages\/20136\/revisions"}],"up":[{"embeddable":true,"href":"https:\/\/www.hoogendoorn.nl\/cs\/wp-json\/wp\/v2\/pages\/20126"}],"wp:attachment":[{"href":"https:\/\/www.hoogendoorn.nl\/cs\/wp-json\/wp\/v2\/media?parent=20136"}],"curies":[{"name":"wp","href":"https:\/\/api.w.org\/{rel}","templated":true}]}}