{"id":20140,"date":"2015-07-06T10:05:21","date_gmt":"2015-07-06T10:05:21","guid":{"rendered":"http:\/\/nlhoog-salebaboe.savviihq.com\/?page_id=20140"},"modified":"2015-11-09T14:45:11","modified_gmt":"2015-11-09T14:45:11","slug":"spolecenske-odpovednosti-firem-csr","status":"publish","type":"page","link":"https:\/\/www.hoogendoorn.nl\/cs\/o-nas\/spolecenske-odpovednosti-firem-csr\/","title":{"rendered":"Spole\u010densk\u00e9 odpov\u011bdnosti firem (CSR)"},"content":{"rendered":"<p>Hoogendoorn p\u0159eb\u00edr\u00e1 odpov\u011bdnost za dopad sv\u00fdch aktivit na \u010dlov\u011bka a \u017eivotn\u00ed prost\u0159ed\u00ed. V\u00a0r\u00e1mci Spole\u010densk\u00e9 odpov\u011bdnosti firem (CSR) se Hoogendoorn celosv\u011btov\u011b sna\u017e\u00ed anga\u017eovat se pro lep\u0161\u00ed spole\u010dnost, pos\u00edlen\u00ed m\u00edstn\u00edch komunit a lep\u0161\u00ed ochranu \u017eivotn\u00edho prost\u0159ed\u00ed.<\/p>\n<p><strong><strong>Lid\u00e9, planeta a zisk<\/strong><\/strong><br \/>\nNa\u0161e firemn\u00ed procesy harmonicky propojuj\u00ed t\u0159i hlavn\u00ed hodnoty \u201eLid\u00e9, planeta a zisk\u201c. Poskytujeme udr\u017eiteln\u00e1 \u0159e\u0161en\u00ed, kter\u00e1 vytv\u00e1\u0159ej\u00ed maxim\u00e1ln\u00ed zisk z\u00a0kultivace p\u0159i minim\u00e1ln\u00edm spot\u0159eb\u011b zdroj\u016f, jako jsou voda, \u017eiviny \u010di energie. Statut mezin\u00e1rodn\u00ed spole\u010dnosti n\u00e1m umo\u017e\u0148uje tvo\u0159it nov\u00e9 p\u0159\u00edle\u017eitosti, inovaci a r\u016fst.<\/p>\n<p><strong><strong>Dlouhodob\u00fd p\u0159\u00ednos<\/strong><\/strong><br \/>\nProst\u0159ednictv\u00edm \u0161kolen\u00ed sd\u00edl\u00edme na\u0161e znalosti o udr\u017eiteln\u00e9 a odpov\u011bdn\u00e9 produkci s m\u00edstn\u00edmi partnery a podnikateli. T\u00edmto zp\u016fsobem poskytujeme z\u00e1klad pro vysoce hodnotnou produkci a bezpe\u010dn\u00e9 pracovn\u00ed prost\u0159ed\u00ed. Emise a firemn\u00ed n\u00e1klady redukujeme na minimum.<br \/>\nTento p\u0159\u00edstup n\u00e1m umo\u017e\u0148uje kdekoli na sv\u011bt\u011b v\u00fdznamn\u00fdm zp\u016fsobem p\u0159isp\u011bt k\u00a0dlouhodob\u00e9mu zisku\/p\u0159\u00ednosu jak pro podnikatele, tak pro spole\u010dnost.<\/p>\n<p><strong><strong>Hoogendoorn a CSR<\/strong><\/strong><br \/>\n\u2022 Pom\u00e1h\u00e1me z\u00e1kazn\u00edk\u016fm sni\u017eovat spot\u0159ebu vody a energi\u00ed<br \/>\n\u2022 Vyv\u00edj\u00edme \u0159e\u0161en\u00ed, kter\u00e1 p\u0159isp\u00edvaj\u00ed k\u00a0udr\u017eiteln\u00e9 a odpov\u011bdn\u00e9 produkci<br \/>\n\u2022 Vzd\u011bl\u00e1v\u00e1me lidi prost\u0159ednictv\u00edm online webin\u00e1\u0159\u016f, co\u017e vede k\u00a0men\u0161\u00ed \u2018uhl\u00edkov\u00ed stop\u011b\u2019<br \/>\n\u2022 Podporujeme anebo \u0159\u00edd\u00edme projekty vyu\u017e\u00edvaj\u00edc\u00ed obnoviteln\u00e9 zdroje energie, v\u010detn\u011b sol\u00e1rn\u00ed, v\u011btrn\u00e9 \u010di geoterm\u00e1ln\u00ed energie<br \/>\n\u2022 \u00da\u010dastn\u00edme se iniciativ, kter\u00e9 se zam\u011b\u0159uj\u00ed na udr\u017eiteln\u00e9 projekty<br \/>\n\u2022 \u00dazce se zapojujeme do \u2018Kultivace nov\u00e9 generace\u2019 (holandsky: Het Nieuwe Telen), kdy se spot\u0159eba energie sn\u00ed\u017e\u00ed o 25%.<\/p>\n","protected":false},"excerpt":{"rendered":"<p>Hoogendoorn p\u0159eb\u00edr\u00e1 odpov\u011bdnost za dopad sv\u00fdch aktivit na \u010dlov\u011bka a \u017eivotn\u00ed prost\u0159ed\u00ed. V\u00a0r\u00e1mci Spole\u010densk\u00e9 odpov\u011bdnosti firem (CSR) se Hoogendoorn celosv\u011btov\u011b sna\u017e\u00ed anga\u017eovat se pro lep\u0161\u00ed &#8230;<\/p>\n<div class=\"item-read-more\">\n<p>        <a href=\"https:\/\/www.hoogendoorn.nl\/cs\/o-nas\/spolecenske-odpovednosti-firem-csr\/\" style=\"font-weight: normal;\">\u010ct\u011bte v\u00edce<\/a><\/p><\/div>\n","protected":false},"author":101,"featured_media":0,"parent":20126,"menu_order":0,"comment_status":"open","ping_status":"closed","template":"","meta":{"_acf_changed":false,"_et_pb_use_builder":"","_et_pb_old_content":"","_et_gb_content_width":"","_genesis_hide_title":false,"_genesis_hide_breadcrumbs":false,"_genesis_hide_singular_image":false,"_genesis_hide_footer_widgets":false,"_genesis_custom_body_class":"","_genesis_custom_post_class":"","_genesis_layout":"","footnotes":""},"class_list":{"0":"post-20140","1":"page","2":"type-page","3":"status-publish","5":"entry"},"acf":[],"yoast_head":"<!-- This site is optimized with the Yoast SEO plugin v26.6 - https:\/\/yoast.com\/wordpress\/plugins\/seo\/ -->\n<title>Spole\u010densk\u00e9 odpov\u011bdnosti firem (CSR) - Hoogendoorn Growth Management<\/title>\n<meta name=\"description\" content=\"Spole\u010densk\u00e9 odpov\u011bdnosti firem (CSR)\" \/>\n<meta name=\"robots\" content=\"index, follow, max-snippet:-1, max-image-preview:large, max-video-preview:-1\" \/>\n<link rel=\"canonical\" href=\"https:\/\/www.hoogendoorn.nl\/cs\/o-nas\/spolecenske-odpovednosti-firem-csr\/\" \/>\n<meta property=\"og:locale\" content=\"cs_CZ\" \/>\n<meta property=\"og:type\" content=\"article\" \/>\n<meta property=\"og:title\" content=\"Spole\u010densk\u00e9 odpov\u011bdnosti firem (CSR) - Hoogendoorn Growth Management\" \/>\n<meta property=\"og:description\" content=\"Spole\u010densk\u00e9 odpov\u011bdnosti firem (CSR)\" \/>\n<meta property=\"og:url\" content=\"https:\/\/www.hoogendoorn.nl\/cs\/o-nas\/spolecenske-odpovednosti-firem-csr\/\" \/>\n<meta property=\"og:site_name\" content=\"Hoogendoorn Growth Management\" \/>\n<meta property=\"article:modified_time\" content=\"2015-11-09T14:45:11+00:00\" \/>\n<meta name=\"twitter:label1\" content=\"Odhadovan\u00e1 doba \u010dten\u00ed\" \/>\n\t<meta name=\"twitter:data1\" content=\"2 minuty\" \/>\n<script type=\"application\/ld+json\" class=\"yoast-schema-graph\">{\"@context\":\"https:\/\/schema.org\",\"@graph\":[{\"@type\":\"WebPage\",\"@id\":\"https:\/\/www.hoogendoorn.nl\/cs\/o-nas\/spolecenske-odpovednosti-firem-csr\/\",\"url\":\"https:\/\/www.hoogendoorn.nl\/cs\/o-nas\/spolecenske-odpovednosti-firem-csr\/\",\"name\":\"Spole\u010densk\u00e9 odpov\u011bdnosti firem (CSR) - Hoogendoorn Growth Management\",\"isPartOf\":{\"@id\":\"https:\/\/www.hoogendoorn.nl\/#website\"},\"datePublished\":\"2015-07-06T10:05:21+00:00\",\"dateModified\":\"2015-11-09T14:45:11+00:00\",\"description\":\"Spole\u010densk\u00e9 odpov\u011bdnosti firem (CSR)\",\"breadcrumb\":{\"@id\":\"https:\/\/www.hoogendoorn.nl\/cs\/o-nas\/spolecenske-odpovednosti-firem-csr\/#breadcrumb\"},\"inLanguage\":\"cs\",\"potentialAction\":[{\"@type\":\"ReadAction\",\"target\":[\"https:\/\/www.hoogendoorn.nl\/cs\/o-nas\/spolecenske-odpovednosti-firem-csr\/\"]}]},{\"@type\":\"BreadcrumbList\",\"@id\":\"https:\/\/www.hoogendoorn.nl\/cs\/o-nas\/spolecenske-odpovednosti-firem-csr\/#breadcrumb\",\"itemListElement\":[{\"@type\":\"ListItem\",\"position\":1,\"name\":\"Home\",\"item\":\"https:\/\/www.hoogendoorn.nl\/cs\/\"},{\"@type\":\"ListItem\",\"position\":2,\"name\":\"O n\u00e1s\",\"item\":\"https:\/\/www.hoogendoorn.nl\/cs\/o-nas\/\"},{\"@type\":\"ListItem\",\"position\":3,\"name\":\"Spole\u010densk\u00e9 odpov\u011bdnosti firem (CSR)\"}]},{\"@type\":\"WebSite\",\"@id\":\"https:\/\/www.hoogendoorn.nl\/#website\",\"url\":\"https:\/\/www.hoogendoorn.nl\/\",\"name\":\"Hoogendoorn Growth Management\",\"description\":\"Wereldwijd duurzame tuinbouwoplossingen op maat\",\"potentialAction\":[{\"@type\":\"SearchAction\",\"target\":{\"@type\":\"EntryPoint\",\"urlTemplate\":\"https:\/\/www.hoogendoorn.nl\/?s={search_term_string}\"},\"query-input\":{\"@type\":\"PropertyValueSpecification\",\"valueRequired\":true,\"valueName\":\"search_term_string\"}}],\"inLanguage\":\"cs\"}]}<\/script>\n<!-- \/ Yoast SEO plugin. -->","yoast_head_json":{"title":"Spole\u010densk\u00e9 odpov\u011bdnosti firem (CSR) - Hoogendoorn Growth Management","description":"Spole\u010densk\u00e9 odpov\u011bdnosti firem (CSR)","robots":{"index":"index","follow":"follow","max-snippet":"max-snippet:-1","max-image-preview":"max-image-preview:large","max-video-preview":"max-video-preview:-1"},"canonical":"https:\/\/www.hoogendoorn.nl\/cs\/o-nas\/spolecenske-odpovednosti-firem-csr\/","og_locale":"cs_CZ","og_type":"article","og_title":"Spole\u010densk\u00e9 odpov\u011bdnosti firem (CSR) - Hoogendoorn Growth Management","og_description":"Spole\u010densk\u00e9 odpov\u011bdnosti firem (CSR)","og_url":"https:\/\/www.hoogendoorn.nl\/cs\/o-nas\/spolecenske-odpovednosti-firem-csr\/","og_site_name":"Hoogendoorn Growth Management","article_modified_time":"2015-11-09T14:45:11+00:00","twitter_misc":{"Odhadovan\u00e1 doba \u010dten\u00ed":"2 minuty"},"schema":{"@context":"https:\/\/schema.org","@graph":[{"@type":"WebPage","@id":"https:\/\/www.hoogendoorn.nl\/cs\/o-nas\/spolecenske-odpovednosti-firem-csr\/","url":"https:\/\/www.hoogendoorn.nl\/cs\/o-nas\/spolecenske-odpovednosti-firem-csr\/","name":"Spole\u010densk\u00e9 odpov\u011bdnosti firem (CSR) - Hoogendoorn Growth Management","isPartOf":{"@id":"https:\/\/www.hoogendoorn.nl\/#website"},"datePublished":"2015-07-06T10:05:21+00:00","dateModified":"2015-11-09T14:45:11+00:00","description":"Spole\u010densk\u00e9 odpov\u011bdnosti firem (CSR)","breadcrumb":{"@id":"https:\/\/www.hoogendoorn.nl\/cs\/o-nas\/spolecenske-odpovednosti-firem-csr\/#breadcrumb"},"inLanguage":"cs","potentialAction":[{"@type":"ReadAction","target":["https:\/\/www.hoogendoorn.nl\/cs\/o-nas\/spolecenske-odpovednosti-firem-csr\/"]}]},{"@type":"BreadcrumbList","@id":"https:\/\/www.hoogendoorn.nl\/cs\/o-nas\/spolecenske-odpovednosti-firem-csr\/#breadcrumb","itemListElement":[{"@type":"ListItem","position":1,"name":"Home","item":"https:\/\/www.hoogendoorn.nl\/cs\/"},{"@type":"ListItem","position":2,"name":"O n\u00e1s","item":"https:\/\/www.hoogendoorn.nl\/cs\/o-nas\/"},{"@type":"ListItem","position":3,"name":"Spole\u010densk\u00e9 odpov\u011bdnosti firem (CSR)"}]},{"@type":"WebSite","@id":"https:\/\/www.hoogendoorn.nl\/#website","url":"https:\/\/www.hoogendoorn.nl\/","name":"Hoogendoorn Growth Management","description":"Wereldwijd duurzame tuinbouwoplossingen op maat","potentialAction":[{"@type":"SearchAction","target":{"@type":"EntryPoint","urlTemplate":"https:\/\/www.hoogendoorn.nl\/?s={search_term_string}"},"query-input":{"@type":"PropertyValueSpecification","valueRequired":true,"valueName":"search_term_string"}}],"inLanguage":"cs"}]}},"_links":{"self":[{"href":"https:\/\/www.hoogendoorn.nl\/cs\/wp-json\/wp\/v2\/pages\/20140","targetHints":{"allow":["GET"]}}],"collection":[{"href":"https:\/\/www.hoogendoorn.nl\/cs\/wp-json\/wp\/v2\/pages"}],"about":[{"href":"https:\/\/www.hoogendoorn.nl\/cs\/wp-json\/wp\/v2\/types\/page"}],"author":[{"embeddable":true,"href":"https:\/\/www.hoogendoorn.nl\/cs\/wp-json\/wp\/v2\/users\/101"}],"replies":[{"embeddable":true,"href":"https:\/\/www.hoogendoorn.nl\/cs\/wp-json\/wp\/v2\/comments?post=20140"}],"version-history":[{"count":0,"href":"https:\/\/www.hoogendoorn.nl\/cs\/wp-json\/wp\/v2\/pages\/20140\/revisions"}],"up":[{"embeddable":true,"href":"https:\/\/www.hoogendoorn.nl\/cs\/wp-json\/wp\/v2\/pages\/20126"}],"wp:attachment":[{"href":"https:\/\/www.hoogendoorn.nl\/cs\/wp-json\/wp\/v2\/media?parent=20140"}],"curies":[{"name":"wp","href":"https:\/\/api.w.org\/{rel}","templated":true}]}}