{"id":20144,"date":"2015-07-06T10:09:31","date_gmt":"2015-07-06T10:09:31","guid":{"rendered":"http:\/\/nlhoog-salebaboe.savviihq.com\/?page_id=20144"},"modified":"2015-07-22T10:26:00","modified_gmt":"2015-07-22T10:26:00","slug":"kontakt","status":"publish","type":"page","link":"https:\/\/www.hoogendoorn.nl\/cs\/kontakt\/","title":{"rendered":"Kontakt"},"content":{"rendered":"<p>Vy\u0161kolen\u00ed odborn\u00edci Hoogendoornu jsou p\u0159ipraveni pomoci prost\u0159ednictv\u00edm odborn\u00fdch doporu\u010den\u00ed produkt\u016f. Na\u0161i konzultanti pracuj\u00ed z\u00a0pobo\u010dek v\u00a0Holandsku, Kanad\u011b, Mexiku a Francii. D\u00edky na\u0161\u00ed siln\u00e9 glob\u00e1ln\u00ed partnersk\u00e9 s\u00edti m\u016f\u017eeme dodat a nainstalovat integrovan\u00e1 \u0159e\u0161en\u00ed kdekoli na sv\u011bt\u011b, a to v\u00a0souladu se situac\u00ed ve va\u0161\u00ed firm\u011b. Jsme obezn\u00e1meni s\u00a0m\u00edstn\u00edmi podm\u00ednkami a jsme v\u017edy nabl\u00edzku, abychom v\u00e1m poskytli na\u0161e slu\u017eby.<\/p>\n<p>Chcete v\u011bd\u011bt, kter\u00fd lok\u00e1ln\u00ed partner je ten prav\u00fd pro v\u00e1\u0161 projekt? Pak se s\u00a0n\u00e1mi spojte. R\u00e1di v\u00e1m pom\u016f\u017eeme naj\u00edt spr\u00e1vn\u00e9ho partnera.<\/p>\n<p>&nbsp;<\/p>\n","protected":false},"excerpt":{"rendered":"<p>Vy\u0161kolen\u00ed odborn\u00edci Hoogendoornu jsou p\u0159ipraveni pomoci prost\u0159ednictv\u00edm odborn\u00fdch doporu\u010den\u00ed produkt\u016f. Na\u0161i konzultanti pracuj\u00ed z\u00a0pobo\u010dek v\u00a0Holandsku, Kanad\u011b, Mexiku a Francii. D\u00edky na\u0161\u00ed siln\u00e9 glob\u00e1ln\u00ed partnersk\u00e9 s\u00edti &#8230;<\/p>\n<div class=\"item-read-more\">\n<p>        <a href=\"https:\/\/www.hoogendoorn.nl\/cs\/kontakt\/\" style=\"font-weight: normal;\">\u010ct\u011bte v\u00edce<\/a><\/p><\/div>\n","protected":false},"author":101,"featured_media":0,"parent":0,"menu_order":0,"comment_status":"open","ping_status":"closed","template":"","meta":{"_acf_changed":false,"_et_pb_use_builder":"","_et_pb_old_content":"","_et_gb_content_width":"","_genesis_hide_title":false,"_genesis_hide_breadcrumbs":false,"_genesis_hide_singular_image":false,"_genesis_hide_footer_widgets":false,"_genesis_custom_body_class":"","_genesis_custom_post_class":"","_genesis_layout":"content-sidebar","footnotes":""},"class_list":{"0":"post-20144","1":"page","2":"type-page","3":"status-publish","5":"entry"},"acf":[],"yoast_head":"<!-- This site is optimized with the Yoast SEO plugin v26.6 - https:\/\/yoast.com\/wordpress\/plugins\/seo\/ -->\n<title>Kontakt - Hoogendoorn Growth Management<\/title>\n<meta name=\"robots\" content=\"index, follow, max-snippet:-1, max-image-preview:large, max-video-preview:-1\" \/>\n<link rel=\"canonical\" href=\"https:\/\/www.hoogendoorn.nl\/cs\/kontakt\/\" \/>\n<meta property=\"og:locale\" content=\"cs_CZ\" \/>\n<meta property=\"og:type\" content=\"article\" \/>\n<meta property=\"og:title\" content=\"Kontakt - Hoogendoorn Growth Management\" \/>\n<meta property=\"og:description\" content=\"Vy\u0161kolen\u00ed odborn\u00edci Hoogendoornu jsou p\u0159ipraveni pomoci prost\u0159ednictv\u00edm odborn\u00fdch doporu\u010den\u00ed produkt\u016f. Na\u0161i konzultanti pracuj\u00ed z\u00a0pobo\u010dek v\u00a0Holandsku, Kanad\u011b, Mexiku a Francii. D\u00edky na\u0161\u00ed siln\u00e9 glob\u00e1ln\u00ed partnersk\u00e9 s\u00edti ...        \u010ct\u011bte v\u00edce\" \/>\n<meta property=\"og:url\" content=\"https:\/\/www.hoogendoorn.nl\/cs\/kontakt\/\" \/>\n<meta property=\"og:site_name\" content=\"Hoogendoorn Growth Management\" \/>\n<meta property=\"article:modified_time\" content=\"2015-07-22T10:26:00+00:00\" \/>\n<meta name=\"twitter:label1\" content=\"Odhadovan\u00e1 doba \u010dten\u00ed\" \/>\n\t<meta name=\"twitter:data1\" content=\"1 minuta\" \/>\n<script type=\"application\/ld+json\" class=\"yoast-schema-graph\">{\"@context\":\"https:\/\/schema.org\",\"@graph\":[{\"@type\":\"WebPage\",\"@id\":\"https:\/\/www.hoogendoorn.nl\/cs\/kontakt\/\",\"url\":\"https:\/\/www.hoogendoorn.nl\/cs\/kontakt\/\",\"name\":\"Kontakt - Hoogendoorn Growth Management\",\"isPartOf\":{\"@id\":\"https:\/\/www.hoogendoorn.nl\/#website\"},\"datePublished\":\"2015-07-06T10:09:31+00:00\",\"dateModified\":\"2015-07-22T10:26:00+00:00\",\"breadcrumb\":{\"@id\":\"https:\/\/www.hoogendoorn.nl\/cs\/kontakt\/#breadcrumb\"},\"inLanguage\":\"cs\",\"potentialAction\":[{\"@type\":\"ReadAction\",\"target\":[\"https:\/\/www.hoogendoorn.nl\/cs\/kontakt\/\"]}]},{\"@type\":\"BreadcrumbList\",\"@id\":\"https:\/\/www.hoogendoorn.nl\/cs\/kontakt\/#breadcrumb\",\"itemListElement\":[{\"@type\":\"ListItem\",\"position\":1,\"name\":\"Home\",\"item\":\"https:\/\/www.hoogendoorn.nl\/cs\/\"},{\"@type\":\"ListItem\",\"position\":2,\"name\":\"Kontakt\"}]},{\"@type\":\"WebSite\",\"@id\":\"https:\/\/www.hoogendoorn.nl\/#website\",\"url\":\"https:\/\/www.hoogendoorn.nl\/\",\"name\":\"Hoogendoorn Growth Management\",\"description\":\"Wereldwijd duurzame tuinbouwoplossingen op maat\",\"potentialAction\":[{\"@type\":\"SearchAction\",\"target\":{\"@type\":\"EntryPoint\",\"urlTemplate\":\"https:\/\/www.hoogendoorn.nl\/?s={search_term_string}\"},\"query-input\":{\"@type\":\"PropertyValueSpecification\",\"valueRequired\":true,\"valueName\":\"search_term_string\"}}],\"inLanguage\":\"cs\"}]}<\/script>\n<!-- \/ Yoast SEO plugin. -->","yoast_head_json":{"title":"Kontakt - Hoogendoorn Growth Management","robots":{"index":"index","follow":"follow","max-snippet":"max-snippet:-1","max-image-preview":"max-image-preview:large","max-video-preview":"max-video-preview:-1"},"canonical":"https:\/\/www.hoogendoorn.nl\/cs\/kontakt\/","og_locale":"cs_CZ","og_type":"article","og_title":"Kontakt - Hoogendoorn Growth Management","og_description":"Vy\u0161kolen\u00ed odborn\u00edci Hoogendoornu jsou p\u0159ipraveni pomoci prost\u0159ednictv\u00edm odborn\u00fdch doporu\u010den\u00ed produkt\u016f. Na\u0161i konzultanti pracuj\u00ed z\u00a0pobo\u010dek v\u00a0Holandsku, Kanad\u011b, Mexiku a Francii. D\u00edky na\u0161\u00ed siln\u00e9 glob\u00e1ln\u00ed partnersk\u00e9 s\u00edti ...        \u010ct\u011bte v\u00edce","og_url":"https:\/\/www.hoogendoorn.nl\/cs\/kontakt\/","og_site_name":"Hoogendoorn Growth Management","article_modified_time":"2015-07-22T10:26:00+00:00","twitter_misc":{"Odhadovan\u00e1 doba \u010dten\u00ed":"1 minuta"},"schema":{"@context":"https:\/\/schema.org","@graph":[{"@type":"WebPage","@id":"https:\/\/www.hoogendoorn.nl\/cs\/kontakt\/","url":"https:\/\/www.hoogendoorn.nl\/cs\/kontakt\/","name":"Kontakt - Hoogendoorn Growth Management","isPartOf":{"@id":"https:\/\/www.hoogendoorn.nl\/#website"},"datePublished":"2015-07-06T10:09:31+00:00","dateModified":"2015-07-22T10:26:00+00:00","breadcrumb":{"@id":"https:\/\/www.hoogendoorn.nl\/cs\/kontakt\/#breadcrumb"},"inLanguage":"cs","potentialAction":[{"@type":"ReadAction","target":["https:\/\/www.hoogendoorn.nl\/cs\/kontakt\/"]}]},{"@type":"BreadcrumbList","@id":"https:\/\/www.hoogendoorn.nl\/cs\/kontakt\/#breadcrumb","itemListElement":[{"@type":"ListItem","position":1,"name":"Home","item":"https:\/\/www.hoogendoorn.nl\/cs\/"},{"@type":"ListItem","position":2,"name":"Kontakt"}]},{"@type":"WebSite","@id":"https:\/\/www.hoogendoorn.nl\/#website","url":"https:\/\/www.hoogendoorn.nl\/","name":"Hoogendoorn Growth Management","description":"Wereldwijd duurzame tuinbouwoplossingen op maat","potentialAction":[{"@type":"SearchAction","target":{"@type":"EntryPoint","urlTemplate":"https:\/\/www.hoogendoorn.nl\/?s={search_term_string}"},"query-input":{"@type":"PropertyValueSpecification","valueRequired":true,"valueName":"search_term_string"}}],"inLanguage":"cs"}]}},"_links":{"self":[{"href":"https:\/\/www.hoogendoorn.nl\/cs\/wp-json\/wp\/v2\/pages\/20144","targetHints":{"allow":["GET"]}}],"collection":[{"href":"https:\/\/www.hoogendoorn.nl\/cs\/wp-json\/wp\/v2\/pages"}],"about":[{"href":"https:\/\/www.hoogendoorn.nl\/cs\/wp-json\/wp\/v2\/types\/page"}],"author":[{"embeddable":true,"href":"https:\/\/www.hoogendoorn.nl\/cs\/wp-json\/wp\/v2\/users\/101"}],"replies":[{"embeddable":true,"href":"https:\/\/www.hoogendoorn.nl\/cs\/wp-json\/wp\/v2\/comments?post=20144"}],"version-history":[{"count":0,"href":"https:\/\/www.hoogendoorn.nl\/cs\/wp-json\/wp\/v2\/pages\/20144\/revisions"}],"wp:attachment":[{"href":"https:\/\/www.hoogendoorn.nl\/cs\/wp-json\/wp\/v2\/media?parent=20144"}],"curies":[{"name":"wp","href":"https:\/\/api.w.org\/{rel}","templated":true}]}}