{"id":20146,"date":"2015-07-06T10:16:21","date_gmt":"2015-07-06T10:16:21","guid":{"rendered":"http:\/\/nlhoog-salebaboe.savviihq.com\/?page_id=20146"},"modified":"2015-07-22T10:29:55","modified_gmt":"2015-07-22T10:29:55","slug":"podpora","status":"publish","type":"page","link":"https:\/\/www.hoogendoorn.nl\/cs\/kontakt\/podpora\/","title":{"rendered":"Podpora"},"content":{"rendered":"<p>Krom\u011b na\u0161ich lok\u00e1ln\u00edch slu\u017eeb nab\u00edz\u00edme tak\u00e9 vzd\u00e1lenou technickou podporu. Na\u0161e telefonn\u00ed asistence profesion\u00e1ln\u011b zodpov\u00edd\u00e1 v\u0161echny va\u0161e ot\u00e1zky o automatick\u00fdch \u0159e\u0161en\u00edch Hoogendoorn. Na\u0161i servisn\u00ed technici si zobraz\u00ed va\u0161i opera\u010dn\u00ed obrazovku online spole\u010dn\u011b s\u00a0v\u00e1mi a pomohou v\u00e1m optimalizovat nastaven\u00ed. Tak v\u00e1m m\u016f\u017eeme poskytnout su\u017eby l\u00e9pe a rychleji.<\/p>\n<p><strong>K\u00a0dispozici ve dne i v\u00a0noci<br \/>\n<\/strong>Na\u0161e asisten\u010dn\u00ed linka je v\u00a0pohotovosti ve dne i v\u00a0noci. Ve v\u0161edn\u00ed dny mezi 8 a 17 hod. budete p\u0159epojeni p\u0159\u00edmo na specialistu Hoogendoorn. Mimo tyto hodiny budete spojeni se zam\u011bstnancem, kter\u00fd se bude v\u011bnovat v\u0161em va\u0161im ot\u00e1zk\u00e1m. N\u011bkter\u00fd z\u00a0na\u0161ich servisn\u00edch technik\u016f v\u00e1m co nejd\u0159\u00edve zavol\u00e1 zp\u00e1tky a budeme v\u00e1m nad\u00e1le pom\u00e1hat. Pokud m\u00e1te smlouvu o dod\u00e1vce slu\u017eeb, je tato slu\u017eba zdarma.<\/p>\n<p><strong>Kontaktujte asisten\u010dn\u00ed linku<\/strong><br \/>\n<strong>+31 (0) 10 460 80 30<br \/>\n<\/strong>Pro v\u0161echny mezin\u00e1rodn\u00ed hovory<br \/>\n<strong>Email<\/strong> <a href=\"mailto:helpdesk@hoogendoorn.nl\">helpdesk@hoogendoorn.nl<\/a><\/p>\n","protected":false},"excerpt":{"rendered":"<p>Krom\u011b na\u0161ich lok\u00e1ln\u00edch slu\u017eeb nab\u00edz\u00edme tak\u00e9 vzd\u00e1lenou technickou podporu. Na\u0161e telefonn\u00ed asistence profesion\u00e1ln\u011b zodpov\u00edd\u00e1 v\u0161echny va\u0161e ot\u00e1zky o automatick\u00fdch \u0159e\u0161en\u00edch Hoogendoorn. Na\u0161i servisn\u00ed technici si &#8230;<\/p>\n<div class=\"item-read-more\">\n<p>        <a href=\"https:\/\/www.hoogendoorn.nl\/cs\/kontakt\/podpora\/\" style=\"font-weight: normal;\">\u010ct\u011bte v\u00edce<\/a><\/p><\/div>\n","protected":false},"author":101,"featured_media":0,"parent":20144,"menu_order":0,"comment_status":"open","ping_status":"closed","template":"","meta":{"_acf_changed":false,"_et_pb_use_builder":"","_et_pb_old_content":"","_et_gb_content_width":"","_genesis_hide_title":false,"_genesis_hide_breadcrumbs":false,"_genesis_hide_singular_image":false,"_genesis_hide_footer_widgets":false,"_genesis_custom_body_class":"","_genesis_custom_post_class":"","_genesis_layout":"content-sidebar","footnotes":""},"class_list":{"0":"post-20146","1":"page","2":"type-page","3":"status-publish","5":"entry"},"acf":[],"yoast_head":"<!-- This site is optimized with the Yoast SEO plugin v26.6 - https:\/\/yoast.com\/wordpress\/plugins\/seo\/ -->\n<title>Podpora - Hoogendoorn Growth Management<\/title>\n<meta name=\"description\" content=\"Krom\u011b na\u0161ich lok\u00e1ln\u00edch slu\u017eeb nab\u00edz\u00edme tak\u00e9 vzd\u00e1lenou technickou podporu. Kontaktujte asisten\u010dn\u00ed linku +31 (0) 10 460 80 30, helpdesk@hoogendoorn.nl\" \/>\n<meta name=\"robots\" content=\"noindex, nofollow\" \/>\n<meta property=\"og:locale\" content=\"cs_CZ\" \/>\n<meta property=\"og:type\" content=\"article\" \/>\n<meta property=\"og:title\" content=\"Podpora - Hoogendoorn Growth Management\" \/>\n<meta property=\"og:description\" content=\"Krom\u011b na\u0161ich lok\u00e1ln\u00edch slu\u017eeb nab\u00edz\u00edme tak\u00e9 vzd\u00e1lenou technickou podporu. Kontaktujte asisten\u010dn\u00ed linku +31 (0) 10 460 80 30, helpdesk@hoogendoorn.nl\" \/>\n<meta property=\"og:url\" content=\"https:\/\/www.hoogendoorn.nl\/cs\/kontakt\/podpora\/\" \/>\n<meta property=\"og:site_name\" content=\"Hoogendoorn Growth Management\" \/>\n<meta property=\"article:modified_time\" content=\"2015-07-22T10:29:55+00:00\" \/>\n<meta name=\"twitter:label1\" content=\"Odhadovan\u00e1 doba \u010dten\u00ed\" \/>\n\t<meta name=\"twitter:data1\" content=\"1 minuta\" \/>\n<script type=\"application\/ld+json\" class=\"yoast-schema-graph\">{\"@context\":\"https:\/\/schema.org\",\"@graph\":[{\"@type\":\"WebPage\",\"@id\":\"https:\/\/www.hoogendoorn.nl\/cs\/kontakt\/podpora\/\",\"url\":\"https:\/\/www.hoogendoorn.nl\/cs\/kontakt\/podpora\/\",\"name\":\"Podpora - Hoogendoorn Growth Management\",\"isPartOf\":{\"@id\":\"https:\/\/www.hoogendoorn.nl\/#website\"},\"datePublished\":\"2015-07-06T10:16:21+00:00\",\"dateModified\":\"2015-07-22T10:29:55+00:00\",\"description\":\"Krom\u011b na\u0161ich lok\u00e1ln\u00edch slu\u017eeb nab\u00edz\u00edme tak\u00e9 vzd\u00e1lenou technickou podporu. Kontaktujte asisten\u010dn\u00ed linku +31 (0) 10 460 80 30, helpdesk@hoogendoorn.nl\",\"breadcrumb\":{\"@id\":\"https:\/\/www.hoogendoorn.nl\/cs\/kontakt\/podpora\/#breadcrumb\"},\"inLanguage\":\"cs\",\"potentialAction\":[{\"@type\":\"ReadAction\",\"target\":[\"https:\/\/www.hoogendoorn.nl\/cs\/kontakt\/podpora\/\"]}]},{\"@type\":\"BreadcrumbList\",\"@id\":\"https:\/\/www.hoogendoorn.nl\/cs\/kontakt\/podpora\/#breadcrumb\",\"itemListElement\":[{\"@type\":\"ListItem\",\"position\":1,\"name\":\"Home\",\"item\":\"https:\/\/www.hoogendoorn.nl\/cs\/\"},{\"@type\":\"ListItem\",\"position\":2,\"name\":\"Kontakt\",\"item\":\"https:\/\/www.hoogendoorn.nl\/cs\/kontakt\/\"},{\"@type\":\"ListItem\",\"position\":3,\"name\":\"Podpora\"}]},{\"@type\":\"WebSite\",\"@id\":\"https:\/\/www.hoogendoorn.nl\/#website\",\"url\":\"https:\/\/www.hoogendoorn.nl\/\",\"name\":\"Hoogendoorn Growth Management\",\"description\":\"Wereldwijd duurzame tuinbouwoplossingen op maat\",\"potentialAction\":[{\"@type\":\"SearchAction\",\"target\":{\"@type\":\"EntryPoint\",\"urlTemplate\":\"https:\/\/www.hoogendoorn.nl\/?s={search_term_string}\"},\"query-input\":{\"@type\":\"PropertyValueSpecification\",\"valueRequired\":true,\"valueName\":\"search_term_string\"}}],\"inLanguage\":\"cs\"}]}<\/script>\n<!-- \/ Yoast SEO plugin. -->","yoast_head_json":{"title":"Podpora - Hoogendoorn Growth Management","description":"Krom\u011b na\u0161ich lok\u00e1ln\u00edch slu\u017eeb nab\u00edz\u00edme tak\u00e9 vzd\u00e1lenou technickou podporu. Kontaktujte asisten\u010dn\u00ed linku +31 (0) 10 460 80 30, helpdesk@hoogendoorn.nl","robots":{"index":"noindex","follow":"nofollow"},"og_locale":"cs_CZ","og_type":"article","og_title":"Podpora - Hoogendoorn Growth Management","og_description":"Krom\u011b na\u0161ich lok\u00e1ln\u00edch slu\u017eeb nab\u00edz\u00edme tak\u00e9 vzd\u00e1lenou technickou podporu. Kontaktujte asisten\u010dn\u00ed linku +31 (0) 10 460 80 30, helpdesk@hoogendoorn.nl","og_url":"https:\/\/www.hoogendoorn.nl\/cs\/kontakt\/podpora\/","og_site_name":"Hoogendoorn Growth Management","article_modified_time":"2015-07-22T10:29:55+00:00","twitter_misc":{"Odhadovan\u00e1 doba \u010dten\u00ed":"1 minuta"},"schema":{"@context":"https:\/\/schema.org","@graph":[{"@type":"WebPage","@id":"https:\/\/www.hoogendoorn.nl\/cs\/kontakt\/podpora\/","url":"https:\/\/www.hoogendoorn.nl\/cs\/kontakt\/podpora\/","name":"Podpora - Hoogendoorn Growth Management","isPartOf":{"@id":"https:\/\/www.hoogendoorn.nl\/#website"},"datePublished":"2015-07-06T10:16:21+00:00","dateModified":"2015-07-22T10:29:55+00:00","description":"Krom\u011b na\u0161ich lok\u00e1ln\u00edch slu\u017eeb nab\u00edz\u00edme tak\u00e9 vzd\u00e1lenou technickou podporu. Kontaktujte asisten\u010dn\u00ed linku +31 (0) 10 460 80 30, helpdesk@hoogendoorn.nl","breadcrumb":{"@id":"https:\/\/www.hoogendoorn.nl\/cs\/kontakt\/podpora\/#breadcrumb"},"inLanguage":"cs","potentialAction":[{"@type":"ReadAction","target":["https:\/\/www.hoogendoorn.nl\/cs\/kontakt\/podpora\/"]}]},{"@type":"BreadcrumbList","@id":"https:\/\/www.hoogendoorn.nl\/cs\/kontakt\/podpora\/#breadcrumb","itemListElement":[{"@type":"ListItem","position":1,"name":"Home","item":"https:\/\/www.hoogendoorn.nl\/cs\/"},{"@type":"ListItem","position":2,"name":"Kontakt","item":"https:\/\/www.hoogendoorn.nl\/cs\/kontakt\/"},{"@type":"ListItem","position":3,"name":"Podpora"}]},{"@type":"WebSite","@id":"https:\/\/www.hoogendoorn.nl\/#website","url":"https:\/\/www.hoogendoorn.nl\/","name":"Hoogendoorn Growth Management","description":"Wereldwijd duurzame tuinbouwoplossingen op maat","potentialAction":[{"@type":"SearchAction","target":{"@type":"EntryPoint","urlTemplate":"https:\/\/www.hoogendoorn.nl\/?s={search_term_string}"},"query-input":{"@type":"PropertyValueSpecification","valueRequired":true,"valueName":"search_term_string"}}],"inLanguage":"cs"}]}},"_links":{"self":[{"href":"https:\/\/www.hoogendoorn.nl\/cs\/wp-json\/wp\/v2\/pages\/20146","targetHints":{"allow":["GET"]}}],"collection":[{"href":"https:\/\/www.hoogendoorn.nl\/cs\/wp-json\/wp\/v2\/pages"}],"about":[{"href":"https:\/\/www.hoogendoorn.nl\/cs\/wp-json\/wp\/v2\/types\/page"}],"author":[{"embeddable":true,"href":"https:\/\/www.hoogendoorn.nl\/cs\/wp-json\/wp\/v2\/users\/101"}],"replies":[{"embeddable":true,"href":"https:\/\/www.hoogendoorn.nl\/cs\/wp-json\/wp\/v2\/comments?post=20146"}],"version-history":[{"count":0,"href":"https:\/\/www.hoogendoorn.nl\/cs\/wp-json\/wp\/v2\/pages\/20146\/revisions"}],"up":[{"embeddable":true,"href":"https:\/\/www.hoogendoorn.nl\/cs\/wp-json\/wp\/v2\/pages\/20144"}],"wp:attachment":[{"href":"https:\/\/www.hoogendoorn.nl\/cs\/wp-json\/wp\/v2\/media?parent=20146"}],"curies":[{"name":"wp","href":"https:\/\/api.w.org\/{rel}","templated":true}]}}