{"id":20152,"date":"2015-07-06T10:29:17","date_gmt":"2015-07-06T10:29:17","guid":{"rendered":"http:\/\/nlhoog-salebaboe.savviihq.com\/?page_id=20152"},"modified":"2022-08-22T11:08:40","modified_gmt":"2022-08-22T09:08:40","slug":"nase-pobocky","status":"publish","type":"page","link":"https:\/\/www.hoogendoorn.nl\/cs\/kontakt\/nase-pobocky\/","title":{"rendered":"Na\u0161e pobo\u010dky"},"content":{"rendered":"<table>\n<tbody>\n<tr>\n<td width=\"316\"><strong>Hoogendoorn Growth Management<\/strong> (\u00fast\u0159ed\u00ed)<br \/>\nWestlandseweg 190<br \/>\nNL 3131 HX Vlaardingen<br \/>\nNizozem\u00ed<br \/>\nT: +31 (0)10 460 80 80<br \/>\nF: +31 (0)10 460 80 00<br \/>\nE:\u00a0<a href=\"mailto:info@hoogendoorn.nl\"><span style=\"text-decoration: underline;\">info@hoogendoorn.nl<br \/>\n<\/span><\/a><a href=\"https:\/\/www.hoogendoorn.nl\/\"><span style=\"text-decoration: underline;\">www.hoogendoorn.nl<\/span><\/a><\/td>\n<td width=\"316\"><\/td>\n<\/tr>\n<tr>\n<td width=\"316\"><strong>\u00a0<\/strong><\/td>\n<td width=\"316\"><\/td>\n<\/tr>\n<tr>\n<td width=\"316\"><strong>Hoogendoorn Growth Management | Francie<br \/>\n<\/strong>Z.A. Du Barret, Avenue Jean Baptiste Tron<br \/>\n13160 Chateaurenard<br \/>\nFrancie<br \/>\nT: +31 10 460 80 80<br \/>\nF: +31 10 460 80 00<br \/>\nE:\u00a0<a href=\"mailto:op@hoogendoorn.fr\"><span style=\"text-decoration: underline;\">op@hoogendoorn.fr<br \/>\n<\/span><\/a><a href=\"http:\/\/www.hoogendoorn.fr\/\"><span style=\"text-decoration: underline;\">www.hoogendoorn.fr<\/span><\/a><\/td>\n<td width=\"316\"><\/td>\n<\/tr>\n<tr>\n<td width=\"316\"><strong>\u00a0<\/strong><\/td>\n<td width=\"316\"><\/td>\n<\/tr>\n<tr>\n<td width=\"316\"><strong>Hoogendoorn Growth Management | Kanada<\/strong><br \/>\n4890 Victoria Avenue, North, P.O. Box 9000<br \/>\nThe Lodge Building Vineland, Ontario, L0R2E0<br \/>\nKanada<br \/>\nT: +1 905 562 0800<br \/>\nE:\u00a0<a href=\"mailto:info@hoogendoorn.ca\">info@hoogendoorn.ca<br \/>\n<\/a><a href=\"http:\/\/www.hoogendoorn.ca\/\">www.hoogendoorn.ca<\/a><\/td>\n<td width=\"316\"><\/td>\n<\/tr>\n<tr>\n<td><strong>\u00a0<\/strong><\/td>\n<td><\/td>\n<\/tr>\n<tr>\n<td><strong>Hoogendoorn Growth Management | USA<br \/>\n<\/strong>950 N Washington St.<br \/>\nSuite 221<br \/>\nAlexandria, VA<br \/>\n22314, USA<br \/>\nT: +1 905 562 0800<br \/>\nE:\u00a0<a href=\"mailto:info@hoogendoorn.ca\">info@hoogendoorn.ca<\/a><br \/>\n<a href=\"http:\/\/www.hoogendoorn.ca\/\">www.hoogendoorn.com<br \/>\n<\/a><\/td>\n<td><\/td>\n<\/tr>\n<tr>\n<td width=\"316\"><strong>\u00a0<\/strong><\/td>\n<td width=\"316\"><\/td>\n<\/tr>\n<tr>\n<td width=\"316\"><strong>Hoogendoorn Latin America<br \/>\n<\/strong>Primer Retorno Universitario No. 1, Int 93B Parque Industrial Terra Business Park Col. La Pradera, El Marques,Quer\u00e9taro 76269, Mexico<\/p>\n<p>T:\u00a0 +52 1 333 359 6267<\/p>\n<p>E: <a href=\"mailto:ventas@hoogendoorn.ca\">ventas@hoogendoorn.ca<\/a><\/p>\n<p><a href=\"http:\/\/www.hoogendoorn.nl\/es\">www.hoogendoorn.nl\/es<\/a><\/td>\n<td width=\"316\"><\/td>\n<\/tr>\n<tr>\n<td width=\"316\"><strong>\u00a0<\/strong><\/td>\n<td width=\"316\"><\/td>\n<\/tr>\n<tr>\n<td width=\"316\"><strong>Hoogendoorn Asia | Asie<br \/>\n<\/strong>Room209, Zhongguancun Construction Tower, No.3 Xiaoyun Road<br \/>\nChaoyang District<br \/>\nBeijing \u010c\u00edna\u00a0100125<br \/>\nT: +8610 65016548<br \/>\nE:\u00a0<a href=\"mailto:info@hoogendoorn.asia\">info@hoogendoorn.asia<br \/>\n<\/a><a href=\"http:\/\/www.hoogendoorn.asia\/\">www.hoogendoorn.asia\u00a0<\/a><strong>\u00a0<\/strong><\/td>\n<td width=\"316\"><\/td>\n<\/tr>\n<tr>\n<td width=\"316\"><strong>\u00a0<\/strong><\/td>\n<td width=\"316\"><\/td>\n<\/tr>\n<\/tbody>\n<\/table>\n<p>&nbsp;<\/p>\n","protected":false},"excerpt":{"rendered":"<p>Hoogendoorn Growth Management (\u00fast\u0159ed\u00ed) Westlandseweg 190 NL 3131 HX Vlaardingen Nizozem\u00ed T: +31 (0)10 460 80 80 F: +31 (0)10 460 80 00 E:\u00a0info@hoogendoorn.nl www.hoogendoorn.nl &#8230;<\/p>\n<div class=\"item-read-more\">\n<p>        <a href=\"https:\/\/www.hoogendoorn.nl\/cs\/kontakt\/nase-pobocky\/\" style=\"font-weight: normal;\">\u010ct\u011bte v\u00edce<\/a><\/p><\/div>\n","protected":false},"author":101,"featured_media":0,"parent":20144,"menu_order":0,"comment_status":"open","ping_status":"open","template":"","meta":{"_acf_changed":false,"_et_pb_use_builder":"","_et_pb_old_content":"","_et_gb_content_width":"","_genesis_hide_title":false,"_genesis_hide_breadcrumbs":false,"_genesis_hide_singular_image":false,"_genesis_hide_footer_widgets":false,"_genesis_custom_body_class":"","_genesis_custom_post_class":"","_genesis_layout":"","footnotes":""},"class_list":{"0":"post-20152","1":"page","2":"type-page","3":"status-publish","5":"entry"},"acf":[],"yoast_head":"<!-- This site is optimized with the Yoast SEO plugin v26.6 - https:\/\/yoast.com\/wordpress\/plugins\/seo\/ -->\n<title>Na\u0161e pobo\u010dky - Hoogendoorn Growth Management<\/title>\n<meta name=\"description\" content=\"Na\u0161e pobo\u010dky\" \/>\n<meta name=\"robots\" content=\"noindex, nofollow\" \/>\n<meta property=\"og:locale\" content=\"cs_CZ\" \/>\n<meta property=\"og:type\" content=\"article\" \/>\n<meta property=\"og:title\" content=\"Na\u0161e pobo\u010dky - Hoogendoorn Growth Management\" \/>\n<meta property=\"og:description\" content=\"Na\u0161e pobo\u010dky\" \/>\n<meta property=\"og:url\" content=\"https:\/\/www.hoogendoorn.nl\/cs\/kontakt\/nase-pobocky\/\" \/>\n<meta property=\"og:site_name\" content=\"Hoogendoorn Growth Management\" \/>\n<meta property=\"article:modified_time\" content=\"2022-08-22T09:08:40+00:00\" \/>\n<meta name=\"twitter:label1\" content=\"Odhadovan\u00e1 doba \u010dten\u00ed\" \/>\n\t<meta name=\"twitter:data1\" content=\"1 minuta\" \/>\n<script type=\"application\/ld+json\" class=\"yoast-schema-graph\">{\"@context\":\"https:\/\/schema.org\",\"@graph\":[{\"@type\":\"WebPage\",\"@id\":\"https:\/\/www.hoogendoorn.nl\/cs\/kontakt\/nase-pobocky\/\",\"url\":\"https:\/\/www.hoogendoorn.nl\/cs\/kontakt\/nase-pobocky\/\",\"name\":\"Na\u0161e pobo\u010dky - Hoogendoorn Growth Management\",\"isPartOf\":{\"@id\":\"https:\/\/www.hoogendoorn.nl\/#website\"},\"datePublished\":\"2015-07-06T10:29:17+00:00\",\"dateModified\":\"2022-08-22T09:08:40+00:00\",\"description\":\"Na\u0161e pobo\u010dky\",\"breadcrumb\":{\"@id\":\"https:\/\/www.hoogendoorn.nl\/cs\/kontakt\/nase-pobocky\/#breadcrumb\"},\"inLanguage\":\"cs\",\"potentialAction\":[{\"@type\":\"ReadAction\",\"target\":[\"https:\/\/www.hoogendoorn.nl\/cs\/kontakt\/nase-pobocky\/\"]}]},{\"@type\":\"BreadcrumbList\",\"@id\":\"https:\/\/www.hoogendoorn.nl\/cs\/kontakt\/nase-pobocky\/#breadcrumb\",\"itemListElement\":[{\"@type\":\"ListItem\",\"position\":1,\"name\":\"Home\",\"item\":\"https:\/\/www.hoogendoorn.nl\/cs\/\"},{\"@type\":\"ListItem\",\"position\":2,\"name\":\"Kontakt\",\"item\":\"https:\/\/www.hoogendoorn.nl\/cs\/kontakt\/\"},{\"@type\":\"ListItem\",\"position\":3,\"name\":\"Na\u0161e pobo\u010dky\"}]},{\"@type\":\"WebSite\",\"@id\":\"https:\/\/www.hoogendoorn.nl\/#website\",\"url\":\"https:\/\/www.hoogendoorn.nl\/\",\"name\":\"Hoogendoorn Growth Management\",\"description\":\"Wereldwijd duurzame tuinbouwoplossingen op maat\",\"potentialAction\":[{\"@type\":\"SearchAction\",\"target\":{\"@type\":\"EntryPoint\",\"urlTemplate\":\"https:\/\/www.hoogendoorn.nl\/?s={search_term_string}\"},\"query-input\":{\"@type\":\"PropertyValueSpecification\",\"valueRequired\":true,\"valueName\":\"search_term_string\"}}],\"inLanguage\":\"cs\"}]}<\/script>\n<!-- \/ Yoast SEO plugin. -->","yoast_head_json":{"title":"Na\u0161e pobo\u010dky - Hoogendoorn Growth Management","description":"Na\u0161e pobo\u010dky","robots":{"index":"noindex","follow":"nofollow"},"og_locale":"cs_CZ","og_type":"article","og_title":"Na\u0161e pobo\u010dky - Hoogendoorn Growth Management","og_description":"Na\u0161e pobo\u010dky","og_url":"https:\/\/www.hoogendoorn.nl\/cs\/kontakt\/nase-pobocky\/","og_site_name":"Hoogendoorn Growth Management","article_modified_time":"2022-08-22T09:08:40+00:00","twitter_misc":{"Odhadovan\u00e1 doba \u010dten\u00ed":"1 minuta"},"schema":{"@context":"https:\/\/schema.org","@graph":[{"@type":"WebPage","@id":"https:\/\/www.hoogendoorn.nl\/cs\/kontakt\/nase-pobocky\/","url":"https:\/\/www.hoogendoorn.nl\/cs\/kontakt\/nase-pobocky\/","name":"Na\u0161e pobo\u010dky - Hoogendoorn Growth Management","isPartOf":{"@id":"https:\/\/www.hoogendoorn.nl\/#website"},"datePublished":"2015-07-06T10:29:17+00:00","dateModified":"2022-08-22T09:08:40+00:00","description":"Na\u0161e pobo\u010dky","breadcrumb":{"@id":"https:\/\/www.hoogendoorn.nl\/cs\/kontakt\/nase-pobocky\/#breadcrumb"},"inLanguage":"cs","potentialAction":[{"@type":"ReadAction","target":["https:\/\/www.hoogendoorn.nl\/cs\/kontakt\/nase-pobocky\/"]}]},{"@type":"BreadcrumbList","@id":"https:\/\/www.hoogendoorn.nl\/cs\/kontakt\/nase-pobocky\/#breadcrumb","itemListElement":[{"@type":"ListItem","position":1,"name":"Home","item":"https:\/\/www.hoogendoorn.nl\/cs\/"},{"@type":"ListItem","position":2,"name":"Kontakt","item":"https:\/\/www.hoogendoorn.nl\/cs\/kontakt\/"},{"@type":"ListItem","position":3,"name":"Na\u0161e pobo\u010dky"}]},{"@type":"WebSite","@id":"https:\/\/www.hoogendoorn.nl\/#website","url":"https:\/\/www.hoogendoorn.nl\/","name":"Hoogendoorn Growth Management","description":"Wereldwijd duurzame tuinbouwoplossingen op maat","potentialAction":[{"@type":"SearchAction","target":{"@type":"EntryPoint","urlTemplate":"https:\/\/www.hoogendoorn.nl\/?s={search_term_string}"},"query-input":{"@type":"PropertyValueSpecification","valueRequired":true,"valueName":"search_term_string"}}],"inLanguage":"cs"}]}},"_links":{"self":[{"href":"https:\/\/www.hoogendoorn.nl\/cs\/wp-json\/wp\/v2\/pages\/20152","targetHints":{"allow":["GET"]}}],"collection":[{"href":"https:\/\/www.hoogendoorn.nl\/cs\/wp-json\/wp\/v2\/pages"}],"about":[{"href":"https:\/\/www.hoogendoorn.nl\/cs\/wp-json\/wp\/v2\/types\/page"}],"author":[{"embeddable":true,"href":"https:\/\/www.hoogendoorn.nl\/cs\/wp-json\/wp\/v2\/users\/101"}],"replies":[{"embeddable":true,"href":"https:\/\/www.hoogendoorn.nl\/cs\/wp-json\/wp\/v2\/comments?post=20152"}],"version-history":[{"count":5,"href":"https:\/\/www.hoogendoorn.nl\/cs\/wp-json\/wp\/v2\/pages\/20152\/revisions"}],"predecessor-version":[{"id":53961,"href":"https:\/\/www.hoogendoorn.nl\/cs\/wp-json\/wp\/v2\/pages\/20152\/revisions\/53961"}],"up":[{"embeddable":true,"href":"https:\/\/www.hoogendoorn.nl\/cs\/wp-json\/wp\/v2\/pages\/20144"}],"wp:attachment":[{"href":"https:\/\/www.hoogendoorn.nl\/cs\/wp-json\/wp\/v2\/media?parent=20152"}],"curies":[{"name":"wp","href":"https:\/\/api.w.org\/{rel}","templated":true}]}}