{"id":20183,"date":"2015-07-06T11:36:33","date_gmt":"2015-07-06T11:36:33","guid":{"rendered":"http:\/\/nlhoog-salebaboe.savviihq.com\/?page_id=20183"},"modified":"2015-09-22T10:54:42","modified_gmt":"2015-09-22T10:54:42","slug":"stante-se-nasim-partnerem","status":"publish","type":"page","link":"https:\/\/www.hoogendoorn.nl\/cs\/stante-se-nasim-partnerem\/","title":{"rendered":"Sta\u0148te se na\u0161\u00edm partnerem"},"content":{"rendered":"<p><strong>Pro\u010d se st\u00e1t partnerem Hoogerdoorn?<br \/>\n<\/strong>Hoogendoorn Growth Management je nejdynami\u010dt\u011bj\u0161\u00edm producentem udr\u017eiteln\u00fdch \u0159e\u0161en\u00ed pro p\u011bstitelsk\u00fd trh. Za to vd\u011b\u010d\u00edme na\u0161im inovativn\u00edm v\u00fdrobk\u016fm a ob\u011btav\u00e9mu t\u00fdmu, ale zcela jist\u011b tak\u00e9 na\u0161im nad\u0161en\u00fdm partner\u016fm.<\/p>\n<p><strong>Jak\u00e9 jsou benefity partnerstv\u00ed s\u00a0Hoogendoorn?<\/strong><\/p>\n<ul>\n<li>Stanete se kvalifikovan\u00fdm distribu\u010dn\u00edm partnerem t\u011bch nejinov\u00e1tor\u0161t\u011bj\u0161\u00edch a nejudr\u017eiteln\u011bj\u0161\u00edch \u0159e\u0161en\u00ed automatizace p\u011bstitelsk\u00e9ho trhu.<\/li>\n<li>Jako n\u00e1\u0161 obchodn\u00ed partner se \u00fa\u010dastn\u00edte vzd\u011bl\u00e1vac\u00edho partnersk\u00e9ho programu, d\u00edky kter\u00e9mu m\u016f\u017eete zalo\u017eit prosperuj\u00edc\u00ed podnik, proto\u017ee budete schopni poskytovat nejv\u00fdhodn\u011bj\u0161\u00ed prodejn\u00ed podm\u00ednky a podporu sv\u00fdm z\u00e1kazn\u00edk\u016fm<\/li>\n<li>Podpo\u0159\u00edme v\u00e1s b\u011bhem uveden\u00ed do provozu jak na m\u00edst\u011b prodeje, tak i mimo n\u011bj<\/li>\n<\/ul>\n<p><strong>Co od v\u00e1s o\u010dek\u00e1v\u00e1me?<br \/>\n<\/strong>O\u010dek\u00e1v\u00e1me hodn\u011b, stejn\u011b jako i vy m\u016f\u017eete hodn\u011b o\u010dek\u00e1vat od n\u00e1s. P\u0159esto plat\u00ed p\u0159edev\u0161\u00edm \u2013 o\u010dek\u00e1v\u00e1me, \u017ee na\u0161i partne\u0159i budou spolupracovat na na\u0161em \u00fasil\u00ed st\u00e1t se jedni\u010dkou na trhu spole\u010dn\u011b s\u00a0n\u00e1mi. Velk\u00fd d\u00edl na\u0161eho \u00fasp\u011bchu vych\u00e1z\u00ed z\u00a0pevn\u011b dan\u00fdch vysok\u00fdch standard\u016f, kter\u00e9 si nastavuj\u00ed na\u0161i kolegov\u00e9 a partne\u0159i.<\/p>\n<p><strong>Zaj\u00edm\u00e1 v\u00e1s to?<br \/>\n<\/strong>Vypl\u0148te formul\u00e1\u0159 \u201esta\u0148te se na\u0161\u00edm partnerem\u201c, my v\u00e1s zkontaktujeme a zjist\u00edme, zda si dok\u00e1\u017eeme vyhov\u011bt.<\/p>\n<script type=\"text\/javascript\">var gform;gform||(document.addEventListener(\"gform_main_scripts_loaded\",function(){gform.scriptsLoaded=!0}),window.addEventListener(\"DOMContentLoaded\",function(){gform.domLoaded=!0}),gform={domLoaded:!1,scriptsLoaded:!1,initializeOnLoaded:function(o){gform.domLoaded&&gform.scriptsLoaded?o():!gform.domLoaded&&gform.scriptsLoaded?window.addEventListener(\"DOMContentLoaded\",o):document.addEventListener(\"gform_main_scripts_loaded\",o)},hooks:{action:{},filter:{}},addAction:function(o,n,r,t){gform.addHook(\"action\",o,n,r,t)},addFilter:function(o,n,r,t){gform.addHook(\"filter\",o,n,r,t)},doAction:function(o){gform.doHook(\"action\",o,arguments)},applyFilters:function(o){return gform.doHook(\"filter\",o,arguments)},removeAction:function(o,n){gform.removeHook(\"action\",o,n)},removeFilter:function(o,n,r){gform.removeHook(\"filter\",o,n,r)},addHook:function(o,n,r,t,i){null==gform.hooks[o][n]&&(gform.hooks[o][n]=[]);var e=gform.hooks[o][n];null==i&&(i=n+\"_\"+e.length),gform.hooks[o][n].push({tag:i,callable:r,priority:t=null==t?10:t})},doHook:function(n,o,r){var t;if(r=Array.prototype.slice.call(r,1),null!=gform.hooks[n][o]&&((o=gform.hooks[n][o]).sort(function(o,n){return o.priority-n.priority}),o.forEach(function(o){\"function\"!=typeof(t=o.callable)&&(t=window[t]),\"action\"==n?t.apply(null,r):r[0]=t.apply(null,r)})),\"filter\"==n)return r[0]},removeHook:function(o,n,t,i){var r;null!=gform.hooks[o][n]&&(r=(r=gform.hooks[o][n]).filter(function(o,n,r){return!!(null!=i&&i!=o.tag||null!=t&&t!=o.priority)}),gform.hooks[o][n]=r)}});<\/script>\n                <div class='gf_browser_gecko gform_wrapper gform_legacy_markup_wrapper gform-theme--no-framework' data-form-theme='legacy' data-form-index='0' id='gform_wrapper_153' ><form method='post' enctype='multipart\/form-data'  id='gform_153'  action='\/cs\/wp-json\/wp\/v2\/pages\/20183' data-formid='153' novalidate>\n                        <div class='gform-body gform_body'><ul id='gform_fields_153' class='gform_fields top_label form_sublabel_below description_below validation_below'><li id=\"field_153_3\" class=\"gfield gfield--type-text gfield_contains_required field_sublabel_below gfield--no-description field_description_below field_validation_below gfield_visibility_visible\"  data-js-reload=\"field_153_3\" ><label class='gfield_label gform-field-label' for='input_153_3'>N\u00e1zev spole\u010dnosti<span class=\"gfield_required\"><span class=\"gfield_required gfield_required_asterisk\">*<\/span><\/span><\/label><div class='ginput_container ginput_container_text'><input name='input_3' id='input_153_3' type='text' value='' class='medium'     aria-required=\"true\" aria-invalid=\"false\"   \/> <\/div><\/li><li id=\"field_153_4\" class=\"gfield gfield--type-text gfield_contains_required field_sublabel_below gfield--no-description field_description_below field_validation_below gfield_visibility_visible\"  data-js-reload=\"field_153_4\" ><label class='gfield_label gform-field-label' for='input_153_4'>Pracovn\u00ed pozice<span class=\"gfield_required\"><span class=\"gfield_required gfield_required_asterisk\">*<\/span><\/span><\/label><div class='ginput_container ginput_container_text'><input name='input_4' id='input_153_4' type='text' value='' class='medium'     aria-required=\"true\" aria-invalid=\"false\"   \/> <\/div><\/li><li id=\"field_153_5\" class=\"gfield gfield--type-text gfield_contains_required field_sublabel_below gfield--no-description field_description_below field_validation_below gfield_visibility_visible\"  data-js-reload=\"field_153_5\" ><label class='gfield_label gform-field-label' for='input_153_5'>M\u011bsto<span class=\"gfield_required\"><span class=\"gfield_required gfield_required_asterisk\">*<\/span><\/span><\/label><div class='ginput_container ginput_container_text'><input name='input_5' id='input_153_5' type='text' value='' class='medium'     aria-required=\"true\" aria-invalid=\"false\"   \/> <\/div><\/li><li id=\"field_153_6\" class=\"gfield gfield--type-text gfield_contains_required field_sublabel_below gfield--no-description field_description_below field_validation_below gfield_visibility_visible\"  data-js-reload=\"field_153_6\" ><label class='gfield_label gform-field-label' for='input_153_6'>Zem\u011b<span class=\"gfield_required\"><span class=\"gfield_required gfield_required_asterisk\">*<\/span><\/span><\/label><div class='ginput_container ginput_container_text'><input name='input_6' id='input_153_6' type='text' value='' class='medium'     aria-required=\"true\" aria-invalid=\"false\"   \/> <\/div><\/li><li id=\"field_153_7\" class=\"gfield gfield--type-select gfield_contains_required field_sublabel_below gfield--no-description field_description_below field_validation_below gfield_visibility_visible\"  data-js-reload=\"field_153_7\" ><label class='gfield_label gform-field-label' for='input_153_7'>Titul<span class=\"gfield_required\"><span class=\"gfield_required gfield_required_asterisk\">*<\/span><\/span><\/label><div class='ginput_container ginput_container_select'><select name='input_7' id='input_153_7' class='medium gfield_select'    aria-required=\"true\" aria-invalid=\"false\" ><option value='Pan (P.)' >Pan (P.)<\/option><option value='Sle\u010dny' >Sle\u010dny<\/option><option value='Sle\u010dna (Sl.)' >Sle\u010dna (Sl.)<\/option><\/select><\/div><\/li><li id=\"field_153_8\" class=\"gfield gfield--type-text gfield_contains_required field_sublabel_below gfield--no-description field_description_below field_validation_below gfield_visibility_visible\"  data-js-reload=\"field_153_8\" ><label class='gfield_label gform-field-label' for='input_153_8'>Inici\u00e1ly<span class=\"gfield_required\"><span class=\"gfield_required gfield_required_asterisk\">*<\/span><\/span><\/label><div class='ginput_container ginput_container_text'><input name='input_8' id='input_153_8' type='text' value='' class='medium'     aria-required=\"true\" aria-invalid=\"false\"   \/> <\/div><\/li><li id=\"field_153_9\" class=\"gfield gfield--type-text gfield_contains_required field_sublabel_below gfield--no-description field_description_below field_validation_below gfield_visibility_visible\"  data-js-reload=\"field_153_9\" ><label class='gfield_label gform-field-label' for='input_153_9'>P\u0159\u00edjmen\u00ed<span class=\"gfield_required\"><span class=\"gfield_required gfield_required_asterisk\">*<\/span><\/span><\/label><div class='ginput_container ginput_container_text'><input name='input_9' id='input_153_9' type='text' value='' class='medium'     aria-required=\"true\" aria-invalid=\"false\"   \/> <\/div><\/li><li id=\"field_153_10\" class=\"gfield gfield--type-email gfield_contains_required field_sublabel_below gfield--no-description field_description_below field_validation_below gfield_visibility_visible\"  data-js-reload=\"field_153_10\" ><label class='gfield_label gform-field-label' for='input_153_10'>Email<span class=\"gfield_required\"><span class=\"gfield_required gfield_required_asterisk\">*<\/span><\/span><\/label><div class='ginput_container ginput_container_email'>\n                            <input name='input_10' id='input_153_10' type='email' value='' class='medium'    aria-required=\"true\" aria-invalid=\"false\"  \/>\n                        <\/div><\/li><li id=\"field_153_11\" class=\"gfield gfield--type-phone gfield_contains_required field_sublabel_below gfield--no-description field_description_below field_validation_below gfield_visibility_visible\"  data-js-reload=\"field_153_11\" ><label class='gfield_label gform-field-label' for='input_153_11'>Telefonn\u00ed \u010d\u00edslo<span class=\"gfield_required\"><span class=\"gfield_required gfield_required_asterisk\">*<\/span><\/span><\/label><div class='ginput_container ginput_container_phone'><input name='input_11' id='input_153_11' type='tel' value='' class='medium'   aria-required=\"true\" aria-invalid=\"false\"   \/><\/div><\/li><li id=\"field_153_12\" class=\"gfield gfield--type-textarea field_sublabel_below gfield--no-description field_description_below field_validation_below gfield_visibility_visible\"  data-js-reload=\"field_153_12\" ><label class='gfield_label gform-field-label' for='input_153_12'>Va\u0161e ot\u00e1zky nebo pozn\u00e1mky?<\/label><div class='ginput_container ginput_container_textarea'><textarea name='input_12' id='input_153_12' class='textarea medium'      aria-invalid=\"false\"   rows='10' cols='50'><\/textarea><\/div><\/li><li id=\"field_153_13\" class=\"gfield gfield--type-checkbox gfield--type-choice gfield_contains_required field_sublabel_below gfield--has-description field_description_below field_validation_below gfield_visibility_visible\"  data-js-reload=\"field_153_13\" ><label class='gfield_label gform-field-label gfield_label_before_complex' >Als u dit formulier wilt verzenden, moet u onze Privacyverklaring accepteren<span class=\"gfield_required\"><span class=\"gfield_required gfield_required_asterisk\">*<\/span><\/span><\/label><div class='ginput_container ginput_container_checkbox'><ul class='gfield_checkbox' id='input_153_13'><li class='gchoice gchoice_153_13_1'>\n\t\t\t\t\t\t\t\t<input class='gfield-choice-input' name='input_13.1' type='checkbox'  value='Accepteren'  id='choice_153_13_1'   aria-describedby=\"gfield_description_153_13\"\/>\n\t\t\t\t\t\t\t\t<label for='choice_153_13_1' id='label_153_13_1' class='gform-field-label gform-field-label--type-inline'>Accepteren<\/label>\n\t\t\t\t\t\t\t<\/li><\/ul><\/div><div class='gfield_description' id='gfield_description_153_13'><a href=\"#?cmplz_region_redirect=true\">Privacyverklaring<\/a><\/div><\/li><\/ul><\/div>\n        <div class='gform_footer top_label'> <input type='submit' id='gform_submit_button_153' class='gform_button button' value='Poslat'  onclick='if(window[\"gf_submitting_153\"]){return false;}  if( !jQuery(\"#gform_153\")[0].checkValidity || jQuery(\"#gform_153\")[0].checkValidity()){window[\"gf_submitting_153\"]=true;}  ' onkeypress='if( event.keyCode == 13 ){ if(window[\"gf_submitting_153\"]){return false;} if( !jQuery(\"#gform_153\")[0].checkValidity || jQuery(\"#gform_153\")[0].checkValidity()){window[\"gf_submitting_153\"]=true;}  jQuery(\"#gform_153\").trigger(\"submit\",[true]); }' \/> \n            <input type='hidden' class='gform_hidden' name='is_submit_153' value='1' \/>\n            <input type='hidden' class='gform_hidden' name='gform_submit' value='153' \/>\n            \n            <input type='hidden' class='gform_hidden' name='gform_unique_id' value='' \/>\n            <input type='hidden' class='gform_hidden' name='state_153' value='WyJbXSIsIjRkNTc2ZjU3Y2ZhOTE1Nzg1NDM0MWUzYzE3YzNkZjk2Il0=' \/>\n            <input type='hidden' class='gform_hidden' name='gform_target_page_number_153' id='gform_target_page_number_153' value='0' \/>\n            <input type='hidden' class='gform_hidden' name='gform_source_page_number_153' id='gform_source_page_number_153' value='1' \/>\n            <input type='hidden' name='gform_field_values' value='' \/>\n            \n        <\/div>\n                        <p style=\"display: none !important;\" class=\"akismet-fields-container\" data-prefix=\"ak_\"><label>&#916;<textarea name=\"ak_hp_textarea\" cols=\"45\" rows=\"8\" maxlength=\"100\"><\/textarea><\/label><input type=\"hidden\" id=\"ak_js_1\" name=\"ak_js\" value=\"162\"\/><script>document.getElementById( \"ak_js_1\" ).setAttribute( \"value\", ( new Date() ).getTime() );<\/script><\/p><\/form>\n                        <\/div><script>\ngform.initializeOnLoaded( function() {gformInitSpinner( 153, 'https:\/\/www.hoogendoorn.nl\/wp-content\/plugins\/gravityforms\/images\/spinner.svg', true );jQuery('#gform_ajax_frame_153').on('load',function(){var contents = jQuery(this).contents().find('*').html();var is_postback = contents.indexOf('GF_AJAX_POSTBACK') >= 0;if(!is_postback){return;}var form_content = jQuery(this).contents().find('#gform_wrapper_153');var is_confirmation = jQuery(this).contents().find('#gform_confirmation_wrapper_153').length > 0;var is_redirect = contents.indexOf('gformRedirect(){') >= 0;var is_form = form_content.length > 0 && ! is_redirect && ! is_confirmation;var mt = parseInt(jQuery('html').css('margin-top'), 10) + parseInt(jQuery('body').css('margin-top'), 10) + 100;if(is_form){jQuery('#gform_wrapper_153').html(form_content.html());if(form_content.hasClass('gform_validation_error')){jQuery('#gform_wrapper_153').addClass('gform_validation_error');} else {jQuery('#gform_wrapper_153').removeClass('gform_validation_error');}setTimeout( function() { \/* delay the scroll by 50 milliseconds to fix a bug in chrome *\/  }, 50 );if(window['gformInitDatepicker']) {gformInitDatepicker();}if(window['gformInitPriceFields']) {gformInitPriceFields();}var current_page = jQuery('#gform_source_page_number_153').val();gformInitSpinner( 153, 'https:\/\/www.hoogendoorn.nl\/wp-content\/plugins\/gravityforms\/images\/spinner.svg', true );jQuery(document).trigger('gform_page_loaded', [153, current_page]);window['gf_submitting_153'] = false;}else if(!is_redirect){var confirmation_content = jQuery(this).contents().find('.GF_AJAX_POSTBACK').html();if(!confirmation_content){confirmation_content = contents;}jQuery('#gform_wrapper_153').replaceWith(confirmation_content);jQuery(document).trigger('gform_confirmation_loaded', [153]);window['gf_submitting_153'] = false;wp.a11y.speak(jQuery('#gform_confirmation_message_153').text());}else{jQuery('#gform_153').append(contents);if(window['gformRedirect']) {gformRedirect();}}jQuery(document).trigger(\"gform_pre_post_render\", [{ formId: \"153\", currentPage: \"current_page\", abort: function() { this.preventDefault(); } }]);                if (event && event.defaultPrevented) {                return;         }        const gformWrapperDiv = document.getElementById( \"gform_wrapper_153\" );        if ( gformWrapperDiv ) {            const visibilitySpan = document.createElement( \"span\" );            visibilitySpan.id = \"gform_visibility_test_153\";            gformWrapperDiv.insertAdjacentElement( \"afterend\", visibilitySpan );        }        const visibilityTestDiv = document.getElementById( \"gform_visibility_test_153\" );        let postRenderFired = false;                function triggerPostRender() {            if ( postRenderFired ) {                return;            }            postRenderFired = true;            jQuery( document ).trigger( 'gform_post_render', [153, current_page] );            gform.utils.trigger( { event: 'gform\/postRender', native: false, data: { formId: 153, currentPage: current_page } } );            if ( visibilityTestDiv ) {                visibilityTestDiv.parentNode.removeChild( visibilityTestDiv );            }        }        function debounce( func, wait, immediate ) {            var timeout;            return function() {                var context = this, args = arguments;                var later = function() {                    timeout = null;                    if ( !immediate ) func.apply( context, args );                };                var callNow = immediate && !timeout;                clearTimeout( timeout );                timeout = setTimeout( later, wait );                if ( callNow ) func.apply( context, args );            };        }        const debouncedTriggerPostRender = debounce( function() {            triggerPostRender();        }, 200 );        if ( visibilityTestDiv && visibilityTestDiv.offsetParent === null ) {            const observer = new MutationObserver( ( mutations ) => {                mutations.forEach( ( mutation ) => {                    if ( mutation.type === 'attributes' && visibilityTestDiv.offsetParent !== null ) {                        debouncedTriggerPostRender();                        observer.disconnect();                    }                });            });            observer.observe( document.body, {                attributes: true,                childList: false,                subtree: true,                attributeFilter: [ 'style', 'class' ],            });        } else {            triggerPostRender();        }    } );} );\n<\/script>\n\n","protected":false},"excerpt":{"rendered":"<p>Pro\u010d se st\u00e1t partnerem Hoogerdoorn? Hoogendoorn Growth Management je nejdynami\u010dt\u011bj\u0161\u00edm producentem udr\u017eiteln\u00fdch \u0159e\u0161en\u00ed pro p\u011bstitelsk\u00fd trh. Za to vd\u011b\u010d\u00edme na\u0161im inovativn\u00edm v\u00fdrobk\u016fm a ob\u011btav\u00e9mu t\u00fdmu, &#8230;<\/p>\n<div class=\"item-read-more\">\n<p>        <a href=\"https:\/\/www.hoogendoorn.nl\/cs\/stante-se-nasim-partnerem\/\" style=\"font-weight: normal;\">\u010ct\u011bte v\u00edce<\/a><\/p><\/div>\n","protected":false},"author":101,"featured_media":0,"parent":0,"menu_order":0,"comment_status":"open","ping_status":"closed","template":"","meta":{"_acf_changed":false,"_et_pb_use_builder":"","_et_pb_old_content":"","_et_gb_content_width":"","_genesis_hide_title":false,"_genesis_hide_breadcrumbs":false,"_genesis_hide_singular_image":false,"_genesis_hide_footer_widgets":false,"_genesis_custom_body_class":"","_genesis_custom_post_class":"","_genesis_layout":"","footnotes":""},"class_list":{"0":"post-20183","1":"page","2":"type-page","3":"status-publish","5":"entry"},"acf":[],"yoast_head":"<!-- This site is optimized with the Yoast SEO plugin v26.6 - https:\/\/yoast.com\/wordpress\/plugins\/seo\/ -->\n<title>Sta\u0148te se na\u0161\u00edm partnerem - Hoogendoorn Growth Management<\/title>\n<meta name=\"description\" content=\"Hoogendoorn Growth Management je nejdynami\u010dt\u011bj\u0161\u00edm producentem udr\u017eiteln\u00fdch \u0159e\u0161en\u00ed pro p\u011bstitelsk\u00fd trh. P\u0159ipojte se k na\u0161\u00ed s\u00edti hoogendoorn.\" \/>\n<meta name=\"robots\" content=\"index, follow, max-snippet:-1, max-image-preview:large, max-video-preview:-1\" \/>\n<link rel=\"canonical\" href=\"https:\/\/www.hoogendoorn.nl\/cs\/stante-se-nasim-partnerem\/\" \/>\n<meta property=\"og:locale\" content=\"cs_CZ\" \/>\n<meta property=\"og:type\" content=\"article\" \/>\n<meta property=\"og:title\" content=\"Sta\u0148te se na\u0161\u00edm partnerem - Hoogendoorn Growth Management\" \/>\n<meta property=\"og:description\" content=\"Hoogendoorn Growth Management je nejdynami\u010dt\u011bj\u0161\u00edm producentem udr\u017eiteln\u00fdch \u0159e\u0161en\u00ed pro p\u011bstitelsk\u00fd trh. P\u0159ipojte se k na\u0161\u00ed s\u00edti hoogendoorn.\" \/>\n<meta property=\"og:url\" content=\"https:\/\/www.hoogendoorn.nl\/cs\/stante-se-nasim-partnerem\/\" \/>\n<meta property=\"og:site_name\" content=\"Hoogendoorn Growth Management\" \/>\n<meta property=\"article:modified_time\" content=\"2015-09-22T10:54:42+00:00\" \/>\n<meta name=\"twitter:label1\" content=\"Odhadovan\u00e1 doba \u010dten\u00ed\" \/>\n\t<meta name=\"twitter:data1\" content=\"1 minuta\" \/>\n<script type=\"application\/ld+json\" class=\"yoast-schema-graph\">{\"@context\":\"https:\/\/schema.org\",\"@graph\":[{\"@type\":\"WebPage\",\"@id\":\"https:\/\/www.hoogendoorn.nl\/cs\/stante-se-nasim-partnerem\/\",\"url\":\"https:\/\/www.hoogendoorn.nl\/cs\/stante-se-nasim-partnerem\/\",\"name\":\"Sta\u0148te se na\u0161\u00edm partnerem - Hoogendoorn Growth Management\",\"isPartOf\":{\"@id\":\"https:\/\/www.hoogendoorn.nl\/#website\"},\"datePublished\":\"2015-07-06T11:36:33+00:00\",\"dateModified\":\"2015-09-22T10:54:42+00:00\",\"description\":\"Hoogendoorn Growth Management je nejdynami\u010dt\u011bj\u0161\u00edm producentem udr\u017eiteln\u00fdch \u0159e\u0161en\u00ed pro p\u011bstitelsk\u00fd trh. P\u0159ipojte se k na\u0161\u00ed s\u00edti hoogendoorn.\",\"breadcrumb\":{\"@id\":\"https:\/\/www.hoogendoorn.nl\/cs\/stante-se-nasim-partnerem\/#breadcrumb\"},\"inLanguage\":\"cs\",\"potentialAction\":[{\"@type\":\"ReadAction\",\"target\":[\"https:\/\/www.hoogendoorn.nl\/cs\/stante-se-nasim-partnerem\/\"]}]},{\"@type\":\"BreadcrumbList\",\"@id\":\"https:\/\/www.hoogendoorn.nl\/cs\/stante-se-nasim-partnerem\/#breadcrumb\",\"itemListElement\":[{\"@type\":\"ListItem\",\"position\":1,\"name\":\"Home\",\"item\":\"https:\/\/www.hoogendoorn.nl\/cs\/\"},{\"@type\":\"ListItem\",\"position\":2,\"name\":\"Sta\u0148te se na\u0161\u00edm partnerem\"}]},{\"@type\":\"WebSite\",\"@id\":\"https:\/\/www.hoogendoorn.nl\/#website\",\"url\":\"https:\/\/www.hoogendoorn.nl\/\",\"name\":\"Hoogendoorn Growth Management\",\"description\":\"Wereldwijd duurzame tuinbouwoplossingen op maat\",\"potentialAction\":[{\"@type\":\"SearchAction\",\"target\":{\"@type\":\"EntryPoint\",\"urlTemplate\":\"https:\/\/www.hoogendoorn.nl\/?s={search_term_string}\"},\"query-input\":{\"@type\":\"PropertyValueSpecification\",\"valueRequired\":true,\"valueName\":\"search_term_string\"}}],\"inLanguage\":\"cs\"}]}<\/script>\n<!-- \/ Yoast SEO plugin. -->","yoast_head_json":{"title":"Sta\u0148te se na\u0161\u00edm partnerem - Hoogendoorn Growth Management","description":"Hoogendoorn Growth Management je nejdynami\u010dt\u011bj\u0161\u00edm producentem udr\u017eiteln\u00fdch \u0159e\u0161en\u00ed pro p\u011bstitelsk\u00fd trh. P\u0159ipojte se k na\u0161\u00ed s\u00edti hoogendoorn.","robots":{"index":"index","follow":"follow","max-snippet":"max-snippet:-1","max-image-preview":"max-image-preview:large","max-video-preview":"max-video-preview:-1"},"canonical":"https:\/\/www.hoogendoorn.nl\/cs\/stante-se-nasim-partnerem\/","og_locale":"cs_CZ","og_type":"article","og_title":"Sta\u0148te se na\u0161\u00edm partnerem - Hoogendoorn Growth Management","og_description":"Hoogendoorn Growth Management je nejdynami\u010dt\u011bj\u0161\u00edm producentem udr\u017eiteln\u00fdch \u0159e\u0161en\u00ed pro p\u011bstitelsk\u00fd trh. P\u0159ipojte se k na\u0161\u00ed s\u00edti hoogendoorn.","og_url":"https:\/\/www.hoogendoorn.nl\/cs\/stante-se-nasim-partnerem\/","og_site_name":"Hoogendoorn Growth Management","article_modified_time":"2015-09-22T10:54:42+00:00","twitter_misc":{"Odhadovan\u00e1 doba \u010dten\u00ed":"1 minuta"},"schema":{"@context":"https:\/\/schema.org","@graph":[{"@type":"WebPage","@id":"https:\/\/www.hoogendoorn.nl\/cs\/stante-se-nasim-partnerem\/","url":"https:\/\/www.hoogendoorn.nl\/cs\/stante-se-nasim-partnerem\/","name":"Sta\u0148te se na\u0161\u00edm partnerem - Hoogendoorn Growth Management","isPartOf":{"@id":"https:\/\/www.hoogendoorn.nl\/#website"},"datePublished":"2015-07-06T11:36:33+00:00","dateModified":"2015-09-22T10:54:42+00:00","description":"Hoogendoorn Growth Management je nejdynami\u010dt\u011bj\u0161\u00edm producentem udr\u017eiteln\u00fdch \u0159e\u0161en\u00ed pro p\u011bstitelsk\u00fd trh. P\u0159ipojte se k na\u0161\u00ed s\u00edti hoogendoorn.","breadcrumb":{"@id":"https:\/\/www.hoogendoorn.nl\/cs\/stante-se-nasim-partnerem\/#breadcrumb"},"inLanguage":"cs","potentialAction":[{"@type":"ReadAction","target":["https:\/\/www.hoogendoorn.nl\/cs\/stante-se-nasim-partnerem\/"]}]},{"@type":"BreadcrumbList","@id":"https:\/\/www.hoogendoorn.nl\/cs\/stante-se-nasim-partnerem\/#breadcrumb","itemListElement":[{"@type":"ListItem","position":1,"name":"Home","item":"https:\/\/www.hoogendoorn.nl\/cs\/"},{"@type":"ListItem","position":2,"name":"Sta\u0148te se na\u0161\u00edm partnerem"}]},{"@type":"WebSite","@id":"https:\/\/www.hoogendoorn.nl\/#website","url":"https:\/\/www.hoogendoorn.nl\/","name":"Hoogendoorn Growth Management","description":"Wereldwijd duurzame tuinbouwoplossingen op maat","potentialAction":[{"@type":"SearchAction","target":{"@type":"EntryPoint","urlTemplate":"https:\/\/www.hoogendoorn.nl\/?s={search_term_string}"},"query-input":{"@type":"PropertyValueSpecification","valueRequired":true,"valueName":"search_term_string"}}],"inLanguage":"cs"}]}},"_links":{"self":[{"href":"https:\/\/www.hoogendoorn.nl\/cs\/wp-json\/wp\/v2\/pages\/20183","targetHints":{"allow":["GET"]}}],"collection":[{"href":"https:\/\/www.hoogendoorn.nl\/cs\/wp-json\/wp\/v2\/pages"}],"about":[{"href":"https:\/\/www.hoogendoorn.nl\/cs\/wp-json\/wp\/v2\/types\/page"}],"author":[{"embeddable":true,"href":"https:\/\/www.hoogendoorn.nl\/cs\/wp-json\/wp\/v2\/users\/101"}],"replies":[{"embeddable":true,"href":"https:\/\/www.hoogendoorn.nl\/cs\/wp-json\/wp\/v2\/comments?post=20183"}],"version-history":[{"count":0,"href":"https:\/\/www.hoogendoorn.nl\/cs\/wp-json\/wp\/v2\/pages\/20183\/revisions"}],"wp:attachment":[{"href":"https:\/\/www.hoogendoorn.nl\/cs\/wp-json\/wp\/v2\/media?parent=20183"}],"curies":[{"name":"wp","href":"https:\/\/api.w.org\/{rel}","templated":true}]}}