{"id":20233,"date":"2015-07-07T08:18:31","date_gmt":"2015-07-07T08:18:31","guid":{"rendered":"http:\/\/nlhoog-salebaboe.savviihq.com\/?page_id=20233"},"modified":"2015-07-22T13:00:23","modified_gmt":"2015-07-22T13:00:23","slug":"modul-active-air-aktivni-vzduch","status":"publish","type":"page","link":"https:\/\/www.hoogendoorn.nl\/cs\/modul-active-air-aktivni-vzduch\/","title":{"rendered":"Modul: Active Air (aktivn\u00ed vzduch)"},"content":{"rendered":"<p><strong>Pro koho? <\/strong>Modul Active Air (aktivn\u00ed vzduch) je obzvl\u00e1\u0161t\u011b vhodn\u00fd pro p\u011bstitele s (polo)uzav\u0159en\u00fdmi sklen\u00edky. <strong>Pro\u010d pr\u00e1v\u011b modul Active air?<\/strong> Modul Active air v procesn\u00edm po\u010d\u00edta\u010di iSii Hoogendoornu v\u00e1m pom\u00e1h\u00e1 dos\u00e1hnout ide\u00e1ln\u00edho klimatu ve sklen\u00edku. Tento dopl\u0148kov\u00fd softwarov\u00fd modul kontroluje instalace, jako je cirkulace vzduchu horizont\u00e1ln\u00edmi a\/nebo vertik\u00e1ln\u00edmi v\u011btr\u00e1ky, tlakov\u00e9 v\u011btr\u00e1n\u00ed, odvlh\u010dov\u00e1n\u00ed pomoc\u00ed venkovn\u00edho vzduchu, zml\u017eov\u00e1n\u00ed, st\u0159e\u0161n\u00ed kropi\u010de, chlazen\u00ed a odvlh\u010dov\u00e1n\u00ed pomoc\u00ed klimatiza\u010dn\u00edch jednotek v (polo)uzav\u0159en\u00fdch sklen\u00edc\u00edch.<br \/>\nKrom\u011b toho Active air umo\u017e\u0148uje propojen\u00ed ovl\u00e1d\u00e1n\u00ed t\u011bchto za\u0159\u00edzen\u00ed se z\u00e1kladn\u00edmi funkcemi iSii, jako je vyt\u00e1p\u011bn\u00ed a v\u011btr\u00e1n\u00ed. Tento modul je zam\u011b\u0159en na propojen\u00ed a zjednodu\u0161en\u00ed; snadno se nastavuje a funguje jasn\u011b a p\u0159ehledn\u011b.<\/p>\n<p><strong>Active air ve stru\u010dnosti: <\/strong><\/p>\n<ul>\n<li>Optim\u00e1ln\u00ed kontrola nejr\u016fzn\u011bj\u0161\u00edch za\u0159\u00edzen\u00ed pou\u017e\u00edvan\u00fdch v (polo)uzav\u0159en\u00fdch sklen\u00edc\u00edch propojen\u00e1 se z\u00e1kladn\u00edmi funkcemi jako vyt\u00e1p\u011bn\u00ed a v\u011btr\u00e1n\u00ed<\/li>\n<li>Optim\u00e1ln\u00ed klima pro r\u016fst plodin<\/li>\n<li>Optim\u00e1ln\u00ed produkce a kvalita plodin<\/li>\n<li>Orientovan\u00fd na u\u017eivatele a \u0161et\u0159\u00edc\u00ed \u010das<\/li>\n<li>Efektivn\u00ed vyu\u017eit\u00ed energie a minimum emis\u00ed CO<sub>2<\/sub><\/li>\n<\/ul>\n<p><a class=\"button grey large\" href=\"https:\/\/www.hoogendoorn.nl\/cs\/product\/specialni-moduly-isii\/\/\">Zp\u011bt na moduly iSii <\/a> <a class=\"button red large\" href=\"https:\/\/www.hoogendoorn.nl\/cs\/kontakt\/poradenstvi\/\">Poradenstv\u00ed?<\/a><\/p>\n","protected":false},"excerpt":{"rendered":"<p>Pro koho? Modul Active Air (aktivn\u00ed vzduch) je obzvl\u00e1\u0161t\u011b vhodn\u00fd pro p\u011bstitele s (polo)uzav\u0159en\u00fdmi sklen\u00edky. Pro\u010d pr\u00e1v\u011b modul Active air? Modul Active air v procesn\u00edm &#8230;<\/p>\n<div class=\"item-read-more\">\n<p>        <a href=\"https:\/\/www.hoogendoorn.nl\/cs\/modul-active-air-aktivni-vzduch\/\" style=\"font-weight: normal;\">\u010ct\u011bte v\u00edce<\/a><\/p><\/div>\n","protected":false},"author":101,"featured_media":0,"parent":0,"menu_order":0,"comment_status":"open","ping_status":"open","template":"","meta":{"_acf_changed":false,"_et_pb_use_builder":"","_et_pb_old_content":"","_et_gb_content_width":"","_genesis_hide_title":false,"_genesis_hide_breadcrumbs":false,"_genesis_hide_singular_image":false,"_genesis_hide_footer_widgets":false,"_genesis_custom_body_class":"","_genesis_custom_post_class":"","_genesis_layout":"","footnotes":""},"class_list":{"0":"post-20233","1":"page","2":"type-page","3":"status-publish","5":"entry"},"acf":[],"yoast_head":"<!-- This site is optimized with the Yoast SEO plugin v26.6 - https:\/\/yoast.com\/wordpress\/plugins\/seo\/ -->\n<title>Modul: Active Air (aktivn\u00ed vzduch) - Hoogendoorn Growth Management<\/title>\n<meta name=\"description\" content=\"Modul Active air (aktivn\u00ed vzduch) v procesn\u00edm po\u010d\u00edta\u010di iSii Hoogendoornu v\u00e1m pom\u00e1h\u00e1 dos\u00e1hnout ide\u00e1ln\u00edho klimatu ve sklen\u00edku.\" \/>\n<meta name=\"robots\" content=\"index, follow, max-snippet:-1, max-image-preview:large, max-video-preview:-1\" \/>\n<link rel=\"canonical\" href=\"https:\/\/www.hoogendoorn.nl\/cs\/modul-active-air-aktivni-vzduch\/\" \/>\n<meta property=\"og:locale\" content=\"cs_CZ\" \/>\n<meta property=\"og:type\" content=\"article\" \/>\n<meta property=\"og:title\" content=\"Modul: Active Air (aktivn\u00ed vzduch) - Hoogendoorn Growth Management\" \/>\n<meta property=\"og:description\" content=\"Modul Active air (aktivn\u00ed vzduch) v procesn\u00edm po\u010d\u00edta\u010di iSii Hoogendoornu v\u00e1m pom\u00e1h\u00e1 dos\u00e1hnout ide\u00e1ln\u00edho klimatu ve sklen\u00edku.\" \/>\n<meta property=\"og:url\" content=\"https:\/\/www.hoogendoorn.nl\/cs\/modul-active-air-aktivni-vzduch\/\" \/>\n<meta property=\"og:site_name\" content=\"Hoogendoorn Growth Management\" \/>\n<meta property=\"article:modified_time\" content=\"2015-07-22T13:00:23+00:00\" \/>\n<meta name=\"twitter:label1\" content=\"Odhadovan\u00e1 doba \u010dten\u00ed\" \/>\n\t<meta name=\"twitter:data1\" content=\"1 minuta\" \/>\n<script type=\"application\/ld+json\" class=\"yoast-schema-graph\">{\"@context\":\"https:\/\/schema.org\",\"@graph\":[{\"@type\":\"WebPage\",\"@id\":\"https:\/\/www.hoogendoorn.nl\/cs\/modul-active-air-aktivni-vzduch\/\",\"url\":\"https:\/\/www.hoogendoorn.nl\/cs\/modul-active-air-aktivni-vzduch\/\",\"name\":\"Modul: Active Air (aktivn\u00ed vzduch) - Hoogendoorn Growth Management\",\"isPartOf\":{\"@id\":\"https:\/\/www.hoogendoorn.nl\/#website\"},\"datePublished\":\"2015-07-07T08:18:31+00:00\",\"dateModified\":\"2015-07-22T13:00:23+00:00\",\"description\":\"Modul Active air (aktivn\u00ed vzduch) v procesn\u00edm po\u010d\u00edta\u010di iSii Hoogendoornu v\u00e1m pom\u00e1h\u00e1 dos\u00e1hnout ide\u00e1ln\u00edho klimatu ve sklen\u00edku.\",\"breadcrumb\":{\"@id\":\"https:\/\/www.hoogendoorn.nl\/cs\/modul-active-air-aktivni-vzduch\/#breadcrumb\"},\"inLanguage\":\"cs\",\"potentialAction\":[{\"@type\":\"ReadAction\",\"target\":[\"https:\/\/www.hoogendoorn.nl\/cs\/modul-active-air-aktivni-vzduch\/\"]}]},{\"@type\":\"BreadcrumbList\",\"@id\":\"https:\/\/www.hoogendoorn.nl\/cs\/modul-active-air-aktivni-vzduch\/#breadcrumb\",\"itemListElement\":[{\"@type\":\"ListItem\",\"position\":1,\"name\":\"Home\",\"item\":\"https:\/\/www.hoogendoorn.nl\/cs\/\"},{\"@type\":\"ListItem\",\"position\":2,\"name\":\"Modul: Active Air (aktivn\u00ed vzduch)\"}]},{\"@type\":\"WebSite\",\"@id\":\"https:\/\/www.hoogendoorn.nl\/#website\",\"url\":\"https:\/\/www.hoogendoorn.nl\/\",\"name\":\"Hoogendoorn Growth Management\",\"description\":\"Wereldwijd duurzame tuinbouwoplossingen op maat\",\"potentialAction\":[{\"@type\":\"SearchAction\",\"target\":{\"@type\":\"EntryPoint\",\"urlTemplate\":\"https:\/\/www.hoogendoorn.nl\/?s={search_term_string}\"},\"query-input\":{\"@type\":\"PropertyValueSpecification\",\"valueRequired\":true,\"valueName\":\"search_term_string\"}}],\"inLanguage\":\"cs\"}]}<\/script>\n<!-- \/ Yoast SEO plugin. -->","yoast_head_json":{"title":"Modul: Active Air (aktivn\u00ed vzduch) - Hoogendoorn Growth Management","description":"Modul Active air (aktivn\u00ed vzduch) v procesn\u00edm po\u010d\u00edta\u010di iSii Hoogendoornu v\u00e1m pom\u00e1h\u00e1 dos\u00e1hnout ide\u00e1ln\u00edho klimatu ve sklen\u00edku.","robots":{"index":"index","follow":"follow","max-snippet":"max-snippet:-1","max-image-preview":"max-image-preview:large","max-video-preview":"max-video-preview:-1"},"canonical":"https:\/\/www.hoogendoorn.nl\/cs\/modul-active-air-aktivni-vzduch\/","og_locale":"cs_CZ","og_type":"article","og_title":"Modul: Active Air (aktivn\u00ed vzduch) - Hoogendoorn Growth Management","og_description":"Modul Active air (aktivn\u00ed vzduch) v procesn\u00edm po\u010d\u00edta\u010di iSii Hoogendoornu v\u00e1m pom\u00e1h\u00e1 dos\u00e1hnout ide\u00e1ln\u00edho klimatu ve sklen\u00edku.","og_url":"https:\/\/www.hoogendoorn.nl\/cs\/modul-active-air-aktivni-vzduch\/","og_site_name":"Hoogendoorn Growth Management","article_modified_time":"2015-07-22T13:00:23+00:00","twitter_misc":{"Odhadovan\u00e1 doba \u010dten\u00ed":"1 minuta"},"schema":{"@context":"https:\/\/schema.org","@graph":[{"@type":"WebPage","@id":"https:\/\/www.hoogendoorn.nl\/cs\/modul-active-air-aktivni-vzduch\/","url":"https:\/\/www.hoogendoorn.nl\/cs\/modul-active-air-aktivni-vzduch\/","name":"Modul: Active Air (aktivn\u00ed vzduch) - Hoogendoorn Growth Management","isPartOf":{"@id":"https:\/\/www.hoogendoorn.nl\/#website"},"datePublished":"2015-07-07T08:18:31+00:00","dateModified":"2015-07-22T13:00:23+00:00","description":"Modul Active air (aktivn\u00ed vzduch) v procesn\u00edm po\u010d\u00edta\u010di iSii Hoogendoornu v\u00e1m pom\u00e1h\u00e1 dos\u00e1hnout ide\u00e1ln\u00edho klimatu ve sklen\u00edku.","breadcrumb":{"@id":"https:\/\/www.hoogendoorn.nl\/cs\/modul-active-air-aktivni-vzduch\/#breadcrumb"},"inLanguage":"cs","potentialAction":[{"@type":"ReadAction","target":["https:\/\/www.hoogendoorn.nl\/cs\/modul-active-air-aktivni-vzduch\/"]}]},{"@type":"BreadcrumbList","@id":"https:\/\/www.hoogendoorn.nl\/cs\/modul-active-air-aktivni-vzduch\/#breadcrumb","itemListElement":[{"@type":"ListItem","position":1,"name":"Home","item":"https:\/\/www.hoogendoorn.nl\/cs\/"},{"@type":"ListItem","position":2,"name":"Modul: Active Air (aktivn\u00ed vzduch)"}]},{"@type":"WebSite","@id":"https:\/\/www.hoogendoorn.nl\/#website","url":"https:\/\/www.hoogendoorn.nl\/","name":"Hoogendoorn Growth Management","description":"Wereldwijd duurzame tuinbouwoplossingen op maat","potentialAction":[{"@type":"SearchAction","target":{"@type":"EntryPoint","urlTemplate":"https:\/\/www.hoogendoorn.nl\/?s={search_term_string}"},"query-input":{"@type":"PropertyValueSpecification","valueRequired":true,"valueName":"search_term_string"}}],"inLanguage":"cs"}]}},"_links":{"self":[{"href":"https:\/\/www.hoogendoorn.nl\/cs\/wp-json\/wp\/v2\/pages\/20233","targetHints":{"allow":["GET"]}}],"collection":[{"href":"https:\/\/www.hoogendoorn.nl\/cs\/wp-json\/wp\/v2\/pages"}],"about":[{"href":"https:\/\/www.hoogendoorn.nl\/cs\/wp-json\/wp\/v2\/types\/page"}],"author":[{"embeddable":true,"href":"https:\/\/www.hoogendoorn.nl\/cs\/wp-json\/wp\/v2\/users\/101"}],"replies":[{"embeddable":true,"href":"https:\/\/www.hoogendoorn.nl\/cs\/wp-json\/wp\/v2\/comments?post=20233"}],"version-history":[{"count":0,"href":"https:\/\/www.hoogendoorn.nl\/cs\/wp-json\/wp\/v2\/pages\/20233\/revisions"}],"wp:attachment":[{"href":"https:\/\/www.hoogendoorn.nl\/cs\/wp-json\/wp\/v2\/media?parent=20233"}],"curies":[{"name":"wp","href":"https:\/\/api.w.org\/{rel}","templated":true}]}}