{"id":20237,"date":"2015-07-07T08:29:32","date_gmt":"2015-07-07T08:29:32","guid":{"rendered":"http:\/\/nlhoog-salebaboe.savviihq.com\/?page_id=20237"},"modified":"2015-07-22T13:31:48","modified_gmt":"2015-07-22T13:31:48","slug":"modul-ovladani-par","status":"publish","type":"page","link":"https:\/\/www.hoogendoorn.nl\/cs\/modul-ovladani-par\/","title":{"rendered":"Modul: ovl\u00e1d\u00e1n\u00ed PAR"},"content":{"rendered":"<p><strong>Co je PAR? <\/strong>PAR (Fotosyntetick\u00e1 aktivn\u00ed radiace) se skl\u00e1d\u00e1 z t\u00e9 \u010d\u00e1sti sv\u011bteln\u00e9ho spektra (slune\u010dn\u00edho a\/nebo um\u011bl\u00e9ho), d\u00edky n\u011bmu\u017e rostliny rostou. <strong>Pro koho? <\/strong>PAR Control doporu\u010dujeme p\u011bstitel\u016fm, kte\u0159\u00ed cht\u011bj\u00ed p\u0159izp\u016fsobit mno\u017estv\u00ed PAR sv\u011btla pot\u0159eb\u00e1m a r\u016fstov\u00e9 kapacit\u011b sv\u00fdch rostlin. Tento modul v\u00e1m pom\u00e1h\u00e1 optimalizovat r\u016fst a zabr\u00e1nit po\u0161kozen\u00ed sv\u011btlem. <strong>Pro\u010d modul PAR control?<\/strong> Pravideln\u00e1 kontrola clony otev\u00edr\u00e1 a zav\u00edr\u00e1 st\u00ednov\u00e9 clony v z\u00e1vislosti na mno\u017estv\u00ed slune\u010dn\u00edho z\u00e1\u0159en\u00ed nam\u011b\u0159en\u00e9ho mimo sklen\u00edk. V\u00fdsledkem je, \u017ee st\u00ednov\u00e9 clony, a t\u00edm i intenzita PAR, kter\u00e1 p\u016fsob\u00ed na rostliny, jsou ovl\u00e1d\u00e1ny v rozmez\u00ed relativn\u011b velk\u00fdch okrajov\u00fdch hodnot. Pro v\u011bt\u0161inu plodin, jako je zelenina a ovoce, je to dosta\u010duj\u00edc\u00ed. Av\u0161ak n\u011bkter\u00e9 druhy plodin, nap\u0159. orchideje nebo chrostokv\u011bty, vy\u017eaduj\u00ed precizn\u011bj\u0161\u00ed postup. Softwarov\u00fd modul PAR control umo\u017e\u0148uje citliv\u00e9 nastaven\u00ed ovl\u00e1d\u00e1n\u00ed polohy st\u00ednov\u00e9 clony v z\u00e1vislosti na m\u011b\u0159en\u00ed PAR vedle pobl\u00ed\u017e rostlin. T\u00edm se umo\u017e\u0148uje p\u0159esn\u00e9 nastaven\u00ed intenzity PAR podle pot\u0159eb dan\u00fdch rostlin. <strong>PAR control ve stru\u010dnosti: <\/strong><\/p>\n<ul>\n<li>Optim\u00e1ln\u00ed kontrola sv\u011btla PAR podle pot\u0159eb rostlin<\/li>\n<li>Optim\u00e1ln\u00ed produkce a kvalita plodin<\/li>\n<li>Orientovan\u00e9 na u\u017eivatele a \u0161et\u0159\u00edc\u00ed \u010das<\/li>\n<\/ul>\n<p><em>*Pro zakoupen\u00ed tohoto modulu jsou zapot\u0159eb\u00ed PAR sensor a PAR crop control.<\/em> <a class=\"button grey large\" href=\"https:\/\/www.hoogendoorn.nl\/cs\/product\/specialni-moduly-isii\/\">Zp\u011bt na moduly iSii <\/a> <a class=\"button red large\" href=\"https:\/\/www.hoogendoorn.nl\/cs\/kontakt\/poradenstvi\/\">Poradenstv\u00ed?<\/a><\/p>\n","protected":false},"excerpt":{"rendered":"<p>Co je PAR? PAR (Fotosyntetick\u00e1 aktivn\u00ed radiace) se skl\u00e1d\u00e1 z t\u00e9 \u010d\u00e1sti sv\u011bteln\u00e9ho spektra (slune\u010dn\u00edho a\/nebo um\u011bl\u00e9ho), d\u00edky n\u011bmu\u017e rostliny rostou. Pro koho? PAR Control &#8230;<\/p>\n<div class=\"item-read-more\">\n<p>        <a href=\"https:\/\/www.hoogendoorn.nl\/cs\/modul-ovladani-par\/\" style=\"font-weight: normal;\">\u010ct\u011bte v\u00edce<\/a><\/p><\/div>\n","protected":false},"author":101,"featured_media":0,"parent":0,"menu_order":0,"comment_status":"open","ping_status":"open","template":"","meta":{"_acf_changed":false,"_et_pb_use_builder":"","_et_pb_old_content":"","_et_gb_content_width":"","_genesis_hide_title":false,"_genesis_hide_breadcrumbs":false,"_genesis_hide_singular_image":false,"_genesis_hide_footer_widgets":false,"_genesis_custom_body_class":"","_genesis_custom_post_class":"","_genesis_layout":"","footnotes":""},"class_list":{"0":"post-20237","1":"page","2":"type-page","3":"status-publish","5":"entry"},"acf":[],"yoast_head":"<!-- This site is optimized with the Yoast SEO plugin v26.6 - https:\/\/yoast.com\/wordpress\/plugins\/seo\/ -->\n<title>Modul: ovl\u00e1d\u00e1n\u00ed PAR - Hoogendoorn Growth Management<\/title>\n<meta name=\"description\" content=\"Modul: ovl\u00e1d\u00e1n\u00ed PAR. PAR Control doporu\u010dujeme p\u011bstitel\u016fm, kte\u0159\u00ed cht\u011bj\u00ed p\u0159izp\u016fsobit mno\u017estv\u00ed PAR sv\u011btla pot\u0159eb\u00e1m a r\u016fstov\u00e9 kapacit\u011b sv\u00fdch rostlin.\" \/>\n<meta name=\"robots\" content=\"index, follow, max-snippet:-1, max-image-preview:large, max-video-preview:-1\" \/>\n<link rel=\"canonical\" href=\"https:\/\/www.hoogendoorn.nl\/cs\/modul-ovladani-par\/\" \/>\n<meta property=\"og:locale\" content=\"cs_CZ\" \/>\n<meta property=\"og:type\" content=\"article\" \/>\n<meta property=\"og:title\" content=\"Modul: ovl\u00e1d\u00e1n\u00ed PAR - Hoogendoorn Growth Management\" \/>\n<meta property=\"og:description\" content=\"Modul: ovl\u00e1d\u00e1n\u00ed PAR. PAR Control doporu\u010dujeme p\u011bstitel\u016fm, kte\u0159\u00ed cht\u011bj\u00ed p\u0159izp\u016fsobit mno\u017estv\u00ed PAR sv\u011btla pot\u0159eb\u00e1m a r\u016fstov\u00e9 kapacit\u011b sv\u00fdch rostlin.\" \/>\n<meta property=\"og:url\" content=\"https:\/\/www.hoogendoorn.nl\/cs\/modul-ovladani-par\/\" \/>\n<meta property=\"og:site_name\" content=\"Hoogendoorn Growth Management\" \/>\n<meta property=\"article:modified_time\" content=\"2015-07-22T13:31:48+00:00\" \/>\n<meta name=\"twitter:label1\" content=\"Odhadovan\u00e1 doba \u010dten\u00ed\" \/>\n\t<meta name=\"twitter:data1\" content=\"1 minuta\" \/>\n<script type=\"application\/ld+json\" class=\"yoast-schema-graph\">{\"@context\":\"https:\/\/schema.org\",\"@graph\":[{\"@type\":\"WebPage\",\"@id\":\"https:\/\/www.hoogendoorn.nl\/cs\/modul-ovladani-par\/\",\"url\":\"https:\/\/www.hoogendoorn.nl\/cs\/modul-ovladani-par\/\",\"name\":\"Modul: ovl\u00e1d\u00e1n\u00ed PAR - Hoogendoorn Growth Management\",\"isPartOf\":{\"@id\":\"https:\/\/www.hoogendoorn.nl\/#website\"},\"datePublished\":\"2015-07-07T08:29:32+00:00\",\"dateModified\":\"2015-07-22T13:31:48+00:00\",\"description\":\"Modul: ovl\u00e1d\u00e1n\u00ed PAR. PAR Control doporu\u010dujeme p\u011bstitel\u016fm, kte\u0159\u00ed cht\u011bj\u00ed p\u0159izp\u016fsobit mno\u017estv\u00ed PAR sv\u011btla pot\u0159eb\u00e1m a r\u016fstov\u00e9 kapacit\u011b sv\u00fdch rostlin.\",\"breadcrumb\":{\"@id\":\"https:\/\/www.hoogendoorn.nl\/cs\/modul-ovladani-par\/#breadcrumb\"},\"inLanguage\":\"cs\",\"potentialAction\":[{\"@type\":\"ReadAction\",\"target\":[\"https:\/\/www.hoogendoorn.nl\/cs\/modul-ovladani-par\/\"]}]},{\"@type\":\"BreadcrumbList\",\"@id\":\"https:\/\/www.hoogendoorn.nl\/cs\/modul-ovladani-par\/#breadcrumb\",\"itemListElement\":[{\"@type\":\"ListItem\",\"position\":1,\"name\":\"Home\",\"item\":\"https:\/\/www.hoogendoorn.nl\/cs\/\"},{\"@type\":\"ListItem\",\"position\":2,\"name\":\"Modul: ovl\u00e1d\u00e1n\u00ed PAR\"}]},{\"@type\":\"WebSite\",\"@id\":\"https:\/\/www.hoogendoorn.nl\/#website\",\"url\":\"https:\/\/www.hoogendoorn.nl\/\",\"name\":\"Hoogendoorn Growth Management\",\"description\":\"Wereldwijd duurzame tuinbouwoplossingen op maat\",\"potentialAction\":[{\"@type\":\"SearchAction\",\"target\":{\"@type\":\"EntryPoint\",\"urlTemplate\":\"https:\/\/www.hoogendoorn.nl\/?s={search_term_string}\"},\"query-input\":{\"@type\":\"PropertyValueSpecification\",\"valueRequired\":true,\"valueName\":\"search_term_string\"}}],\"inLanguage\":\"cs\"}]}<\/script>\n<!-- \/ Yoast SEO plugin. -->","yoast_head_json":{"title":"Modul: ovl\u00e1d\u00e1n\u00ed PAR - Hoogendoorn Growth Management","description":"Modul: ovl\u00e1d\u00e1n\u00ed PAR. PAR Control doporu\u010dujeme p\u011bstitel\u016fm, kte\u0159\u00ed cht\u011bj\u00ed p\u0159izp\u016fsobit mno\u017estv\u00ed PAR sv\u011btla pot\u0159eb\u00e1m a r\u016fstov\u00e9 kapacit\u011b sv\u00fdch rostlin.","robots":{"index":"index","follow":"follow","max-snippet":"max-snippet:-1","max-image-preview":"max-image-preview:large","max-video-preview":"max-video-preview:-1"},"canonical":"https:\/\/www.hoogendoorn.nl\/cs\/modul-ovladani-par\/","og_locale":"cs_CZ","og_type":"article","og_title":"Modul: ovl\u00e1d\u00e1n\u00ed PAR - Hoogendoorn Growth Management","og_description":"Modul: ovl\u00e1d\u00e1n\u00ed PAR. PAR Control doporu\u010dujeme p\u011bstitel\u016fm, kte\u0159\u00ed cht\u011bj\u00ed p\u0159izp\u016fsobit mno\u017estv\u00ed PAR sv\u011btla pot\u0159eb\u00e1m a r\u016fstov\u00e9 kapacit\u011b sv\u00fdch rostlin.","og_url":"https:\/\/www.hoogendoorn.nl\/cs\/modul-ovladani-par\/","og_site_name":"Hoogendoorn Growth Management","article_modified_time":"2015-07-22T13:31:48+00:00","twitter_misc":{"Odhadovan\u00e1 doba \u010dten\u00ed":"1 minuta"},"schema":{"@context":"https:\/\/schema.org","@graph":[{"@type":"WebPage","@id":"https:\/\/www.hoogendoorn.nl\/cs\/modul-ovladani-par\/","url":"https:\/\/www.hoogendoorn.nl\/cs\/modul-ovladani-par\/","name":"Modul: ovl\u00e1d\u00e1n\u00ed PAR - Hoogendoorn Growth Management","isPartOf":{"@id":"https:\/\/www.hoogendoorn.nl\/#website"},"datePublished":"2015-07-07T08:29:32+00:00","dateModified":"2015-07-22T13:31:48+00:00","description":"Modul: ovl\u00e1d\u00e1n\u00ed PAR. PAR Control doporu\u010dujeme p\u011bstitel\u016fm, kte\u0159\u00ed cht\u011bj\u00ed p\u0159izp\u016fsobit mno\u017estv\u00ed PAR sv\u011btla pot\u0159eb\u00e1m a r\u016fstov\u00e9 kapacit\u011b sv\u00fdch rostlin.","breadcrumb":{"@id":"https:\/\/www.hoogendoorn.nl\/cs\/modul-ovladani-par\/#breadcrumb"},"inLanguage":"cs","potentialAction":[{"@type":"ReadAction","target":["https:\/\/www.hoogendoorn.nl\/cs\/modul-ovladani-par\/"]}]},{"@type":"BreadcrumbList","@id":"https:\/\/www.hoogendoorn.nl\/cs\/modul-ovladani-par\/#breadcrumb","itemListElement":[{"@type":"ListItem","position":1,"name":"Home","item":"https:\/\/www.hoogendoorn.nl\/cs\/"},{"@type":"ListItem","position":2,"name":"Modul: ovl\u00e1d\u00e1n\u00ed PAR"}]},{"@type":"WebSite","@id":"https:\/\/www.hoogendoorn.nl\/#website","url":"https:\/\/www.hoogendoorn.nl\/","name":"Hoogendoorn Growth Management","description":"Wereldwijd duurzame tuinbouwoplossingen op maat","potentialAction":[{"@type":"SearchAction","target":{"@type":"EntryPoint","urlTemplate":"https:\/\/www.hoogendoorn.nl\/?s={search_term_string}"},"query-input":{"@type":"PropertyValueSpecification","valueRequired":true,"valueName":"search_term_string"}}],"inLanguage":"cs"}]}},"_links":{"self":[{"href":"https:\/\/www.hoogendoorn.nl\/cs\/wp-json\/wp\/v2\/pages\/20237","targetHints":{"allow":["GET"]}}],"collection":[{"href":"https:\/\/www.hoogendoorn.nl\/cs\/wp-json\/wp\/v2\/pages"}],"about":[{"href":"https:\/\/www.hoogendoorn.nl\/cs\/wp-json\/wp\/v2\/types\/page"}],"author":[{"embeddable":true,"href":"https:\/\/www.hoogendoorn.nl\/cs\/wp-json\/wp\/v2\/users\/101"}],"replies":[{"embeddable":true,"href":"https:\/\/www.hoogendoorn.nl\/cs\/wp-json\/wp\/v2\/comments?post=20237"}],"version-history":[{"count":0,"href":"https:\/\/www.hoogendoorn.nl\/cs\/wp-json\/wp\/v2\/pages\/20237\/revisions"}],"wp:attachment":[{"href":"https:\/\/www.hoogendoorn.nl\/cs\/wp-json\/wp\/v2\/media?parent=20237"}],"curies":[{"name":"wp","href":"https:\/\/api.w.org\/{rel}","templated":true}]}}