{"id":20240,"date":"2015-07-07T08:45:16","date_gmt":"2015-07-07T08:45:16","guid":{"rendered":"http:\/\/nlhoog-salebaboe.savviihq.com\/?page_id=20240"},"modified":"2015-07-22T13:03:25","modified_gmt":"2015-07-22T13:03:25","slug":"modul-co2","status":"publish","type":"page","link":"https:\/\/www.hoogendoorn.nl\/cs\/modul-co2\/","title":{"rendered":"Modul: CO<sub>2<\/sub>"},"content":{"rendered":"<p><strong>Pro koho?<\/strong> Modul CO<sub>2<\/sub> se doporu\u010duje p\u011bstitel\u016fm, kte\u0159\u00ed cht\u011bj\u00ed co nej\u00fa\u010dinn\u011bji kontrolovat zdroje CO<sub>2<\/sub>. Obzvl\u00e1\u0161t\u011b v p\u0159\u00edpad\u011b v\u00edcen\u00e1sobn\u00fdch sklen\u00edk\u016f a odd\u011blen\u00ed, kde se nach\u00e1z\u00ed v\u00edcero zdroj\u016f CO<sub>2<\/sub>, je modul v\u00fdrazn\u00fdm benefitem. <strong>Pro\u010d modul CO<sub>2<\/sub>?<\/strong> Modul CO<sub>2<\/sub> pom\u00e1h\u00e1 dos\u00e1hnout maxim\u00e1ln\u00ed n\u00e1vratnosti investic s pomoc\u00ed aktivn\u00edho CO<sub>2<\/sub>, kter\u00fd se rozptyluje ve sklen\u00edku. Modul odd\u011bluje aktivn\u00ed CO<sub>2<\/sub> od nap\u0159. kotl\u016f a dal\u0161\u00edch zdroj\u016f, p\u0159izp\u016fsoben\u00fdch podm\u00ednk\u00e1m r\u016fstu. Va\u0161e plodiny dost\u00e1vaj\u00ed takov\u00e9 mno\u017estv\u00ed CO<sub>2<\/sub>, jak\u00e9 pot\u0159ebuj\u00ed, co\u017e se m\u016f\u017ee v z\u00e1vislosti na typu plodiny li\u0161it. Z\u00e1vis\u00ed to na nap\u0159. mno\u017estv\u00ed slune\u010dn\u00edho z\u00e1\u0159en\u00ed, typu plodiny a f\u00e1zi r\u016fstu. Mno\u017estv\u00ed d\u00e1vkovan\u00e9ho CO<sub>2<\/sub> se vyjad\u0159uje v kg\/ha\/hodina, co\u017e umo\u017e\u0148uje p\u0159esnou a kontrolovanou distribuci CO<sub>2<\/sub>.<br \/>\nTo p\u0159isp\u00edv\u00e1 k vy\u0161\u0161\u00ed produkci a m\u00e9n\u011b odpadn\u00edho CO<sub>2<\/sub>. S modulem CO<sub>2<\/sub> jste zcela p\u0159ipraveni na precizn\u00ed a efektivn\u00ed strategii d\u00e1vkov\u00e1n\u00ed.<br \/>\n<strong>CO<sub>2 <\/sub>Modul CO<sub>2<\/sub> ve stru\u010dnosti: <\/strong><\/p>\n<ul>\n<li>Optim\u00e1ln\u00ed distribuce CO<sub>2<\/sub> z r\u016fzn\u00fdch zdroj\u016f ve sklen\u00edc\u00edch a odd\u011blen\u00edch<\/li>\n<li>D\u00e1vkov\u00e1n\u00ed CO<sub>2<\/sub> nastaveno dle pot\u0159eb rostliny<\/li>\n<li>Optim\u00e1ln\u00ed produkce a kvalita plodin<\/li>\n<li>Orientovan\u00e9 na u\u017eivatele a \u0161et\u0159\u00edc\u00ed \u010das<\/li>\n<li>Aktivn\u00ed CO<sub>2<\/sub> se b\u011bhem dne rovnom\u011brn\u011b distribuuje v kombinaci s akumulac\u00ed tepla<\/li>\n<\/ul>\n<p><a class=\"button grey large\" href=\"https:\/\/www.hoogendoorn.nl\/cs\/product\/specialni-moduly-isii\/\">Zp\u011bt na moduly iSii <\/a> <a class=\"button red large\" href=\"https:\/\/www.hoogendoorn.nl\/cs\/kontakt\/poradenstvi\/\">Poradenstv\u00ed?<\/a><\/p>\n","protected":false},"excerpt":{"rendered":"<p>Pro koho? Modul CO2 se doporu\u010duje p\u011bstitel\u016fm, kte\u0159\u00ed cht\u011bj\u00ed co nej\u00fa\u010dinn\u011bji kontrolovat zdroje CO2. Obzvl\u00e1\u0161t\u011b v p\u0159\u00edpad\u011b v\u00edcen\u00e1sobn\u00fdch sklen\u00edk\u016f a odd\u011blen\u00ed, kde se nach\u00e1z\u00ed v\u00edcero &#8230;<\/p>\n<div class=\"item-read-more\">\n<p>        <a href=\"https:\/\/www.hoogendoorn.nl\/cs\/modul-co2\/\" style=\"font-weight: normal;\">\u010ct\u011bte v\u00edce<\/a><\/p><\/div>\n","protected":false},"author":101,"featured_media":0,"parent":0,"menu_order":0,"comment_status":"open","ping_status":"open","template":"","meta":{"_acf_changed":false,"_et_pb_use_builder":"","_et_pb_old_content":"","_et_gb_content_width":"","_genesis_hide_title":false,"_genesis_hide_breadcrumbs":false,"_genesis_hide_singular_image":false,"_genesis_hide_footer_widgets":false,"_genesis_custom_body_class":"","_genesis_custom_post_class":"","_genesis_layout":"","footnotes":""},"class_list":{"0":"post-20240","1":"page","2":"type-page","3":"status-publish","5":"entry"},"acf":[],"yoast_head":"<!-- This site is optimized with the Yoast SEO plugin v26.6 - https:\/\/yoast.com\/wordpress\/plugins\/seo\/ -->\n<title>Modul: CO2 - Hoogendoorn Growth Management<\/title>\n<meta name=\"robots\" content=\"index, follow, max-snippet:-1, max-image-preview:large, max-video-preview:-1\" \/>\n<link rel=\"canonical\" href=\"https:\/\/www.hoogendoorn.nl\/cs\/modul-co2\/\" \/>\n<meta property=\"og:locale\" content=\"cs_CZ\" \/>\n<meta property=\"og:type\" content=\"article\" \/>\n<meta property=\"og:title\" content=\"Modul: CO2 - Hoogendoorn Growth Management\" \/>\n<meta property=\"og:description\" content=\"Pro koho? Modul CO2 se doporu\u010duje p\u011bstitel\u016fm, kte\u0159\u00ed cht\u011bj\u00ed co nej\u00fa\u010dinn\u011bji kontrolovat zdroje CO2. Obzvl\u00e1\u0161t\u011b v p\u0159\u00edpad\u011b v\u00edcen\u00e1sobn\u00fdch sklen\u00edk\u016f a odd\u011blen\u00ed, kde se nach\u00e1z\u00ed v\u00edcero ...        \u010ct\u011bte v\u00edce\" \/>\n<meta property=\"og:url\" content=\"https:\/\/www.hoogendoorn.nl\/cs\/modul-co2\/\" \/>\n<meta property=\"og:site_name\" content=\"Hoogendoorn Growth Management\" \/>\n<meta property=\"article:modified_time\" content=\"2015-07-22T13:03:25+00:00\" \/>\n<meta name=\"twitter:label1\" content=\"Odhadovan\u00e1 doba \u010dten\u00ed\" \/>\n\t<meta name=\"twitter:data1\" content=\"1 minuta\" \/>\n<script type=\"application\/ld+json\" class=\"yoast-schema-graph\">{\"@context\":\"https:\/\/schema.org\",\"@graph\":[{\"@type\":\"WebPage\",\"@id\":\"https:\/\/www.hoogendoorn.nl\/cs\/modul-co2\/\",\"url\":\"https:\/\/www.hoogendoorn.nl\/cs\/modul-co2\/\",\"name\":\"Modul: CO2 - Hoogendoorn Growth Management\",\"isPartOf\":{\"@id\":\"https:\/\/www.hoogendoorn.nl\/#website\"},\"datePublished\":\"2015-07-07T08:45:16+00:00\",\"dateModified\":\"2015-07-22T13:03:25+00:00\",\"breadcrumb\":{\"@id\":\"https:\/\/www.hoogendoorn.nl\/cs\/modul-co2\/#breadcrumb\"},\"inLanguage\":\"cs\",\"potentialAction\":[{\"@type\":\"ReadAction\",\"target\":[\"https:\/\/www.hoogendoorn.nl\/cs\/modul-co2\/\"]}]},{\"@type\":\"BreadcrumbList\",\"@id\":\"https:\/\/www.hoogendoorn.nl\/cs\/modul-co2\/#breadcrumb\",\"itemListElement\":[{\"@type\":\"ListItem\",\"position\":1,\"name\":\"Home\",\"item\":\"https:\/\/www.hoogendoorn.nl\/cs\/\"},{\"@type\":\"ListItem\",\"position\":2,\"name\":\"Modul: CO2\"}]},{\"@type\":\"WebSite\",\"@id\":\"https:\/\/www.hoogendoorn.nl\/#website\",\"url\":\"https:\/\/www.hoogendoorn.nl\/\",\"name\":\"Hoogendoorn Growth Management\",\"description\":\"Wereldwijd duurzame tuinbouwoplossingen op maat\",\"potentialAction\":[{\"@type\":\"SearchAction\",\"target\":{\"@type\":\"EntryPoint\",\"urlTemplate\":\"https:\/\/www.hoogendoorn.nl\/?s={search_term_string}\"},\"query-input\":{\"@type\":\"PropertyValueSpecification\",\"valueRequired\":true,\"valueName\":\"search_term_string\"}}],\"inLanguage\":\"cs\"}]}<\/script>\n<!-- \/ Yoast SEO plugin. -->","yoast_head_json":{"title":"Modul: CO2 - Hoogendoorn Growth Management","robots":{"index":"index","follow":"follow","max-snippet":"max-snippet:-1","max-image-preview":"max-image-preview:large","max-video-preview":"max-video-preview:-1"},"canonical":"https:\/\/www.hoogendoorn.nl\/cs\/modul-co2\/","og_locale":"cs_CZ","og_type":"article","og_title":"Modul: CO2 - Hoogendoorn Growth Management","og_description":"Pro koho? Modul CO2 se doporu\u010duje p\u011bstitel\u016fm, kte\u0159\u00ed cht\u011bj\u00ed co nej\u00fa\u010dinn\u011bji kontrolovat zdroje CO2. Obzvl\u00e1\u0161t\u011b v p\u0159\u00edpad\u011b v\u00edcen\u00e1sobn\u00fdch sklen\u00edk\u016f a odd\u011blen\u00ed, kde se nach\u00e1z\u00ed v\u00edcero ...        \u010ct\u011bte v\u00edce","og_url":"https:\/\/www.hoogendoorn.nl\/cs\/modul-co2\/","og_site_name":"Hoogendoorn Growth Management","article_modified_time":"2015-07-22T13:03:25+00:00","twitter_misc":{"Odhadovan\u00e1 doba \u010dten\u00ed":"1 minuta"},"schema":{"@context":"https:\/\/schema.org","@graph":[{"@type":"WebPage","@id":"https:\/\/www.hoogendoorn.nl\/cs\/modul-co2\/","url":"https:\/\/www.hoogendoorn.nl\/cs\/modul-co2\/","name":"Modul: CO2 - Hoogendoorn Growth Management","isPartOf":{"@id":"https:\/\/www.hoogendoorn.nl\/#website"},"datePublished":"2015-07-07T08:45:16+00:00","dateModified":"2015-07-22T13:03:25+00:00","breadcrumb":{"@id":"https:\/\/www.hoogendoorn.nl\/cs\/modul-co2\/#breadcrumb"},"inLanguage":"cs","potentialAction":[{"@type":"ReadAction","target":["https:\/\/www.hoogendoorn.nl\/cs\/modul-co2\/"]}]},{"@type":"BreadcrumbList","@id":"https:\/\/www.hoogendoorn.nl\/cs\/modul-co2\/#breadcrumb","itemListElement":[{"@type":"ListItem","position":1,"name":"Home","item":"https:\/\/www.hoogendoorn.nl\/cs\/"},{"@type":"ListItem","position":2,"name":"Modul: CO2"}]},{"@type":"WebSite","@id":"https:\/\/www.hoogendoorn.nl\/#website","url":"https:\/\/www.hoogendoorn.nl\/","name":"Hoogendoorn Growth Management","description":"Wereldwijd duurzame tuinbouwoplossingen op maat","potentialAction":[{"@type":"SearchAction","target":{"@type":"EntryPoint","urlTemplate":"https:\/\/www.hoogendoorn.nl\/?s={search_term_string}"},"query-input":{"@type":"PropertyValueSpecification","valueRequired":true,"valueName":"search_term_string"}}],"inLanguage":"cs"}]}},"_links":{"self":[{"href":"https:\/\/www.hoogendoorn.nl\/cs\/wp-json\/wp\/v2\/pages\/20240","targetHints":{"allow":["GET"]}}],"collection":[{"href":"https:\/\/www.hoogendoorn.nl\/cs\/wp-json\/wp\/v2\/pages"}],"about":[{"href":"https:\/\/www.hoogendoorn.nl\/cs\/wp-json\/wp\/v2\/types\/page"}],"author":[{"embeddable":true,"href":"https:\/\/www.hoogendoorn.nl\/cs\/wp-json\/wp\/v2\/users\/101"}],"replies":[{"embeddable":true,"href":"https:\/\/www.hoogendoorn.nl\/cs\/wp-json\/wp\/v2\/comments?post=20240"}],"version-history":[{"count":0,"href":"https:\/\/www.hoogendoorn.nl\/cs\/wp-json\/wp\/v2\/pages\/20240\/revisions"}],"wp:attachment":[{"href":"https:\/\/www.hoogendoorn.nl\/cs\/wp-json\/wp\/v2\/media?parent=20240"}],"curies":[{"name":"wp","href":"https:\/\/api.w.org\/{rel}","templated":true}]}}