{"id":20242,"date":"2015-07-07T08:48:54","date_gmt":"2015-07-07T08:48:54","guid":{"rendered":"http:\/\/nlhoog-salebaboe.savviihq.com\/?page_id=20242"},"modified":"2015-07-22T13:37:00","modified_gmt":"2015-07-22T13:37:00","slug":"modul-to-control","status":"publish","type":"page","link":"https:\/\/www.hoogendoorn.nl\/cs\/modul-to-control\/","title":{"rendered":"Modul: TO Control"},"content":{"rendered":"<p><strong>Pro koho?<\/strong> Modul Ovl\u00e1d\u00e1n\u00ed optimalizace teploty (TO Control) je vhodn\u00fd pro v\u0161echny typy kultivac\u00ed a doporu\u010duje se p\u011bstitel\u016fm, kte\u0159\u00ed usiluj\u00ed o automaticky nastavenou pr\u016fm\u011brnou teplotu pro optim\u00e1ln\u00ed rovnov\u00e1hu rostlin, o \u00faspory na energi\u00edch a t\u00edm i o p\u011bstov\u00e1n\u00ed za minim\u00e1ln\u00ed n\u00e1klady. <strong>Pro\u010d modul TO Control?<\/strong> Maj\u00ed-li rostliny zdrav\u011b r\u016fst a rozv\u00edjet se, je nezbytn\u00e9 zajistit vyv\u00e1\u017eenost mezi teplotou ve sklen\u00edku a slune\u010dn\u00edm z\u00e1\u0159en\u00edm\/sv\u011btlem PAR.<br \/>\nModul TO Control byl vyvinut tak, aby p\u0159isp\u00edval k nastaven\u00ed pr\u016fm\u011brn\u00e9 celodenn\u00ed teploty podle celkov\u00e9ho sv\u011btla\/z\u00e1\u0159en\u00ed. Pokud nen\u00ed celkov\u00e9 sv\u011btlo a teplota v rovnov\u00e1ze, povede to k suboptim\u00e1ln\u00edmu r\u016fstu. C\u00edlem je uv\u00e9st rostliny do rovnov\u00e1hy a v t\u00e9 je tak\u00e9 udr\u017eet. D\u00edky softwaru TO Control m\u016f\u017ee u\u017eivatel nechat proces vyrovn\u00e1v\u00e1n\u00ed mno\u017estv\u00ed sv\u011btla a teploty automaticky na procesn\u00edm po\u010d\u00edta\u010di iSii. Nemus\u00ed tedy s\u00e1m pr\u016fb\u011b\u017en\u011b upravovat nastaven\u00ed, aby dr\u017eel vysokou pr\u016fm\u011brnou teplotu ve sklen\u00edku, kdy\u017e je hodn\u011b slune\u010dn\u00edho sv\u011btla, a n\u00edzkou teplotu ve sklen\u00edku, kdy\u017e je m\u00e1lo slune\u010dn\u00edho sv\u011btla. Tato strategie rovn\u011b\u017e \u0161et\u0159\u00ed energii.<\/p>\n<p><strong>Modul TO Control ve stru\u010dnosti:<\/strong><\/p>\n<ul>\n<li>Spr\u00e1vn\u00e1 rovnov\u00e1ha mezi mno\u017estv\u00edm sv\u011btla a pr\u016fm\u011brnou celodenn\u00ed teplotou<\/li>\n<li>Zdrav\u00fd r\u016fst a v\u00fdvoj rostlin<\/li>\n<li>Vyv\u00e1\u017een\u00e1 rostlina je m\u00e9n\u011b n\u00e1chyln\u00e1 ke \u0161k\u016fdc\u016fm a chorob\u00e1m<\/li>\n<li>Optim\u00e1ln\u00ed produkce a kvalita plodin<\/li>\n<li>\u0160et\u0159\u00ed \u010das a energii<\/li>\n<li>Orientovan\u00e9 na u\u017eivatele<\/li>\n<\/ul>\n<p><a class=\"button grey large\" href=\"https:\/\/www.hoogendoorn.nl\/cs\/product\/specialni-moduly-isii\/\">Zp\u011bt na moduly iSii <\/a> <a class=\"button red large\" href=\"https:\/\/www.hoogendoorn.nl\/cs\/kontakt\/poradenstvi\/\">Poradenstv\u00ed?<\/a><\/p>\n","protected":false},"excerpt":{"rendered":"<p>Pro koho? Modul Ovl\u00e1d\u00e1n\u00ed optimalizace teploty (TO Control) je vhodn\u00fd pro v\u0161echny typy kultivac\u00ed a doporu\u010duje se p\u011bstitel\u016fm, kte\u0159\u00ed usiluj\u00ed o automaticky nastavenou pr\u016fm\u011brnou teplotu &#8230;<\/p>\n<div class=\"item-read-more\">\n<p>        <a href=\"https:\/\/www.hoogendoorn.nl\/cs\/modul-to-control\/\" style=\"font-weight: normal;\">\u010ct\u011bte v\u00edce<\/a><\/p><\/div>\n","protected":false},"author":101,"featured_media":0,"parent":0,"menu_order":0,"comment_status":"open","ping_status":"open","template":"","meta":{"_acf_changed":false,"_et_pb_use_builder":"","_et_pb_old_content":"","_et_gb_content_width":"","_genesis_hide_title":false,"_genesis_hide_breadcrumbs":false,"_genesis_hide_singular_image":false,"_genesis_hide_footer_widgets":false,"_genesis_custom_body_class":"","_genesis_custom_post_class":"","_genesis_layout":"","footnotes":""},"class_list":{"0":"post-20242","1":"page","2":"type-page","3":"status-publish","5":"entry"},"acf":[],"yoast_head":"<!-- This site is optimized with the Yoast SEO plugin v26.6 - https:\/\/yoast.com\/wordpress\/plugins\/seo\/ -->\n<title>Modul: TO Control - Hoogendoorn Growth Management<\/title>\n<meta name=\"description\" content=\"Modul TO Control byl vyvinut tak, aby p\u0159isp\u00edval k nastaven\u00ed pr\u016fm\u011brn\u00e9 celodenn\u00ed teploty podle celkov\u00e9ho sv\u011btla\/z\u00e1\u0159en\u00ed.\" \/>\n<meta name=\"robots\" content=\"index, follow, max-snippet:-1, max-image-preview:large, max-video-preview:-1\" \/>\n<link rel=\"canonical\" href=\"https:\/\/www.hoogendoorn.nl\/cs\/modul-to-control\/\" \/>\n<meta property=\"og:locale\" content=\"cs_CZ\" \/>\n<meta property=\"og:type\" content=\"article\" \/>\n<meta property=\"og:title\" content=\"Modul: TO Control - Hoogendoorn Growth Management\" \/>\n<meta property=\"og:description\" content=\"Modul TO Control byl vyvinut tak, aby p\u0159isp\u00edval k nastaven\u00ed pr\u016fm\u011brn\u00e9 celodenn\u00ed teploty podle celkov\u00e9ho sv\u011btla\/z\u00e1\u0159en\u00ed.\" \/>\n<meta property=\"og:url\" content=\"https:\/\/www.hoogendoorn.nl\/cs\/modul-to-control\/\" \/>\n<meta property=\"og:site_name\" content=\"Hoogendoorn Growth Management\" \/>\n<meta property=\"article:modified_time\" content=\"2015-07-22T13:37:00+00:00\" \/>\n<meta name=\"twitter:label1\" content=\"Odhadovan\u00e1 doba \u010dten\u00ed\" \/>\n\t<meta name=\"twitter:data1\" content=\"1 minuta\" \/>\n<script type=\"application\/ld+json\" class=\"yoast-schema-graph\">{\"@context\":\"https:\/\/schema.org\",\"@graph\":[{\"@type\":\"WebPage\",\"@id\":\"https:\/\/www.hoogendoorn.nl\/cs\/modul-to-control\/\",\"url\":\"https:\/\/www.hoogendoorn.nl\/cs\/modul-to-control\/\",\"name\":\"Modul: TO Control - Hoogendoorn Growth Management\",\"isPartOf\":{\"@id\":\"https:\/\/www.hoogendoorn.nl\/#website\"},\"datePublished\":\"2015-07-07T08:48:54+00:00\",\"dateModified\":\"2015-07-22T13:37:00+00:00\",\"description\":\"Modul TO Control byl vyvinut tak, aby p\u0159isp\u00edval k nastaven\u00ed pr\u016fm\u011brn\u00e9 celodenn\u00ed teploty podle celkov\u00e9ho sv\u011btla\/z\u00e1\u0159en\u00ed.\",\"breadcrumb\":{\"@id\":\"https:\/\/www.hoogendoorn.nl\/cs\/modul-to-control\/#breadcrumb\"},\"inLanguage\":\"cs\",\"potentialAction\":[{\"@type\":\"ReadAction\",\"target\":[\"https:\/\/www.hoogendoorn.nl\/cs\/modul-to-control\/\"]}]},{\"@type\":\"BreadcrumbList\",\"@id\":\"https:\/\/www.hoogendoorn.nl\/cs\/modul-to-control\/#breadcrumb\",\"itemListElement\":[{\"@type\":\"ListItem\",\"position\":1,\"name\":\"Home\",\"item\":\"https:\/\/www.hoogendoorn.nl\/cs\/\"},{\"@type\":\"ListItem\",\"position\":2,\"name\":\"Modul: TO Control\"}]},{\"@type\":\"WebSite\",\"@id\":\"https:\/\/www.hoogendoorn.nl\/#website\",\"url\":\"https:\/\/www.hoogendoorn.nl\/\",\"name\":\"Hoogendoorn Growth Management\",\"description\":\"Wereldwijd duurzame tuinbouwoplossingen op maat\",\"potentialAction\":[{\"@type\":\"SearchAction\",\"target\":{\"@type\":\"EntryPoint\",\"urlTemplate\":\"https:\/\/www.hoogendoorn.nl\/?s={search_term_string}\"},\"query-input\":{\"@type\":\"PropertyValueSpecification\",\"valueRequired\":true,\"valueName\":\"search_term_string\"}}],\"inLanguage\":\"cs\"}]}<\/script>\n<!-- \/ Yoast SEO plugin. -->","yoast_head_json":{"title":"Modul: TO Control - Hoogendoorn Growth Management","description":"Modul TO Control byl vyvinut tak, aby p\u0159isp\u00edval k nastaven\u00ed pr\u016fm\u011brn\u00e9 celodenn\u00ed teploty podle celkov\u00e9ho sv\u011btla\/z\u00e1\u0159en\u00ed.","robots":{"index":"index","follow":"follow","max-snippet":"max-snippet:-1","max-image-preview":"max-image-preview:large","max-video-preview":"max-video-preview:-1"},"canonical":"https:\/\/www.hoogendoorn.nl\/cs\/modul-to-control\/","og_locale":"cs_CZ","og_type":"article","og_title":"Modul: TO Control - Hoogendoorn Growth Management","og_description":"Modul TO Control byl vyvinut tak, aby p\u0159isp\u00edval k nastaven\u00ed pr\u016fm\u011brn\u00e9 celodenn\u00ed teploty podle celkov\u00e9ho sv\u011btla\/z\u00e1\u0159en\u00ed.","og_url":"https:\/\/www.hoogendoorn.nl\/cs\/modul-to-control\/","og_site_name":"Hoogendoorn Growth Management","article_modified_time":"2015-07-22T13:37:00+00:00","twitter_misc":{"Odhadovan\u00e1 doba \u010dten\u00ed":"1 minuta"},"schema":{"@context":"https:\/\/schema.org","@graph":[{"@type":"WebPage","@id":"https:\/\/www.hoogendoorn.nl\/cs\/modul-to-control\/","url":"https:\/\/www.hoogendoorn.nl\/cs\/modul-to-control\/","name":"Modul: TO Control - Hoogendoorn Growth Management","isPartOf":{"@id":"https:\/\/www.hoogendoorn.nl\/#website"},"datePublished":"2015-07-07T08:48:54+00:00","dateModified":"2015-07-22T13:37:00+00:00","description":"Modul TO Control byl vyvinut tak, aby p\u0159isp\u00edval k nastaven\u00ed pr\u016fm\u011brn\u00e9 celodenn\u00ed teploty podle celkov\u00e9ho sv\u011btla\/z\u00e1\u0159en\u00ed.","breadcrumb":{"@id":"https:\/\/www.hoogendoorn.nl\/cs\/modul-to-control\/#breadcrumb"},"inLanguage":"cs","potentialAction":[{"@type":"ReadAction","target":["https:\/\/www.hoogendoorn.nl\/cs\/modul-to-control\/"]}]},{"@type":"BreadcrumbList","@id":"https:\/\/www.hoogendoorn.nl\/cs\/modul-to-control\/#breadcrumb","itemListElement":[{"@type":"ListItem","position":1,"name":"Home","item":"https:\/\/www.hoogendoorn.nl\/cs\/"},{"@type":"ListItem","position":2,"name":"Modul: TO Control"}]},{"@type":"WebSite","@id":"https:\/\/www.hoogendoorn.nl\/#website","url":"https:\/\/www.hoogendoorn.nl\/","name":"Hoogendoorn Growth Management","description":"Wereldwijd duurzame tuinbouwoplossingen op maat","potentialAction":[{"@type":"SearchAction","target":{"@type":"EntryPoint","urlTemplate":"https:\/\/www.hoogendoorn.nl\/?s={search_term_string}"},"query-input":{"@type":"PropertyValueSpecification","valueRequired":true,"valueName":"search_term_string"}}],"inLanguage":"cs"}]}},"_links":{"self":[{"href":"https:\/\/www.hoogendoorn.nl\/cs\/wp-json\/wp\/v2\/pages\/20242","targetHints":{"allow":["GET"]}}],"collection":[{"href":"https:\/\/www.hoogendoorn.nl\/cs\/wp-json\/wp\/v2\/pages"}],"about":[{"href":"https:\/\/www.hoogendoorn.nl\/cs\/wp-json\/wp\/v2\/types\/page"}],"author":[{"embeddable":true,"href":"https:\/\/www.hoogendoorn.nl\/cs\/wp-json\/wp\/v2\/users\/101"}],"replies":[{"embeddable":true,"href":"https:\/\/www.hoogendoorn.nl\/cs\/wp-json\/wp\/v2\/comments?post=20242"}],"version-history":[{"count":0,"href":"https:\/\/www.hoogendoorn.nl\/cs\/wp-json\/wp\/v2\/pages\/20242\/revisions"}],"wp:attachment":[{"href":"https:\/\/www.hoogendoorn.nl\/cs\/wp-json\/wp\/v2\/media?parent=20242"}],"curies":[{"name":"wp","href":"https:\/\/api.w.org\/{rel}","templated":true}]}}