{"id":20247,"date":"2015-07-07T09:30:55","date_gmt":"2015-07-07T09:30:55","guid":{"rendered":"http:\/\/nlhoog-salebaboe.savviihq.com\/?page_id=20247"},"modified":"2015-07-22T13:01:55","modified_gmt":"2015-07-22T13:01:55","slug":"modul-aquabalance","status":"publish","type":"page","link":"https:\/\/www.hoogendoorn.nl\/cs\/modul-aquabalance\/","title":{"rendered":"Modul: Aquabalance"},"content":{"rendered":"<p><strong>Pro koho? <\/strong>Aquabalance je obzvl\u00e1\u0161t\u011b vhodn\u00fd pro Hydroponie, jako jsou raj\u010data a okurky. <strong>Pro\u010d modul Aquabalance?<\/strong> Precizn\u00ed zavla\u017eov\u00e1n\u00ed zaru\u010duje vy\u0161\u0161\u00ed produkci a kvalitu. S Aquabalancenebudou vase rostliny nikdy p\u0159\u00edli\u0161 such\u00e9 nebo p\u0159\u00edli\u0161 zavlhl\u00e9. Soust\u0159ed\u00edt\u011b se na aktivn\u00ed a zdrav\u00fd ko\u0159enov\u00fd syst\u00e9m, kter\u00fd je pro kvalitu va\u0161ich plodin rozhoduj\u00edc\u00ed. Spou\u0161t\u011bc\u00e9 \u010das pro ka\u017ed\u00fd cyklus zavla\u017eov\u00e1n\u00ed mohou \u0159\u00eddit samy vase rostliny, v z\u00e1vislosti na hmotnosti nasycen\u00e9ho substr\u00e1tu.<br \/>\nAquabalance je modul pro substr\u00e1t, kter\u00fd v\u00e1m pom\u00e1h\u00e1 koordinovat zavla\u017eov\u00e1n\u00ed v z\u00e1vislosti na pot\u0159eb\u00e1ch plodin 24 hodin denn\u011b, 7 dn\u00ed v t\u00fddnu. Modul Aquabalance m\u011b\u0159\u00ed hmotnost substr\u00e1tu a mno\u017estv\u00ed odv\u00e1d\u011bn\u00e9 vody v cc. Je rovn\u011b\u017e mo\u017en\u00e9 m\u011b\u0159it EC a pH (voliteln\u00e9).<br \/>\nModul vypo\u010d\u00edt\u00e1 hmotnost prosycenosti a procenta odv\u00e1d\u011bn\u00e9 vody. Stanovuje spr\u00e1vn\u00fd spou\u0161t\u011bc\u00ed moment, aby se dos\u00e1hlo po\u017eadovan\u00e9ho procenta odv\u00e1d\u011bn\u00e9 vody. V noci Aquabalance \u0159\u00edzen\u011b dehydruje podkladov\u00e9 desky, aby tak zajistil zdrav\u00e9 a aktivn\u00ed ko\u0159eny. Takto Aquabalance zaru\u010duje vy\u0161\u0161\u00ed produkci a kvalitu.<br \/>\n<strong>Aquabalance modul ve stru\u010dnosti:<\/strong><\/p>\n<ul>\n<li>Rostlin\u00e1m se 24 hodin denn\u011b, 7 dn\u00ed v t\u00fddnu dost\u00e1v\u00e1 spr\u00e1vn\u00e9ho mno\u017estv\u00ed vody a hnojiv, a to v prav\u00fd \u010das<\/li>\n<li>Optim\u00e1ln\u00ed r\u016fst, produkce a kvalita<\/li>\n<li>\u0158\u00edzen\u00ed mno\u017estv\u00ed odv\u00e1d\u011bn\u00e9 vody<\/li>\n<li>\u0158\u00edzen\u00e1 dehydratace substr\u00e1tu v noci, pro zdrav\u00e9 ko\u0159eny<\/li>\n<li>Pokud je zapot\u0159eb\u00ed (kdy\u017e substr\u00e1t p\u0159\u00edli\u0161 vyschne), je mo\u017en\u00e9 vyu\u017e\u00edt cyklus automatick\u00e9ho zavla\u017eov\u00e1n\u00ed v noci<\/li>\n<li>Br\u00e1n\u00ed pl\u00fdtv\u00e1n\u00ed vodou a hnojivy<\/li>\n<li>Orientovan\u00fd na u\u017eivatele a \u0161et\u0159\u00edc\u00ed \u010das<\/li>\n<\/ul>\n<p><em>* Pokud si chcete tento modul zakoupit, je zapot\u0159eb\u00ed product Aquabalance (v\u00e1hy a rozhran\u00ed).<\/em> Cht\u011bl bych se dozv\u011bd\u011bt v\u00edce o tomto produktu? <a href=\"https:\/\/www.hoogendoorn.nl\/product\/aquabalance\/\" target=\"_blank\">Aquabalance<\/a>? V\u00edce. <a class=\"button grey large\" href=\"https:\/\/www.hoogendoorn.nl\/cs\/product\/specialni-moduly-isii\/\">Zp\u011bt na moduly iSii <\/a> <a class=\"button red large\" href=\"https:\/\/www.hoogendoorn.nl\/cs\/kontakt\/poradenstvi\/\">Poradenstv\u00ed?<\/a><\/p>\n","protected":false},"excerpt":{"rendered":"<p>Pro koho? Aquabalance je obzvl\u00e1\u0161t\u011b vhodn\u00fd pro Hydroponie, jako jsou raj\u010data a okurky. Pro\u010d modul Aquabalance? Precizn\u00ed zavla\u017eov\u00e1n\u00ed zaru\u010duje vy\u0161\u0161\u00ed produkci a kvalitu. S Aquabalancenebudou &#8230;<\/p>\n<div class=\"item-read-more\">\n<p>        <a href=\"https:\/\/www.hoogendoorn.nl\/cs\/modul-aquabalance\/\" style=\"font-weight: normal;\">\u010ct\u011bte v\u00edce<\/a><\/p><\/div>\n","protected":false},"author":101,"featured_media":0,"parent":0,"menu_order":0,"comment_status":"open","ping_status":"open","template":"","meta":{"_acf_changed":false,"_et_pb_use_builder":"","_et_pb_old_content":"","_et_gb_content_width":"","_genesis_hide_title":false,"_genesis_hide_breadcrumbs":false,"_genesis_hide_singular_image":false,"_genesis_hide_footer_widgets":false,"_genesis_custom_body_class":"","_genesis_custom_post_class":"","_genesis_layout":"","footnotes":""},"class_list":{"0":"post-20247","1":"page","2":"type-page","3":"status-publish","5":"entry"},"acf":[],"yoast_head":"<!-- This site is optimized with the Yoast SEO plugin v26.6 - https:\/\/yoast.com\/wordpress\/plugins\/seo\/ -->\n<title>Modul: Aquabalance - Hoogendoorn Growth Management<\/title>\n<meta name=\"description\" content=\"Module: Aquabalance | Precizn\u00ed zavla\u017eov\u00e1n\u00ed zaru\u010duje vy\u0161\u0161\u00ed produkci a kvalitu. S Aquabalancenebudou vase rostliny nikdy p\u0159\u00edli\u0161 such\u00e9 nebo p\u0159\u00edli\u0161 zavlhl\u00e9.\" \/>\n<meta name=\"robots\" content=\"index, follow, max-snippet:-1, max-image-preview:large, max-video-preview:-1\" \/>\n<link rel=\"canonical\" href=\"https:\/\/www.hoogendoorn.nl\/cs\/modul-aquabalance\/\" \/>\n<meta property=\"og:locale\" content=\"cs_CZ\" \/>\n<meta property=\"og:type\" content=\"article\" \/>\n<meta property=\"og:title\" content=\"Modul: Aquabalance - Hoogendoorn Growth Management\" \/>\n<meta property=\"og:description\" content=\"Module: Aquabalance | Precizn\u00ed zavla\u017eov\u00e1n\u00ed zaru\u010duje vy\u0161\u0161\u00ed produkci a kvalitu. S Aquabalancenebudou vase rostliny nikdy p\u0159\u00edli\u0161 such\u00e9 nebo p\u0159\u00edli\u0161 zavlhl\u00e9.\" \/>\n<meta property=\"og:url\" content=\"https:\/\/www.hoogendoorn.nl\/cs\/modul-aquabalance\/\" \/>\n<meta property=\"og:site_name\" content=\"Hoogendoorn Growth Management\" \/>\n<meta property=\"article:modified_time\" content=\"2015-07-22T13:01:55+00:00\" \/>\n<meta name=\"twitter:label1\" content=\"Odhadovan\u00e1 doba \u010dten\u00ed\" \/>\n\t<meta name=\"twitter:data1\" content=\"2 minuty\" \/>\n<script type=\"application\/ld+json\" class=\"yoast-schema-graph\">{\"@context\":\"https:\/\/schema.org\",\"@graph\":[{\"@type\":\"WebPage\",\"@id\":\"https:\/\/www.hoogendoorn.nl\/cs\/modul-aquabalance\/\",\"url\":\"https:\/\/www.hoogendoorn.nl\/cs\/modul-aquabalance\/\",\"name\":\"Modul: Aquabalance - Hoogendoorn Growth Management\",\"isPartOf\":{\"@id\":\"https:\/\/www.hoogendoorn.nl\/#website\"},\"datePublished\":\"2015-07-07T09:30:55+00:00\",\"dateModified\":\"2015-07-22T13:01:55+00:00\",\"description\":\"Module: Aquabalance | Precizn\u00ed zavla\u017eov\u00e1n\u00ed zaru\u010duje vy\u0161\u0161\u00ed produkci a kvalitu. S Aquabalancenebudou vase rostliny nikdy p\u0159\u00edli\u0161 such\u00e9 nebo p\u0159\u00edli\u0161 zavlhl\u00e9.\",\"breadcrumb\":{\"@id\":\"https:\/\/www.hoogendoorn.nl\/cs\/modul-aquabalance\/#breadcrumb\"},\"inLanguage\":\"cs\",\"potentialAction\":[{\"@type\":\"ReadAction\",\"target\":[\"https:\/\/www.hoogendoorn.nl\/cs\/modul-aquabalance\/\"]}]},{\"@type\":\"BreadcrumbList\",\"@id\":\"https:\/\/www.hoogendoorn.nl\/cs\/modul-aquabalance\/#breadcrumb\",\"itemListElement\":[{\"@type\":\"ListItem\",\"position\":1,\"name\":\"Home\",\"item\":\"https:\/\/www.hoogendoorn.nl\/cs\/\"},{\"@type\":\"ListItem\",\"position\":2,\"name\":\"Modul: Aquabalance\"}]},{\"@type\":\"WebSite\",\"@id\":\"https:\/\/www.hoogendoorn.nl\/#website\",\"url\":\"https:\/\/www.hoogendoorn.nl\/\",\"name\":\"Hoogendoorn Growth Management\",\"description\":\"Wereldwijd duurzame tuinbouwoplossingen op maat\",\"potentialAction\":[{\"@type\":\"SearchAction\",\"target\":{\"@type\":\"EntryPoint\",\"urlTemplate\":\"https:\/\/www.hoogendoorn.nl\/?s={search_term_string}\"},\"query-input\":{\"@type\":\"PropertyValueSpecification\",\"valueRequired\":true,\"valueName\":\"search_term_string\"}}],\"inLanguage\":\"cs\"}]}<\/script>\n<!-- \/ Yoast SEO plugin. -->","yoast_head_json":{"title":"Modul: Aquabalance - Hoogendoorn Growth Management","description":"Module: Aquabalance | Precizn\u00ed zavla\u017eov\u00e1n\u00ed zaru\u010duje vy\u0161\u0161\u00ed produkci a kvalitu. S Aquabalancenebudou vase rostliny nikdy p\u0159\u00edli\u0161 such\u00e9 nebo p\u0159\u00edli\u0161 zavlhl\u00e9.","robots":{"index":"index","follow":"follow","max-snippet":"max-snippet:-1","max-image-preview":"max-image-preview:large","max-video-preview":"max-video-preview:-1"},"canonical":"https:\/\/www.hoogendoorn.nl\/cs\/modul-aquabalance\/","og_locale":"cs_CZ","og_type":"article","og_title":"Modul: Aquabalance - Hoogendoorn Growth Management","og_description":"Module: Aquabalance | Precizn\u00ed zavla\u017eov\u00e1n\u00ed zaru\u010duje vy\u0161\u0161\u00ed produkci a kvalitu. S Aquabalancenebudou vase rostliny nikdy p\u0159\u00edli\u0161 such\u00e9 nebo p\u0159\u00edli\u0161 zavlhl\u00e9.","og_url":"https:\/\/www.hoogendoorn.nl\/cs\/modul-aquabalance\/","og_site_name":"Hoogendoorn Growth Management","article_modified_time":"2015-07-22T13:01:55+00:00","twitter_misc":{"Odhadovan\u00e1 doba \u010dten\u00ed":"2 minuty"},"schema":{"@context":"https:\/\/schema.org","@graph":[{"@type":"WebPage","@id":"https:\/\/www.hoogendoorn.nl\/cs\/modul-aquabalance\/","url":"https:\/\/www.hoogendoorn.nl\/cs\/modul-aquabalance\/","name":"Modul: Aquabalance - Hoogendoorn Growth Management","isPartOf":{"@id":"https:\/\/www.hoogendoorn.nl\/#website"},"datePublished":"2015-07-07T09:30:55+00:00","dateModified":"2015-07-22T13:01:55+00:00","description":"Module: Aquabalance | Precizn\u00ed zavla\u017eov\u00e1n\u00ed zaru\u010duje vy\u0161\u0161\u00ed produkci a kvalitu. S Aquabalancenebudou vase rostliny nikdy p\u0159\u00edli\u0161 such\u00e9 nebo p\u0159\u00edli\u0161 zavlhl\u00e9.","breadcrumb":{"@id":"https:\/\/www.hoogendoorn.nl\/cs\/modul-aquabalance\/#breadcrumb"},"inLanguage":"cs","potentialAction":[{"@type":"ReadAction","target":["https:\/\/www.hoogendoorn.nl\/cs\/modul-aquabalance\/"]}]},{"@type":"BreadcrumbList","@id":"https:\/\/www.hoogendoorn.nl\/cs\/modul-aquabalance\/#breadcrumb","itemListElement":[{"@type":"ListItem","position":1,"name":"Home","item":"https:\/\/www.hoogendoorn.nl\/cs\/"},{"@type":"ListItem","position":2,"name":"Modul: Aquabalance"}]},{"@type":"WebSite","@id":"https:\/\/www.hoogendoorn.nl\/#website","url":"https:\/\/www.hoogendoorn.nl\/","name":"Hoogendoorn Growth Management","description":"Wereldwijd duurzame tuinbouwoplossingen op maat","potentialAction":[{"@type":"SearchAction","target":{"@type":"EntryPoint","urlTemplate":"https:\/\/www.hoogendoorn.nl\/?s={search_term_string}"},"query-input":{"@type":"PropertyValueSpecification","valueRequired":true,"valueName":"search_term_string"}}],"inLanguage":"cs"}]}},"_links":{"self":[{"href":"https:\/\/www.hoogendoorn.nl\/cs\/wp-json\/wp\/v2\/pages\/20247","targetHints":{"allow":["GET"]}}],"collection":[{"href":"https:\/\/www.hoogendoorn.nl\/cs\/wp-json\/wp\/v2\/pages"}],"about":[{"href":"https:\/\/www.hoogendoorn.nl\/cs\/wp-json\/wp\/v2\/types\/page"}],"author":[{"embeddable":true,"href":"https:\/\/www.hoogendoorn.nl\/cs\/wp-json\/wp\/v2\/users\/101"}],"replies":[{"embeddable":true,"href":"https:\/\/www.hoogendoorn.nl\/cs\/wp-json\/wp\/v2\/comments?post=20247"}],"version-history":[{"count":0,"href":"https:\/\/www.hoogendoorn.nl\/cs\/wp-json\/wp\/v2\/pages\/20247\/revisions"}],"wp:attachment":[{"href":"https:\/\/www.hoogendoorn.nl\/cs\/wp-json\/wp\/v2\/media?parent=20247"}],"curies":[{"name":"wp","href":"https:\/\/api.w.org\/{rel}","templated":true}]}}