{"id":20255,"date":"2015-07-07T09:53:19","date_gmt":"2015-07-07T09:53:19","guid":{"rendered":"http:\/\/nlhoog-salebaboe.savviihq.com\/?page_id=20255"},"modified":"2015-07-22T13:05:09","modified_gmt":"2015-07-22T13:05:09","slug":"modul-crop-condensation-kondenzace-u-plodin","status":"publish","type":"page","link":"https:\/\/www.hoogendoorn.nl\/cs\/modul-crop-condensation-kondenzace-u-plodin\/","title":{"rendered":"Modul: Crop condensation (Kondenzace u plodin)"},"content":{"rendered":"<p><strong>Pro koho?<br \/>\n<\/strong>Modul Crop condensation (Kondenzace u plodin) se doporu\u010duje pro p\u011bstitele, jejich\u017e plodiny jsou citliv\u00e9 na kondenzaci.<\/p>\n<p><strong>Pro\u010d modul Crop condensation (Kondenzace u plodin)?<br \/>\n<\/strong>Tento modul byl Hoogerdoornem vyvinut, aby p\u0159edch\u00e1zel kondenzaci u plodin. S t\u00edmto modulem je mo\u017en\u00e9 p\u0159edv\u00eddat \u00fa\u010dinek zm\u011bn v teplot\u011b a vlhkosti zalo\u017een\u00fd jak na m\u011b\u0159en\u00ed, tak i v\u00fdpo\u010dtech. Ur\u010duje riziko kondenzace a pom\u00e1h\u00e1 v\u00e1m zabr\u00e1nit ztr\u00e1t\u00e1ch na energii. Jak?<\/p>\n<p>P\u0159edev\u0161\u00edm tento modul nab\u00edz\u00ed mo\u017enost nastaven\u00ed parametr\u016f podle typu plodiny a velikosti plodu. Je z\u0159ejm\u00e9, \u017ee \u010d\u00edm je plod v\u011bt\u0161\u00ed, t\u00edm pomaleji se zah\u0159\u00edv\u00e1. Za druh\u00e9, tento modul poskytuje v\u00fdpo\u010dty, d\u00edky nim\u017e je mo\u017eno stanovit rozd\u00edl v plodu a teplotu bodu kondenzace zalo\u017een\u00fd na rychl\u00fdch a pomal\u00fdch zm\u011bn\u00e1ch v podm\u00ednk\u00e1ch ve sklen\u00edku. Kombinace plodu a teploty kondenzace stanov\u00ed riziko kondenzace. V p\u0159\u00edpad\u011b, \u017ee se teplota bodu kondenzace bl\u00ed\u017e\u00ed k teplot\u011b plodu, riziko kondenzace se zvy\u0161uje. Aby se toto riziko kondenzace sn\u00ed\u017eilo, lze okam\u017eit\u011b prov\u00e9st m\u011b\u0159en\u00ed.<\/p>\n<p>S pomoc\u00ed tohoto modulu m\u016f\u017eete u\u010dinit automatick\u00e9 \u00fapravy odv\u011btr\u00e1v\u00e1n\u00ed, vlhkostn\u00ed deficit v energetick\u00e9 clon\u011b a kone\u010dn\u011b vyt\u00e1p\u011bn\u00ed, pouze v p\u0159\u00edpad\u011b skute\u010dn\u00e9ho rizika kondenzace. Je tedy mo\u017en\u00e9 zabr\u00e1nit zbyte\u010dn\u00e9mu topen\u00ed\/nebo odv\u011btr\u00e1v\u00e1n\u00ed, co\u017e \u0161et\u0159\u00ed energii.<\/p>\n<p><strong>Modul Crop condensation (Kondenzace u plodin) ve stru\u010dnosti:<\/strong><\/p>\n<ul>\n<li>\u0160et\u0159\u00ed energii, proto\u017ee odvlh\u010dov\u00e1n\u00ed nav\u00edc nast\u00e1v\u00e1, jen kdy\u017e je to skute\u010dn\u011b nezbytn\u00e9<\/li>\n<li>Minimalizuje riziko \u0161k\u016fdc\u016f a chorob a zvy\u0161uje kvalitu<\/li>\n<\/ul>\n<p><a class=\"button grey large\" href=\"https:\/\/www.hoogendoorn.nl\/cs\/product\/specialni-moduly-isii\/\">Zp\u011bt na moduly iSii <\/a> <a class=\"button red large\" href=\"https:\/\/www.hoogendoorn.nl\/cs\/kontakt\/poradenstvi\/\">Poradenstv\u00ed?<\/a><\/p>\n","protected":false},"excerpt":{"rendered":"<p>Pro koho? Modul Crop condensation (Kondenzace u plodin) se doporu\u010duje pro p\u011bstitele, jejich\u017e plodiny jsou citliv\u00e9 na kondenzaci. Pro\u010d modul Crop condensation (Kondenzace u plodin)? &#8230;<\/p>\n<div class=\"item-read-more\">\n<p>        <a href=\"https:\/\/www.hoogendoorn.nl\/cs\/modul-crop-condensation-kondenzace-u-plodin\/\" style=\"font-weight: normal;\">\u010ct\u011bte v\u00edce<\/a><\/p><\/div>\n","protected":false},"author":101,"featured_media":0,"parent":0,"menu_order":0,"comment_status":"open","ping_status":"open","template":"","meta":{"_acf_changed":false,"_et_pb_use_builder":"","_et_pb_old_content":"","_et_gb_content_width":"","_genesis_hide_title":false,"_genesis_hide_breadcrumbs":false,"_genesis_hide_singular_image":false,"_genesis_hide_footer_widgets":false,"_genesis_custom_body_class":"","_genesis_custom_post_class":"","_genesis_layout":"","footnotes":""},"class_list":{"0":"post-20255","1":"page","2":"type-page","3":"status-publish","5":"entry"},"acf":[],"yoast_head":"<!-- This site is optimized with the Yoast SEO plugin v27.6 - https:\/\/yoast.com\/product\/yoast-seo-wordpress\/ -->\n<title>Modul: Crop condensation (Kondenzace u plodin) - Hoogendoorn Growth Management<\/title>\n<meta name=\"description\" content=\"Modul: Crop condensation (Kondenzace u plodin) se doporu\u010duje pro p\u011bstitele, jejich\u017e plodiny jsou citliv\u00e9 na kondenzaci.\" \/>\n<meta name=\"robots\" content=\"index, follow, max-snippet:-1, max-image-preview:large, max-video-preview:-1\" \/>\n<link rel=\"canonical\" href=\"https:\/\/www.hoogendoorn.nl\/cs\/modul-crop-condensation-kondenzace-u-plodin\/\" \/>\n<meta property=\"og:locale\" content=\"cs_CZ\" \/>\n<meta property=\"og:type\" content=\"article\" \/>\n<meta property=\"og:title\" content=\"Modul: Crop condensation (Kondenzace u plodin) - Hoogendoorn Growth Management\" \/>\n<meta property=\"og:description\" content=\"Modul: Crop condensation (Kondenzace u plodin) se doporu\u010duje pro p\u011bstitele, jejich\u017e plodiny jsou citliv\u00e9 na kondenzaci.\" \/>\n<meta property=\"og:url\" content=\"https:\/\/www.hoogendoorn.nl\/cs\/modul-crop-condensation-kondenzace-u-plodin\/\" \/>\n<meta property=\"og:site_name\" content=\"Hoogendoorn Growth Management\" \/>\n<meta property=\"article:modified_time\" content=\"2015-07-22T13:05:09+00:00\" \/>\n<meta name=\"twitter:label1\" content=\"Odhadovan\u00e1 doba \u010dten\u00ed\" \/>\n\t<meta name=\"twitter:data1\" content=\"1 minuta\" \/>\n<script type=\"application\/ld+json\" class=\"yoast-schema-graph\">{\"@context\":\"https:\\\/\\\/schema.org\",\"@graph\":[{\"@type\":\"WebPage\",\"@id\":\"https:\\\/\\\/www.hoogendoorn.nl\\\/cs\\\/modul-crop-condensation-kondenzace-u-plodin\\\/\",\"url\":\"https:\\\/\\\/www.hoogendoorn.nl\\\/cs\\\/modul-crop-condensation-kondenzace-u-plodin\\\/\",\"name\":\"Modul: Crop condensation (Kondenzace u plodin) - Hoogendoorn Growth Management\",\"isPartOf\":{\"@id\":\"https:\\\/\\\/www.hoogendoorn.nl\\\/#website\"},\"datePublished\":\"2015-07-07T09:53:19+00:00\",\"dateModified\":\"2015-07-22T13:05:09+00:00\",\"description\":\"Modul: Crop condensation (Kondenzace u plodin) se doporu\u010duje pro p\u011bstitele, jejich\u017e plodiny jsou citliv\u00e9 na kondenzaci.\",\"breadcrumb\":{\"@id\":\"https:\\\/\\\/www.hoogendoorn.nl\\\/cs\\\/modul-crop-condensation-kondenzace-u-plodin\\\/#breadcrumb\"},\"inLanguage\":\"cs\",\"potentialAction\":[{\"@type\":\"ReadAction\",\"target\":[\"https:\\\/\\\/www.hoogendoorn.nl\\\/cs\\\/modul-crop-condensation-kondenzace-u-plodin\\\/\"]}]},{\"@type\":\"BreadcrumbList\",\"@id\":\"https:\\\/\\\/www.hoogendoorn.nl\\\/cs\\\/modul-crop-condensation-kondenzace-u-plodin\\\/#breadcrumb\",\"itemListElement\":[{\"@type\":\"ListItem\",\"position\":1,\"name\":\"Home\",\"item\":\"https:\\\/\\\/www.hoogendoorn.nl\\\/cs\\\/\"},{\"@type\":\"ListItem\",\"position\":2,\"name\":\"Modul: Crop condensation (Kondenzace u plodin)\"}]},{\"@type\":\"WebSite\",\"@id\":\"https:\\\/\\\/www.hoogendoorn.nl\\\/#website\",\"url\":\"https:\\\/\\\/www.hoogendoorn.nl\\\/\",\"name\":\"Hoogendoorn Growth Management\",\"description\":\"Wereldwijd duurzame tuinbouwoplossingen op maat\",\"potentialAction\":[{\"@type\":\"SearchAction\",\"target\":{\"@type\":\"EntryPoint\",\"urlTemplate\":\"https:\\\/\\\/www.hoogendoorn.nl\\\/?s={search_term_string}\"},\"query-input\":{\"@type\":\"PropertyValueSpecification\",\"valueRequired\":true,\"valueName\":\"search_term_string\"}}],\"inLanguage\":\"cs\"}]}<\/script>\n<!-- \/ Yoast SEO plugin. -->","yoast_head_json":{"title":"Modul: Crop condensation (Kondenzace u plodin) - Hoogendoorn Growth Management","description":"Modul: Crop condensation (Kondenzace u plodin) se doporu\u010duje pro p\u011bstitele, jejich\u017e plodiny jsou citliv\u00e9 na kondenzaci.","robots":{"index":"index","follow":"follow","max-snippet":"max-snippet:-1","max-image-preview":"max-image-preview:large","max-video-preview":"max-video-preview:-1"},"canonical":"https:\/\/www.hoogendoorn.nl\/cs\/modul-crop-condensation-kondenzace-u-plodin\/","og_locale":"cs_CZ","og_type":"article","og_title":"Modul: Crop condensation (Kondenzace u plodin) - Hoogendoorn Growth Management","og_description":"Modul: Crop condensation (Kondenzace u plodin) se doporu\u010duje pro p\u011bstitele, jejich\u017e plodiny jsou citliv\u00e9 na kondenzaci.","og_url":"https:\/\/www.hoogendoorn.nl\/cs\/modul-crop-condensation-kondenzace-u-plodin\/","og_site_name":"Hoogendoorn Growth Management","article_modified_time":"2015-07-22T13:05:09+00:00","twitter_misc":{"Odhadovan\u00e1 doba \u010dten\u00ed":"1 minuta"},"schema":{"@context":"https:\/\/schema.org","@graph":[{"@type":"WebPage","@id":"https:\/\/www.hoogendoorn.nl\/cs\/modul-crop-condensation-kondenzace-u-plodin\/","url":"https:\/\/www.hoogendoorn.nl\/cs\/modul-crop-condensation-kondenzace-u-plodin\/","name":"Modul: Crop condensation (Kondenzace u plodin) - Hoogendoorn Growth Management","isPartOf":{"@id":"https:\/\/www.hoogendoorn.nl\/#website"},"datePublished":"2015-07-07T09:53:19+00:00","dateModified":"2015-07-22T13:05:09+00:00","description":"Modul: Crop condensation (Kondenzace u plodin) se doporu\u010duje pro p\u011bstitele, jejich\u017e plodiny jsou citliv\u00e9 na kondenzaci.","breadcrumb":{"@id":"https:\/\/www.hoogendoorn.nl\/cs\/modul-crop-condensation-kondenzace-u-plodin\/#breadcrumb"},"inLanguage":"cs","potentialAction":[{"@type":"ReadAction","target":["https:\/\/www.hoogendoorn.nl\/cs\/modul-crop-condensation-kondenzace-u-plodin\/"]}]},{"@type":"BreadcrumbList","@id":"https:\/\/www.hoogendoorn.nl\/cs\/modul-crop-condensation-kondenzace-u-plodin\/#breadcrumb","itemListElement":[{"@type":"ListItem","position":1,"name":"Home","item":"https:\/\/www.hoogendoorn.nl\/cs\/"},{"@type":"ListItem","position":2,"name":"Modul: Crop condensation (Kondenzace u plodin)"}]},{"@type":"WebSite","@id":"https:\/\/www.hoogendoorn.nl\/#website","url":"https:\/\/www.hoogendoorn.nl\/","name":"Hoogendoorn Growth Management","description":"Wereldwijd duurzame tuinbouwoplossingen op maat","potentialAction":[{"@type":"SearchAction","target":{"@type":"EntryPoint","urlTemplate":"https:\/\/www.hoogendoorn.nl\/?s={search_term_string}"},"query-input":{"@type":"PropertyValueSpecification","valueRequired":true,"valueName":"search_term_string"}}],"inLanguage":"cs"}]}},"_links":{"self":[{"href":"https:\/\/www.hoogendoorn.nl\/cs\/wp-json\/wp\/v2\/pages\/20255","targetHints":{"allow":["GET"]}}],"collection":[{"href":"https:\/\/www.hoogendoorn.nl\/cs\/wp-json\/wp\/v2\/pages"}],"about":[{"href":"https:\/\/www.hoogendoorn.nl\/cs\/wp-json\/wp\/v2\/types\/page"}],"author":[{"embeddable":true,"href":"https:\/\/www.hoogendoorn.nl\/cs\/wp-json\/wp\/v2\/users\/101"}],"replies":[{"embeddable":true,"href":"https:\/\/www.hoogendoorn.nl\/cs\/wp-json\/wp\/v2\/comments?post=20255"}],"version-history":[{"count":0,"href":"https:\/\/www.hoogendoorn.nl\/cs\/wp-json\/wp\/v2\/pages\/20255\/revisions"}],"wp:attachment":[{"href":"https:\/\/www.hoogendoorn.nl\/cs\/wp-json\/wp\/v2\/media?parent=20255"}],"curies":[{"name":"wp","href":"https:\/\/api.w.org\/{rel}","templated":true}]}}