{"id":20259,"date":"2015-07-07T10:01:28","date_gmt":"2015-07-07T10:01:28","guid":{"rendered":"http:\/\/nlhoog-salebaboe.savviihq.com\/?page_id=20259"},"modified":"2020-02-04T10:16:57","modified_gmt":"2020-02-04T10:16:57","slug":"modul-meteoscope","status":"publish","type":"page","link":"https:\/\/www.hoogendoorn.nl\/cs\/modul-meteoscope\/","title":{"rendered":"Modul: Meteoscope"},"content":{"rendered":"<p><strong>Pro koho?<br \/>\n<\/strong>Modul Meteoscope je vhodn\u00fd pro v\u0161echny kultivace, obzvl\u00e1\u0161t\u011b pak pro p\u011bstitele, kte\u0159\u00ed cht\u011bj\u00ed zn\u00e1t p\u0159edpov\u011b\u010f po\u010das\u00ed, aby dos\u00e1hli optim\u00e1ln\u00edho r\u016fstu plodin a kvalitn\u00ed produkce, a tak\u00e9 cht\u011bj\u00ed \u0161et\u0159it energii.<\/p>\n<p><strong>Pro\u010d modul Meteoscope?<\/strong><br \/>\nMeteorologick\u00e9 podm\u00ednky maj\u00ed z\u00e1sadn\u00ed vliv na klimatick\u00e9 podm\u00ednky ve va\u0161em sklen\u00edku. Hoogendoorn iSii v\u00e1m umo\u017en\u00ed z\u00edskat p\u0159edpov\u011b\u010f po\u010das\u00ed upravenou p\u0159esn\u011b pro pot\u0159eby va\u0161eho konkr\u00e9tn\u00edho sklen\u00edku a\u017e sedm dn\u00ed p\u0159edem. Tato slu\u017eba se naz\u00fdv\u00e1 Meteoscope a poskytuje ji Meteo Group v r\u00e1mci p\u0159edplatn\u00e9ho.<br \/>\nMeteoscope zahrnuje n\u00e1sleduj\u00edc\u00ed:<\/p>\n<ul>\n<li>Automatick\u00e9 stahov\u00e1n\u00ed \u00fadaj\u016f o po\u010das\u00ed z Meteo Group do va\u0161eho po\u010d\u00edta\u010de<\/li>\n<li>7-denn\u00ed p\u0159edpov\u011b\u010f s \u00fadaji aktualizovan\u00fdmi ka\u017edou hodinu ohledn\u011b rychlosti v\u011btru, venkovn\u00ed teploty, intenzity slune\u010dn\u00edho z\u00e1\u0159en\u00ed, vlhkosti, obla\u010dnosti, zam\u011b\u0159en\u00fdmi na va\u0161i konkr\u00e9tn\u00ed lokalitu (GPS lokalizace)<\/li>\n<li>Automatick\u00e9 nastaven\u00ed energie, nastaven\u00ed klimatu a\/nebo zavla\u017eov\u00e1n\u00ed ve va\u0161em procesn\u00edm po\u010d\u00edta\u010di iSii<\/li>\n<\/ul>\n<p>Meteoscope v\u00e1m umo\u017en\u00ed p\u0159edv\u00eddat po\u010das\u00ed. Nap\u0159\u00edklad m\u016f\u017eete u\u0161et\u0159it v\u00edce energie v z\u00e1sobn\u00edku tepla, kdy\u017e m\u00e1 p\u0159ij\u00edt chladn\u00e9 po\u010das\u00ed, nebo m\u016f\u017eete uzav\u0159\u00edt energetickou clonu v p\u0159\u00edpad\u011b, \u017ee bude jasn\u00e1 noc bez mrak\u016f. D\u00e1le, pokud se \u010dek\u00e1 v\u00edce slune\u010dn\u00edho z\u00e1\u0159en\u00ed, m\u016f\u017eete rostlin\u00e1m p\u0159idat vodu. Kdy\u017e se naopak \u010dek\u00e1 m\u00e1le slune\u010dn\u00edho sv\u011btla ke konci dne, m\u016f\u017eete v\u010das p\u0159estat rostliny zal\u00e9vat. Kdy\u017e se \u010dek\u00e1 dostatek slune\u010dn\u00edho z\u00e1\u0159en\u00ed, m\u016f\u017eete v\u010das zhasnout lampy nav\u00edc nebo je nezap\u00ednat v\u016fbec.<br \/>\nM\u016f\u017ee to b\u00fdt u\u017eite\u010dn\u00fd n\u00e1stroj k optimalizaci va\u0161eho hospoda\u0159en\u00ed s energi\u00ed. P\u0159ece jen je lep\u0161\u00ed zabr\u00e1nit nep\u0159\u00edzniv\u00fdm situac\u00edm, ne\u017e pozd\u011bji napravovat \u0161kody.<\/p>\n<p><strong>Meteoscope ve stru\u010dnosti:<\/strong><\/p>\n<ul>\n<li>Meteoscope v\u00e1m umo\u017e\u0148uje p\u0159edv\u00eddat po\u010das\u00ed<\/li>\n<li>Pom\u00e1h\u00e1 v\u00e1m vyhnout se dodate\u010dn\u00fdm n\u00e1prav\u00e1m \u0161kod<\/li>\n<li>Vytv\u00e1\u0159\u00ed podm\u00ednky pro optim\u00e1ln\u00ed r\u016fst plodin a kvalitn\u00ed produkci<\/li>\n<li>\u0160et\u0159\u00ed energii<\/li>\n<\/ul>\n<p><a class=\"button grey large\" href=\"https:\/\/www.hoogendoorn.nl\/cs\/product\/specialni-moduly-isii\/\">Zp\u011bt na moduly iSii <\/a> <a class=\"button red large\" href=\"https:\/\/www.hoogendoorn.nl\/cs\/kontakt\/poradenstvi\/\">Poradenstv\u00ed?<\/a><\/p>\n","protected":false},"excerpt":{"rendered":"<p>Pro koho? Modul Meteoscope je vhodn\u00fd pro v\u0161echny kultivace, obzvl\u00e1\u0161t\u011b pak pro p\u011bstitele, kte\u0159\u00ed cht\u011bj\u00ed zn\u00e1t p\u0159edpov\u011b\u010f po\u010das\u00ed, aby dos\u00e1hli optim\u00e1ln\u00edho r\u016fstu plodin a kvalitn\u00ed &#8230;<\/p>\n<div class=\"item-read-more\">\n<p>        <a href=\"https:\/\/www.hoogendoorn.nl\/cs\/modul-meteoscope\/\" style=\"font-weight: normal;\">\u010ct\u011bte v\u00edce<\/a><\/p><\/div>\n","protected":false},"author":101,"featured_media":0,"parent":0,"menu_order":0,"comment_status":"open","ping_status":"open","template":"","meta":{"_acf_changed":false,"_et_pb_use_builder":"","_et_pb_old_content":"","_et_gb_content_width":"","_genesis_hide_title":false,"_genesis_hide_breadcrumbs":false,"_genesis_hide_singular_image":false,"_genesis_hide_footer_widgets":false,"_genesis_custom_body_class":"","_genesis_custom_post_class":"","_genesis_layout":"","footnotes":""},"class_list":{"0":"post-20259","1":"page","2":"type-page","3":"status-publish","5":"entry"},"acf":[],"yoast_head":"<!-- This site is optimized with the Yoast SEO plugin v26.6 - https:\/\/yoast.com\/wordpress\/plugins\/seo\/ -->\n<title>Modul: Meteoscope - Hoogendoorn Growth Management<\/title>\n<meta name=\"description\" content=\"Modul: MeteoScope. Hoogendoorn iSii v\u00e1m umo\u017en\u00ed z\u00edskat p\u0159edpov\u011b\u010f po\u010das\u00ed upravenou p\u0159esn\u011b pro pot\u0159eby va\u0161eho konkr\u00e9tn\u00edho sklen\u00edku a\u017e sedm dn\u00ed p\u0159edem.\" \/>\n<meta name=\"robots\" content=\"index, follow, max-snippet:-1, max-image-preview:large, max-video-preview:-1\" \/>\n<link rel=\"canonical\" href=\"https:\/\/www.hoogendoorn.nl\/cs\/modul-meteoscope\/\" \/>\n<meta property=\"og:locale\" content=\"cs_CZ\" \/>\n<meta property=\"og:type\" content=\"article\" \/>\n<meta property=\"og:title\" content=\"Modul: Meteoscope - Hoogendoorn Growth Management\" \/>\n<meta property=\"og:description\" content=\"Modul: MeteoScope. Hoogendoorn iSii v\u00e1m umo\u017en\u00ed z\u00edskat p\u0159edpov\u011b\u010f po\u010das\u00ed upravenou p\u0159esn\u011b pro pot\u0159eby va\u0161eho konkr\u00e9tn\u00edho sklen\u00edku a\u017e sedm dn\u00ed p\u0159edem.\" \/>\n<meta property=\"og:url\" content=\"https:\/\/www.hoogendoorn.nl\/cs\/modul-meteoscope\/\" \/>\n<meta property=\"og:site_name\" content=\"Hoogendoorn Growth Management\" \/>\n<meta property=\"article:modified_time\" content=\"2020-02-04T10:16:57+00:00\" \/>\n<meta name=\"twitter:label1\" content=\"Odhadovan\u00e1 doba \u010dten\u00ed\" \/>\n\t<meta name=\"twitter:data1\" content=\"2 minuty\" \/>\n<script type=\"application\/ld+json\" class=\"yoast-schema-graph\">{\"@context\":\"https:\/\/schema.org\",\"@graph\":[{\"@type\":\"WebPage\",\"@id\":\"https:\/\/www.hoogendoorn.nl\/cs\/modul-meteoscope\/\",\"url\":\"https:\/\/www.hoogendoorn.nl\/cs\/modul-meteoscope\/\",\"name\":\"Modul: Meteoscope - Hoogendoorn Growth Management\",\"isPartOf\":{\"@id\":\"https:\/\/www.hoogendoorn.nl\/#website\"},\"datePublished\":\"2015-07-07T10:01:28+00:00\",\"dateModified\":\"2020-02-04T10:16:57+00:00\",\"description\":\"Modul: MeteoScope. Hoogendoorn iSii v\u00e1m umo\u017en\u00ed z\u00edskat p\u0159edpov\u011b\u010f po\u010das\u00ed upravenou p\u0159esn\u011b pro pot\u0159eby va\u0161eho konkr\u00e9tn\u00edho sklen\u00edku a\u017e sedm dn\u00ed p\u0159edem.\",\"breadcrumb\":{\"@id\":\"https:\/\/www.hoogendoorn.nl\/cs\/modul-meteoscope\/#breadcrumb\"},\"inLanguage\":\"cs\",\"potentialAction\":[{\"@type\":\"ReadAction\",\"target\":[\"https:\/\/www.hoogendoorn.nl\/cs\/modul-meteoscope\/\"]}]},{\"@type\":\"BreadcrumbList\",\"@id\":\"https:\/\/www.hoogendoorn.nl\/cs\/modul-meteoscope\/#breadcrumb\",\"itemListElement\":[{\"@type\":\"ListItem\",\"position\":1,\"name\":\"Home\",\"item\":\"https:\/\/www.hoogendoorn.nl\/cs\/\"},{\"@type\":\"ListItem\",\"position\":2,\"name\":\"Modul: Meteoscope\"}]},{\"@type\":\"WebSite\",\"@id\":\"https:\/\/www.hoogendoorn.nl\/#website\",\"url\":\"https:\/\/www.hoogendoorn.nl\/\",\"name\":\"Hoogendoorn Growth Management\",\"description\":\"Wereldwijd duurzame tuinbouwoplossingen op maat\",\"potentialAction\":[{\"@type\":\"SearchAction\",\"target\":{\"@type\":\"EntryPoint\",\"urlTemplate\":\"https:\/\/www.hoogendoorn.nl\/?s={search_term_string}\"},\"query-input\":{\"@type\":\"PropertyValueSpecification\",\"valueRequired\":true,\"valueName\":\"search_term_string\"}}],\"inLanguage\":\"cs\"}]}<\/script>\n<!-- \/ Yoast SEO plugin. -->","yoast_head_json":{"title":"Modul: Meteoscope - Hoogendoorn Growth Management","description":"Modul: MeteoScope. Hoogendoorn iSii v\u00e1m umo\u017en\u00ed z\u00edskat p\u0159edpov\u011b\u010f po\u010das\u00ed upravenou p\u0159esn\u011b pro pot\u0159eby va\u0161eho konkr\u00e9tn\u00edho sklen\u00edku a\u017e sedm dn\u00ed p\u0159edem.","robots":{"index":"index","follow":"follow","max-snippet":"max-snippet:-1","max-image-preview":"max-image-preview:large","max-video-preview":"max-video-preview:-1"},"canonical":"https:\/\/www.hoogendoorn.nl\/cs\/modul-meteoscope\/","og_locale":"cs_CZ","og_type":"article","og_title":"Modul: Meteoscope - Hoogendoorn Growth Management","og_description":"Modul: MeteoScope. Hoogendoorn iSii v\u00e1m umo\u017en\u00ed z\u00edskat p\u0159edpov\u011b\u010f po\u010das\u00ed upravenou p\u0159esn\u011b pro pot\u0159eby va\u0161eho konkr\u00e9tn\u00edho sklen\u00edku a\u017e sedm dn\u00ed p\u0159edem.","og_url":"https:\/\/www.hoogendoorn.nl\/cs\/modul-meteoscope\/","og_site_name":"Hoogendoorn Growth Management","article_modified_time":"2020-02-04T10:16:57+00:00","twitter_misc":{"Odhadovan\u00e1 doba \u010dten\u00ed":"2 minuty"},"schema":{"@context":"https:\/\/schema.org","@graph":[{"@type":"WebPage","@id":"https:\/\/www.hoogendoorn.nl\/cs\/modul-meteoscope\/","url":"https:\/\/www.hoogendoorn.nl\/cs\/modul-meteoscope\/","name":"Modul: Meteoscope - Hoogendoorn Growth Management","isPartOf":{"@id":"https:\/\/www.hoogendoorn.nl\/#website"},"datePublished":"2015-07-07T10:01:28+00:00","dateModified":"2020-02-04T10:16:57+00:00","description":"Modul: MeteoScope. Hoogendoorn iSii v\u00e1m umo\u017en\u00ed z\u00edskat p\u0159edpov\u011b\u010f po\u010das\u00ed upravenou p\u0159esn\u011b pro pot\u0159eby va\u0161eho konkr\u00e9tn\u00edho sklen\u00edku a\u017e sedm dn\u00ed p\u0159edem.","breadcrumb":{"@id":"https:\/\/www.hoogendoorn.nl\/cs\/modul-meteoscope\/#breadcrumb"},"inLanguage":"cs","potentialAction":[{"@type":"ReadAction","target":["https:\/\/www.hoogendoorn.nl\/cs\/modul-meteoscope\/"]}]},{"@type":"BreadcrumbList","@id":"https:\/\/www.hoogendoorn.nl\/cs\/modul-meteoscope\/#breadcrumb","itemListElement":[{"@type":"ListItem","position":1,"name":"Home","item":"https:\/\/www.hoogendoorn.nl\/cs\/"},{"@type":"ListItem","position":2,"name":"Modul: Meteoscope"}]},{"@type":"WebSite","@id":"https:\/\/www.hoogendoorn.nl\/#website","url":"https:\/\/www.hoogendoorn.nl\/","name":"Hoogendoorn Growth Management","description":"Wereldwijd duurzame tuinbouwoplossingen op maat","potentialAction":[{"@type":"SearchAction","target":{"@type":"EntryPoint","urlTemplate":"https:\/\/www.hoogendoorn.nl\/?s={search_term_string}"},"query-input":{"@type":"PropertyValueSpecification","valueRequired":true,"valueName":"search_term_string"}}],"inLanguage":"cs"}]}},"_links":{"self":[{"href":"https:\/\/www.hoogendoorn.nl\/cs\/wp-json\/wp\/v2\/pages\/20259","targetHints":{"allow":["GET"]}}],"collection":[{"href":"https:\/\/www.hoogendoorn.nl\/cs\/wp-json\/wp\/v2\/pages"}],"about":[{"href":"https:\/\/www.hoogendoorn.nl\/cs\/wp-json\/wp\/v2\/types\/page"}],"author":[{"embeddable":true,"href":"https:\/\/www.hoogendoorn.nl\/cs\/wp-json\/wp\/v2\/users\/101"}],"replies":[{"embeddable":true,"href":"https:\/\/www.hoogendoorn.nl\/cs\/wp-json\/wp\/v2\/comments?post=20259"}],"version-history":[{"count":2,"href":"https:\/\/www.hoogendoorn.nl\/cs\/wp-json\/wp\/v2\/pages\/20259\/revisions"}],"predecessor-version":[{"id":43062,"href":"https:\/\/www.hoogendoorn.nl\/cs\/wp-json\/wp\/v2\/pages\/20259\/revisions\/43062"}],"wp:attachment":[{"href":"https:\/\/www.hoogendoorn.nl\/cs\/wp-json\/wp\/v2\/media?parent=20259"}],"curies":[{"name":"wp","href":"https:\/\/api.w.org\/{rel}","templated":true}]}}