{"id":20332,"date":"2015-07-08T09:11:13","date_gmt":"2015-07-08T09:11:13","guid":{"rendered":"http:\/\/nlhoog-salebaboe.savviihq.com\/?page_id=20332"},"modified":"2015-09-23T06:50:47","modified_gmt":"2015-09-23T06:50:47","slug":"poradenstvi","status":"publish","type":"page","link":"https:\/\/www.hoogendoorn.nl\/cs\/kontakt\/poradenstvi\/","title":{"rendered":"Poradenstv\u00ed"},"content":{"rendered":"<script type=\"text\/javascript\">var gform;gform||(document.addEventListener(\"gform_main_scripts_loaded\",function(){gform.scriptsLoaded=!0}),window.addEventListener(\"DOMContentLoaded\",function(){gform.domLoaded=!0}),gform={domLoaded:!1,scriptsLoaded:!1,initializeOnLoaded:function(o){gform.domLoaded&&gform.scriptsLoaded?o():!gform.domLoaded&&gform.scriptsLoaded?window.addEventListener(\"DOMContentLoaded\",o):document.addEventListener(\"gform_main_scripts_loaded\",o)},hooks:{action:{},filter:{}},addAction:function(o,n,r,t){gform.addHook(\"action\",o,n,r,t)},addFilter:function(o,n,r,t){gform.addHook(\"filter\",o,n,r,t)},doAction:function(o){gform.doHook(\"action\",o,arguments)},applyFilters:function(o){return gform.doHook(\"filter\",o,arguments)},removeAction:function(o,n){gform.removeHook(\"action\",o,n)},removeFilter:function(o,n,r){gform.removeHook(\"filter\",o,n,r)},addHook:function(o,n,r,t,i){null==gform.hooks[o][n]&&(gform.hooks[o][n]=[]);var e=gform.hooks[o][n];null==i&&(i=n+\"_\"+e.length),gform.hooks[o][n].push({tag:i,callable:r,priority:t=null==t?10:t})},doHook:function(n,o,r){var t;if(r=Array.prototype.slice.call(r,1),null!=gform.hooks[n][o]&&((o=gform.hooks[n][o]).sort(function(o,n){return o.priority-n.priority}),o.forEach(function(o){\"function\"!=typeof(t=o.callable)&&(t=window[t]),\"action\"==n?t.apply(null,r):r[0]=t.apply(null,r)})),\"filter\"==n)return r[0]},removeHook:function(o,n,t,i){var r;null!=gform.hooks[o][n]&&(r=(r=gform.hooks[o][n]).filter(function(o,n,r){return!!(null!=i&&i!=o.tag||null!=t&&t!=o.priority)}),gform.hooks[o][n]=r)}});<\/script>\n                <div class='gf_browser_gecko gform_wrapper gform_legacy_markup_wrapper gform-theme--no-framework' data-form-theme='legacy' data-form-index='0' id='gform_wrapper_154' style='display:none'><form method='post' enctype='multipart\/form-data'  id='gform_154'  action='\/cs\/wp-json\/wp\/v2\/pages\/20332' data-formid='154' novalidate>\n                        <div class='gform-body gform_body'><ul id='gform_fields_154' class='gform_fields top_label form_sublabel_below description_below validation_below'><li id=\"field_154_1\" class=\"gfield gfield--type-html gfield_html gfield_html_formatted gfield_no_follows_desc field_sublabel_below gfield--no-description field_description_below field_validation_below gfield_visibility_visible\"  data-js-reload=\"field_154_1\" >Pros\u00edm, pro vy\u017ed\u00e1d\u00e1n\u00ed konzultace vypl\u0148te n\u00ed\u017ee uveden\u00fd formul\u00e1\u0159.\n<\/li><li id=\"field_154_2\" class=\"gfield gfield--type-text gfield_contains_required field_sublabel_below gfield--no-description field_description_below field_validation_below gfield_visibility_visible\"  data-js-reload=\"field_154_2\" ><label class='gfield_label gform-field-label' for='input_154_2'>N\u00e1zev spole\u010dnosti<span class=\"gfield_required\"><span class=\"gfield_required gfield_required_asterisk\">*<\/span><\/span><\/label><div class='ginput_container ginput_container_text'><input name='input_2' id='input_154_2' type='text' value='' class='medium'     aria-required=\"true\" aria-invalid=\"false\"   \/> <\/div><\/li><li id=\"field_154_3\" class=\"gfield gfield--type-text gfield_contains_required field_sublabel_below gfield--no-description field_description_below field_validation_below gfield_visibility_visible\"  data-js-reload=\"field_154_3\" ><label class='gfield_label gform-field-label' for='input_154_3'>Pracovn\u00ed pozice<span class=\"gfield_required\"><span class=\"gfield_required gfield_required_asterisk\">*<\/span><\/span><\/label><div class='ginput_container ginput_container_text'><input name='input_3' id='input_154_3' type='text' value='' class='medium'     aria-required=\"true\" aria-invalid=\"false\"   \/> <\/div><\/li><li id=\"field_154_4\" class=\"gfield gfield--type-select gfield_contains_required field_sublabel_below gfield--no-description field_description_below field_validation_below gfield_visibility_visible\"  data-js-reload=\"field_154_4\" ><label class='gfield_label gform-field-label' for='input_154_4'>Titul<span class=\"gfield_required\"><span class=\"gfield_required gfield_required_asterisk\">*<\/span><\/span><\/label><div class='ginput_container ginput_container_select'><select name='input_4' id='input_154_4' class='medium gfield_select'    aria-required=\"true\" aria-invalid=\"false\" ><option value='Mr.' >Mr.<\/option><option value='Mrs.' >Mrs.<\/option><option value='Ms.' >Ms.<\/option><\/select><\/div><\/li><li id=\"field_154_5\" class=\"gfield gfield--type-text gfield_contains_required field_sublabel_below gfield--no-description field_description_below field_validation_below gfield_visibility_visible\"  data-js-reload=\"field_154_5\" ><label class='gfield_label gform-field-label' for='input_154_5'>Inici\u00e1ly<span class=\"gfield_required\"><span class=\"gfield_required gfield_required_asterisk\">*<\/span><\/span><\/label><div class='ginput_container ginput_container_text'><input name='input_5' id='input_154_5' type='text' value='' class='medium'     aria-required=\"true\" aria-invalid=\"false\"   \/> <\/div><\/li><li id=\"field_154_6\" class=\"gfield gfield--type-text gfield_contains_required field_sublabel_below gfield--no-description field_description_below field_validation_below gfield_visibility_visible\"  data-js-reload=\"field_154_6\" ><label class='gfield_label gform-field-label' for='input_154_6'>P\u0159\u00edjmen\u00ed<span class=\"gfield_required\"><span class=\"gfield_required gfield_required_asterisk\">*<\/span><\/span><\/label><div class='ginput_container ginput_container_text'><input name='input_6' id='input_154_6' type='text' value='' class='medium'     aria-required=\"true\" aria-invalid=\"false\"   \/> <\/div><\/li><li id=\"field_154_7\" class=\"gfield gfield--type-email gfield_contains_required field_sublabel_below gfield--no-description field_description_below field_validation_below gfield_visibility_visible\"  data-js-reload=\"field_154_7\" ><label class='gfield_label gform-field-label' for='input_154_7'>Emailov\u00e1 adresa<span class=\"gfield_required\"><span class=\"gfield_required gfield_required_asterisk\">*<\/span><\/span><\/label><div class='ginput_container ginput_container_email'>\n                            <input name='input_7' id='input_154_7' type='email' value='' class='medium'    aria-required=\"true\" aria-invalid=\"false\"  \/>\n                        <\/div><\/li><li id=\"field_154_8\" class=\"gfield gfield--type-phone gfield_contains_required field_sublabel_below gfield--no-description field_description_below field_validation_below gfield_visibility_visible\"  data-js-reload=\"field_154_8\" ><label class='gfield_label gform-field-label' for='input_154_8'>Telefonn\u00ed \u010d\u00edslo<span class=\"gfield_required\"><span class=\"gfield_required gfield_required_asterisk\">*<\/span><\/span><\/label><div class='ginput_container ginput_container_phone'><input name='input_8' id='input_154_8' type='tel' value='' class='medium'   aria-required=\"true\" aria-invalid=\"false\"   \/><\/div><\/li><li id=\"field_154_9\" class=\"gfield gfield--type-textarea field_sublabel_below gfield--no-description field_description_below field_validation_below gfield_visibility_visible\"  data-js-reload=\"field_154_9\" ><label class='gfield_label gform-field-label' for='input_154_9'>Va\u0161e ot\u00e1zky nebo pozn\u00e1mky?<\/label><div class='ginput_container ginput_container_textarea'><textarea name='input_9' id='input_154_9' class='textarea medium'      aria-invalid=\"false\"   rows='10' cols='50'><\/textarea><\/div><\/li><li id=\"field_154_10\" class=\"gfield gfield--type-checkbox gfield--type-choice field_sublabel_below gfield--no-description field_description_below field_validation_below gfield_visibility_visible\"  data-js-reload=\"field_154_10\" ><label class='gfield_label gform-field-label gfield_label_before_complex' >Yes, I would like to receive the Hoogendoorn newsletter.<\/label><div class='ginput_container ginput_container_checkbox'><ul class='gfield_checkbox' id='input_154_10'><li class='gchoice gchoice_154_10_1'>\n\t\t\t\t\t\t\t\t<input class='gfield-choice-input' name='input_10.1' type='checkbox'  value='Yes, I agree to my personal data being stored and used for distribution of the Hoogendoorn newsletter and information offers from Hoogendoorn.'  id='choice_154_10_1'   \/>\n\t\t\t\t\t\t\t\t<label for='choice_154_10_1' id='label_154_10_1' class='gform-field-label gform-field-label--type-inline'>Yes, I agree to my personal data being stored and used for distribution of the Hoogendoorn newsletter and information offers from Hoogendoorn.<\/label>\n\t\t\t\t\t\t\t<\/li><\/ul><\/div><\/li><li id=\"field_154_11\" class=\"gfield gfield--type-checkbox gfield--type-choice gfield_contains_required field_sublabel_below gfield--no-description field_description_below field_validation_below gfield_visibility_visible\"  data-js-reload=\"field_154_11\" ><label class='gfield_label gform-field-label gfield_label_before_complex' >Preferred newsletter language<span class=\"gfield_required\"><span class=\"gfield_required gfield_required_asterisk\">*<\/span><\/span><\/label><div class='ginput_container ginput_container_checkbox'><ul class='gfield_checkbox' id='input_154_11'><li class='gchoice gchoice_154_11_1'>\n\t\t\t\t\t\t\t\t<input class='gfield-choice-input' name='input_11.1' type='checkbox'  value='English'  id='choice_154_11_1'   \/>\n\t\t\t\t\t\t\t\t<label for='choice_154_11_1' id='label_154_11_1' class='gform-field-label gform-field-label--type-inline'>English<\/label>\n\t\t\t\t\t\t\t<\/li><li class='gchoice gchoice_154_11_2'>\n\t\t\t\t\t\t\t\t<input class='gfield-choice-input' name='input_11.2' type='checkbox'  value='Dutch'  id='choice_154_11_2'   \/>\n\t\t\t\t\t\t\t\t<label for='choice_154_11_2' id='label_154_11_2' class='gform-field-label gform-field-label--type-inline'>Dutch<\/label>\n\t\t\t\t\t\t\t<\/li><li class='gchoice gchoice_154_11_3'>\n\t\t\t\t\t\t\t\t<input class='gfield-choice-input' name='input_11.3' type='checkbox'  value='Spanish'  id='choice_154_11_3'   \/>\n\t\t\t\t\t\t\t\t<label for='choice_154_11_3' id='label_154_11_3' class='gform-field-label gform-field-label--type-inline'>Spanish<\/label>\n\t\t\t\t\t\t\t<\/li><\/ul><\/div><\/li><li id=\"field_154_12\" class=\"gfield gfield--type-checkbox gfield--type-choice gfield_contains_required field_sublabel_below gfield--has-description field_description_below field_validation_below gfield_visibility_visible\"  data-js-reload=\"field_154_12\" ><label class='gfield_label gform-field-label gfield_label_before_complex' >Als u dit formulier wilt verzenden, moet u onze Privacyverklaring accepteren<span class=\"gfield_required\"><span class=\"gfield_required gfield_required_asterisk\">*<\/span><\/span><\/label><div class='ginput_container ginput_container_checkbox'><ul class='gfield_checkbox' id='input_154_12'><li class='gchoice gchoice_154_12_1'>\n\t\t\t\t\t\t\t\t<input class='gfield-choice-input' name='input_12.1' type='checkbox'  value='Accepteren'  id='choice_154_12_1'   aria-describedby=\"gfield_description_154_12\"\/>\n\t\t\t\t\t\t\t\t<label for='choice_154_12_1' id='label_154_12_1' class='gform-field-label gform-field-label--type-inline'>Accepteren<\/label>\n\t\t\t\t\t\t\t<\/li><\/ul><\/div><div class='gfield_description' id='gfield_description_154_12'><a href=\"#?cmplz_region_redirect=true\">Privacyverklaring<\/a><\/div><\/li><\/ul><\/div>\n        <div class='gform_footer top_label'> <input type='submit' id='gform_submit_button_154' class='gform_button button' value='Poslat'  onclick='if(window[\"gf_submitting_154\"]){return false;}  if( !jQuery(\"#gform_154\")[0].checkValidity || jQuery(\"#gform_154\")[0].checkValidity()){window[\"gf_submitting_154\"]=true;}  ' onkeypress='if( event.keyCode == 13 ){ if(window[\"gf_submitting_154\"]){return false;} if( !jQuery(\"#gform_154\")[0].checkValidity || jQuery(\"#gform_154\")[0].checkValidity()){window[\"gf_submitting_154\"]=true;}  jQuery(\"#gform_154\").trigger(\"submit\",[true]); }' \/> \n            <input type='hidden' class='gform_hidden' name='is_submit_154' value='1' \/>\n            <input type='hidden' class='gform_hidden' name='gform_submit' value='154' \/>\n            \n            <input type='hidden' class='gform_hidden' name='gform_unique_id' value='' \/>\n            <input type='hidden' class='gform_hidden' name='state_154' value='WyJbXSIsIjRkNTc2ZjU3Y2ZhOTE1Nzg1NDM0MWUzYzE3YzNkZjk2Il0=' \/>\n            <input type='hidden' class='gform_hidden' name='gform_target_page_number_154' id='gform_target_page_number_154' value='0' \/>\n            <input type='hidden' class='gform_hidden' name='gform_source_page_number_154' id='gform_source_page_number_154' value='1' \/>\n            <input type='hidden' name='gform_field_values' value='' \/>\n            \n        <\/div>\n                        <p style=\"display: none !important;\" class=\"akismet-fields-container\" data-prefix=\"ak_\"><label>&#916;<textarea name=\"ak_hp_textarea\" cols=\"45\" rows=\"8\" maxlength=\"100\"><\/textarea><\/label><input type=\"hidden\" id=\"ak_js_1\" name=\"ak_js\" value=\"167\"\/><script>document.getElementById( \"ak_js_1\" ).setAttribute( \"value\", ( new Date() ).getTime() );<\/script><\/p><\/form>\n                        <\/div><script>\ngform.initializeOnLoaded( function() {gformInitSpinner( 154, 'https:\/\/www.hoogendoorn.nl\/wp-content\/plugins\/gravityforms\/images\/spinner.svg', true );jQuery('#gform_ajax_frame_154').on('load',function(){var contents = jQuery(this).contents().find('*').html();var is_postback = contents.indexOf('GF_AJAX_POSTBACK') >= 0;if(!is_postback){return;}var form_content = jQuery(this).contents().find('#gform_wrapper_154');var is_confirmation = jQuery(this).contents().find('#gform_confirmation_wrapper_154').length > 0;var is_redirect = contents.indexOf('gformRedirect(){') >= 0;var is_form = form_content.length > 0 && ! is_redirect && ! is_confirmation;var mt = parseInt(jQuery('html').css('margin-top'), 10) + parseInt(jQuery('body').css('margin-top'), 10) + 100;if(is_form){form_content.find('form').css('opacity', 0);jQuery('#gform_wrapper_154').html(form_content.html());if(form_content.hasClass('gform_validation_error')){jQuery('#gform_wrapper_154').addClass('gform_validation_error');} else {jQuery('#gform_wrapper_154').removeClass('gform_validation_error');}setTimeout( function() { \/* delay the scroll by 50 milliseconds to fix a bug in chrome *\/  }, 50 );if(window['gformInitDatepicker']) {gformInitDatepicker();}if(window['gformInitPriceFields']) {gformInitPriceFields();}var current_page = jQuery('#gform_source_page_number_154').val();gformInitSpinner( 154, 'https:\/\/www.hoogendoorn.nl\/wp-content\/plugins\/gravityforms\/images\/spinner.svg', true );jQuery(document).trigger('gform_page_loaded', [154, current_page]);window['gf_submitting_154'] = false;}else if(!is_redirect){var confirmation_content = jQuery(this).contents().find('.GF_AJAX_POSTBACK').html();if(!confirmation_content){confirmation_content = contents;}jQuery('#gform_wrapper_154').replaceWith(confirmation_content);jQuery(document).trigger('gform_confirmation_loaded', [154]);window['gf_submitting_154'] = false;wp.a11y.speak(jQuery('#gform_confirmation_message_154').text());}else{jQuery('#gform_154').append(contents);if(window['gformRedirect']) {gformRedirect();}}jQuery(document).trigger(\"gform_pre_post_render\", [{ formId: \"154\", currentPage: \"current_page\", abort: function() { this.preventDefault(); } }]);                if (event && event.defaultPrevented) {                return;         }        const gformWrapperDiv = document.getElementById( \"gform_wrapper_154\" );        if ( gformWrapperDiv ) {            const visibilitySpan = document.createElement( \"span\" );            visibilitySpan.id = \"gform_visibility_test_154\";            gformWrapperDiv.insertAdjacentElement( \"afterend\", visibilitySpan );        }        const visibilityTestDiv = document.getElementById( \"gform_visibility_test_154\" );        let postRenderFired = false;                function triggerPostRender() {            if ( postRenderFired ) {                return;            }            postRenderFired = true;            jQuery( document ).trigger( 'gform_post_render', [154, current_page] );            gform.utils.trigger( { event: 'gform\/postRender', native: false, data: { formId: 154, currentPage: current_page } } );            if ( visibilityTestDiv ) {                visibilityTestDiv.parentNode.removeChild( visibilityTestDiv );            }        }        function debounce( func, wait, immediate ) {            var timeout;            return function() {                var context = this, args = arguments;                var later = function() {                    timeout = null;                    if ( !immediate ) func.apply( context, args );                };                var callNow = immediate && !timeout;                clearTimeout( timeout );                timeout = setTimeout( later, wait );                if ( callNow ) func.apply( context, args );            };        }        const debouncedTriggerPostRender = debounce( function() {            triggerPostRender();        }, 200 );        if ( visibilityTestDiv && visibilityTestDiv.offsetParent === null ) {            const observer = new MutationObserver( ( mutations ) => {                mutations.forEach( ( mutation ) => {                    if ( mutation.type === 'attributes' && visibilityTestDiv.offsetParent !== null ) {                        debouncedTriggerPostRender();                        observer.disconnect();                    }                });            });            observer.observe( document.body, {                attributes: true,                childList: false,                subtree: true,                attributeFilter: [ 'style', 'class' ],            });        } else {            triggerPostRender();        }    } );} );\n<\/script>\n\n","protected":false},"excerpt":{"rendered":"","protected":false},"author":101,"featured_media":0,"parent":20144,"menu_order":0,"comment_status":"closed","ping_status":"closed","template":"","meta":{"_acf_changed":false,"_et_pb_use_builder":"","_et_pb_old_content":"","_et_gb_content_width":"","_genesis_hide_title":false,"_genesis_hide_breadcrumbs":false,"_genesis_hide_singular_image":false,"_genesis_hide_footer_widgets":false,"_genesis_custom_body_class":"","_genesis_custom_post_class":"","_genesis_layout":"","footnotes":""},"class_list":{"0":"post-20332","1":"page","2":"type-page","3":"status-publish","5":"entry"},"acf":[],"yoast_head":"<!-- This site is optimized with the Yoast SEO plugin v26.6 - https:\/\/yoast.com\/wordpress\/plugins\/seo\/ -->\n<title>Poradenstv\u00ed - Hoogendoorn Growth Management<\/title>\n<meta name=\"description\" content=\"Poradenstv\u00ed\" \/>\n<meta name=\"robots\" content=\"index, follow, max-snippet:-1, max-image-preview:large, max-video-preview:-1\" \/>\n<link rel=\"canonical\" href=\"https:\/\/www.hoogendoorn.nl\/cs\/kontakt\/poradenstvi\/\" \/>\n<meta property=\"og:locale\" content=\"cs_CZ\" \/>\n<meta property=\"og:type\" content=\"article\" \/>\n<meta property=\"og:title\" content=\"Poradenstv\u00ed - Hoogendoorn Growth Management\" \/>\n<meta property=\"og:description\" content=\"Poradenstv\u00ed\" \/>\n<meta property=\"og:url\" content=\"https:\/\/www.hoogendoorn.nl\/cs\/kontakt\/poradenstvi\/\" \/>\n<meta property=\"og:site_name\" content=\"Hoogendoorn Growth Management\" \/>\n<meta property=\"article:modified_time\" content=\"2015-09-23T06:50:47+00:00\" \/>\n<script type=\"application\/ld+json\" class=\"yoast-schema-graph\">{\"@context\":\"https:\/\/schema.org\",\"@graph\":[{\"@type\":\"WebPage\",\"@id\":\"https:\/\/www.hoogendoorn.nl\/cs\/kontakt\/poradenstvi\/\",\"url\":\"https:\/\/www.hoogendoorn.nl\/cs\/kontakt\/poradenstvi\/\",\"name\":\"Poradenstv\u00ed - Hoogendoorn Growth Management\",\"isPartOf\":{\"@id\":\"https:\/\/www.hoogendoorn.nl\/#website\"},\"datePublished\":\"2015-07-08T09:11:13+00:00\",\"dateModified\":\"2015-09-23T06:50:47+00:00\",\"description\":\"Poradenstv\u00ed\",\"breadcrumb\":{\"@id\":\"https:\/\/www.hoogendoorn.nl\/cs\/kontakt\/poradenstvi\/#breadcrumb\"},\"inLanguage\":\"cs\",\"potentialAction\":[{\"@type\":\"ReadAction\",\"target\":[\"https:\/\/www.hoogendoorn.nl\/cs\/kontakt\/poradenstvi\/\"]}]},{\"@type\":\"BreadcrumbList\",\"@id\":\"https:\/\/www.hoogendoorn.nl\/cs\/kontakt\/poradenstvi\/#breadcrumb\",\"itemListElement\":[{\"@type\":\"ListItem\",\"position\":1,\"name\":\"Home\",\"item\":\"https:\/\/www.hoogendoorn.nl\/cs\/\"},{\"@type\":\"ListItem\",\"position\":2,\"name\":\"Kontakt\",\"item\":\"https:\/\/www.hoogendoorn.nl\/cs\/kontakt\/\"},{\"@type\":\"ListItem\",\"position\":3,\"name\":\"Poradenstv\u00ed\"}]},{\"@type\":\"WebSite\",\"@id\":\"https:\/\/www.hoogendoorn.nl\/#website\",\"url\":\"https:\/\/www.hoogendoorn.nl\/\",\"name\":\"Hoogendoorn Growth Management\",\"description\":\"Wereldwijd duurzame tuinbouwoplossingen op maat\",\"potentialAction\":[{\"@type\":\"SearchAction\",\"target\":{\"@type\":\"EntryPoint\",\"urlTemplate\":\"https:\/\/www.hoogendoorn.nl\/?s={search_term_string}\"},\"query-input\":{\"@type\":\"PropertyValueSpecification\",\"valueRequired\":true,\"valueName\":\"search_term_string\"}}],\"inLanguage\":\"cs\"}]}<\/script>\n<!-- \/ Yoast SEO plugin. -->","yoast_head_json":{"title":"Poradenstv\u00ed - Hoogendoorn Growth Management","description":"Poradenstv\u00ed","robots":{"index":"index","follow":"follow","max-snippet":"max-snippet:-1","max-image-preview":"max-image-preview:large","max-video-preview":"max-video-preview:-1"},"canonical":"https:\/\/www.hoogendoorn.nl\/cs\/kontakt\/poradenstvi\/","og_locale":"cs_CZ","og_type":"article","og_title":"Poradenstv\u00ed - Hoogendoorn Growth Management","og_description":"Poradenstv\u00ed","og_url":"https:\/\/www.hoogendoorn.nl\/cs\/kontakt\/poradenstvi\/","og_site_name":"Hoogendoorn Growth Management","article_modified_time":"2015-09-23T06:50:47+00:00","schema":{"@context":"https:\/\/schema.org","@graph":[{"@type":"WebPage","@id":"https:\/\/www.hoogendoorn.nl\/cs\/kontakt\/poradenstvi\/","url":"https:\/\/www.hoogendoorn.nl\/cs\/kontakt\/poradenstvi\/","name":"Poradenstv\u00ed - Hoogendoorn Growth Management","isPartOf":{"@id":"https:\/\/www.hoogendoorn.nl\/#website"},"datePublished":"2015-07-08T09:11:13+00:00","dateModified":"2015-09-23T06:50:47+00:00","description":"Poradenstv\u00ed","breadcrumb":{"@id":"https:\/\/www.hoogendoorn.nl\/cs\/kontakt\/poradenstvi\/#breadcrumb"},"inLanguage":"cs","potentialAction":[{"@type":"ReadAction","target":["https:\/\/www.hoogendoorn.nl\/cs\/kontakt\/poradenstvi\/"]}]},{"@type":"BreadcrumbList","@id":"https:\/\/www.hoogendoorn.nl\/cs\/kontakt\/poradenstvi\/#breadcrumb","itemListElement":[{"@type":"ListItem","position":1,"name":"Home","item":"https:\/\/www.hoogendoorn.nl\/cs\/"},{"@type":"ListItem","position":2,"name":"Kontakt","item":"https:\/\/www.hoogendoorn.nl\/cs\/kontakt\/"},{"@type":"ListItem","position":3,"name":"Poradenstv\u00ed"}]},{"@type":"WebSite","@id":"https:\/\/www.hoogendoorn.nl\/#website","url":"https:\/\/www.hoogendoorn.nl\/","name":"Hoogendoorn Growth Management","description":"Wereldwijd duurzame tuinbouwoplossingen op maat","potentialAction":[{"@type":"SearchAction","target":{"@type":"EntryPoint","urlTemplate":"https:\/\/www.hoogendoorn.nl\/?s={search_term_string}"},"query-input":{"@type":"PropertyValueSpecification","valueRequired":true,"valueName":"search_term_string"}}],"inLanguage":"cs"}]}},"_links":{"self":[{"href":"https:\/\/www.hoogendoorn.nl\/cs\/wp-json\/wp\/v2\/pages\/20332","targetHints":{"allow":["GET"]}}],"collection":[{"href":"https:\/\/www.hoogendoorn.nl\/cs\/wp-json\/wp\/v2\/pages"}],"about":[{"href":"https:\/\/www.hoogendoorn.nl\/cs\/wp-json\/wp\/v2\/types\/page"}],"author":[{"embeddable":true,"href":"https:\/\/www.hoogendoorn.nl\/cs\/wp-json\/wp\/v2\/users\/101"}],"replies":[{"embeddable":true,"href":"https:\/\/www.hoogendoorn.nl\/cs\/wp-json\/wp\/v2\/comments?post=20332"}],"version-history":[{"count":0,"href":"https:\/\/www.hoogendoorn.nl\/cs\/wp-json\/wp\/v2\/pages\/20332\/revisions"}],"up":[{"embeddable":true,"href":"https:\/\/www.hoogendoorn.nl\/cs\/wp-json\/wp\/v2\/pages\/20144"}],"wp:attachment":[{"href":"https:\/\/www.hoogendoorn.nl\/cs\/wp-json\/wp\/v2\/media?parent=20332"}],"curies":[{"name":"wp","href":"https:\/\/api.w.org\/{rel}","templated":true}]}}