{"id":10953,"date":"2013-12-09T07:36:35","date_gmt":"2013-12-09T07:36:35","guid":{"rendered":"http:\/\/nlhoog-salebaboe.savviihq.com\/?page_id=10953"},"modified":"2015-02-26T12:43:10","modified_gmt":"2015-02-26T12:43:10","slug":"ana-sayfa","status":"publish","type":"page","link":"https:\/\/www.hoogendoorn.nl\/tr\/","title":{"rendered":"Yeti\u015ftiricilerin s\u00fcrd\u00fcr\u00fclebilir bir \u015fekilde karli bir i\u015f yaratmasina yardim ediyoruz"},"content":{"rendered":"<p class=\"paginaintroductie\">Optimum ekin \u00fcretimi ve y\u00fcksek kalite sa\u011flayan entegre otomasyon \u00e7\u00f6z\u00fcmleri mi ar\u0131yorsunuz? Suyun, besinlerin ve enerjinin verimli kullan\u0131lmas\u0131n\u0131 m\u0131 istiyorsunuz? \u015eirketinizin kar\u0131n\u0131 art\u0131rmak i\u00e7in ekinleriniz ve i\u015f s\u00fcre\u00e7leriniz hakk\u0131nda daha fazla g\u00f6r\u00fc\u015f sahibi olmak m\u0131 istiyorsunuz?<\/p>\n<p>Hoogendoorn, d\u00fcnya \u00e7ap\u0131ndaki her t\u00fcr bah\u00e7ecilik i\u015fletmesi i\u00e7in s\u00fcrd\u00fcr\u00fclebilir ve kullan\u0131c\u0131 dostu otomasyon \u00e7\u00f6z\u00fcmleri olu\u015fturur. Odak noktas\u0131 b\u00fcy\u00fcme, devaml\u0131l\u0131k ve yeniliktir.<\/p>\n<p>Ekin \u00fcretimine ve kara katma de\u011fer sa\u011flayan s\u00fcrd\u00fcr\u00fclebilir bah\u00e7ecilik \u00e7\u00f6z\u00fcmleri konusunda m\u00fc\u015fterilerimiz, ortaklar\u0131m\u0131z ve \u00fcniversitelerle yak\u0131n i\u015fbirli\u011fi i\u00e7indeyiz. \u00c7\u00f6z\u00fcmlerimiz, e\u011fitimlerimiz, \u00f6nerilerimiz, hizmetlerimiz ve deste\u011fimizle t\u00fcm i\u015fletme s\u00fcre\u00e7leriniz i\u00e7in size eksiksiz bir paket sunuyoruz. D\u00fcnya \u00e7ap\u0131ndaki ortaklar\u0131m\u0131zdan olu\u015fan a\u011f sayesinde, her bah\u00e7ecilik i\u015fletmesine kalite bak\u0131m\u0131ndan g\u00fcvenilir, uygun, s\u00fcrd\u00fcr\u00fclebilir \u00e7\u00f6z\u00fcmler sunabiliyoruz.<\/p>\n","protected":false},"excerpt":{"rendered":"<p>Optimum ekin \u00fcretimi ve y\u00fcksek kalite sa\u011flayan entegre otomasyon \u00e7\u00f6z\u00fcmleri mi ar\u0131yorsunuz? Suyun, besinlerin ve enerjinin verimli kullan\u0131lmas\u0131n\u0131 m\u0131 istiyorsunuz? \u015eirketinizin kar\u0131n\u0131 art\u0131rmak i\u00e7in ekinleriniz &#8230;<\/p>\n<div class=\"item-read-more\">\n<p>        <a href=\"https:\/\/www.hoogendoorn.nl\/tr\/\" style=\"font-weight: normal;\">Daha fazlas\u0131n\u0131 oku<br \/>\n<\/a><\/p><\/div>\n","protected":false},"author":101,"featured_media":0,"parent":0,"menu_order":0,"comment_status":"open","ping_status":"open","template":"","meta":{"_acf_changed":false,"_et_pb_use_builder":"","_et_pb_old_content":"","_et_gb_content_width":"","_genesis_hide_title":false,"_genesis_hide_breadcrumbs":false,"_genesis_hide_singular_image":false,"_genesis_hide_footer_widgets":false,"_genesis_custom_body_class":"","_genesis_custom_post_class":"","_genesis_layout":"","footnotes":""},"class_list":{"0":"post-10953","1":"page","2":"type-page","3":"status-publish","5":"entry"},"acf":[],"yoast_head":"<!-- This site is optimized with the Yoast SEO plugin v26.6 - https:\/\/yoast.com\/wordpress\/plugins\/seo\/ -->\n<title>Sera tar\u0131m\u0131 otomasyonunda d\u00fcnya \u00e7ap\u0131nda yenilik\u00e7i - Hoogendoorn Growth Management<\/title>\n<meta name=\"robots\" content=\"index, follow, max-snippet:-1, max-image-preview:large, max-video-preview:-1\" \/>\n<link rel=\"canonical\" href=\"https:\/\/www.hoogendoorn.nl\/tr\/\" \/>\n<meta property=\"og:locale\" content=\"tr_TR\" \/>\n<meta property=\"og:type\" content=\"article\" \/>\n<meta property=\"og:title\" content=\"Sera tar\u0131m\u0131 otomasyonunda d\u00fcnya \u00e7ap\u0131nda yenilik\u00e7i - Hoogendoorn Growth Management\" \/>\n<meta property=\"og:description\" content=\"Optimum ekin \u00fcretimi ve y\u00fcksek kalite sa\u011flayan entegre otomasyon \u00e7\u00f6z\u00fcmleri mi ar\u0131yorsunuz? Suyun, besinlerin ve enerjinin verimli kullan\u0131lmas\u0131n\u0131 m\u0131 istiyorsunuz? \u015eirketinizin kar\u0131n\u0131 art\u0131rmak i\u00e7in ekinleriniz ...        Daha fazlas\u0131n\u0131 oku\" \/>\n<meta property=\"og:url\" content=\"https:\/\/www.hoogendoorn.nl\/tr\/\" \/>\n<meta property=\"og:site_name\" content=\"Hoogendoorn Growth Management\" \/>\n<meta property=\"article:modified_time\" content=\"2015-02-26T12:43:10+00:00\" \/>\n<meta name=\"twitter:label1\" content=\"Est. reading time\" \/>\n\t<meta name=\"twitter:data1\" content=\"1 minute\" \/>\n<script type=\"application\/ld+json\" class=\"yoast-schema-graph\">{\"@context\":\"https:\/\/schema.org\",\"@graph\":[{\"@type\":\"WebPage\",\"@id\":\"https:\/\/www.hoogendoorn.nl\/tr\/\",\"url\":\"https:\/\/www.hoogendoorn.nl\/tr\/\",\"name\":\"Sera tar\u0131m\u0131 otomasyonunda d\u00fcnya \u00e7ap\u0131nda yenilik\u00e7i - Hoogendoorn Growth Management\",\"isPartOf\":{\"@id\":\"https:\/\/www.hoogendoorn.nl\/#website\"},\"datePublished\":\"2013-12-09T07:36:35+00:00\",\"dateModified\":\"2015-02-26T12:43:10+00:00\",\"breadcrumb\":{\"@id\":\"https:\/\/www.hoogendoorn.nl\/tr\/#breadcrumb\"},\"inLanguage\":\"tr\",\"potentialAction\":[{\"@type\":\"ReadAction\",\"target\":[\"https:\/\/www.hoogendoorn.nl\/tr\/\"]}]},{\"@type\":\"BreadcrumbList\",\"@id\":\"https:\/\/www.hoogendoorn.nl\/tr\/#breadcrumb\",\"itemListElement\":[{\"@type\":\"ListItem\",\"position\":1,\"name\":\"Home\",\"item\":\"https:\/\/www.hoogendoorn.nl\/tr\/\"},{\"@type\":\"ListItem\",\"position\":2,\"name\":\"Yeti\u015ftiricilerin s\u00fcrd\u00fcr\u00fclebilir bir \u015fekilde karli bir i\u015f yaratmasina yardim ediyoruz\"}]},{\"@type\":\"WebSite\",\"@id\":\"https:\/\/www.hoogendoorn.nl\/#website\",\"url\":\"https:\/\/www.hoogendoorn.nl\/\",\"name\":\"Hoogendoorn Growth Management\",\"description\":\"Wereldwijd duurzame tuinbouwoplossingen op maat\",\"potentialAction\":[{\"@type\":\"SearchAction\",\"target\":{\"@type\":\"EntryPoint\",\"urlTemplate\":\"https:\/\/www.hoogendoorn.nl\/?s={search_term_string}\"},\"query-input\":{\"@type\":\"PropertyValueSpecification\",\"valueRequired\":true,\"valueName\":\"search_term_string\"}}],\"inLanguage\":\"tr\"}]}<\/script>\n<!-- \/ Yoast SEO plugin. -->","yoast_head_json":{"title":"Sera tar\u0131m\u0131 otomasyonunda d\u00fcnya \u00e7ap\u0131nda yenilik\u00e7i - Hoogendoorn Growth Management","robots":{"index":"index","follow":"follow","max-snippet":"max-snippet:-1","max-image-preview":"max-image-preview:large","max-video-preview":"max-video-preview:-1"},"canonical":"https:\/\/www.hoogendoorn.nl\/tr\/","og_locale":"tr_TR","og_type":"article","og_title":"Sera tar\u0131m\u0131 otomasyonunda d\u00fcnya \u00e7ap\u0131nda yenilik\u00e7i - Hoogendoorn Growth Management","og_description":"Optimum ekin \u00fcretimi ve y\u00fcksek kalite sa\u011flayan entegre otomasyon \u00e7\u00f6z\u00fcmleri mi ar\u0131yorsunuz? Suyun, besinlerin ve enerjinin verimli kullan\u0131lmas\u0131n\u0131 m\u0131 istiyorsunuz? \u015eirketinizin kar\u0131n\u0131 art\u0131rmak i\u00e7in ekinleriniz ...        Daha fazlas\u0131n\u0131 oku","og_url":"https:\/\/www.hoogendoorn.nl\/tr\/","og_site_name":"Hoogendoorn Growth Management","article_modified_time":"2015-02-26T12:43:10+00:00","twitter_misc":{"Est. reading time":"1 minute"},"schema":{"@context":"https:\/\/schema.org","@graph":[{"@type":"WebPage","@id":"https:\/\/www.hoogendoorn.nl\/tr\/","url":"https:\/\/www.hoogendoorn.nl\/tr\/","name":"Sera tar\u0131m\u0131 otomasyonunda d\u00fcnya \u00e7ap\u0131nda yenilik\u00e7i - Hoogendoorn Growth Management","isPartOf":{"@id":"https:\/\/www.hoogendoorn.nl\/#website"},"datePublished":"2013-12-09T07:36:35+00:00","dateModified":"2015-02-26T12:43:10+00:00","breadcrumb":{"@id":"https:\/\/www.hoogendoorn.nl\/tr\/#breadcrumb"},"inLanguage":"tr","potentialAction":[{"@type":"ReadAction","target":["https:\/\/www.hoogendoorn.nl\/tr\/"]}]},{"@type":"BreadcrumbList","@id":"https:\/\/www.hoogendoorn.nl\/tr\/#breadcrumb","itemListElement":[{"@type":"ListItem","position":1,"name":"Home","item":"https:\/\/www.hoogendoorn.nl\/tr\/"},{"@type":"ListItem","position":2,"name":"Yeti\u015ftiricilerin s\u00fcrd\u00fcr\u00fclebilir bir \u015fekilde karli bir i\u015f yaratmasina yardim ediyoruz"}]},{"@type":"WebSite","@id":"https:\/\/www.hoogendoorn.nl\/#website","url":"https:\/\/www.hoogendoorn.nl\/","name":"Hoogendoorn Growth Management","description":"Wereldwijd duurzame tuinbouwoplossingen op maat","potentialAction":[{"@type":"SearchAction","target":{"@type":"EntryPoint","urlTemplate":"https:\/\/www.hoogendoorn.nl\/?s={search_term_string}"},"query-input":{"@type":"PropertyValueSpecification","valueRequired":true,"valueName":"search_term_string"}}],"inLanguage":"tr"}]}},"_links":{"self":[{"href":"https:\/\/www.hoogendoorn.nl\/tr\/wp-json\/wp\/v2\/pages\/10953","targetHints":{"allow":["GET"]}}],"collection":[{"href":"https:\/\/www.hoogendoorn.nl\/tr\/wp-json\/wp\/v2\/pages"}],"about":[{"href":"https:\/\/www.hoogendoorn.nl\/tr\/wp-json\/wp\/v2\/types\/page"}],"author":[{"embeddable":true,"href":"https:\/\/www.hoogendoorn.nl\/tr\/wp-json\/wp\/v2\/users\/101"}],"replies":[{"embeddable":true,"href":"https:\/\/www.hoogendoorn.nl\/tr\/wp-json\/wp\/v2\/comments?post=10953"}],"version-history":[{"count":0,"href":"https:\/\/www.hoogendoorn.nl\/tr\/wp-json\/wp\/v2\/pages\/10953\/revisions"}],"wp:attachment":[{"href":"https:\/\/www.hoogendoorn.nl\/tr\/wp-json\/wp\/v2\/media?parent=10953"}],"curies":[{"name":"wp","href":"https:\/\/api.w.org\/{rel}","templated":true}]}}