{"id":11038,"date":"2013-12-18T09:07:46","date_gmt":"2013-12-18T09:07:46","guid":{"rendered":"http:\/\/nlhoog-salebaboe.savviihq.com\/?page_id=11038"},"modified":"2015-02-11T16:24:27","modified_gmt":"2015-02-11T16:24:27","slug":"urunler","status":"publish","type":"page","link":"https:\/\/www.hoogendoorn.nl\/tr\/urunler\/","title":{"rendered":"\u00dcr\u00fcnler"},"content":{"rendered":"<p>Y\u00fcksek kaliteli g\u0131da talebi t\u00fcm d\u00fcnyada artmaya devam ediyor. Sebebi ise d\u00fcnya n\u00fcfusunun s\u00fcrekli artmas\u0131 ve g\u0131da g\u00fcvenli\u011fi alan\u0131ndaki daha y\u00fcksek standartlar. Ayn\u0131 zamanda, iklimimizin de\u011fi\u015fti\u011fine, fosil yak\u0131tlar\u0131n ve suyun gittik\u00e7e azald\u0131\u011f\u0131na tan\u0131k oluyoruz. D\u00fcnyan\u0131n her yerinde jeotermal enerji, g\u00fcne\u015f enerjisi, r\u00fczgar enerjisi ve biyoenerji gibi alternatif s\u00fcrd\u00fcr\u00fclebilir enerji kaynaklar\u0131 gittik\u00e7e daha fazla kullan\u0131l\u0131yor. Ayr\u0131ca su ve enerjinin daha verimli kullan\u0131m\u0131 i\u00e7in s\u00fcrekli yeni olas\u0131l\u0131klar ara\u015ft\u0131r\u0131l\u0131yor.<\/p>\n<p>Hoogendoorn ile birlikte kaynaklar\u0131n, enerjinin ve suyun s\u00fcrd\u00fcr\u00fclebilir kullan\u0131m\u0131na ve CO<sub>2<\/sub> sal\u0131n\u0131mlar\u0131n\u0131n azalt\u0131lmas\u0131na katk\u0131da bulunabilirsiniz. Hizmetlerimiz ve \u00fcr\u00fcnlerimiz, \u015firketinizin t\u00fcm i\u015flemlerinin hedefe y\u00f6nelik bir \u015fekilde analiz edilmesini, y\u00f6netilmesini ve optimize edilmesini m\u00fcmk\u00fcn k\u0131lar. Bu sayede, bir serac\u0131l\u0131k giri\u015fimcisi olarak i\u015f faaliyetlerinize \u0131\u015f\u0131k tutabilir ve uygun maliyetli \u00fcretim yapabilirsiniz. Bu durumdan iki taraf da k\u00e2rl\u0131 \u00e7\u0131kar: hem \u00e7evre, hem de \u015firketiniz. Hoogendoorn, \u015firketinizdeki her i\u015flem ve sisteme uygun otomasyon \u00e7\u00f6z\u00fcmleri sunar. \u00dcr\u00fcn\u00fcn\u00fcz, ikliminiz ya da \u015firket ko\u015fullar\u0131n\u0131z hi\u00e7 fark etmez.<\/p>\n","protected":false},"excerpt":{"rendered":"<p>Y\u00fcksek kaliteli g\u0131da talebi t\u00fcm d\u00fcnyada artmaya devam ediyor. Sebebi ise d\u00fcnya n\u00fcfusunun s\u00fcrekli artmas\u0131 ve g\u0131da g\u00fcvenli\u011fi alan\u0131ndaki daha y\u00fcksek standartlar. Ayn\u0131 zamanda, iklimimizin &#8230;<\/p>\n<div class=\"item-read-more\">\n<p>        <a href=\"https:\/\/www.hoogendoorn.nl\/tr\/urunler\/\" style=\"font-weight: normal;\">Daha fazlas\u0131n\u0131 oku<br \/>\n<\/a><\/p><\/div>\n","protected":false},"author":101,"featured_media":0,"parent":0,"menu_order":0,"comment_status":"open","ping_status":"closed","template":"page-full-width.php","meta":{"_acf_changed":false,"_et_pb_use_builder":"","_et_pb_old_content":"","_et_gb_content_width":"","_genesis_hide_title":false,"_genesis_hide_breadcrumbs":false,"_genesis_hide_singular_image":false,"_genesis_hide_footer_widgets":false,"_genesis_custom_body_class":"","_genesis_custom_post_class":"","_genesis_layout":"content-sidebar","footnotes":""},"class_list":{"0":"post-11038","1":"page","2":"type-page","3":"status-publish","5":"entry"},"acf":[],"yoast_head":"<!-- This site is optimized with the Yoast SEO plugin v26.6 - https:\/\/yoast.com\/wordpress\/plugins\/seo\/ -->\n<title>\u00dcr\u00fcnler - Hoogendoorn Growth Management<\/title>\n<meta name=\"description\" content=\"Hoogendoorn, \u015firketinizdeki her i\u015flem ve sisteme uygun otomasyon \u00e7\u00f6z\u00fcmleri sunar. \u00dcr\u00fcn\u00fcn\u00fcz, ikliminiz ya da \u015firket ko\u015fullar\u0131n\u0131z hi\u00e7 fark etmez.\" \/>\n<meta name=\"robots\" content=\"index, follow, max-snippet:-1, max-image-preview:large, max-video-preview:-1\" \/>\n<link rel=\"canonical\" href=\"https:\/\/www.hoogendoorn.nl\/tr\/urunler\/\" \/>\n<meta property=\"og:locale\" content=\"tr_TR\" \/>\n<meta property=\"og:type\" content=\"article\" \/>\n<meta property=\"og:title\" content=\"\u00dcr\u00fcnler - Hoogendoorn Growth Management\" \/>\n<meta property=\"og:description\" content=\"Hoogendoorn, \u015firketinizdeki her i\u015flem ve sisteme uygun otomasyon \u00e7\u00f6z\u00fcmleri sunar. \u00dcr\u00fcn\u00fcn\u00fcz, ikliminiz ya da \u015firket ko\u015fullar\u0131n\u0131z hi\u00e7 fark etmez.\" \/>\n<meta property=\"og:url\" content=\"https:\/\/www.hoogendoorn.nl\/tr\/urunler\/\" \/>\n<meta property=\"og:site_name\" content=\"Hoogendoorn Growth Management\" \/>\n<meta property=\"article:modified_time\" content=\"2015-02-11T16:24:27+00:00\" \/>\n<meta name=\"twitter:label1\" content=\"Est. reading time\" \/>\n\t<meta name=\"twitter:data1\" content=\"1 minute\" \/>\n<script type=\"application\/ld+json\" class=\"yoast-schema-graph\">{\"@context\":\"https:\/\/schema.org\",\"@graph\":[{\"@type\":\"WebPage\",\"@id\":\"https:\/\/www.hoogendoorn.nl\/tr\/urunler\/\",\"url\":\"https:\/\/www.hoogendoorn.nl\/tr\/urunler\/\",\"name\":\"\u00dcr\u00fcnler - Hoogendoorn Growth Management\",\"isPartOf\":{\"@id\":\"https:\/\/www.hoogendoorn.nl\/#website\"},\"datePublished\":\"2013-12-18T09:07:46+00:00\",\"dateModified\":\"2015-02-11T16:24:27+00:00\",\"description\":\"Hoogendoorn, \u015firketinizdeki her i\u015flem ve sisteme uygun otomasyon \u00e7\u00f6z\u00fcmleri sunar. \u00dcr\u00fcn\u00fcn\u00fcz, ikliminiz ya da \u015firket ko\u015fullar\u0131n\u0131z hi\u00e7 fark etmez.\",\"breadcrumb\":{\"@id\":\"https:\/\/www.hoogendoorn.nl\/tr\/urunler\/#breadcrumb\"},\"inLanguage\":\"tr\",\"potentialAction\":[{\"@type\":\"ReadAction\",\"target\":[\"https:\/\/www.hoogendoorn.nl\/tr\/urunler\/\"]}]},{\"@type\":\"BreadcrumbList\",\"@id\":\"https:\/\/www.hoogendoorn.nl\/tr\/urunler\/#breadcrumb\",\"itemListElement\":[{\"@type\":\"ListItem\",\"position\":1,\"name\":\"Home\",\"item\":\"https:\/\/www.hoogendoorn.nl\/tr\/\"},{\"@type\":\"ListItem\",\"position\":2,\"name\":\"\u00dcr\u00fcnler\"}]},{\"@type\":\"WebSite\",\"@id\":\"https:\/\/www.hoogendoorn.nl\/#website\",\"url\":\"https:\/\/www.hoogendoorn.nl\/\",\"name\":\"Hoogendoorn Growth Management\",\"description\":\"Wereldwijd duurzame tuinbouwoplossingen op maat\",\"potentialAction\":[{\"@type\":\"SearchAction\",\"target\":{\"@type\":\"EntryPoint\",\"urlTemplate\":\"https:\/\/www.hoogendoorn.nl\/?s={search_term_string}\"},\"query-input\":{\"@type\":\"PropertyValueSpecification\",\"valueRequired\":true,\"valueName\":\"search_term_string\"}}],\"inLanguage\":\"tr\"}]}<\/script>\n<!-- \/ Yoast SEO plugin. -->","yoast_head_json":{"title":"\u00dcr\u00fcnler - Hoogendoorn Growth Management","description":"Hoogendoorn, \u015firketinizdeki her i\u015flem ve sisteme uygun otomasyon \u00e7\u00f6z\u00fcmleri sunar. \u00dcr\u00fcn\u00fcn\u00fcz, ikliminiz ya da \u015firket ko\u015fullar\u0131n\u0131z hi\u00e7 fark etmez.","robots":{"index":"index","follow":"follow","max-snippet":"max-snippet:-1","max-image-preview":"max-image-preview:large","max-video-preview":"max-video-preview:-1"},"canonical":"https:\/\/www.hoogendoorn.nl\/tr\/urunler\/","og_locale":"tr_TR","og_type":"article","og_title":"\u00dcr\u00fcnler - Hoogendoorn Growth Management","og_description":"Hoogendoorn, \u015firketinizdeki her i\u015flem ve sisteme uygun otomasyon \u00e7\u00f6z\u00fcmleri sunar. \u00dcr\u00fcn\u00fcn\u00fcz, ikliminiz ya da \u015firket ko\u015fullar\u0131n\u0131z hi\u00e7 fark etmez.","og_url":"https:\/\/www.hoogendoorn.nl\/tr\/urunler\/","og_site_name":"Hoogendoorn Growth Management","article_modified_time":"2015-02-11T16:24:27+00:00","twitter_misc":{"Est. reading time":"1 minute"},"schema":{"@context":"https:\/\/schema.org","@graph":[{"@type":"WebPage","@id":"https:\/\/www.hoogendoorn.nl\/tr\/urunler\/","url":"https:\/\/www.hoogendoorn.nl\/tr\/urunler\/","name":"\u00dcr\u00fcnler - Hoogendoorn Growth Management","isPartOf":{"@id":"https:\/\/www.hoogendoorn.nl\/#website"},"datePublished":"2013-12-18T09:07:46+00:00","dateModified":"2015-02-11T16:24:27+00:00","description":"Hoogendoorn, \u015firketinizdeki her i\u015flem ve sisteme uygun otomasyon \u00e7\u00f6z\u00fcmleri sunar. \u00dcr\u00fcn\u00fcn\u00fcz, ikliminiz ya da \u015firket ko\u015fullar\u0131n\u0131z hi\u00e7 fark etmez.","breadcrumb":{"@id":"https:\/\/www.hoogendoorn.nl\/tr\/urunler\/#breadcrumb"},"inLanguage":"tr","potentialAction":[{"@type":"ReadAction","target":["https:\/\/www.hoogendoorn.nl\/tr\/urunler\/"]}]},{"@type":"BreadcrumbList","@id":"https:\/\/www.hoogendoorn.nl\/tr\/urunler\/#breadcrumb","itemListElement":[{"@type":"ListItem","position":1,"name":"Home","item":"https:\/\/www.hoogendoorn.nl\/tr\/"},{"@type":"ListItem","position":2,"name":"\u00dcr\u00fcnler"}]},{"@type":"WebSite","@id":"https:\/\/www.hoogendoorn.nl\/#website","url":"https:\/\/www.hoogendoorn.nl\/","name":"Hoogendoorn Growth Management","description":"Wereldwijd duurzame tuinbouwoplossingen op maat","potentialAction":[{"@type":"SearchAction","target":{"@type":"EntryPoint","urlTemplate":"https:\/\/www.hoogendoorn.nl\/?s={search_term_string}"},"query-input":{"@type":"PropertyValueSpecification","valueRequired":true,"valueName":"search_term_string"}}],"inLanguage":"tr"}]}},"_links":{"self":[{"href":"https:\/\/www.hoogendoorn.nl\/tr\/wp-json\/wp\/v2\/pages\/11038","targetHints":{"allow":["GET"]}}],"collection":[{"href":"https:\/\/www.hoogendoorn.nl\/tr\/wp-json\/wp\/v2\/pages"}],"about":[{"href":"https:\/\/www.hoogendoorn.nl\/tr\/wp-json\/wp\/v2\/types\/page"}],"author":[{"embeddable":true,"href":"https:\/\/www.hoogendoorn.nl\/tr\/wp-json\/wp\/v2\/users\/101"}],"replies":[{"embeddable":true,"href":"https:\/\/www.hoogendoorn.nl\/tr\/wp-json\/wp\/v2\/comments?post=11038"}],"version-history":[{"count":0,"href":"https:\/\/www.hoogendoorn.nl\/tr\/wp-json\/wp\/v2\/pages\/11038\/revisions"}],"wp:attachment":[{"href":"https:\/\/www.hoogendoorn.nl\/tr\/wp-json\/wp\/v2\/media?parent=11038"}],"curies":[{"name":"wp","href":"https:\/\/api.w.org\/{rel}","templated":true}]}}