{"id":11058,"date":"2013-12-18T09:09:32","date_gmt":"2013-12-18T09:09:32","guid":{"rendered":"http:\/\/nlhoog-salebaboe.savviihq.com\/?page_id=11058"},"modified":"2015-03-11T11:08:23","modified_gmt":"2015-03-11T11:08:23","slug":"iklim-yonetimi","status":"publish","type":"page","link":"https:\/\/www.hoogendoorn.nl\/tr\/urunler\/iklim-yonetimi\/","title":{"rendered":"\u0130klim y\u00f6netimi"},"content":{"rendered":"<p><strong>Sera ikliminizi d\u00fczenlemek neden \u00f6nemlidir<\/strong><br \/>\nBir serac\u0131l\u0131k giri\u015fimcisi olarak sera ikliminin \u00fcr\u00fcnlerinizin durumunu ne kadar \u00e7ok etkiledi\u011fini en iyi siz anlars\u0131n\u0131z. Hava s\u0131cakl\u0131\u011f\u0131, nem, CO<sub>2<\/sub>\u00a0i\u00e7eri\u011fi ve yeti\u015ftirme \u0131\u015f\u0131klar\u0131n\u0131n d\u00fczg\u00fcn \u015fekilde dengelenmesi, sa\u011fl\u0131kl\u0131 ve g\u00fc\u00e7l\u00fc \u00fcr\u00fcnler i\u00e7in esas ko\u015fullard\u0131r. Sera ikliminizi uygun \u015fekilde d\u00fczenleyerek hastal\u0131k ve salg\u0131n riskini azalt\u0131r, \u00fcretim kalitenizi garanti alt\u0131na al\u0131rs\u0131n\u0131z. Dahas\u0131, \u00e7ok k\u0131ymetli enerjiden de tasarruf edersiniz.<\/p>\n<p><strong>Serac\u0131l\u0131k \u015firketiniz i\u00e7in iklim \u00e7\u00f6z\u00fcmleri<\/strong><br \/>\nHoogendoorn&#8217;un iSii iklimlendirme bilgisayar\u0131 sayesinde t\u00fcm iklim fakt\u00f6rleri aras\u0131nda verimli bir uyum sa\u011flayabilirsiniz. Ak\u0131ll\u0131 iSii kontrol yaz\u0131l\u0131m\u0131 ve hassas sens\u00f6rler \u0131s\u0131tma, g\u00f6lgelendirme, havaland\u0131rma ve \u0131\u015f\u0131kland\u0131rma gibi t\u00fcm iklimlendirme i\u015flemlerinizin kusursuz \u015fekilde birlikte i\u015flemesini m\u00fcmk\u00fcn k\u0131lar. Detayl\u0131 a\u00e7\u0131klamalar ve grafikler, seran\u0131n i\u00e7indeki ve d\u0131\u015f\u0131ndaki ko\u015fullara dair fikir verir. \u0130klim d\u00fczenlemesi sadece mevcut hava durumunu de\u011fil, ayn\u0131 zamanda hava tahminlerini de g\u00f6z \u00f6n\u00fcnde bulundurur. Mesela sera s\u0131cakl\u0131\u011f\u0131 gelecek g\u00fcnlerin hava durumuna g\u00f6re ayarlanabilir; hatta pencereler yakla\u015fan bir ya\u011fmur f\u0131rt\u0131nas\u0131ndan \u00f6nce kapat\u0131labilir.<\/p>\n<p><strong>Ne elde edersiniz?<\/strong><br \/>\niSii iklimlendirme bilgisayar\u0131yla seran\u0131zdaki yeti\u015ftirme ko\u015fullar\u0131n\u0131 tamamen kontrol edebilirsiniz. Ko\u015fullar ne olursa olsun, g\u00fcn\u00fcn her an\u0131nda bitkilerin ihtiya\u00e7lar\u0131na tamamen uygun hale getirilmi\u015f ideal bir b\u00fcy\u00fcme iklimi olu\u015fturabilirsiniz. Etkili iklim d\u00fczenlemesiyle \u00fcr\u00fcn\u00fcn\u00fcz\u00fcn kalitesini y\u00fckseltebilir, maliyetlerinizi azaltabilir ve \u00fcr\u00fcn verimlili\u011fini artt\u0131rabilirsiniz.<\/p>\n","protected":false},"excerpt":{"rendered":"<p>Sera ikliminizi d\u00fczenlemek neden \u00f6nemlidir Bir serac\u0131l\u0131k giri\u015fimcisi olarak sera ikliminin \u00fcr\u00fcnlerinizin durumunu ne kadar \u00e7ok etkiledi\u011fini en iyi siz anlars\u0131n\u0131z. Hava s\u0131cakl\u0131\u011f\u0131, nem, CO2\u00a0i\u00e7eri\u011fi &#8230;<\/p>\n<div class=\"item-read-more\">\n<p>        <a href=\"https:\/\/www.hoogendoorn.nl\/tr\/urunler\/iklim-yonetimi\/\" style=\"font-weight: normal;\">Daha fazlas\u0131n\u0131 oku<br \/>\n<\/a><\/p><\/div>\n","protected":false},"author":101,"featured_media":0,"parent":11038,"menu_order":0,"comment_status":"open","ping_status":"closed","template":"page-full-width.php","meta":{"_acf_changed":false,"_et_pb_use_builder":"","_et_pb_old_content":"","_et_gb_content_width":"","_genesis_hide_title":false,"_genesis_hide_breadcrumbs":false,"_genesis_hide_singular_image":false,"_genesis_hide_footer_widgets":false,"_genesis_custom_body_class":"","_genesis_custom_post_class":"","_genesis_layout":"","footnotes":""},"class_list":{"0":"post-11058","1":"page","2":"type-page","3":"status-publish","5":"theme-iklim-yonetimi-tr-tr","6":"entry"},"acf":[],"yoast_head":"<!-- This site is optimized with the Yoast SEO plugin v26.6 - https:\/\/yoast.com\/wordpress\/plugins\/seo\/ -->\n<title>\u0130klim y\u00f6netimi - Hoogendoorn Growth Management<\/title>\n<meta name=\"robots\" content=\"index, follow, max-snippet:-1, max-image-preview:large, max-video-preview:-1\" \/>\n<link rel=\"canonical\" href=\"https:\/\/www.hoogendoorn.nl\/tr\/urunler\/iklim-yonetimi\/\" \/>\n<meta property=\"og:locale\" content=\"tr_TR\" \/>\n<meta property=\"og:type\" content=\"article\" \/>\n<meta property=\"og:title\" content=\"\u0130klim y\u00f6netimi - Hoogendoorn Growth Management\" \/>\n<meta property=\"og:description\" content=\"Sera ikliminizi d\u00fczenlemek neden \u00f6nemlidir Bir serac\u0131l\u0131k giri\u015fimcisi olarak sera ikliminin \u00fcr\u00fcnlerinizin durumunu ne kadar \u00e7ok etkiledi\u011fini en iyi siz anlars\u0131n\u0131z. Hava s\u0131cakl\u0131\u011f\u0131, nem, CO2\u00a0i\u00e7eri\u011fi ...        Daha fazlas\u0131n\u0131 oku\" \/>\n<meta property=\"og:url\" content=\"https:\/\/www.hoogendoorn.nl\/tr\/urunler\/iklim-yonetimi\/\" \/>\n<meta property=\"og:site_name\" content=\"Hoogendoorn Growth Management\" \/>\n<meta property=\"article:modified_time\" content=\"2015-03-11T11:08:23+00:00\" \/>\n<meta name=\"twitter:label1\" content=\"Est. reading time\" \/>\n\t<meta name=\"twitter:data1\" content=\"1 minute\" \/>\n<script type=\"application\/ld+json\" class=\"yoast-schema-graph\">{\"@context\":\"https:\/\/schema.org\",\"@graph\":[{\"@type\":\"WebPage\",\"@id\":\"https:\/\/www.hoogendoorn.nl\/tr\/urunler\/iklim-yonetimi\/\",\"url\":\"https:\/\/www.hoogendoorn.nl\/tr\/urunler\/iklim-yonetimi\/\",\"name\":\"\u0130klim y\u00f6netimi - Hoogendoorn Growth Management\",\"isPartOf\":{\"@id\":\"https:\/\/www.hoogendoorn.nl\/#website\"},\"datePublished\":\"2013-12-18T09:09:32+00:00\",\"dateModified\":\"2015-03-11T11:08:23+00:00\",\"breadcrumb\":{\"@id\":\"https:\/\/www.hoogendoorn.nl\/tr\/urunler\/iklim-yonetimi\/#breadcrumb\"},\"inLanguage\":\"tr\",\"potentialAction\":[{\"@type\":\"ReadAction\",\"target\":[\"https:\/\/www.hoogendoorn.nl\/tr\/urunler\/iklim-yonetimi\/\"]}]},{\"@type\":\"BreadcrumbList\",\"@id\":\"https:\/\/www.hoogendoorn.nl\/tr\/urunler\/iklim-yonetimi\/#breadcrumb\",\"itemListElement\":[{\"@type\":\"ListItem\",\"position\":1,\"name\":\"Home\",\"item\":\"https:\/\/www.hoogendoorn.nl\/tr\/\"},{\"@type\":\"ListItem\",\"position\":2,\"name\":\"\u00dcr\u00fcnler\",\"item\":\"https:\/\/www.hoogendoorn.nl\/tr\/urunler\/\"},{\"@type\":\"ListItem\",\"position\":3,\"name\":\"\u0130klim y\u00f6netimi\"}]},{\"@type\":\"WebSite\",\"@id\":\"https:\/\/www.hoogendoorn.nl\/#website\",\"url\":\"https:\/\/www.hoogendoorn.nl\/\",\"name\":\"Hoogendoorn Growth Management\",\"description\":\"Wereldwijd duurzame tuinbouwoplossingen op maat\",\"potentialAction\":[{\"@type\":\"SearchAction\",\"target\":{\"@type\":\"EntryPoint\",\"urlTemplate\":\"https:\/\/www.hoogendoorn.nl\/?s={search_term_string}\"},\"query-input\":{\"@type\":\"PropertyValueSpecification\",\"valueRequired\":true,\"valueName\":\"search_term_string\"}}],\"inLanguage\":\"tr\"}]}<\/script>\n<!-- \/ Yoast SEO plugin. -->","yoast_head_json":{"title":"\u0130klim y\u00f6netimi - Hoogendoorn Growth Management","robots":{"index":"index","follow":"follow","max-snippet":"max-snippet:-1","max-image-preview":"max-image-preview:large","max-video-preview":"max-video-preview:-1"},"canonical":"https:\/\/www.hoogendoorn.nl\/tr\/urunler\/iklim-yonetimi\/","og_locale":"tr_TR","og_type":"article","og_title":"\u0130klim y\u00f6netimi - Hoogendoorn Growth Management","og_description":"Sera ikliminizi d\u00fczenlemek neden \u00f6nemlidir Bir serac\u0131l\u0131k giri\u015fimcisi olarak sera ikliminin \u00fcr\u00fcnlerinizin durumunu ne kadar \u00e7ok etkiledi\u011fini en iyi siz anlars\u0131n\u0131z. Hava s\u0131cakl\u0131\u011f\u0131, nem, CO2\u00a0i\u00e7eri\u011fi ...        Daha fazlas\u0131n\u0131 oku","og_url":"https:\/\/www.hoogendoorn.nl\/tr\/urunler\/iklim-yonetimi\/","og_site_name":"Hoogendoorn Growth Management","article_modified_time":"2015-03-11T11:08:23+00:00","twitter_misc":{"Est. reading time":"1 minute"},"schema":{"@context":"https:\/\/schema.org","@graph":[{"@type":"WebPage","@id":"https:\/\/www.hoogendoorn.nl\/tr\/urunler\/iklim-yonetimi\/","url":"https:\/\/www.hoogendoorn.nl\/tr\/urunler\/iklim-yonetimi\/","name":"\u0130klim y\u00f6netimi - Hoogendoorn Growth Management","isPartOf":{"@id":"https:\/\/www.hoogendoorn.nl\/#website"},"datePublished":"2013-12-18T09:09:32+00:00","dateModified":"2015-03-11T11:08:23+00:00","breadcrumb":{"@id":"https:\/\/www.hoogendoorn.nl\/tr\/urunler\/iklim-yonetimi\/#breadcrumb"},"inLanguage":"tr","potentialAction":[{"@type":"ReadAction","target":["https:\/\/www.hoogendoorn.nl\/tr\/urunler\/iklim-yonetimi\/"]}]},{"@type":"BreadcrumbList","@id":"https:\/\/www.hoogendoorn.nl\/tr\/urunler\/iklim-yonetimi\/#breadcrumb","itemListElement":[{"@type":"ListItem","position":1,"name":"Home","item":"https:\/\/www.hoogendoorn.nl\/tr\/"},{"@type":"ListItem","position":2,"name":"\u00dcr\u00fcnler","item":"https:\/\/www.hoogendoorn.nl\/tr\/urunler\/"},{"@type":"ListItem","position":3,"name":"\u0130klim y\u00f6netimi"}]},{"@type":"WebSite","@id":"https:\/\/www.hoogendoorn.nl\/#website","url":"https:\/\/www.hoogendoorn.nl\/","name":"Hoogendoorn Growth Management","description":"Wereldwijd duurzame tuinbouwoplossingen op maat","potentialAction":[{"@type":"SearchAction","target":{"@type":"EntryPoint","urlTemplate":"https:\/\/www.hoogendoorn.nl\/?s={search_term_string}"},"query-input":{"@type":"PropertyValueSpecification","valueRequired":true,"valueName":"search_term_string"}}],"inLanguage":"tr"}]}},"_links":{"self":[{"href":"https:\/\/www.hoogendoorn.nl\/tr\/wp-json\/wp\/v2\/pages\/11058","targetHints":{"allow":["GET"]}}],"collection":[{"href":"https:\/\/www.hoogendoorn.nl\/tr\/wp-json\/wp\/v2\/pages"}],"about":[{"href":"https:\/\/www.hoogendoorn.nl\/tr\/wp-json\/wp\/v2\/types\/page"}],"author":[{"embeddable":true,"href":"https:\/\/www.hoogendoorn.nl\/tr\/wp-json\/wp\/v2\/users\/101"}],"replies":[{"embeddable":true,"href":"https:\/\/www.hoogendoorn.nl\/tr\/wp-json\/wp\/v2\/comments?post=11058"}],"version-history":[{"count":0,"href":"https:\/\/www.hoogendoorn.nl\/tr\/wp-json\/wp\/v2\/pages\/11058\/revisions"}],"up":[{"embeddable":true,"href":"https:\/\/www.hoogendoorn.nl\/tr\/wp-json\/wp\/v2\/pages\/11038"}],"wp:attachment":[{"href":"https:\/\/www.hoogendoorn.nl\/tr\/wp-json\/wp\/v2\/media?parent=11058"}],"curies":[{"name":"wp","href":"https:\/\/api.w.org\/{rel}","templated":true}]}}