{"id":11061,"date":"2013-12-18T09:13:09","date_gmt":"2013-12-18T09:13:09","guid":{"rendered":"http:\/\/nlhoog-salebaboe.savviihq.com\/?page_id=11061"},"modified":"2015-03-11T13:15:23","modified_gmt":"2015-03-11T13:15:23","slug":"enerji-yonetimi","status":"publish","type":"page","link":"https:\/\/www.hoogendoorn.nl\/tr\/urunler\/enerji-yonetimi\/","title":{"rendered":"Enerji y\u00f6netimi"},"content":{"rendered":"<p><strong>Enerji t\u00fcketiminizi d\u00fczenlemek neden \u00f6nemlidir<\/strong><br \/>\nUygun oranda \u0131\u015f\u0131k, s\u0131cakl\u0131k ve CO<sub>2<\/sub>\u00a0dozu i\u00e7eren bir b\u00fcy\u00fcme iklimi, y\u00fcksek \u00fcretim ve kaliteyi temin eder. \u00dcr\u00fcn i\u015fleminizde yeti\u015ftirme \u0131\u015f\u0131\u011f\u0131 ve s\u0131cakl\u0131k i\u00e7in en \u00f6nemli s\u00fcrd\u00fcr\u00fclebilir kaynak olan g\u00fcne\u015f, her zaman yeterli d\u00fczeyde mevcut olmaz. Ek enerjiye ihtiya\u00e7 duyulmas\u0131n\u0131n sebebi de budur. Ancak do\u011fal gaz ve petrol gibi fosil enerji kaynaklar\u0131 gittik\u00e7e azal\u0131rken bu kaynaklar\u0131n fiyatlar\u0131 y\u00fckseliyor ve \u00e7evre de zarar g\u00f6r\u00fcyor. Bu y\u00fczden enerji s\u00fcre\u00e7lerinin ve CO<sub>2<\/sub>\u00a0dozunun verimli y\u00f6netimi hem s\u00fcrd\u00fcr\u00fclebilir \u00fcretim, hem de \u015firket k\u00e2r\u0131n\u0131z i\u00e7in gereklidir.<\/p>\n<p><strong>Serac\u0131l\u0131k \u015firketiniz i\u00e7in enerji \u00e7\u00f6z\u00fcmleri<\/strong><br \/>\nHoogendoorn&#8217;un iSii iklimlendirme d\u00fczenlemesi sayesinde \u00fcr\u00fcnleriniz g\u00fcn\u00fcn her an\u0131nda sa\u011fl\u0131kl\u0131 b\u00fcy\u00fcme i\u00e7in do\u011fru miktarlarda \u0131s\u0131, CO<sub>2<\/sub>\u00a0ve yeti\u015ftirme \u0131\u015f\u0131\u011f\u0131 al\u0131r. Kazanlar, kojenerasyonlar, \u0131s\u0131 pompalar\u0131 ve jeotermal kaynaklar taraf\u0131ndan \u00fcretilen enerji ve CO<sub>2<\/sub> m\u00fcmk\u00fcn oldu\u011fu kadar verimli bir \u015fekilde da\u011f\u0131t\u0131l\u0131r. Fazla \u0131s\u0131 daha sonra kullan\u0131m i\u00e7in rezervuarlarda saklan\u0131r. Yaz\u0131l\u0131m\u0131n mod\u00fcler yap\u0131s\u0131 sayesinde \u015firketinizdeki b\u00fct\u00fcn i\u015flem ve sistemler birbirlerine kusursuz \u015fekilde ayarlanabilir. Bu e\u015fsiz yaz\u0131l\u0131m, yak\u0131n k\u00fcme \u015firketler aras\u0131nda \u0131s\u0131 transferi gibi karma\u015f\u0131k i\u015flemleri neredeyse hi\u00e7 \u00e7aba g\u00f6stermeden y\u00f6netir.<\/p>\n<p><strong>Ne elde edersiniz?<\/strong><br \/>\nB\u00fct\u00fcn enerji i\u015flemleri ve CO<sub>2<\/sub>\u00a0dozlar\u0131, g\u00fc\u00e7l\u00fc b\u00fcy\u00fcme ve y\u00fcksek \u00fcretim sa\u011flamak i\u00e7in \u00fcr\u00fcnlerinizin ihtiya\u00e7lar\u0131na g\u00f6re ayarlan\u0131r. Enerji \u00fcretmek i\u00e7in en verimli kaynak ihtiyaca g\u00f6re se\u00e7ilir. Enerji verimlili\u011finizi att\u0131r\u0131rken s\u00fcrd\u00fcr\u00fclebilir \u015firket faaliyetlerinizi de sa\u011flamla\u015ft\u0131r\u0131rs\u0131n\u0131z.<\/p>\n","protected":false},"excerpt":{"rendered":"<p>Enerji t\u00fcketiminizi d\u00fczenlemek neden \u00f6nemlidir Uygun oranda \u0131\u015f\u0131k, s\u0131cakl\u0131k ve CO2\u00a0dozu i\u00e7eren bir b\u00fcy\u00fcme iklimi, y\u00fcksek \u00fcretim ve kaliteyi temin eder. \u00dcr\u00fcn i\u015fleminizde yeti\u015ftirme \u0131\u015f\u0131\u011f\u0131 &#8230;<\/p>\n<div class=\"item-read-more\">\n<p>        <a href=\"https:\/\/www.hoogendoorn.nl\/tr\/urunler\/enerji-yonetimi\/\" style=\"font-weight: normal;\">Daha fazlas\u0131n\u0131 oku<br \/>\n<\/a><\/p><\/div>\n","protected":false},"author":101,"featured_media":0,"parent":11038,"menu_order":0,"comment_status":"open","ping_status":"closed","template":"page-full-width.php","meta":{"_acf_changed":false,"_et_pb_use_builder":"","_et_pb_old_content":"","_et_gb_content_width":"","_genesis_hide_title":false,"_genesis_hide_breadcrumbs":false,"_genesis_hide_singular_image":false,"_genesis_hide_footer_widgets":false,"_genesis_custom_body_class":"","_genesis_custom_post_class":"","_genesis_layout":"","footnotes":""},"class_list":{"0":"post-11061","1":"page","2":"type-page","3":"status-publish","5":"theme-enerji-yonetimi-tr-tr-tr","6":"entry"},"acf":[],"yoast_head":"<!-- This site is optimized with the Yoast SEO plugin v26.6 - https:\/\/yoast.com\/wordpress\/plugins\/seo\/ -->\n<title>Enerji y\u00f6netimi - Hoogendoorn Growth Management<\/title>\n<meta name=\"robots\" content=\"index, follow, max-snippet:-1, max-image-preview:large, max-video-preview:-1\" \/>\n<link rel=\"canonical\" href=\"https:\/\/www.hoogendoorn.nl\/tr\/urunler\/enerji-yonetimi\/\" \/>\n<meta property=\"og:locale\" content=\"tr_TR\" \/>\n<meta property=\"og:type\" content=\"article\" \/>\n<meta property=\"og:title\" content=\"Enerji y\u00f6netimi - Hoogendoorn Growth Management\" \/>\n<meta property=\"og:description\" content=\"Enerji t\u00fcketiminizi d\u00fczenlemek neden \u00f6nemlidir Uygun oranda \u0131\u015f\u0131k, s\u0131cakl\u0131k ve CO2\u00a0dozu i\u00e7eren bir b\u00fcy\u00fcme iklimi, y\u00fcksek \u00fcretim ve kaliteyi temin eder. \u00dcr\u00fcn i\u015fleminizde yeti\u015ftirme \u0131\u015f\u0131\u011f\u0131 ...        Daha fazlas\u0131n\u0131 oku\" \/>\n<meta property=\"og:url\" content=\"https:\/\/www.hoogendoorn.nl\/tr\/urunler\/enerji-yonetimi\/\" \/>\n<meta property=\"og:site_name\" content=\"Hoogendoorn Growth Management\" \/>\n<meta property=\"article:modified_time\" content=\"2015-03-11T13:15:23+00:00\" \/>\n<meta name=\"twitter:label1\" content=\"Est. reading time\" \/>\n\t<meta name=\"twitter:data1\" content=\"2 minutes\" \/>\n<script type=\"application\/ld+json\" class=\"yoast-schema-graph\">{\"@context\":\"https:\/\/schema.org\",\"@graph\":[{\"@type\":\"WebPage\",\"@id\":\"https:\/\/www.hoogendoorn.nl\/tr\/urunler\/enerji-yonetimi\/\",\"url\":\"https:\/\/www.hoogendoorn.nl\/tr\/urunler\/enerji-yonetimi\/\",\"name\":\"Enerji y\u00f6netimi - Hoogendoorn Growth Management\",\"isPartOf\":{\"@id\":\"https:\/\/www.hoogendoorn.nl\/#website\"},\"datePublished\":\"2013-12-18T09:13:09+00:00\",\"dateModified\":\"2015-03-11T13:15:23+00:00\",\"breadcrumb\":{\"@id\":\"https:\/\/www.hoogendoorn.nl\/tr\/urunler\/enerji-yonetimi\/#breadcrumb\"},\"inLanguage\":\"tr\",\"potentialAction\":[{\"@type\":\"ReadAction\",\"target\":[\"https:\/\/www.hoogendoorn.nl\/tr\/urunler\/enerji-yonetimi\/\"]}]},{\"@type\":\"BreadcrumbList\",\"@id\":\"https:\/\/www.hoogendoorn.nl\/tr\/urunler\/enerji-yonetimi\/#breadcrumb\",\"itemListElement\":[{\"@type\":\"ListItem\",\"position\":1,\"name\":\"Home\",\"item\":\"https:\/\/www.hoogendoorn.nl\/tr\/\"},{\"@type\":\"ListItem\",\"position\":2,\"name\":\"\u00dcr\u00fcnler\",\"item\":\"https:\/\/www.hoogendoorn.nl\/tr\/urunler\/\"},{\"@type\":\"ListItem\",\"position\":3,\"name\":\"Enerji y\u00f6netimi\"}]},{\"@type\":\"WebSite\",\"@id\":\"https:\/\/www.hoogendoorn.nl\/#website\",\"url\":\"https:\/\/www.hoogendoorn.nl\/\",\"name\":\"Hoogendoorn Growth Management\",\"description\":\"Wereldwijd duurzame tuinbouwoplossingen op maat\",\"potentialAction\":[{\"@type\":\"SearchAction\",\"target\":{\"@type\":\"EntryPoint\",\"urlTemplate\":\"https:\/\/www.hoogendoorn.nl\/?s={search_term_string}\"},\"query-input\":{\"@type\":\"PropertyValueSpecification\",\"valueRequired\":true,\"valueName\":\"search_term_string\"}}],\"inLanguage\":\"tr\"}]}<\/script>\n<!-- \/ Yoast SEO plugin. -->","yoast_head_json":{"title":"Enerji y\u00f6netimi - Hoogendoorn Growth Management","robots":{"index":"index","follow":"follow","max-snippet":"max-snippet:-1","max-image-preview":"max-image-preview:large","max-video-preview":"max-video-preview:-1"},"canonical":"https:\/\/www.hoogendoorn.nl\/tr\/urunler\/enerji-yonetimi\/","og_locale":"tr_TR","og_type":"article","og_title":"Enerji y\u00f6netimi - Hoogendoorn Growth Management","og_description":"Enerji t\u00fcketiminizi d\u00fczenlemek neden \u00f6nemlidir Uygun oranda \u0131\u015f\u0131k, s\u0131cakl\u0131k ve CO2\u00a0dozu i\u00e7eren bir b\u00fcy\u00fcme iklimi, y\u00fcksek \u00fcretim ve kaliteyi temin eder. \u00dcr\u00fcn i\u015fleminizde yeti\u015ftirme \u0131\u015f\u0131\u011f\u0131 ...        Daha fazlas\u0131n\u0131 oku","og_url":"https:\/\/www.hoogendoorn.nl\/tr\/urunler\/enerji-yonetimi\/","og_site_name":"Hoogendoorn Growth Management","article_modified_time":"2015-03-11T13:15:23+00:00","twitter_misc":{"Est. reading time":"2 minutes"},"schema":{"@context":"https:\/\/schema.org","@graph":[{"@type":"WebPage","@id":"https:\/\/www.hoogendoorn.nl\/tr\/urunler\/enerji-yonetimi\/","url":"https:\/\/www.hoogendoorn.nl\/tr\/urunler\/enerji-yonetimi\/","name":"Enerji y\u00f6netimi - Hoogendoorn Growth Management","isPartOf":{"@id":"https:\/\/www.hoogendoorn.nl\/#website"},"datePublished":"2013-12-18T09:13:09+00:00","dateModified":"2015-03-11T13:15:23+00:00","breadcrumb":{"@id":"https:\/\/www.hoogendoorn.nl\/tr\/urunler\/enerji-yonetimi\/#breadcrumb"},"inLanguage":"tr","potentialAction":[{"@type":"ReadAction","target":["https:\/\/www.hoogendoorn.nl\/tr\/urunler\/enerji-yonetimi\/"]}]},{"@type":"BreadcrumbList","@id":"https:\/\/www.hoogendoorn.nl\/tr\/urunler\/enerji-yonetimi\/#breadcrumb","itemListElement":[{"@type":"ListItem","position":1,"name":"Home","item":"https:\/\/www.hoogendoorn.nl\/tr\/"},{"@type":"ListItem","position":2,"name":"\u00dcr\u00fcnler","item":"https:\/\/www.hoogendoorn.nl\/tr\/urunler\/"},{"@type":"ListItem","position":3,"name":"Enerji y\u00f6netimi"}]},{"@type":"WebSite","@id":"https:\/\/www.hoogendoorn.nl\/#website","url":"https:\/\/www.hoogendoorn.nl\/","name":"Hoogendoorn Growth Management","description":"Wereldwijd duurzame tuinbouwoplossingen op maat","potentialAction":[{"@type":"SearchAction","target":{"@type":"EntryPoint","urlTemplate":"https:\/\/www.hoogendoorn.nl\/?s={search_term_string}"},"query-input":{"@type":"PropertyValueSpecification","valueRequired":true,"valueName":"search_term_string"}}],"inLanguage":"tr"}]}},"_links":{"self":[{"href":"https:\/\/www.hoogendoorn.nl\/tr\/wp-json\/wp\/v2\/pages\/11061","targetHints":{"allow":["GET"]}}],"collection":[{"href":"https:\/\/www.hoogendoorn.nl\/tr\/wp-json\/wp\/v2\/pages"}],"about":[{"href":"https:\/\/www.hoogendoorn.nl\/tr\/wp-json\/wp\/v2\/types\/page"}],"author":[{"embeddable":true,"href":"https:\/\/www.hoogendoorn.nl\/tr\/wp-json\/wp\/v2\/users\/101"}],"replies":[{"embeddable":true,"href":"https:\/\/www.hoogendoorn.nl\/tr\/wp-json\/wp\/v2\/comments?post=11061"}],"version-history":[{"count":0,"href":"https:\/\/www.hoogendoorn.nl\/tr\/wp-json\/wp\/v2\/pages\/11061\/revisions"}],"up":[{"embeddable":true,"href":"https:\/\/www.hoogendoorn.nl\/tr\/wp-json\/wp\/v2\/pages\/11038"}],"wp:attachment":[{"href":"https:\/\/www.hoogendoorn.nl\/tr\/wp-json\/wp\/v2\/media?parent=11061"}],"curies":[{"name":"wp","href":"https:\/\/api.w.org\/{rel}","templated":true}]}}