{"id":11063,"date":"2013-12-18T09:14:48","date_gmt":"2013-12-18T09:14:48","guid":{"rendered":"http:\/\/nlhoog-salebaboe.savviihq.com\/?page_id=11063"},"modified":"2019-12-05T09:03:53","modified_gmt":"2019-12-05T09:03:53","slug":"bilgi-yonetimi","status":"publish","type":"page","link":"https:\/\/www.hoogendoorn.nl\/tr\/urunler\/bilgi-yonetimi\/","title":{"rendered":"Bilgi y\u00f6netimi"},"content":{"rendered":"<p><strong>\u015eirket bilgilerini y\u00f6netmek neden \u00f6nemlidir<\/strong><br \/>\nSerac\u0131l\u0131k \u015firketinizi y\u00f6netmek, farkl\u0131 s\u00fcre\u00e7lerin \u00f6z\u00fcn\u00fc kavramay\u0131 gerektirir. \u00dcr\u00fcn\u00fcn\u00fcz\u00fc yeti\u015ftirmek i\u00e7in sera iklimi, su ve enerji kullan\u0131m\u0131 hakk\u0131nda bilgi toplars\u0131n\u0131z. Ayr\u0131ca \u00e7al\u0131\u015fma verimlili\u011fi, maliyet, envanter ve planlama gibi verilerle de u\u011fra\u015fman\u0131z gerekir. Maliyet ve \u00fcr\u00fcnlerin y\u00f6netimiyle birlikte \u00fcretim ve kalitenin etkin kontrol\u00fc \u015firketiniz k\u00e2r edebilmesi i\u00e7in olmazsa olmazd\u0131r. Yani \u00e7e\u015fitli kaynaklardan gelen bilgilerin hepsi d\u00fczenli bir \u015fekilde yap\u0131land\u0131r\u0131lmal\u0131, saklanmal\u0131 ve g\u00f6r\u00fcnt\u00fclenmelidir. De\u011ferlendirme ve geli\u015fim i\u00e7in hedefe y\u00f6nelik bilgi analizi ancak o zaman m\u00fcmk\u00fcn olabilir.<\/p>\n<p><strong>\u015eirketiniz i\u00e7in bilgi y\u00f6netimi \u00e7\u00f6z\u00fcmleri<\/strong><br \/>\nHoogendoorn bilgi y\u00f6netimi alan\u0131nda \u00e7ok y\u00f6nl\u00fc \u00e7\u00f6z\u00fcmler sunar. \u0130lgili b\u00fct\u00fcn i\u015flem bilgileri, iSii iklimlendirme bilgisayar\u0131na kaydedilir. Ayr\u0131ca personel performans\u0131, ziraat ve hasat faaliyetleri, \u00fcretim maliyetleri, envanter kontrol\u00fc, hastal\u0131klar ve salg\u0131nlar hakk\u0131ndaki b\u00fct\u00fcn veriler, Work-IT y\u00f6netim bilgi sistemine kaydedilir. \u00c7evrimi\u00e7i veri platformu olan Hoogendoorn Analytics\u00a0adresi sayesinde i\u015flem ve \u00fcr\u00fcn seviyesi hakk\u0131ndaki bilgileri depolayabilir ve di\u011fer serac\u0131l\u0131k kurulu\u015flar\u0131yla kar\u015f\u0131la\u015ft\u0131rma yapabilirsiniz. Entegre \u00e7\u00f6z\u00fcmlerimiz size mevcut durumunuz hakk\u0131nda net g\u00f6r\u00fc\u015fler sunar ve hem k\u0131sa, hem de uzun vadede stratejik geli\u015fimler i\u00e7in temel olu\u015fturur.<\/p>\n<p><strong>Ne elde edersiniz?<\/strong><br \/>\nMevcut ve g\u00fcvenilir verilere dayanarak t\u00fcm i\u015f faaliyetlerinize hakim olursunuz. Veri analizi, kar\u015f\u0131la\u015ft\u0131rma ve s\u00fcre\u00e7 geli\u015ftirme i\u00e7in mevcut olan kullan\u0131c\u0131 dostu ve zaman tasarruflu ara\u00e7lara sahip olursunuz. Daha iyi g\u00f6r\u00fc\u015f, \u015firket y\u00f6netiminizin verimlili\u011fini ve bu sayede k\u00e2r\u0131n\u0131z\u0131 daha \u00fcst bir seviyeye \u00e7\u0131kar\u0131r.<\/p>\n","protected":false},"excerpt":{"rendered":"<p>\u015eirket bilgilerini y\u00f6netmek neden \u00f6nemlidir Serac\u0131l\u0131k \u015firketinizi y\u00f6netmek, farkl\u0131 s\u00fcre\u00e7lerin \u00f6z\u00fcn\u00fc kavramay\u0131 gerektirir. \u00dcr\u00fcn\u00fcn\u00fcz\u00fc yeti\u015ftirmek i\u00e7in sera iklimi, su ve enerji kullan\u0131m\u0131 hakk\u0131nda bilgi toplars\u0131n\u0131z. &#8230;<\/p>\n<div class=\"item-read-more\">\n<p>        <a href=\"https:\/\/www.hoogendoorn.nl\/tr\/urunler\/bilgi-yonetimi\/\" style=\"font-weight: normal;\">Daha fazlas\u0131n\u0131 oku<br \/>\n<\/a><\/p><\/div>\n","protected":false},"author":101,"featured_media":0,"parent":11038,"menu_order":0,"comment_status":"open","ping_status":"closed","template":"page-full-width.php","meta":{"_acf_changed":false,"_et_pb_use_builder":"","_et_pb_old_content":"","_et_gb_content_width":"","_genesis_hide_title":false,"_genesis_hide_breadcrumbs":false,"_genesis_hide_singular_image":false,"_genesis_hide_footer_widgets":false,"_genesis_custom_body_class":"","_genesis_custom_post_class":"","_genesis_layout":"","footnotes":""},"class_list":{"0":"post-11063","1":"page","2":"type-page","3":"status-publish","5":"theme-veri-yonetimi-tr-tr","6":"entry"},"acf":[],"yoast_head":"<!-- This site is optimized with the Yoast SEO plugin v26.6 - https:\/\/yoast.com\/wordpress\/plugins\/seo\/ -->\n<title>Bilgi y\u00f6netimi - Hoogendoorn Growth Management<\/title>\n<meta name=\"robots\" content=\"noindex, nofollow\" \/>\n<meta property=\"og:locale\" content=\"tr_TR\" \/>\n<meta property=\"og:type\" content=\"article\" \/>\n<meta property=\"og:title\" content=\"Bilgi y\u00f6netimi - Hoogendoorn Growth Management\" \/>\n<meta property=\"og:description\" content=\"\u015eirket bilgilerini y\u00f6netmek neden \u00f6nemlidir Serac\u0131l\u0131k \u015firketinizi y\u00f6netmek, farkl\u0131 s\u00fcre\u00e7lerin \u00f6z\u00fcn\u00fc kavramay\u0131 gerektirir. \u00dcr\u00fcn\u00fcn\u00fcz\u00fc yeti\u015ftirmek i\u00e7in sera iklimi, su ve enerji kullan\u0131m\u0131 hakk\u0131nda bilgi toplars\u0131n\u0131z. ...        Daha fazlas\u0131n\u0131 oku\" \/>\n<meta property=\"og:url\" content=\"https:\/\/www.hoogendoorn.nl\/tr\/urunler\/bilgi-yonetimi\/\" \/>\n<meta property=\"og:site_name\" content=\"Hoogendoorn Growth Management\" \/>\n<meta property=\"article:modified_time\" content=\"2019-12-05T09:03:53+00:00\" \/>\n<meta name=\"twitter:label1\" content=\"Est. reading time\" \/>\n\t<meta name=\"twitter:data1\" content=\"2 minutes\" \/>\n<script type=\"application\/ld+json\" class=\"yoast-schema-graph\">{\"@context\":\"https:\/\/schema.org\",\"@graph\":[{\"@type\":\"WebPage\",\"@id\":\"https:\/\/www.hoogendoorn.nl\/tr\/urunler\/bilgi-yonetimi\/\",\"url\":\"https:\/\/www.hoogendoorn.nl\/tr\/urunler\/bilgi-yonetimi\/\",\"name\":\"Bilgi y\u00f6netimi - Hoogendoorn Growth Management\",\"isPartOf\":{\"@id\":\"https:\/\/www.hoogendoorn.nl\/#website\"},\"datePublished\":\"2013-12-18T09:14:48+00:00\",\"dateModified\":\"2019-12-05T09:03:53+00:00\",\"breadcrumb\":{\"@id\":\"https:\/\/www.hoogendoorn.nl\/tr\/urunler\/bilgi-yonetimi\/#breadcrumb\"},\"inLanguage\":\"tr\",\"potentialAction\":[{\"@type\":\"ReadAction\",\"target\":[\"https:\/\/www.hoogendoorn.nl\/tr\/urunler\/bilgi-yonetimi\/\"]}]},{\"@type\":\"BreadcrumbList\",\"@id\":\"https:\/\/www.hoogendoorn.nl\/tr\/urunler\/bilgi-yonetimi\/#breadcrumb\",\"itemListElement\":[{\"@type\":\"ListItem\",\"position\":1,\"name\":\"Home\",\"item\":\"https:\/\/www.hoogendoorn.nl\/tr\/\"},{\"@type\":\"ListItem\",\"position\":2,\"name\":\"\u00dcr\u00fcnler\",\"item\":\"https:\/\/www.hoogendoorn.nl\/tr\/urunler\/\"},{\"@type\":\"ListItem\",\"position\":3,\"name\":\"Bilgi y\u00f6netimi\"}]},{\"@type\":\"WebSite\",\"@id\":\"https:\/\/www.hoogendoorn.nl\/#website\",\"url\":\"https:\/\/www.hoogendoorn.nl\/\",\"name\":\"Hoogendoorn Growth Management\",\"description\":\"Wereldwijd duurzame tuinbouwoplossingen op maat\",\"potentialAction\":[{\"@type\":\"SearchAction\",\"target\":{\"@type\":\"EntryPoint\",\"urlTemplate\":\"https:\/\/www.hoogendoorn.nl\/?s={search_term_string}\"},\"query-input\":{\"@type\":\"PropertyValueSpecification\",\"valueRequired\":true,\"valueName\":\"search_term_string\"}}],\"inLanguage\":\"tr\"}]}<\/script>\n<!-- \/ Yoast SEO plugin. -->","yoast_head_json":{"title":"Bilgi y\u00f6netimi - Hoogendoorn Growth Management","robots":{"index":"noindex","follow":"nofollow"},"og_locale":"tr_TR","og_type":"article","og_title":"Bilgi y\u00f6netimi - Hoogendoorn Growth Management","og_description":"\u015eirket bilgilerini y\u00f6netmek neden \u00f6nemlidir Serac\u0131l\u0131k \u015firketinizi y\u00f6netmek, farkl\u0131 s\u00fcre\u00e7lerin \u00f6z\u00fcn\u00fc kavramay\u0131 gerektirir. \u00dcr\u00fcn\u00fcn\u00fcz\u00fc yeti\u015ftirmek i\u00e7in sera iklimi, su ve enerji kullan\u0131m\u0131 hakk\u0131nda bilgi toplars\u0131n\u0131z. ...        Daha fazlas\u0131n\u0131 oku","og_url":"https:\/\/www.hoogendoorn.nl\/tr\/urunler\/bilgi-yonetimi\/","og_site_name":"Hoogendoorn Growth Management","article_modified_time":"2019-12-05T09:03:53+00:00","twitter_misc":{"Est. reading time":"2 minutes"},"schema":{"@context":"https:\/\/schema.org","@graph":[{"@type":"WebPage","@id":"https:\/\/www.hoogendoorn.nl\/tr\/urunler\/bilgi-yonetimi\/","url":"https:\/\/www.hoogendoorn.nl\/tr\/urunler\/bilgi-yonetimi\/","name":"Bilgi y\u00f6netimi - Hoogendoorn Growth Management","isPartOf":{"@id":"https:\/\/www.hoogendoorn.nl\/#website"},"datePublished":"2013-12-18T09:14:48+00:00","dateModified":"2019-12-05T09:03:53+00:00","breadcrumb":{"@id":"https:\/\/www.hoogendoorn.nl\/tr\/urunler\/bilgi-yonetimi\/#breadcrumb"},"inLanguage":"tr","potentialAction":[{"@type":"ReadAction","target":["https:\/\/www.hoogendoorn.nl\/tr\/urunler\/bilgi-yonetimi\/"]}]},{"@type":"BreadcrumbList","@id":"https:\/\/www.hoogendoorn.nl\/tr\/urunler\/bilgi-yonetimi\/#breadcrumb","itemListElement":[{"@type":"ListItem","position":1,"name":"Home","item":"https:\/\/www.hoogendoorn.nl\/tr\/"},{"@type":"ListItem","position":2,"name":"\u00dcr\u00fcnler","item":"https:\/\/www.hoogendoorn.nl\/tr\/urunler\/"},{"@type":"ListItem","position":3,"name":"Bilgi y\u00f6netimi"}]},{"@type":"WebSite","@id":"https:\/\/www.hoogendoorn.nl\/#website","url":"https:\/\/www.hoogendoorn.nl\/","name":"Hoogendoorn Growth Management","description":"Wereldwijd duurzame tuinbouwoplossingen op maat","potentialAction":[{"@type":"SearchAction","target":{"@type":"EntryPoint","urlTemplate":"https:\/\/www.hoogendoorn.nl\/?s={search_term_string}"},"query-input":{"@type":"PropertyValueSpecification","valueRequired":true,"valueName":"search_term_string"}}],"inLanguage":"tr"}]}},"_links":{"self":[{"href":"https:\/\/www.hoogendoorn.nl\/tr\/wp-json\/wp\/v2\/pages\/11063","targetHints":{"allow":["GET"]}}],"collection":[{"href":"https:\/\/www.hoogendoorn.nl\/tr\/wp-json\/wp\/v2\/pages"}],"about":[{"href":"https:\/\/www.hoogendoorn.nl\/tr\/wp-json\/wp\/v2\/types\/page"}],"author":[{"embeddable":true,"href":"https:\/\/www.hoogendoorn.nl\/tr\/wp-json\/wp\/v2\/users\/101"}],"replies":[{"embeddable":true,"href":"https:\/\/www.hoogendoorn.nl\/tr\/wp-json\/wp\/v2\/comments?post=11063"}],"version-history":[{"count":1,"href":"https:\/\/www.hoogendoorn.nl\/tr\/wp-json\/wp\/v2\/pages\/11063\/revisions"}],"predecessor-version":[{"id":42098,"href":"https:\/\/www.hoogendoorn.nl\/tr\/wp-json\/wp\/v2\/pages\/11063\/revisions\/42098"}],"up":[{"embeddable":true,"href":"https:\/\/www.hoogendoorn.nl\/tr\/wp-json\/wp\/v2\/pages\/11038"}],"wp:attachment":[{"href":"https:\/\/www.hoogendoorn.nl\/tr\/wp-json\/wp\/v2\/media?parent=11063"}],"curies":[{"name":"wp","href":"https:\/\/api.w.org\/{rel}","templated":true}]}}