{"id":11065,"date":"2013-12-18T09:18:25","date_gmt":"2013-12-18T09:18:25","guid":{"rendered":"http:\/\/nlhoog-salebaboe.savviihq.com\/?page_id=11065"},"modified":"2015-03-11T12:43:55","modified_gmt":"2015-03-11T12:43:55","slug":"su-yonetimi","status":"publish","type":"page","link":"https:\/\/www.hoogendoorn.nl\/tr\/urunler\/su-yonetimi\/","title":{"rendered":"Su y\u00f6netimi"},"content":{"rendered":"<p><strong>Verimli sulama neden \u00f6nemlidir<\/strong><br \/>\nSu ve g\u00fcbreler, \u00fcr\u00fcnlerinizin b\u00fcy\u00fcmesi i\u00e7in esast\u0131r. Ancak t\u00fcm d\u00fcnyada bu kaynaklar gittik\u00e7e azal\u0131yor. Modern serac\u0131l\u0131\u011f\u0131n su ve g\u00fcbrelerden tasarruf etmek i\u00e7in \u00e7e\u015fitli se\u00e7enekleri mevcuttur. \u00d6rne\u011fin, at\u0131k su devridaimi ile t\u00fcketim en az %30&#8217;a kadar azal\u0131r. Sulaman\u0131n tam olarak bitki ihtiya\u00e7lar\u0131na g\u00f6re ayarlanmas\u0131 da tasarrufa \u00f6nemli derecede katk\u0131 sa\u011flar. Bununla ba\u011flant\u0131l\u0131 ba\u015fka bir avantaj, optimum sulama stratejisinin \u00fcr\u00fcn performans\u0131n\u0131z\u0131 ve k\u00e2r\u0131n\u0131z\u0131 artt\u0131rmas\u0131d\u0131r.<\/p>\n<p><strong>Serac\u0131l\u0131k \u015firketiniz i\u00e7in su \u00e7\u00f6z\u00fcmleri<\/strong><br \/>\nHoogendoorn s\u00fcrd\u00fcr\u00fclebilir otomasyon \u00e7\u00f6z\u00fcmleri sayesinde hem seran\u0131zda, hem de d\u0131\u015f ekim alan\u0131n\u0131zda sulamay\u0131 hedefe y\u00f6nelik bir \u015fekilde d\u00fczenleyebilirsiniz. Yenilik\u00e7i iSii iklimlendirme bilgisayar\u0131 ya\u011fmur suyu, kuyu suyu ve at\u0131k su gibi \u00e7e\u015fitli su kaynaklar\u0131n\u0131n dozunu \u00fcr\u00fcn\u00fcn ihtiya\u00e7lar\u0131na g\u00f6re kesin olarak ayarlar. iSii m\u00fcmk\u00fcn olduk\u00e7a tam at\u0131k su devridaimi ve dezenfeksiyonunu da d\u00fczenler. Geli\u015fmi\u015f yaz\u0131l\u0131m, de\u011fi\u015fen ko\u015fullar\u0131 proaktif \u015fekilde tahmin eder. \u00d6rne\u011fin sulama devrelerinin s\u0131kl\u0131\u011f\u0131 ve s\u00fcresi daha az ya da daha \u00e7ok g\u00fcne\u015f \u0131\u015f\u0131\u011f\u0131 s\u00fcrelerinden \u00f6nce ayarlan\u0131r. Sulama, bitkilerin \u00f6l\u00e7\u00fclen su al\u0131m\u0131na ve toprak ya da alt katman\u0131n su i\u00e7eri\u011fine bak\u0131larak b\u00fcy\u00fcme s\u00fcrecine daha kesin \u015fekilde ayarlanabilir.<\/p>\n<p><strong>Ne elde edersiniz?<\/strong><br \/>\nSorumlu ve s\u00fcrd\u00fcr\u00fclebilir su y\u00f6netimini rahatl\u0131kla Hoogendoorn otomasyon sistemlerine b\u0131rakabilirsiniz. Bitkilerinize do\u011fru zamanda do\u011fru su ve g\u00fcbre miktar\u0131 verilir. B\u00f6ylece her ko\u015fulda optimum \u00fcr\u00fcn sonu\u00e7lar\u0131 elde ederken su ve g\u00fcbre t\u00fcketiminden tasarruf etmi\u015f olursunuz.<\/p>\n","protected":false},"excerpt":{"rendered":"<p>Verimli sulama neden \u00f6nemlidir Su ve g\u00fcbreler, \u00fcr\u00fcnlerinizin b\u00fcy\u00fcmesi i\u00e7in esast\u0131r. Ancak t\u00fcm d\u00fcnyada bu kaynaklar gittik\u00e7e azal\u0131yor. Modern serac\u0131l\u0131\u011f\u0131n su ve g\u00fcbrelerden tasarruf etmek &#8230;<\/p>\n<div class=\"item-read-more\">\n<p>        <a href=\"https:\/\/www.hoogendoorn.nl\/tr\/urunler\/su-yonetimi\/\" style=\"font-weight: normal;\">Daha fazlas\u0131n\u0131 oku<br \/>\n<\/a><\/p><\/div>\n","protected":false},"author":101,"featured_media":0,"parent":11038,"menu_order":0,"comment_status":"open","ping_status":"closed","template":"page-full-width.php","meta":{"_acf_changed":false,"_et_pb_use_builder":"","_et_pb_old_content":"","_et_gb_content_width":"","_genesis_hide_title":false,"_genesis_hide_breadcrumbs":false,"_genesis_hide_singular_image":false,"_genesis_hide_footer_widgets":false,"_genesis_custom_body_class":"","_genesis_custom_post_class":"","_genesis_layout":"","footnotes":""},"class_list":{"0":"post-11065","1":"page","2":"type-page","3":"status-publish","5":"theme-su-yonetimi-tr-tr","6":"entry"},"acf":[],"yoast_head":"<!-- This site is optimized with the Yoast SEO plugin v26.6 - https:\/\/yoast.com\/wordpress\/plugins\/seo\/ -->\n<title>Su y\u00f6netimi - Hoogendoorn Growth Management<\/title>\n<meta name=\"robots\" content=\"index, follow, max-snippet:-1, max-image-preview:large, max-video-preview:-1\" \/>\n<link rel=\"canonical\" href=\"https:\/\/www.hoogendoorn.nl\/tr\/urunler\/su-yonetimi\/\" \/>\n<meta property=\"og:locale\" content=\"tr_TR\" \/>\n<meta property=\"og:type\" content=\"article\" \/>\n<meta property=\"og:title\" content=\"Su y\u00f6netimi - Hoogendoorn Growth Management\" \/>\n<meta property=\"og:description\" content=\"Verimli sulama neden \u00f6nemlidir Su ve g\u00fcbreler, \u00fcr\u00fcnlerinizin b\u00fcy\u00fcmesi i\u00e7in esast\u0131r. Ancak t\u00fcm d\u00fcnyada bu kaynaklar gittik\u00e7e azal\u0131yor. Modern serac\u0131l\u0131\u011f\u0131n su ve g\u00fcbrelerden tasarruf etmek ...        Daha fazlas\u0131n\u0131 oku\" \/>\n<meta property=\"og:url\" content=\"https:\/\/www.hoogendoorn.nl\/tr\/urunler\/su-yonetimi\/\" \/>\n<meta property=\"og:site_name\" content=\"Hoogendoorn Growth Management\" \/>\n<meta property=\"article:modified_time\" content=\"2015-03-11T12:43:55+00:00\" \/>\n<meta name=\"twitter:label1\" content=\"Est. reading time\" \/>\n\t<meta name=\"twitter:data1\" content=\"2 minutes\" \/>\n<script type=\"application\/ld+json\" class=\"yoast-schema-graph\">{\"@context\":\"https:\/\/schema.org\",\"@graph\":[{\"@type\":\"WebPage\",\"@id\":\"https:\/\/www.hoogendoorn.nl\/tr\/urunler\/su-yonetimi\/\",\"url\":\"https:\/\/www.hoogendoorn.nl\/tr\/urunler\/su-yonetimi\/\",\"name\":\"Su y\u00f6netimi - Hoogendoorn Growth Management\",\"isPartOf\":{\"@id\":\"https:\/\/www.hoogendoorn.nl\/#website\"},\"datePublished\":\"2013-12-18T09:18:25+00:00\",\"dateModified\":\"2015-03-11T12:43:55+00:00\",\"breadcrumb\":{\"@id\":\"https:\/\/www.hoogendoorn.nl\/tr\/urunler\/su-yonetimi\/#breadcrumb\"},\"inLanguage\":\"tr\",\"potentialAction\":[{\"@type\":\"ReadAction\",\"target\":[\"https:\/\/www.hoogendoorn.nl\/tr\/urunler\/su-yonetimi\/\"]}]},{\"@type\":\"BreadcrumbList\",\"@id\":\"https:\/\/www.hoogendoorn.nl\/tr\/urunler\/su-yonetimi\/#breadcrumb\",\"itemListElement\":[{\"@type\":\"ListItem\",\"position\":1,\"name\":\"Home\",\"item\":\"https:\/\/www.hoogendoorn.nl\/tr\/\"},{\"@type\":\"ListItem\",\"position\":2,\"name\":\"\u00dcr\u00fcnler\",\"item\":\"https:\/\/www.hoogendoorn.nl\/tr\/urunler\/\"},{\"@type\":\"ListItem\",\"position\":3,\"name\":\"Su y\u00f6netimi\"}]},{\"@type\":\"WebSite\",\"@id\":\"https:\/\/www.hoogendoorn.nl\/#website\",\"url\":\"https:\/\/www.hoogendoorn.nl\/\",\"name\":\"Hoogendoorn Growth Management\",\"description\":\"Wereldwijd duurzame tuinbouwoplossingen op maat\",\"potentialAction\":[{\"@type\":\"SearchAction\",\"target\":{\"@type\":\"EntryPoint\",\"urlTemplate\":\"https:\/\/www.hoogendoorn.nl\/?s={search_term_string}\"},\"query-input\":{\"@type\":\"PropertyValueSpecification\",\"valueRequired\":true,\"valueName\":\"search_term_string\"}}],\"inLanguage\":\"tr\"}]}<\/script>\n<!-- \/ Yoast SEO plugin. -->","yoast_head_json":{"title":"Su y\u00f6netimi - Hoogendoorn Growth Management","robots":{"index":"index","follow":"follow","max-snippet":"max-snippet:-1","max-image-preview":"max-image-preview:large","max-video-preview":"max-video-preview:-1"},"canonical":"https:\/\/www.hoogendoorn.nl\/tr\/urunler\/su-yonetimi\/","og_locale":"tr_TR","og_type":"article","og_title":"Su y\u00f6netimi - Hoogendoorn Growth Management","og_description":"Verimli sulama neden \u00f6nemlidir Su ve g\u00fcbreler, \u00fcr\u00fcnlerinizin b\u00fcy\u00fcmesi i\u00e7in esast\u0131r. Ancak t\u00fcm d\u00fcnyada bu kaynaklar gittik\u00e7e azal\u0131yor. Modern serac\u0131l\u0131\u011f\u0131n su ve g\u00fcbrelerden tasarruf etmek ...        Daha fazlas\u0131n\u0131 oku","og_url":"https:\/\/www.hoogendoorn.nl\/tr\/urunler\/su-yonetimi\/","og_site_name":"Hoogendoorn Growth Management","article_modified_time":"2015-03-11T12:43:55+00:00","twitter_misc":{"Est. reading time":"2 minutes"},"schema":{"@context":"https:\/\/schema.org","@graph":[{"@type":"WebPage","@id":"https:\/\/www.hoogendoorn.nl\/tr\/urunler\/su-yonetimi\/","url":"https:\/\/www.hoogendoorn.nl\/tr\/urunler\/su-yonetimi\/","name":"Su y\u00f6netimi - Hoogendoorn Growth Management","isPartOf":{"@id":"https:\/\/www.hoogendoorn.nl\/#website"},"datePublished":"2013-12-18T09:18:25+00:00","dateModified":"2015-03-11T12:43:55+00:00","breadcrumb":{"@id":"https:\/\/www.hoogendoorn.nl\/tr\/urunler\/su-yonetimi\/#breadcrumb"},"inLanguage":"tr","potentialAction":[{"@type":"ReadAction","target":["https:\/\/www.hoogendoorn.nl\/tr\/urunler\/su-yonetimi\/"]}]},{"@type":"BreadcrumbList","@id":"https:\/\/www.hoogendoorn.nl\/tr\/urunler\/su-yonetimi\/#breadcrumb","itemListElement":[{"@type":"ListItem","position":1,"name":"Home","item":"https:\/\/www.hoogendoorn.nl\/tr\/"},{"@type":"ListItem","position":2,"name":"\u00dcr\u00fcnler","item":"https:\/\/www.hoogendoorn.nl\/tr\/urunler\/"},{"@type":"ListItem","position":3,"name":"Su y\u00f6netimi"}]},{"@type":"WebSite","@id":"https:\/\/www.hoogendoorn.nl\/#website","url":"https:\/\/www.hoogendoorn.nl\/","name":"Hoogendoorn Growth Management","description":"Wereldwijd duurzame tuinbouwoplossingen op maat","potentialAction":[{"@type":"SearchAction","target":{"@type":"EntryPoint","urlTemplate":"https:\/\/www.hoogendoorn.nl\/?s={search_term_string}"},"query-input":{"@type":"PropertyValueSpecification","valueRequired":true,"valueName":"search_term_string"}}],"inLanguage":"tr"}]}},"_links":{"self":[{"href":"https:\/\/www.hoogendoorn.nl\/tr\/wp-json\/wp\/v2\/pages\/11065","targetHints":{"allow":["GET"]}}],"collection":[{"href":"https:\/\/www.hoogendoorn.nl\/tr\/wp-json\/wp\/v2\/pages"}],"about":[{"href":"https:\/\/www.hoogendoorn.nl\/tr\/wp-json\/wp\/v2\/types\/page"}],"author":[{"embeddable":true,"href":"https:\/\/www.hoogendoorn.nl\/tr\/wp-json\/wp\/v2\/users\/101"}],"replies":[{"embeddable":true,"href":"https:\/\/www.hoogendoorn.nl\/tr\/wp-json\/wp\/v2\/comments?post=11065"}],"version-history":[{"count":0,"href":"https:\/\/www.hoogendoorn.nl\/tr\/wp-json\/wp\/v2\/pages\/11065\/revisions"}],"up":[{"embeddable":true,"href":"https:\/\/www.hoogendoorn.nl\/tr\/wp-json\/wp\/v2\/pages\/11038"}],"wp:attachment":[{"href":"https:\/\/www.hoogendoorn.nl\/tr\/wp-json\/wp\/v2\/media?parent=11065"}],"curies":[{"name":"wp","href":"https:\/\/api.w.org\/{rel}","templated":true}]}}