{"id":11067,"date":"2013-12-18T09:21:28","date_gmt":"2013-12-18T09:21:28","guid":{"rendered":"http:\/\/nlhoog-salebaboe.savviihq.com\/?page_id=11067"},"modified":"2016-11-14T12:50:24","modified_gmt":"2016-11-14T12:50:24","slug":"hakkimizda","status":"publish","type":"page","link":"https:\/\/www.hoogendoorn.nl\/tr\/hakkimizda\/","title":{"rendered":"Hakk\u0131m\u0131zda"},"content":{"rendered":"<p>Hoogendoorn, k\u00fcresel ortaklar\u0131yla birlikte, bah\u00e7ecilik organizasyonunuzdaki t\u00fcm i\u015flemleri ve sistemleri sorunsuz \u015fekilde koordine eden, s\u00fcrd\u00fcr\u00fclebilir otomasyon \u00e7\u00f6z\u00fcmleri sunar. Mod\u00fcler yaz\u0131l\u0131m do\u011fal gaz, g\u00fcbre ve su gibi mevcut kaynaklar\u0131n m\u00fcmk\u00fcn oldu\u011funca verimli kullan\u0131lmas\u0131n\u0131 sa\u011flar. Bu yaz\u0131l\u0131mla Hoogendoorn, m\u00fc\u015fterilerinin (enerji) maliyetlerini ve CO<sub>2<\/sub>\u00a0sal\u0131n\u0131m\u0131n\u0131 en d\u00fc\u015f\u00fck seviyeye indirmesine ve ekin rand\u0131man\u0131n\u0131 en y\u00fcksek seviyeye \u00e7\u0131karmas\u0131na yard\u0131mc\u0131 olur.<\/p>\n<p>Y\u0131llar dayanan deneyimimiz ve d\u00fcnya \u00e7ap\u0131ndaki uzmanl\u0131\u011f\u0131m\u0131z, d\u00fcnyadaki her sera i\u015fletmesine uygulanabilecek, tam entegre ve verimli \u00e7\u00f6z\u00fcmlerden olu\u015fan eksiksiz bir yelpaze olu\u015fturduk.<a title=\"\u0130klim y\u00f6netimi\" href=\"https:\/\/www.hoogendoorn.nl\/tr\/cozumler-ve-urunler\/iklim-yonetimi\/\"> \u0130klim y\u00f6netimi<\/a>,\u00a0<a title=\"Su y\u00f6netimi\" href=\"https:\/\/www.hoogendoorn.nl\/tr\/cozumler-ve-urunler\/su-yonetimi\/\">su y\u00f6netimi<\/a>,\u00a0<a title=\"Enerji y\u00f6netimi\" href=\"https:\/\/www.hoogendoorn.nl\/tr\/cozumler-ve-urunler\/enerji-yonetimi\/\">enerji y\u00f6netimi<\/a>\u00a0ve\u00a0<a title=\"Bilgi y\u00f6netimi\" href=\"https:\/\/www.hoogendoorn.nl\/tr\/cozumler-ve-urunler\/bilgi-yonetimi\/\">bilgi y\u00f6netimi<\/a> alanlar\u0131nda \u00e7\u00f6z\u00fcmler sunuyoruz.<\/p>\n<p><strong><strong>1967&#8217;den g\u00fcn\u00fcm\u00fcze<\/strong><\/strong><br \/>\nHoogendoorn, k\u00fc\u00e7\u00fck bir teknik donan\u0131m \u015firketi olarak ba\u015flad\u0131 ve b\u00fcy\u00fcyerek d\u00fcnya \u00e7ap\u0131nda etkin, uluslararas\u0131 bir otomasyon \u015firketi oldu. 1974&#8217;te, Hoogendoorn piyasaya dijital bir bah\u00e7ecilik bilgisayar\u0131 getiren ilk \u015firketti. O zamandan beri, Hoogendoorn iklim, su ve enerji alanlar\u0131na s\u00fcrd\u00fcr\u00fclebilir bir yakla\u015f\u0131m getiren en geli\u015fmi\u015f i\u015flem bilgisayarlar\u0131n\u0131 ve ziraat ve i\u015fletme kay\u0131t sistemlerini \u00fcretmi\u015ftir. Her k\u0131taya uzanan bir ortaklar a\u011f\u0131yla, e\u011fitimli uzmanlar\u0131m\u0131z t\u00fcm m\u00fc\u015fterileri bilgili \u00fcr\u00fcn \u00f6nerileri, e\u011fitim ve hizmet sunarak desteklemektedir.<\/p>\n","protected":false},"excerpt":{"rendered":"<p>Hoogendoorn, k\u00fcresel ortaklar\u0131yla birlikte, bah\u00e7ecilik organizasyonunuzdaki t\u00fcm i\u015flemleri ve sistemleri sorunsuz \u015fekilde koordine eden, s\u00fcrd\u00fcr\u00fclebilir otomasyon \u00e7\u00f6z\u00fcmleri sunar. Mod\u00fcler yaz\u0131l\u0131m do\u011fal gaz, g\u00fcbre ve su &#8230;<\/p>\n<div class=\"item-read-more\">\n<p>        <a href=\"https:\/\/www.hoogendoorn.nl\/tr\/hakkimizda\/\" style=\"font-weight: normal;\">Daha fazlas\u0131n\u0131 oku<br \/>\n<\/a><\/p><\/div>\n","protected":false},"author":101,"featured_media":0,"parent":0,"menu_order":0,"comment_status":"open","ping_status":"closed","template":"","meta":{"_acf_changed":false,"_et_pb_use_builder":"","_et_pb_old_content":"","_et_gb_content_width":"","_genesis_hide_title":false,"_genesis_hide_breadcrumbs":false,"_genesis_hide_singular_image":false,"_genesis_hide_footer_widgets":false,"_genesis_custom_body_class":"","_genesis_custom_post_class":"","_genesis_layout":"full-width-content","footnotes":""},"class_list":{"0":"post-11067","1":"page","2":"type-page","3":"status-publish","5":"entry"},"acf":[],"yoast_head":"<!-- This site is optimized with the Yoast SEO plugin v26.6 - https:\/\/yoast.com\/wordpress\/plugins\/seo\/ -->\n<title>Hakk\u0131m\u0131zda - Hoogendoorn Growth Management<\/title>\n<meta name=\"robots\" content=\"noindex, nofollow\" \/>\n<meta property=\"og:locale\" content=\"tr_TR\" \/>\n<meta property=\"og:type\" content=\"article\" \/>\n<meta property=\"og:title\" content=\"Hakk\u0131m\u0131zda - Hoogendoorn Growth Management\" \/>\n<meta property=\"og:description\" content=\"Hoogendoorn, k\u00fcresel ortaklar\u0131yla birlikte, bah\u00e7ecilik organizasyonunuzdaki t\u00fcm i\u015flemleri ve sistemleri sorunsuz \u015fekilde koordine eden, s\u00fcrd\u00fcr\u00fclebilir otomasyon \u00e7\u00f6z\u00fcmleri sunar. Mod\u00fcler yaz\u0131l\u0131m do\u011fal gaz, g\u00fcbre ve su ...        Daha fazlas\u0131n\u0131 oku\" \/>\n<meta property=\"og:url\" content=\"https:\/\/www.hoogendoorn.nl\/tr\/hakkimizda\/\" \/>\n<meta property=\"og:site_name\" content=\"Hoogendoorn Growth Management\" \/>\n<meta property=\"article:modified_time\" content=\"2016-11-14T12:50:24+00:00\" \/>\n<meta name=\"twitter:label1\" content=\"Est. reading time\" \/>\n\t<meta name=\"twitter:data1\" content=\"1 minute\" \/>\n<script type=\"application\/ld+json\" class=\"yoast-schema-graph\">{\"@context\":\"https:\/\/schema.org\",\"@graph\":[{\"@type\":\"WebPage\",\"@id\":\"https:\/\/www.hoogendoorn.nl\/tr\/hakkimizda\/\",\"url\":\"https:\/\/www.hoogendoorn.nl\/tr\/hakkimizda\/\",\"name\":\"Hakk\u0131m\u0131zda - Hoogendoorn Growth Management\",\"isPartOf\":{\"@id\":\"https:\/\/www.hoogendoorn.nl\/#website\"},\"datePublished\":\"2013-12-18T09:21:28+00:00\",\"dateModified\":\"2016-11-14T12:50:24+00:00\",\"breadcrumb\":{\"@id\":\"https:\/\/www.hoogendoorn.nl\/tr\/hakkimizda\/#breadcrumb\"},\"inLanguage\":\"tr\",\"potentialAction\":[{\"@type\":\"ReadAction\",\"target\":[\"https:\/\/www.hoogendoorn.nl\/tr\/hakkimizda\/\"]}]},{\"@type\":\"BreadcrumbList\",\"@id\":\"https:\/\/www.hoogendoorn.nl\/tr\/hakkimizda\/#breadcrumb\",\"itemListElement\":[{\"@type\":\"ListItem\",\"position\":1,\"name\":\"Home\",\"item\":\"https:\/\/www.hoogendoorn.nl\/tr\/\"},{\"@type\":\"ListItem\",\"position\":2,\"name\":\"Hakk\u0131m\u0131zda\"}]},{\"@type\":\"WebSite\",\"@id\":\"https:\/\/www.hoogendoorn.nl\/#website\",\"url\":\"https:\/\/www.hoogendoorn.nl\/\",\"name\":\"Hoogendoorn Growth Management\",\"description\":\"Wereldwijd duurzame tuinbouwoplossingen op maat\",\"potentialAction\":[{\"@type\":\"SearchAction\",\"target\":{\"@type\":\"EntryPoint\",\"urlTemplate\":\"https:\/\/www.hoogendoorn.nl\/?s={search_term_string}\"},\"query-input\":{\"@type\":\"PropertyValueSpecification\",\"valueRequired\":true,\"valueName\":\"search_term_string\"}}],\"inLanguage\":\"tr\"}]}<\/script>\n<!-- \/ Yoast SEO plugin. -->","yoast_head_json":{"title":"Hakk\u0131m\u0131zda - Hoogendoorn Growth Management","robots":{"index":"noindex","follow":"nofollow"},"og_locale":"tr_TR","og_type":"article","og_title":"Hakk\u0131m\u0131zda - Hoogendoorn Growth Management","og_description":"Hoogendoorn, k\u00fcresel ortaklar\u0131yla birlikte, bah\u00e7ecilik organizasyonunuzdaki t\u00fcm i\u015flemleri ve sistemleri sorunsuz \u015fekilde koordine eden, s\u00fcrd\u00fcr\u00fclebilir otomasyon \u00e7\u00f6z\u00fcmleri sunar. Mod\u00fcler yaz\u0131l\u0131m do\u011fal gaz, g\u00fcbre ve su ...        Daha fazlas\u0131n\u0131 oku","og_url":"https:\/\/www.hoogendoorn.nl\/tr\/hakkimizda\/","og_site_name":"Hoogendoorn Growth Management","article_modified_time":"2016-11-14T12:50:24+00:00","twitter_misc":{"Est. reading time":"1 minute"},"schema":{"@context":"https:\/\/schema.org","@graph":[{"@type":"WebPage","@id":"https:\/\/www.hoogendoorn.nl\/tr\/hakkimizda\/","url":"https:\/\/www.hoogendoorn.nl\/tr\/hakkimizda\/","name":"Hakk\u0131m\u0131zda - Hoogendoorn Growth Management","isPartOf":{"@id":"https:\/\/www.hoogendoorn.nl\/#website"},"datePublished":"2013-12-18T09:21:28+00:00","dateModified":"2016-11-14T12:50:24+00:00","breadcrumb":{"@id":"https:\/\/www.hoogendoorn.nl\/tr\/hakkimizda\/#breadcrumb"},"inLanguage":"tr","potentialAction":[{"@type":"ReadAction","target":["https:\/\/www.hoogendoorn.nl\/tr\/hakkimizda\/"]}]},{"@type":"BreadcrumbList","@id":"https:\/\/www.hoogendoorn.nl\/tr\/hakkimizda\/#breadcrumb","itemListElement":[{"@type":"ListItem","position":1,"name":"Home","item":"https:\/\/www.hoogendoorn.nl\/tr\/"},{"@type":"ListItem","position":2,"name":"Hakk\u0131m\u0131zda"}]},{"@type":"WebSite","@id":"https:\/\/www.hoogendoorn.nl\/#website","url":"https:\/\/www.hoogendoorn.nl\/","name":"Hoogendoorn Growth Management","description":"Wereldwijd duurzame tuinbouwoplossingen op maat","potentialAction":[{"@type":"SearchAction","target":{"@type":"EntryPoint","urlTemplate":"https:\/\/www.hoogendoorn.nl\/?s={search_term_string}"},"query-input":{"@type":"PropertyValueSpecification","valueRequired":true,"valueName":"search_term_string"}}],"inLanguage":"tr"}]}},"_links":{"self":[{"href":"https:\/\/www.hoogendoorn.nl\/tr\/wp-json\/wp\/v2\/pages\/11067","targetHints":{"allow":["GET"]}}],"collection":[{"href":"https:\/\/www.hoogendoorn.nl\/tr\/wp-json\/wp\/v2\/pages"}],"about":[{"href":"https:\/\/www.hoogendoorn.nl\/tr\/wp-json\/wp\/v2\/types\/page"}],"author":[{"embeddable":true,"href":"https:\/\/www.hoogendoorn.nl\/tr\/wp-json\/wp\/v2\/users\/101"}],"replies":[{"embeddable":true,"href":"https:\/\/www.hoogendoorn.nl\/tr\/wp-json\/wp\/v2\/comments?post=11067"}],"version-history":[{"count":0,"href":"https:\/\/www.hoogendoorn.nl\/tr\/wp-json\/wp\/v2\/pages\/11067\/revisions"}],"wp:attachment":[{"href":"https:\/\/www.hoogendoorn.nl\/tr\/wp-json\/wp\/v2\/media?parent=11067"}],"curies":[{"name":"wp","href":"https:\/\/api.w.org\/{rel}","templated":true}]}}