{"id":11069,"date":"2013-12-18T09:24:33","date_gmt":"2013-12-18T09:24:33","guid":{"rendered":"http:\/\/nlhoog-salebaboe.savviihq.com\/?page_id=11069"},"modified":"2015-01-29T07:46:39","modified_gmt":"2015-01-29T07:46:39","slug":"neden-hoogendoorn","status":"publish","type":"page","link":"https:\/\/www.hoogendoorn.nl\/tr\/hakkimizda\/neden-hoogendoorn\/","title":{"rendered":"Neden Hoogendoorn?"},"content":{"rendered":"<p>M\u00fc\u015fterilerimizle, ortaklar\u0131m\u0131zla ve i\u015fbirlik\u00e7i giri\u015fimlerimizle uzun vadeli ili\u015fkiler kurmak \u00fczere yat\u0131r\u0131m yap\u0131yoruz. Bu ili\u015fki de g\u00fcven, \u015feffafl\u0131k ve esneklikle ortaya \u00e7\u0131k\u0131yor. Hoogendoorn yaln\u0131zca tedarik\u00e7iniz de\u011fil, ayn\u0131 zamanda orta\u011f\u0131n\u0131z.<\/p>\n<p>Hoogendoorn m\u00fc\u015fterisi olarak beklentileriniz:<\/p>\n<p><strong>Ki\u015fisel yakla\u015f\u0131m<\/strong><br \/>\nM\u00fc\u015fterilerimiz her \u015feyden \u00f6nce gelir. Bilgili, azimli uzmanlar\u0131m\u0131z m\u00fc\u015fterinin isteklerini dinler ve uzun vadeli \u00e7\u00f6z\u00fcmlerle ilgili d\u00fcr\u00fcst ve do\u011frudan \u00f6neriler verir. M\u00fc\u015fterilerimizi sat\u0131n alma i\u015fleminin tamam\u0131nda y\u00f6nlendirir ve destekleriz; ard\u0131ndan (kullan\u0131c\u0131lara y\u00f6nelik) e\u011fitim ve bak\u0131m servisi ile m\u00fc\u015fteri odakl\u0131 hizmetler sunar\u0131z.<\/p>\n<p><strong>Uzun vadeli yat\u0131r\u0131m<\/strong><br \/>\n\u00dcr\u00fcnlerimizin kullan\u0131m \u00f6mr\u00fc uzundur ve g\u00fcvenilir, uzun vadeli bir yat\u0131r\u0131md\u0131r. \u0130\u015flem bilgisayar\u0131n\u0131z en yeni yaz\u0131l\u0131mla kolayca y\u00fckseltilebilir. B\u00f6ylece i\u015flemlerinizi en verimli ve modern teknoloji ile kontrol edebilirsiniz.<\/p>\n<p><strong>M\u00fc\u015fteriye yak\u0131nl\u0131k<\/strong><br \/>\nHoogendoorn, m\u00fc\u015fterilerine yak\u0131nd\u0131r; \u00e7\u00fcnk\u00fc uluslararas\u0131 alanda yerel ortaklar\u0131m\u0131zla i\u015fbirli\u011fi i\u00e7inde \u00e7al\u0131\u015f\u0131yoruz. B\u00f6ylece m\u00fc\u015fterimizin dilini, k\u00fclt\u00fcr\u00fcn\u00fc ve ko\u015fullar\u0131n\u0131 anlayabiliyoruz. Bu \u015fekilde \u00e7\u00f6z\u00fcmlerimizi ve hizmetlerimizi m\u00fc\u015fterinin ihtiya\u00e7lar\u0131yla en uygun hale getirebiliyor ve yerel hizmet sunabiliyoruz. Ayr\u0131ca yedek par\u00e7alar\u0131n yerel olarak envanterde bulundurulmas\u0131n\u0131 sa\u011fl\u0131yoruz.<\/p>\n<p><strong>Y\u00fcksek kalite<\/strong><br \/>\nHoogendoorn <a href=\"https:\/\/www.hoogendoorn.nl\/files\/2012\/05\/Horti-Q-certificaat-Kiwa.pdf\" target=\"_blank\">Horti-Q<\/a> onayl\u0131d\u0131r. Bu ba\u011f\u0131ms\u0131z ve g\u00fcvenilir kalite sertifikas\u0131, size t\u00fcm \u00fcr\u00fcnlerin kat\u0131 teknik \u015fartlara uygun \u015fekilde \u00fcretildi\u011fine ve uluslararas\u0131 standartlara uygun oldu\u011funa dair g\u00fcvence sa\u011flar.<\/p>\n<p><strong>Zaman ve s\u00fckunet<\/strong><br \/>\nBah\u00e7ecilik sekt\u00f6r\u00fcndeki bir giri\u015fimci olarak yo\u011fun bir hayat s\u00fcr\u00fcyorsunuz. Hoogendoorn, g\u00fcnl\u00fck i\u015f faaliyetlerinizi daha net ve basit hale getiren, kullan\u0131c\u0131 dostu \u00e7\u00f6z\u00fcmler sunarak zamandan tasarruf etmenizi sa\u011flar. Geli\u015fmi\u015f teknolojimiz, i\u015f s\u00fcre\u00e7lerinizi hassas \u015fekilde de\u011ferlendirir ve analiz eder ve hem zaman\u0131nda hem de sadece bir \u015fey yap\u0131lmas\u0131 gerekti\u011finde alarm verir. B\u00f6ylece i\u00e7iniz daha rahat olur.<\/p>\n","protected":false},"excerpt":{"rendered":"<p>M\u00fc\u015fterilerimizle, ortaklar\u0131m\u0131zla ve i\u015fbirlik\u00e7i giri\u015fimlerimizle uzun vadeli ili\u015fkiler kurmak \u00fczere yat\u0131r\u0131m yap\u0131yoruz. Bu ili\u015fki de g\u00fcven, \u015feffafl\u0131k ve esneklikle ortaya \u00e7\u0131k\u0131yor. Hoogendoorn yaln\u0131zca tedarik\u00e7iniz de\u011fil, &#8230;<\/p>\n<div class=\"item-read-more\">\n<p>        <a href=\"https:\/\/www.hoogendoorn.nl\/tr\/hakkimizda\/neden-hoogendoorn\/\" style=\"font-weight: normal;\">Daha fazlas\u0131n\u0131 oku<br \/>\n<\/a><\/p><\/div>\n","protected":false},"author":101,"featured_media":0,"parent":11067,"menu_order":0,"comment_status":"open","ping_status":"closed","template":"","meta":{"_acf_changed":false,"_et_pb_use_builder":"","_et_pb_old_content":"","_et_gb_content_width":"","_genesis_hide_title":false,"_genesis_hide_breadcrumbs":false,"_genesis_hide_singular_image":false,"_genesis_hide_footer_widgets":false,"_genesis_custom_body_class":"","_genesis_custom_post_class":"","_genesis_layout":"","footnotes":""},"class_list":{"0":"post-11069","1":"page","2":"type-page","3":"status-publish","5":"entry"},"acf":[],"yoast_head":"<!-- This site is optimized with the Yoast SEO plugin v26.6 - https:\/\/yoast.com\/wordpress\/plugins\/seo\/ -->\n<title>Neden Hoogendoorn? - Hoogendoorn Growth Management<\/title>\n<meta name=\"robots\" content=\"index, follow, max-snippet:-1, max-image-preview:large, max-video-preview:-1\" \/>\n<link rel=\"canonical\" href=\"https:\/\/www.hoogendoorn.nl\/tr\/hakkimizda\/neden-hoogendoorn\/\" \/>\n<meta property=\"og:locale\" content=\"tr_TR\" \/>\n<meta property=\"og:type\" content=\"article\" \/>\n<meta property=\"og:title\" content=\"Neden Hoogendoorn? - Hoogendoorn Growth Management\" \/>\n<meta property=\"og:description\" content=\"M\u00fc\u015fterilerimizle, ortaklar\u0131m\u0131zla ve i\u015fbirlik\u00e7i giri\u015fimlerimizle uzun vadeli ili\u015fkiler kurmak \u00fczere yat\u0131r\u0131m yap\u0131yoruz. Bu ili\u015fki de g\u00fcven, \u015feffafl\u0131k ve esneklikle ortaya \u00e7\u0131k\u0131yor. Hoogendoorn yaln\u0131zca tedarik\u00e7iniz de\u011fil, ...        Daha fazlas\u0131n\u0131 oku\" \/>\n<meta property=\"og:url\" content=\"https:\/\/www.hoogendoorn.nl\/tr\/hakkimizda\/neden-hoogendoorn\/\" \/>\n<meta property=\"og:site_name\" content=\"Hoogendoorn Growth Management\" \/>\n<meta property=\"article:modified_time\" content=\"2015-01-29T07:46:39+00:00\" \/>\n<meta name=\"twitter:label1\" content=\"Est. reading time\" \/>\n\t<meta name=\"twitter:data1\" content=\"2 minutes\" \/>\n<script type=\"application\/ld+json\" class=\"yoast-schema-graph\">{\"@context\":\"https:\/\/schema.org\",\"@graph\":[{\"@type\":\"WebPage\",\"@id\":\"https:\/\/www.hoogendoorn.nl\/tr\/hakkimizda\/neden-hoogendoorn\/\",\"url\":\"https:\/\/www.hoogendoorn.nl\/tr\/hakkimizda\/neden-hoogendoorn\/\",\"name\":\"Neden Hoogendoorn? - Hoogendoorn Growth Management\",\"isPartOf\":{\"@id\":\"https:\/\/www.hoogendoorn.nl\/#website\"},\"datePublished\":\"2013-12-18T09:24:33+00:00\",\"dateModified\":\"2015-01-29T07:46:39+00:00\",\"breadcrumb\":{\"@id\":\"https:\/\/www.hoogendoorn.nl\/tr\/hakkimizda\/neden-hoogendoorn\/#breadcrumb\"},\"inLanguage\":\"tr\",\"potentialAction\":[{\"@type\":\"ReadAction\",\"target\":[\"https:\/\/www.hoogendoorn.nl\/tr\/hakkimizda\/neden-hoogendoorn\/\"]}]},{\"@type\":\"BreadcrumbList\",\"@id\":\"https:\/\/www.hoogendoorn.nl\/tr\/hakkimizda\/neden-hoogendoorn\/#breadcrumb\",\"itemListElement\":[{\"@type\":\"ListItem\",\"position\":1,\"name\":\"Home\",\"item\":\"https:\/\/www.hoogendoorn.nl\/tr\/\"},{\"@type\":\"ListItem\",\"position\":2,\"name\":\"Hakk\u0131m\u0131zda\",\"item\":\"https:\/\/www.hoogendoorn.nl\/tr\/hakkimizda\/\"},{\"@type\":\"ListItem\",\"position\":3,\"name\":\"Neden Hoogendoorn?\"}]},{\"@type\":\"WebSite\",\"@id\":\"https:\/\/www.hoogendoorn.nl\/#website\",\"url\":\"https:\/\/www.hoogendoorn.nl\/\",\"name\":\"Hoogendoorn Growth Management\",\"description\":\"Wereldwijd duurzame tuinbouwoplossingen op maat\",\"potentialAction\":[{\"@type\":\"SearchAction\",\"target\":{\"@type\":\"EntryPoint\",\"urlTemplate\":\"https:\/\/www.hoogendoorn.nl\/?s={search_term_string}\"},\"query-input\":{\"@type\":\"PropertyValueSpecification\",\"valueRequired\":true,\"valueName\":\"search_term_string\"}}],\"inLanguage\":\"tr\"}]}<\/script>\n<!-- \/ Yoast SEO plugin. -->","yoast_head_json":{"title":"Neden Hoogendoorn? - Hoogendoorn Growth Management","robots":{"index":"index","follow":"follow","max-snippet":"max-snippet:-1","max-image-preview":"max-image-preview:large","max-video-preview":"max-video-preview:-1"},"canonical":"https:\/\/www.hoogendoorn.nl\/tr\/hakkimizda\/neden-hoogendoorn\/","og_locale":"tr_TR","og_type":"article","og_title":"Neden Hoogendoorn? - Hoogendoorn Growth Management","og_description":"M\u00fc\u015fterilerimizle, ortaklar\u0131m\u0131zla ve i\u015fbirlik\u00e7i giri\u015fimlerimizle uzun vadeli ili\u015fkiler kurmak \u00fczere yat\u0131r\u0131m yap\u0131yoruz. Bu ili\u015fki de g\u00fcven, \u015feffafl\u0131k ve esneklikle ortaya \u00e7\u0131k\u0131yor. Hoogendoorn yaln\u0131zca tedarik\u00e7iniz de\u011fil, ...        Daha fazlas\u0131n\u0131 oku","og_url":"https:\/\/www.hoogendoorn.nl\/tr\/hakkimizda\/neden-hoogendoorn\/","og_site_name":"Hoogendoorn Growth Management","article_modified_time":"2015-01-29T07:46:39+00:00","twitter_misc":{"Est. reading time":"2 minutes"},"schema":{"@context":"https:\/\/schema.org","@graph":[{"@type":"WebPage","@id":"https:\/\/www.hoogendoorn.nl\/tr\/hakkimizda\/neden-hoogendoorn\/","url":"https:\/\/www.hoogendoorn.nl\/tr\/hakkimizda\/neden-hoogendoorn\/","name":"Neden Hoogendoorn? - Hoogendoorn Growth Management","isPartOf":{"@id":"https:\/\/www.hoogendoorn.nl\/#website"},"datePublished":"2013-12-18T09:24:33+00:00","dateModified":"2015-01-29T07:46:39+00:00","breadcrumb":{"@id":"https:\/\/www.hoogendoorn.nl\/tr\/hakkimizda\/neden-hoogendoorn\/#breadcrumb"},"inLanguage":"tr","potentialAction":[{"@type":"ReadAction","target":["https:\/\/www.hoogendoorn.nl\/tr\/hakkimizda\/neden-hoogendoorn\/"]}]},{"@type":"BreadcrumbList","@id":"https:\/\/www.hoogendoorn.nl\/tr\/hakkimizda\/neden-hoogendoorn\/#breadcrumb","itemListElement":[{"@type":"ListItem","position":1,"name":"Home","item":"https:\/\/www.hoogendoorn.nl\/tr\/"},{"@type":"ListItem","position":2,"name":"Hakk\u0131m\u0131zda","item":"https:\/\/www.hoogendoorn.nl\/tr\/hakkimizda\/"},{"@type":"ListItem","position":3,"name":"Neden Hoogendoorn?"}]},{"@type":"WebSite","@id":"https:\/\/www.hoogendoorn.nl\/#website","url":"https:\/\/www.hoogendoorn.nl\/","name":"Hoogendoorn Growth Management","description":"Wereldwijd duurzame tuinbouwoplossingen op maat","potentialAction":[{"@type":"SearchAction","target":{"@type":"EntryPoint","urlTemplate":"https:\/\/www.hoogendoorn.nl\/?s={search_term_string}"},"query-input":{"@type":"PropertyValueSpecification","valueRequired":true,"valueName":"search_term_string"}}],"inLanguage":"tr"}]}},"_links":{"self":[{"href":"https:\/\/www.hoogendoorn.nl\/tr\/wp-json\/wp\/v2\/pages\/11069","targetHints":{"allow":["GET"]}}],"collection":[{"href":"https:\/\/www.hoogendoorn.nl\/tr\/wp-json\/wp\/v2\/pages"}],"about":[{"href":"https:\/\/www.hoogendoorn.nl\/tr\/wp-json\/wp\/v2\/types\/page"}],"author":[{"embeddable":true,"href":"https:\/\/www.hoogendoorn.nl\/tr\/wp-json\/wp\/v2\/users\/101"}],"replies":[{"embeddable":true,"href":"https:\/\/www.hoogendoorn.nl\/tr\/wp-json\/wp\/v2\/comments?post=11069"}],"version-history":[{"count":0,"href":"https:\/\/www.hoogendoorn.nl\/tr\/wp-json\/wp\/v2\/pages\/11069\/revisions"}],"up":[{"embeddable":true,"href":"https:\/\/www.hoogendoorn.nl\/tr\/wp-json\/wp\/v2\/pages\/11067"}],"wp:attachment":[{"href":"https:\/\/www.hoogendoorn.nl\/tr\/wp-json\/wp\/v2\/media?parent=11069"}],"curies":[{"name":"wp","href":"https:\/\/api.w.org\/{rel}","templated":true}]}}