{"id":11072,"date":"2013-12-18T10:03:31","date_gmt":"2013-12-18T10:03:31","guid":{"rendered":"http:\/\/nlhoog-salebaboe.savviihq.com\/?page_id=11072"},"modified":"2015-01-27T20:18:44","modified_gmt":"2015-01-27T20:18:44","slug":"isbirligi","status":"publish","type":"page","link":"https:\/\/www.hoogendoorn.nl\/tr\/hakkimizda\/isbirligi\/","title":{"rendered":"\u0130\u015fbirli\u011fi"},"content":{"rendered":"<p class=\"paginaintroductie\">\u0130\u015fbirli\u011finin ve bilgi payla\u015f\u0131m\u0131n\u0131n yenili\u011fe ve b\u00fcy\u00fcmeye katk\u0131 sa\u011flad\u0131\u011f\u0131na inan\u0131yoruz. Bu nedenle otomasyon \u00e7\u00f6z\u00fcmlerimizi m\u00fc\u015fterilerimizle, yerel ortaklar\u0131m\u0131zla, sekt\u00f6r organizasyonlar\u0131yla, \u00fcniversitelerle ve ara\u015ft\u0131rma enstit\u00fcleriyle i\u015fbirli\u011fi i\u00e7inde geli\u015ftiriyoruz. Bilgiyi payla\u015farak \u00fcr\u00fcn kalitesini ve ekin verimlili\u011fini en \u00fcst d\u00fczeye \u00e7\u0131karan, yenilik\u00e7i ve kullan\u0131c\u0131 dostu \u00e7\u00f6z\u00fcmleri daha iyi \u00fcretebiliyoruz. S\u00fcrd\u00fcr\u00fclebilir ve g\u00fcvenli \u00fcretim, ortakl\u0131klar\u0131m\u0131z i\u00e7in \u00f6nemli ilkelerdir.<\/p>\n<p><strong><strong>Uluslararas\u0131 ortakl\u0131k programlar\u0131<\/strong><\/strong><br \/>\nHollandal\u0131 di\u011fer Serac\u0131l\u0131k \u00a0tedarik\u00e7ileriyle birlikte, Hoogendoorn \u00e7e\u015fitli ortakl\u0131k programlar\u0131na kat\u0131lmaktad\u0131r. \u00dcye grup ortaklar\u0131 birbirlerini teknoloji, bilgi ve deneyim alanlar\u0131nda tamamlarlar. Bu programlar\u0131n amac\u0131, Hollanda sera \u00fcr\u00fcn ve hizmetlerinin ihracattaki konumunu g\u00fc\u00e7lendirmek ve ara\u015ft\u0131rma, geli\u015ftirme ve \u00fcretim alanlar\u0131ndaki yerel ortaklarla i\u015fbirli\u011fini ba\u015flatmak ve\/veya kuvvetlendirmektir.<\/p>\n<p><strong><strong>D\u00fcnya \u00e7ap\u0131nda uygulanabilen \u00e7\u00f6z\u00fcmler<\/strong><\/strong><br \/>\nG\u00fc\u00e7lerin birle\u015ftirilmesiyle, Hollanda bah\u00e7ecilik \u00e7\u00f6z\u00fcmleri yerel ko\u015fullara daha iyi uyum sa\u011flar. Bu \u015fekilde \u00e7\u00f6z\u00fcmlerimiz d\u00fcnyan\u0131n her yerinde ba\u015far\u0131yla uygulanabilir. Biraz da bu nedenle Serac\u0131l\u0131k sekt\u00f6r\u00fcnde s\u00fcre\u00e7 otomasyonu konusunda piyasa lideriyiz.<\/p>\n","protected":false},"excerpt":{"rendered":"<p>\u0130\u015fbirli\u011finin ve bilgi payla\u015f\u0131m\u0131n\u0131n yenili\u011fe ve b\u00fcy\u00fcmeye katk\u0131 sa\u011flad\u0131\u011f\u0131na inan\u0131yoruz. Bu nedenle otomasyon \u00e7\u00f6z\u00fcmlerimizi m\u00fc\u015fterilerimizle, yerel ortaklar\u0131m\u0131zla, sekt\u00f6r organizasyonlar\u0131yla, \u00fcniversitelerle ve ara\u015ft\u0131rma enstit\u00fcleriyle i\u015fbirli\u011fi i\u00e7inde &#8230;<\/p>\n<div class=\"item-read-more\">\n<p>        <a href=\"https:\/\/www.hoogendoorn.nl\/tr\/hakkimizda\/isbirligi\/\" style=\"font-weight: normal;\">Daha fazlas\u0131n\u0131 oku<br \/>\n<\/a><\/p><\/div>\n","protected":false},"author":101,"featured_media":0,"parent":11067,"menu_order":0,"comment_status":"open","ping_status":"closed","template":"","meta":{"_acf_changed":false,"_et_pb_use_builder":"","_et_pb_old_content":"","_et_gb_content_width":"","_genesis_hide_title":false,"_genesis_hide_breadcrumbs":false,"_genesis_hide_singular_image":false,"_genesis_hide_footer_widgets":false,"_genesis_custom_body_class":"","_genesis_custom_post_class":"","_genesis_layout":"","footnotes":""},"class_list":{"0":"post-11072","1":"page","2":"type-page","3":"status-publish","5":"entry"},"acf":[],"yoast_head":"<!-- This site is optimized with the Yoast SEO plugin v26.6 - https:\/\/yoast.com\/wordpress\/plugins\/seo\/ -->\n<title>\u0130\u015fbirli\u011fi - Hoogendoorn Growth Management<\/title>\n<meta name=\"robots\" content=\"index, follow, max-snippet:-1, max-image-preview:large, max-video-preview:-1\" \/>\n<link rel=\"canonical\" href=\"https:\/\/www.hoogendoorn.nl\/tr\/hakkimizda\/isbirligi\/\" \/>\n<meta property=\"og:locale\" content=\"tr_TR\" \/>\n<meta property=\"og:type\" content=\"article\" \/>\n<meta property=\"og:title\" content=\"\u0130\u015fbirli\u011fi - Hoogendoorn Growth Management\" \/>\n<meta property=\"og:description\" content=\"\u0130\u015fbirli\u011finin ve bilgi payla\u015f\u0131m\u0131n\u0131n yenili\u011fe ve b\u00fcy\u00fcmeye katk\u0131 sa\u011flad\u0131\u011f\u0131na inan\u0131yoruz. Bu nedenle otomasyon \u00e7\u00f6z\u00fcmlerimizi m\u00fc\u015fterilerimizle, yerel ortaklar\u0131m\u0131zla, sekt\u00f6r organizasyonlar\u0131yla, \u00fcniversitelerle ve ara\u015ft\u0131rma enstit\u00fcleriyle i\u015fbirli\u011fi i\u00e7inde ...        Daha fazlas\u0131n\u0131 oku\" \/>\n<meta property=\"og:url\" content=\"https:\/\/www.hoogendoorn.nl\/tr\/hakkimizda\/isbirligi\/\" \/>\n<meta property=\"og:site_name\" content=\"Hoogendoorn Growth Management\" \/>\n<meta property=\"article:modified_time\" content=\"2015-01-27T20:18:44+00:00\" \/>\n<meta name=\"twitter:label1\" content=\"Est. reading time\" \/>\n\t<meta name=\"twitter:data1\" content=\"1 minute\" \/>\n<script type=\"application\/ld+json\" class=\"yoast-schema-graph\">{\"@context\":\"https:\/\/schema.org\",\"@graph\":[{\"@type\":\"WebPage\",\"@id\":\"https:\/\/www.hoogendoorn.nl\/tr\/hakkimizda\/isbirligi\/\",\"url\":\"https:\/\/www.hoogendoorn.nl\/tr\/hakkimizda\/isbirligi\/\",\"name\":\"\u0130\u015fbirli\u011fi - Hoogendoorn Growth Management\",\"isPartOf\":{\"@id\":\"https:\/\/www.hoogendoorn.nl\/#website\"},\"datePublished\":\"2013-12-18T10:03:31+00:00\",\"dateModified\":\"2015-01-27T20:18:44+00:00\",\"breadcrumb\":{\"@id\":\"https:\/\/www.hoogendoorn.nl\/tr\/hakkimizda\/isbirligi\/#breadcrumb\"},\"inLanguage\":\"tr\",\"potentialAction\":[{\"@type\":\"ReadAction\",\"target\":[\"https:\/\/www.hoogendoorn.nl\/tr\/hakkimizda\/isbirligi\/\"]}]},{\"@type\":\"BreadcrumbList\",\"@id\":\"https:\/\/www.hoogendoorn.nl\/tr\/hakkimizda\/isbirligi\/#breadcrumb\",\"itemListElement\":[{\"@type\":\"ListItem\",\"position\":1,\"name\":\"Home\",\"item\":\"https:\/\/www.hoogendoorn.nl\/tr\/\"},{\"@type\":\"ListItem\",\"position\":2,\"name\":\"Hakk\u0131m\u0131zda\",\"item\":\"https:\/\/www.hoogendoorn.nl\/tr\/hakkimizda\/\"},{\"@type\":\"ListItem\",\"position\":3,\"name\":\"\u0130\u015fbirli\u011fi\"}]},{\"@type\":\"WebSite\",\"@id\":\"https:\/\/www.hoogendoorn.nl\/#website\",\"url\":\"https:\/\/www.hoogendoorn.nl\/\",\"name\":\"Hoogendoorn Growth Management\",\"description\":\"Wereldwijd duurzame tuinbouwoplossingen op maat\",\"potentialAction\":[{\"@type\":\"SearchAction\",\"target\":{\"@type\":\"EntryPoint\",\"urlTemplate\":\"https:\/\/www.hoogendoorn.nl\/?s={search_term_string}\"},\"query-input\":{\"@type\":\"PropertyValueSpecification\",\"valueRequired\":true,\"valueName\":\"search_term_string\"}}],\"inLanguage\":\"tr\"}]}<\/script>\n<!-- \/ Yoast SEO plugin. -->","yoast_head_json":{"title":"\u0130\u015fbirli\u011fi - Hoogendoorn Growth Management","robots":{"index":"index","follow":"follow","max-snippet":"max-snippet:-1","max-image-preview":"max-image-preview:large","max-video-preview":"max-video-preview:-1"},"canonical":"https:\/\/www.hoogendoorn.nl\/tr\/hakkimizda\/isbirligi\/","og_locale":"tr_TR","og_type":"article","og_title":"\u0130\u015fbirli\u011fi - Hoogendoorn Growth Management","og_description":"\u0130\u015fbirli\u011finin ve bilgi payla\u015f\u0131m\u0131n\u0131n yenili\u011fe ve b\u00fcy\u00fcmeye katk\u0131 sa\u011flad\u0131\u011f\u0131na inan\u0131yoruz. Bu nedenle otomasyon \u00e7\u00f6z\u00fcmlerimizi m\u00fc\u015fterilerimizle, yerel ortaklar\u0131m\u0131zla, sekt\u00f6r organizasyonlar\u0131yla, \u00fcniversitelerle ve ara\u015ft\u0131rma enstit\u00fcleriyle i\u015fbirli\u011fi i\u00e7inde ...        Daha fazlas\u0131n\u0131 oku","og_url":"https:\/\/www.hoogendoorn.nl\/tr\/hakkimizda\/isbirligi\/","og_site_name":"Hoogendoorn Growth Management","article_modified_time":"2015-01-27T20:18:44+00:00","twitter_misc":{"Est. reading time":"1 minute"},"schema":{"@context":"https:\/\/schema.org","@graph":[{"@type":"WebPage","@id":"https:\/\/www.hoogendoorn.nl\/tr\/hakkimizda\/isbirligi\/","url":"https:\/\/www.hoogendoorn.nl\/tr\/hakkimizda\/isbirligi\/","name":"\u0130\u015fbirli\u011fi - Hoogendoorn Growth Management","isPartOf":{"@id":"https:\/\/www.hoogendoorn.nl\/#website"},"datePublished":"2013-12-18T10:03:31+00:00","dateModified":"2015-01-27T20:18:44+00:00","breadcrumb":{"@id":"https:\/\/www.hoogendoorn.nl\/tr\/hakkimizda\/isbirligi\/#breadcrumb"},"inLanguage":"tr","potentialAction":[{"@type":"ReadAction","target":["https:\/\/www.hoogendoorn.nl\/tr\/hakkimizda\/isbirligi\/"]}]},{"@type":"BreadcrumbList","@id":"https:\/\/www.hoogendoorn.nl\/tr\/hakkimizda\/isbirligi\/#breadcrumb","itemListElement":[{"@type":"ListItem","position":1,"name":"Home","item":"https:\/\/www.hoogendoorn.nl\/tr\/"},{"@type":"ListItem","position":2,"name":"Hakk\u0131m\u0131zda","item":"https:\/\/www.hoogendoorn.nl\/tr\/hakkimizda\/"},{"@type":"ListItem","position":3,"name":"\u0130\u015fbirli\u011fi"}]},{"@type":"WebSite","@id":"https:\/\/www.hoogendoorn.nl\/#website","url":"https:\/\/www.hoogendoorn.nl\/","name":"Hoogendoorn Growth Management","description":"Wereldwijd duurzame tuinbouwoplossingen op maat","potentialAction":[{"@type":"SearchAction","target":{"@type":"EntryPoint","urlTemplate":"https:\/\/www.hoogendoorn.nl\/?s={search_term_string}"},"query-input":{"@type":"PropertyValueSpecification","valueRequired":true,"valueName":"search_term_string"}}],"inLanguage":"tr"}]}},"_links":{"self":[{"href":"https:\/\/www.hoogendoorn.nl\/tr\/wp-json\/wp\/v2\/pages\/11072","targetHints":{"allow":["GET"]}}],"collection":[{"href":"https:\/\/www.hoogendoorn.nl\/tr\/wp-json\/wp\/v2\/pages"}],"about":[{"href":"https:\/\/www.hoogendoorn.nl\/tr\/wp-json\/wp\/v2\/types\/page"}],"author":[{"embeddable":true,"href":"https:\/\/www.hoogendoorn.nl\/tr\/wp-json\/wp\/v2\/users\/101"}],"replies":[{"embeddable":true,"href":"https:\/\/www.hoogendoorn.nl\/tr\/wp-json\/wp\/v2\/comments?post=11072"}],"version-history":[{"count":0,"href":"https:\/\/www.hoogendoorn.nl\/tr\/wp-json\/wp\/v2\/pages\/11072\/revisions"}],"up":[{"embeddable":true,"href":"https:\/\/www.hoogendoorn.nl\/tr\/wp-json\/wp\/v2\/pages\/11067"}],"wp:attachment":[{"href":"https:\/\/www.hoogendoorn.nl\/tr\/wp-json\/wp\/v2\/media?parent=11072"}],"curies":[{"name":"wp","href":"https:\/\/api.w.org\/{rel}","templated":true}]}}