{"id":11074,"date":"2013-12-18T10:08:10","date_gmt":"2013-12-18T10:08:10","guid":{"rendered":"http:\/\/nlhoog-salebaboe.savviihq.com\/?page_id=11074"},"modified":"2014-02-28T09:59:03","modified_gmt":"2014-02-28T09:59:03","slug":"calisma-yontemi","status":"publish","type":"page","link":"https:\/\/www.hoogendoorn.nl\/tr\/hakkimizda\/calisma-yontemi\/","title":{"rendered":"\u00c7al\u0131\u015fma Y\u00f6ntemi"},"content":{"rendered":"<p>Hoogendoorn&#8217;da m\u00fc\u015fteri her \u015feyden \u00f6nce gelir. M\u00fc\u015fterinin ihtiya\u00e7lar\u0131na ve isteklerine uyan \u00e7\u00f6z\u00fcmler sunuyoruz. Optimum sonu\u00e7lar\u0131 veren \u00e7\u00f6z\u00fcmler sunuyoruz. Uzmanlar\u0131m\u0131z, s\u00fcrecin tamam\u0131nda m\u00fc\u015fteri ile yak\u0131ndan ili\u015fki kurar: ba\u015flamadan \u00f6nce, mod\u00fcler \u00fcr\u00fcnlerimizle ilgili bilgiye dayal\u0131 tavsiyeler veriyoruz ve bunlar\u0131 eksiksiz olarak \u015firketin durumuna uyarl\u0131yoruz. Al\u0131\u015fveri\u015finizden sonra, ekin odakl\u0131 e\u011fitim ve hizmet ve destek sa\u011flayarak \u00fcr\u00fcnlerimizden en iyi \u015fekilde faydalanman\u0131za yard\u0131mc\u0131 oluyoruz.<\/p>\n","protected":false},"excerpt":{"rendered":"<p>Hoogendoorn&#8217;da m\u00fc\u015fteri her \u015feyden \u00f6nce gelir. M\u00fc\u015fterinin ihtiya\u00e7lar\u0131na ve isteklerine uyan \u00e7\u00f6z\u00fcmler sunuyoruz. Optimum sonu\u00e7lar\u0131 veren \u00e7\u00f6z\u00fcmler sunuyoruz. Uzmanlar\u0131m\u0131z, s\u00fcrecin tamam\u0131nda m\u00fc\u015fteri ile yak\u0131ndan ili\u015fki &#8230;<\/p>\n<div class=\"item-read-more\">\n<p>        <a href=\"https:\/\/www.hoogendoorn.nl\/tr\/hakkimizda\/calisma-yontemi\/\" style=\"font-weight: normal;\">Daha fazlas\u0131n\u0131 oku<br \/>\n<\/a><\/p><\/div>\n","protected":false},"author":101,"featured_media":0,"parent":11067,"menu_order":0,"comment_status":"open","ping_status":"closed","template":"","meta":{"_acf_changed":false,"_et_pb_use_builder":"","_et_pb_old_content":"","_et_gb_content_width":"","_genesis_hide_title":false,"_genesis_hide_breadcrumbs":false,"_genesis_hide_singular_image":false,"_genesis_hide_footer_widgets":false,"_genesis_custom_body_class":"","_genesis_custom_post_class":"","_genesis_layout":"","footnotes":""},"class_list":{"0":"post-11074","1":"page","2":"type-page","3":"status-publish","5":"entry"},"acf":[],"yoast_head":"<!-- This site is optimized with the Yoast SEO plugin v26.6 - https:\/\/yoast.com\/wordpress\/plugins\/seo\/ -->\n<title>\u00c7al\u0131\u015fma Y\u00f6ntemi - Hoogendoorn Growth Management<\/title>\n<meta name=\"robots\" content=\"noindex, nofollow\" \/>\n<meta property=\"og:locale\" content=\"tr_TR\" \/>\n<meta property=\"og:type\" content=\"article\" \/>\n<meta property=\"og:title\" content=\"\u00c7al\u0131\u015fma Y\u00f6ntemi - Hoogendoorn Growth Management\" \/>\n<meta property=\"og:description\" content=\"Hoogendoorn&#8217;da m\u00fc\u015fteri her \u015feyden \u00f6nce gelir. M\u00fc\u015fterinin ihtiya\u00e7lar\u0131na ve isteklerine uyan \u00e7\u00f6z\u00fcmler sunuyoruz. Optimum sonu\u00e7lar\u0131 veren \u00e7\u00f6z\u00fcmler sunuyoruz. Uzmanlar\u0131m\u0131z, s\u00fcrecin tamam\u0131nda m\u00fc\u015fteri ile yak\u0131ndan ili\u015fki ...        Daha fazlas\u0131n\u0131 oku\" \/>\n<meta property=\"og:url\" content=\"https:\/\/www.hoogendoorn.nl\/tr\/hakkimizda\/calisma-yontemi\/\" \/>\n<meta property=\"og:site_name\" content=\"Hoogendoorn Growth Management\" \/>\n<meta property=\"article:modified_time\" content=\"2014-02-28T09:59:03+00:00\" \/>\n<script type=\"application\/ld+json\" class=\"yoast-schema-graph\">{\"@context\":\"https:\/\/schema.org\",\"@graph\":[{\"@type\":\"WebPage\",\"@id\":\"https:\/\/www.hoogendoorn.nl\/tr\/hakkimizda\/calisma-yontemi\/\",\"url\":\"https:\/\/www.hoogendoorn.nl\/tr\/hakkimizda\/calisma-yontemi\/\",\"name\":\"\u00c7al\u0131\u015fma Y\u00f6ntemi - Hoogendoorn Growth Management\",\"isPartOf\":{\"@id\":\"https:\/\/www.hoogendoorn.nl\/#website\"},\"datePublished\":\"2013-12-18T10:08:10+00:00\",\"dateModified\":\"2014-02-28T09:59:03+00:00\",\"breadcrumb\":{\"@id\":\"https:\/\/www.hoogendoorn.nl\/tr\/hakkimizda\/calisma-yontemi\/#breadcrumb\"},\"inLanguage\":\"tr\",\"potentialAction\":[{\"@type\":\"ReadAction\",\"target\":[\"https:\/\/www.hoogendoorn.nl\/tr\/hakkimizda\/calisma-yontemi\/\"]}]},{\"@type\":\"BreadcrumbList\",\"@id\":\"https:\/\/www.hoogendoorn.nl\/tr\/hakkimizda\/calisma-yontemi\/#breadcrumb\",\"itemListElement\":[{\"@type\":\"ListItem\",\"position\":1,\"name\":\"Home\",\"item\":\"https:\/\/www.hoogendoorn.nl\/tr\/\"},{\"@type\":\"ListItem\",\"position\":2,\"name\":\"Hakk\u0131m\u0131zda\",\"item\":\"https:\/\/www.hoogendoorn.nl\/tr\/hakkimizda\/\"},{\"@type\":\"ListItem\",\"position\":3,\"name\":\"\u00c7al\u0131\u015fma Y\u00f6ntemi\"}]},{\"@type\":\"WebSite\",\"@id\":\"https:\/\/www.hoogendoorn.nl\/#website\",\"url\":\"https:\/\/www.hoogendoorn.nl\/\",\"name\":\"Hoogendoorn Growth Management\",\"description\":\"Wereldwijd duurzame tuinbouwoplossingen op maat\",\"potentialAction\":[{\"@type\":\"SearchAction\",\"target\":{\"@type\":\"EntryPoint\",\"urlTemplate\":\"https:\/\/www.hoogendoorn.nl\/?s={search_term_string}\"},\"query-input\":{\"@type\":\"PropertyValueSpecification\",\"valueRequired\":true,\"valueName\":\"search_term_string\"}}],\"inLanguage\":\"tr\"}]}<\/script>\n<!-- \/ Yoast SEO plugin. -->","yoast_head_json":{"title":"\u00c7al\u0131\u015fma Y\u00f6ntemi - Hoogendoorn Growth Management","robots":{"index":"noindex","follow":"nofollow"},"og_locale":"tr_TR","og_type":"article","og_title":"\u00c7al\u0131\u015fma Y\u00f6ntemi - Hoogendoorn Growth Management","og_description":"Hoogendoorn&#8217;da m\u00fc\u015fteri her \u015feyden \u00f6nce gelir. M\u00fc\u015fterinin ihtiya\u00e7lar\u0131na ve isteklerine uyan \u00e7\u00f6z\u00fcmler sunuyoruz. Optimum sonu\u00e7lar\u0131 veren \u00e7\u00f6z\u00fcmler sunuyoruz. Uzmanlar\u0131m\u0131z, s\u00fcrecin tamam\u0131nda m\u00fc\u015fteri ile yak\u0131ndan ili\u015fki ...        Daha fazlas\u0131n\u0131 oku","og_url":"https:\/\/www.hoogendoorn.nl\/tr\/hakkimizda\/calisma-yontemi\/","og_site_name":"Hoogendoorn Growth Management","article_modified_time":"2014-02-28T09:59:03+00:00","schema":{"@context":"https:\/\/schema.org","@graph":[{"@type":"WebPage","@id":"https:\/\/www.hoogendoorn.nl\/tr\/hakkimizda\/calisma-yontemi\/","url":"https:\/\/www.hoogendoorn.nl\/tr\/hakkimizda\/calisma-yontemi\/","name":"\u00c7al\u0131\u015fma Y\u00f6ntemi - Hoogendoorn Growth Management","isPartOf":{"@id":"https:\/\/www.hoogendoorn.nl\/#website"},"datePublished":"2013-12-18T10:08:10+00:00","dateModified":"2014-02-28T09:59:03+00:00","breadcrumb":{"@id":"https:\/\/www.hoogendoorn.nl\/tr\/hakkimizda\/calisma-yontemi\/#breadcrumb"},"inLanguage":"tr","potentialAction":[{"@type":"ReadAction","target":["https:\/\/www.hoogendoorn.nl\/tr\/hakkimizda\/calisma-yontemi\/"]}]},{"@type":"BreadcrumbList","@id":"https:\/\/www.hoogendoorn.nl\/tr\/hakkimizda\/calisma-yontemi\/#breadcrumb","itemListElement":[{"@type":"ListItem","position":1,"name":"Home","item":"https:\/\/www.hoogendoorn.nl\/tr\/"},{"@type":"ListItem","position":2,"name":"Hakk\u0131m\u0131zda","item":"https:\/\/www.hoogendoorn.nl\/tr\/hakkimizda\/"},{"@type":"ListItem","position":3,"name":"\u00c7al\u0131\u015fma Y\u00f6ntemi"}]},{"@type":"WebSite","@id":"https:\/\/www.hoogendoorn.nl\/#website","url":"https:\/\/www.hoogendoorn.nl\/","name":"Hoogendoorn Growth Management","description":"Wereldwijd duurzame tuinbouwoplossingen op maat","potentialAction":[{"@type":"SearchAction","target":{"@type":"EntryPoint","urlTemplate":"https:\/\/www.hoogendoorn.nl\/?s={search_term_string}"},"query-input":{"@type":"PropertyValueSpecification","valueRequired":true,"valueName":"search_term_string"}}],"inLanguage":"tr"}]}},"_links":{"self":[{"href":"https:\/\/www.hoogendoorn.nl\/tr\/wp-json\/wp\/v2\/pages\/11074","targetHints":{"allow":["GET"]}}],"collection":[{"href":"https:\/\/www.hoogendoorn.nl\/tr\/wp-json\/wp\/v2\/pages"}],"about":[{"href":"https:\/\/www.hoogendoorn.nl\/tr\/wp-json\/wp\/v2\/types\/page"}],"author":[{"embeddable":true,"href":"https:\/\/www.hoogendoorn.nl\/tr\/wp-json\/wp\/v2\/users\/101"}],"replies":[{"embeddable":true,"href":"https:\/\/www.hoogendoorn.nl\/tr\/wp-json\/wp\/v2\/comments?post=11074"}],"version-history":[{"count":0,"href":"https:\/\/www.hoogendoorn.nl\/tr\/wp-json\/wp\/v2\/pages\/11074\/revisions"}],"up":[{"embeddable":true,"href":"https:\/\/www.hoogendoorn.nl\/tr\/wp-json\/wp\/v2\/pages\/11067"}],"wp:attachment":[{"href":"https:\/\/www.hoogendoorn.nl\/tr\/wp-json\/wp\/v2\/media?parent=11074"}],"curies":[{"name":"wp","href":"https:\/\/api.w.org\/{rel}","templated":true}]}}