{"id":11078,"date":"2013-12-18T10:18:42","date_gmt":"2013-12-18T10:18:42","guid":{"rendered":"http:\/\/nlhoog-salebaboe.savviihq.com\/?page_id=11078"},"modified":"2015-01-27T20:57:52","modified_gmt":"2015-01-27T20:57:52","slug":"kss","status":"publish","type":"page","link":"https:\/\/www.hoogendoorn.nl\/tr\/hakkimizda\/kss\/","title":{"rendered":"KSS"},"content":{"rendered":"<p>Hoogendoorn, \u015firket faaliyetlerinin insanlar ve \u00e7evre \u00fczerindeki etkileri konusunda sorumluluk al\u0131r. Kurumsal sosyal sorumlulukla Hoogendoorn, d\u00fcnya \u00e7ap\u0131nda kendini daha iyi bir toplum olu\u015fturmaya, yerel topluluklar\u0131 geli\u015ftirmeye ve \u00e7evrenin iyile\u015ftirilmesine ve korunmas\u0131na adam\u0131\u015ft\u0131r.<\/p>\n<p><strong><strong>\u0130nsan, D\u00fcnya ve K\u00e2r<\/strong><\/strong><br \/>\nTemel de\u011ferlerimiz \u0130nsan, D\u00fcnya ve K\u00e2r \u015firketimizin i\u015flemlerinde uyumlu bir \u015fekilde bir araya getirilir. Su, besin ve enerji gibi kaynaklar\u0131 en az \u00f6l\u00e7\u00fcde kullanarak en y\u00fcksek ziraat k\u00e2r\u0131n\u0131 getiren s\u00fcrd\u00fcr\u00fclebilir \u00e7\u00f6z\u00fcmler sunuyoruz. Uluslararas\u0131 bir \u015firket olarak, bunu yeni pazar f\u0131rsatlar\u0131 olu\u015fturmak, yenilik ve b\u00fcy\u00fcme i\u00e7in kullan\u0131yoruz.<\/p>\n<p><strong><strong>Uzun vadeli k\u00e2r<\/strong><\/strong><br \/>\nE\u011fitim yoluyla s\u00fcrd\u00fcr\u00fclebilir ve sorumlu \u00fcretime dair bilgilerimizi yerel ortaklar\u0131m\u0131zla ve giri\u015fimcilerle payla\u015f\u0131yoruz. B\u00f6ylece y\u00fcksek kaliteli \u00fcretim ve g\u00fcvenli bir \u00e7al\u0131\u015fma ortam\u0131 i\u00e7in bir temel olu\u015fturuyoruz. \u015firket maliyetleri en d\u00fc\u015f\u00fck seviyeye indiriliyor.<br \/>\nBu yakla\u015f\u0131mla d\u00fcnyan\u0131n her yerinde, hem giri\u015fimciler hem de toplum i\u00e7in uzun vadeli k\u00e2r elde edilmesine \u00f6nemli bir katk\u0131 sa\u011fl\u0131yoruz.<\/p>\n","protected":false},"excerpt":{"rendered":"<p>Hoogendoorn, \u015firket faaliyetlerinin insanlar ve \u00e7evre \u00fczerindeki etkileri konusunda sorumluluk al\u0131r. Kurumsal sosyal sorumlulukla Hoogendoorn, d\u00fcnya \u00e7ap\u0131nda kendini daha iyi bir toplum olu\u015fturmaya, yerel topluluklar\u0131 &#8230;<\/p>\n<div class=\"item-read-more\">\n<p>        <a href=\"https:\/\/www.hoogendoorn.nl\/tr\/hakkimizda\/kss\/\" style=\"font-weight: normal;\">Daha fazlas\u0131n\u0131 oku<br \/>\n<\/a><\/p><\/div>\n","protected":false},"author":101,"featured_media":0,"parent":11067,"menu_order":0,"comment_status":"open","ping_status":"closed","template":"","meta":{"_acf_changed":false,"_et_pb_use_builder":"","_et_pb_old_content":"","_et_gb_content_width":"","_genesis_hide_title":false,"_genesis_hide_breadcrumbs":false,"_genesis_hide_singular_image":false,"_genesis_hide_footer_widgets":false,"_genesis_custom_body_class":"","_genesis_custom_post_class":"","_genesis_layout":"","footnotes":""},"class_list":{"0":"post-11078","1":"page","2":"type-page","3":"status-publish","5":"entry"},"acf":[],"yoast_head":"<!-- This site is optimized with the Yoast SEO plugin v26.6 - https:\/\/yoast.com\/wordpress\/plugins\/seo\/ -->\n<title>KSS - Hoogendoorn Growth Management<\/title>\n<meta name=\"robots\" content=\"index, follow, max-snippet:-1, max-image-preview:large, max-video-preview:-1\" \/>\n<link rel=\"canonical\" href=\"https:\/\/www.hoogendoorn.nl\/tr\/hakkimizda\/kss\/\" \/>\n<meta property=\"og:locale\" content=\"tr_TR\" \/>\n<meta property=\"og:type\" content=\"article\" \/>\n<meta property=\"og:title\" content=\"KSS - Hoogendoorn Growth Management\" \/>\n<meta property=\"og:description\" content=\"Hoogendoorn, \u015firket faaliyetlerinin insanlar ve \u00e7evre \u00fczerindeki etkileri konusunda sorumluluk al\u0131r. Kurumsal sosyal sorumlulukla Hoogendoorn, d\u00fcnya \u00e7ap\u0131nda kendini daha iyi bir toplum olu\u015fturmaya, yerel topluluklar\u0131 ...        Daha fazlas\u0131n\u0131 oku\" \/>\n<meta property=\"og:url\" content=\"https:\/\/www.hoogendoorn.nl\/tr\/hakkimizda\/kss\/\" \/>\n<meta property=\"og:site_name\" content=\"Hoogendoorn Growth Management\" \/>\n<meta property=\"article:modified_time\" content=\"2015-01-27T20:57:52+00:00\" \/>\n<meta name=\"twitter:label1\" content=\"Est. reading time\" \/>\n\t<meta name=\"twitter:data1\" content=\"1 minute\" \/>\n<script type=\"application\/ld+json\" class=\"yoast-schema-graph\">{\"@context\":\"https:\/\/schema.org\",\"@graph\":[{\"@type\":\"WebPage\",\"@id\":\"https:\/\/www.hoogendoorn.nl\/tr\/hakkimizda\/kss\/\",\"url\":\"https:\/\/www.hoogendoorn.nl\/tr\/hakkimizda\/kss\/\",\"name\":\"KSS - Hoogendoorn Growth Management\",\"isPartOf\":{\"@id\":\"https:\/\/www.hoogendoorn.nl\/#website\"},\"datePublished\":\"2013-12-18T10:18:42+00:00\",\"dateModified\":\"2015-01-27T20:57:52+00:00\",\"breadcrumb\":{\"@id\":\"https:\/\/www.hoogendoorn.nl\/tr\/hakkimizda\/kss\/#breadcrumb\"},\"inLanguage\":\"tr\",\"potentialAction\":[{\"@type\":\"ReadAction\",\"target\":[\"https:\/\/www.hoogendoorn.nl\/tr\/hakkimizda\/kss\/\"]}]},{\"@type\":\"BreadcrumbList\",\"@id\":\"https:\/\/www.hoogendoorn.nl\/tr\/hakkimizda\/kss\/#breadcrumb\",\"itemListElement\":[{\"@type\":\"ListItem\",\"position\":1,\"name\":\"Home\",\"item\":\"https:\/\/www.hoogendoorn.nl\/tr\/\"},{\"@type\":\"ListItem\",\"position\":2,\"name\":\"Hakk\u0131m\u0131zda\",\"item\":\"https:\/\/www.hoogendoorn.nl\/tr\/hakkimizda\/\"},{\"@type\":\"ListItem\",\"position\":3,\"name\":\"KSS\"}]},{\"@type\":\"WebSite\",\"@id\":\"https:\/\/www.hoogendoorn.nl\/#website\",\"url\":\"https:\/\/www.hoogendoorn.nl\/\",\"name\":\"Hoogendoorn Growth Management\",\"description\":\"Wereldwijd duurzame tuinbouwoplossingen op maat\",\"potentialAction\":[{\"@type\":\"SearchAction\",\"target\":{\"@type\":\"EntryPoint\",\"urlTemplate\":\"https:\/\/www.hoogendoorn.nl\/?s={search_term_string}\"},\"query-input\":{\"@type\":\"PropertyValueSpecification\",\"valueRequired\":true,\"valueName\":\"search_term_string\"}}],\"inLanguage\":\"tr\"}]}<\/script>\n<!-- \/ Yoast SEO plugin. -->","yoast_head_json":{"title":"KSS - Hoogendoorn Growth Management","robots":{"index":"index","follow":"follow","max-snippet":"max-snippet:-1","max-image-preview":"max-image-preview:large","max-video-preview":"max-video-preview:-1"},"canonical":"https:\/\/www.hoogendoorn.nl\/tr\/hakkimizda\/kss\/","og_locale":"tr_TR","og_type":"article","og_title":"KSS - Hoogendoorn Growth Management","og_description":"Hoogendoorn, \u015firket faaliyetlerinin insanlar ve \u00e7evre \u00fczerindeki etkileri konusunda sorumluluk al\u0131r. Kurumsal sosyal sorumlulukla Hoogendoorn, d\u00fcnya \u00e7ap\u0131nda kendini daha iyi bir toplum olu\u015fturmaya, yerel topluluklar\u0131 ...        Daha fazlas\u0131n\u0131 oku","og_url":"https:\/\/www.hoogendoorn.nl\/tr\/hakkimizda\/kss\/","og_site_name":"Hoogendoorn Growth Management","article_modified_time":"2015-01-27T20:57:52+00:00","twitter_misc":{"Est. reading time":"1 minute"},"schema":{"@context":"https:\/\/schema.org","@graph":[{"@type":"WebPage","@id":"https:\/\/www.hoogendoorn.nl\/tr\/hakkimizda\/kss\/","url":"https:\/\/www.hoogendoorn.nl\/tr\/hakkimizda\/kss\/","name":"KSS - Hoogendoorn Growth Management","isPartOf":{"@id":"https:\/\/www.hoogendoorn.nl\/#website"},"datePublished":"2013-12-18T10:18:42+00:00","dateModified":"2015-01-27T20:57:52+00:00","breadcrumb":{"@id":"https:\/\/www.hoogendoorn.nl\/tr\/hakkimizda\/kss\/#breadcrumb"},"inLanguage":"tr","potentialAction":[{"@type":"ReadAction","target":["https:\/\/www.hoogendoorn.nl\/tr\/hakkimizda\/kss\/"]}]},{"@type":"BreadcrumbList","@id":"https:\/\/www.hoogendoorn.nl\/tr\/hakkimizda\/kss\/#breadcrumb","itemListElement":[{"@type":"ListItem","position":1,"name":"Home","item":"https:\/\/www.hoogendoorn.nl\/tr\/"},{"@type":"ListItem","position":2,"name":"Hakk\u0131m\u0131zda","item":"https:\/\/www.hoogendoorn.nl\/tr\/hakkimizda\/"},{"@type":"ListItem","position":3,"name":"KSS"}]},{"@type":"WebSite","@id":"https:\/\/www.hoogendoorn.nl\/#website","url":"https:\/\/www.hoogendoorn.nl\/","name":"Hoogendoorn Growth Management","description":"Wereldwijd duurzame tuinbouwoplossingen op maat","potentialAction":[{"@type":"SearchAction","target":{"@type":"EntryPoint","urlTemplate":"https:\/\/www.hoogendoorn.nl\/?s={search_term_string}"},"query-input":{"@type":"PropertyValueSpecification","valueRequired":true,"valueName":"search_term_string"}}],"inLanguage":"tr"}]}},"_links":{"self":[{"href":"https:\/\/www.hoogendoorn.nl\/tr\/wp-json\/wp\/v2\/pages\/11078","targetHints":{"allow":["GET"]}}],"collection":[{"href":"https:\/\/www.hoogendoorn.nl\/tr\/wp-json\/wp\/v2\/pages"}],"about":[{"href":"https:\/\/www.hoogendoorn.nl\/tr\/wp-json\/wp\/v2\/types\/page"}],"author":[{"embeddable":true,"href":"https:\/\/www.hoogendoorn.nl\/tr\/wp-json\/wp\/v2\/users\/101"}],"replies":[{"embeddable":true,"href":"https:\/\/www.hoogendoorn.nl\/tr\/wp-json\/wp\/v2\/comments?post=11078"}],"version-history":[{"count":0,"href":"https:\/\/www.hoogendoorn.nl\/tr\/wp-json\/wp\/v2\/pages\/11078\/revisions"}],"up":[{"embeddable":true,"href":"https:\/\/www.hoogendoorn.nl\/tr\/wp-json\/wp\/v2\/pages\/11067"}],"wp:attachment":[{"href":"https:\/\/www.hoogendoorn.nl\/tr\/wp-json\/wp\/v2\/media?parent=11078"}],"curies":[{"name":"wp","href":"https:\/\/api.w.org\/{rel}","templated":true}]}}