{"id":11080,"date":"2013-12-18T10:20:45","date_gmt":"2013-12-18T10:20:45","guid":{"rendered":"http:\/\/nlhoog-salebaboe.savviihq.com\/?page_id=11080"},"modified":"2015-03-17T22:21:08","modified_gmt":"2015-03-17T22:21:08","slug":"iletisim","status":"publish","type":"page","link":"https:\/\/www.hoogendoorn.nl\/tr\/iletisim\/","title":{"rendered":"\u0130leti\u015fim"},"content":{"rendered":"<p>E\u011fitimli Hoogendoorn uzmanlar\u0131, uzman \u00fcr\u00fcn \u00f6nerileriyle size yard\u0131m etmeye haz\u0131r. Dan\u0131\u015fmanlar\u0131m\u0131z Hollanda, Kanada, Meksika ve Fransa&#8217;daki ofislerimizde \u00e7al\u0131\u015f\u0131yor.<br \/>\nOrtaklar\u0131m\u0131zdan olu\u015fan g\u00fc\u00e7l\u00fc k\u00fcresel a\u011f\u0131m\u0131z sayesinde, d\u00fcnyan\u0131n her yerine entegre \u00e7\u00f6z\u00fcmler sa\u011flayabiliyor ve kurabiliyoruz. Yerel ko\u015fullar\u0131 biliyoruz ve size hizmet sunmak i\u00e7in her zaman yan\u0131n\u0131zday\u0131z. \u00c7\u00f6z\u00fcmlerimiz \u015firketinizin durumuna eksiksiz \u015fekilde uyarlan\u0131r.<\/p>\n<p>Projeniz i\u00e7in hangi yerel orta\u011f\u0131n do\u011fru oldu\u011funu bilmek ister misiniz? O zaman bize ula\u015f\u0131n. Do\u011fru orta\u011f\u0131 bulman\u0131za memnuniyetle yard\u0131m ederiz.<\/p>\n","protected":false},"excerpt":{"rendered":"<p>E\u011fitimli Hoogendoorn uzmanlar\u0131, uzman \u00fcr\u00fcn \u00f6nerileriyle size yard\u0131m etmeye haz\u0131r. Dan\u0131\u015fmanlar\u0131m\u0131z Hollanda, Kanada, Meksika ve Fransa&#8217;daki ofislerimizde \u00e7al\u0131\u015f\u0131yor. Ortaklar\u0131m\u0131zdan olu\u015fan g\u00fc\u00e7l\u00fc k\u00fcresel a\u011f\u0131m\u0131z sayesinde, d\u00fcnyan\u0131n &#8230;<\/p>\n<div class=\"item-read-more\">\n<p>        <a href=\"https:\/\/www.hoogendoorn.nl\/tr\/iletisim\/\" style=\"font-weight: normal;\">Daha fazlas\u0131n\u0131 oku<br \/>\n<\/a><\/p><\/div>\n","protected":false},"author":101,"featured_media":0,"parent":0,"menu_order":0,"comment_status":"open","ping_status":"closed","template":"","meta":{"_acf_changed":false,"_et_pb_use_builder":"","_et_pb_old_content":"","_et_gb_content_width":"","_genesis_hide_title":false,"_genesis_hide_breadcrumbs":false,"_genesis_hide_singular_image":false,"_genesis_hide_footer_widgets":false,"_genesis_custom_body_class":"","_genesis_custom_post_class":"","_genesis_layout":"content-sidebar","footnotes":""},"class_list":{"0":"post-11080","1":"page","2":"type-page","3":"status-publish","5":"entry"},"acf":[],"yoast_head":"<!-- This site is optimized with the Yoast SEO plugin v26.6 - https:\/\/yoast.com\/wordpress\/plugins\/seo\/ -->\n<title>\u0130leti\u015fim - Hoogendoorn Growth Management<\/title>\n<meta name=\"description\" content=\"E\u011fitimli Hoogendoorn uzmanlar\u0131, uzman \u00fcr\u00fcn \u00f6nerileriyle size yard\u0131m etmeye haz\u0131r.\" \/>\n<meta name=\"robots\" content=\"index, follow, max-snippet:-1, max-image-preview:large, max-video-preview:-1\" \/>\n<link rel=\"canonical\" href=\"https:\/\/www.hoogendoorn.nl\/tr\/iletisim\/\" \/>\n<meta property=\"og:locale\" content=\"tr_TR\" \/>\n<meta property=\"og:type\" content=\"article\" \/>\n<meta property=\"og:title\" content=\"\u0130leti\u015fim - Hoogendoorn Growth Management\" \/>\n<meta property=\"og:description\" content=\"E\u011fitimli Hoogendoorn uzmanlar\u0131, uzman \u00fcr\u00fcn \u00f6nerileriyle size yard\u0131m etmeye haz\u0131r.\" \/>\n<meta property=\"og:url\" content=\"https:\/\/www.hoogendoorn.nl\/tr\/iletisim\/\" \/>\n<meta property=\"og:site_name\" content=\"Hoogendoorn Growth Management\" \/>\n<meta property=\"article:modified_time\" content=\"2015-03-17T22:21:08+00:00\" \/>\n<meta name=\"twitter:label1\" content=\"Est. reading time\" \/>\n\t<meta name=\"twitter:data1\" content=\"1 minute\" \/>\n<script type=\"application\/ld+json\" class=\"yoast-schema-graph\">{\"@context\":\"https:\/\/schema.org\",\"@graph\":[{\"@type\":\"WebPage\",\"@id\":\"https:\/\/www.hoogendoorn.nl\/tr\/iletisim\/\",\"url\":\"https:\/\/www.hoogendoorn.nl\/tr\/iletisim\/\",\"name\":\"\u0130leti\u015fim - Hoogendoorn Growth Management\",\"isPartOf\":{\"@id\":\"https:\/\/www.hoogendoorn.nl\/#website\"},\"datePublished\":\"2013-12-18T10:20:45+00:00\",\"dateModified\":\"2015-03-17T22:21:08+00:00\",\"description\":\"E\u011fitimli Hoogendoorn uzmanlar\u0131, uzman \u00fcr\u00fcn \u00f6nerileriyle size yard\u0131m etmeye haz\u0131r.\",\"breadcrumb\":{\"@id\":\"https:\/\/www.hoogendoorn.nl\/tr\/iletisim\/#breadcrumb\"},\"inLanguage\":\"tr\",\"potentialAction\":[{\"@type\":\"ReadAction\",\"target\":[\"https:\/\/www.hoogendoorn.nl\/tr\/iletisim\/\"]}]},{\"@type\":\"BreadcrumbList\",\"@id\":\"https:\/\/www.hoogendoorn.nl\/tr\/iletisim\/#breadcrumb\",\"itemListElement\":[{\"@type\":\"ListItem\",\"position\":1,\"name\":\"Home\",\"item\":\"https:\/\/www.hoogendoorn.nl\/tr\/\"},{\"@type\":\"ListItem\",\"position\":2,\"name\":\"\u0130leti\u015fim\"}]},{\"@type\":\"WebSite\",\"@id\":\"https:\/\/www.hoogendoorn.nl\/#website\",\"url\":\"https:\/\/www.hoogendoorn.nl\/\",\"name\":\"Hoogendoorn Growth Management\",\"description\":\"Wereldwijd duurzame tuinbouwoplossingen op maat\",\"potentialAction\":[{\"@type\":\"SearchAction\",\"target\":{\"@type\":\"EntryPoint\",\"urlTemplate\":\"https:\/\/www.hoogendoorn.nl\/?s={search_term_string}\"},\"query-input\":{\"@type\":\"PropertyValueSpecification\",\"valueRequired\":true,\"valueName\":\"search_term_string\"}}],\"inLanguage\":\"tr\"}]}<\/script>\n<!-- \/ Yoast SEO plugin. -->","yoast_head_json":{"title":"\u0130leti\u015fim - Hoogendoorn Growth Management","description":"E\u011fitimli Hoogendoorn uzmanlar\u0131, uzman \u00fcr\u00fcn \u00f6nerileriyle size yard\u0131m etmeye haz\u0131r.","robots":{"index":"index","follow":"follow","max-snippet":"max-snippet:-1","max-image-preview":"max-image-preview:large","max-video-preview":"max-video-preview:-1"},"canonical":"https:\/\/www.hoogendoorn.nl\/tr\/iletisim\/","og_locale":"tr_TR","og_type":"article","og_title":"\u0130leti\u015fim - Hoogendoorn Growth Management","og_description":"E\u011fitimli Hoogendoorn uzmanlar\u0131, uzman \u00fcr\u00fcn \u00f6nerileriyle size yard\u0131m etmeye haz\u0131r.","og_url":"https:\/\/www.hoogendoorn.nl\/tr\/iletisim\/","og_site_name":"Hoogendoorn Growth Management","article_modified_time":"2015-03-17T22:21:08+00:00","twitter_misc":{"Est. reading time":"1 minute"},"schema":{"@context":"https:\/\/schema.org","@graph":[{"@type":"WebPage","@id":"https:\/\/www.hoogendoorn.nl\/tr\/iletisim\/","url":"https:\/\/www.hoogendoorn.nl\/tr\/iletisim\/","name":"\u0130leti\u015fim - Hoogendoorn Growth Management","isPartOf":{"@id":"https:\/\/www.hoogendoorn.nl\/#website"},"datePublished":"2013-12-18T10:20:45+00:00","dateModified":"2015-03-17T22:21:08+00:00","description":"E\u011fitimli Hoogendoorn uzmanlar\u0131, uzman \u00fcr\u00fcn \u00f6nerileriyle size yard\u0131m etmeye haz\u0131r.","breadcrumb":{"@id":"https:\/\/www.hoogendoorn.nl\/tr\/iletisim\/#breadcrumb"},"inLanguage":"tr","potentialAction":[{"@type":"ReadAction","target":["https:\/\/www.hoogendoorn.nl\/tr\/iletisim\/"]}]},{"@type":"BreadcrumbList","@id":"https:\/\/www.hoogendoorn.nl\/tr\/iletisim\/#breadcrumb","itemListElement":[{"@type":"ListItem","position":1,"name":"Home","item":"https:\/\/www.hoogendoorn.nl\/tr\/"},{"@type":"ListItem","position":2,"name":"\u0130leti\u015fim"}]},{"@type":"WebSite","@id":"https:\/\/www.hoogendoorn.nl\/#website","url":"https:\/\/www.hoogendoorn.nl\/","name":"Hoogendoorn Growth Management","description":"Wereldwijd duurzame tuinbouwoplossingen op maat","potentialAction":[{"@type":"SearchAction","target":{"@type":"EntryPoint","urlTemplate":"https:\/\/www.hoogendoorn.nl\/?s={search_term_string}"},"query-input":{"@type":"PropertyValueSpecification","valueRequired":true,"valueName":"search_term_string"}}],"inLanguage":"tr"}]}},"_links":{"self":[{"href":"https:\/\/www.hoogendoorn.nl\/tr\/wp-json\/wp\/v2\/pages\/11080","targetHints":{"allow":["GET"]}}],"collection":[{"href":"https:\/\/www.hoogendoorn.nl\/tr\/wp-json\/wp\/v2\/pages"}],"about":[{"href":"https:\/\/www.hoogendoorn.nl\/tr\/wp-json\/wp\/v2\/types\/page"}],"author":[{"embeddable":true,"href":"https:\/\/www.hoogendoorn.nl\/tr\/wp-json\/wp\/v2\/users\/101"}],"replies":[{"embeddable":true,"href":"https:\/\/www.hoogendoorn.nl\/tr\/wp-json\/wp\/v2\/comments?post=11080"}],"version-history":[{"count":0,"href":"https:\/\/www.hoogendoorn.nl\/tr\/wp-json\/wp\/v2\/pages\/11080\/revisions"}],"wp:attachment":[{"href":"https:\/\/www.hoogendoorn.nl\/tr\/wp-json\/wp\/v2\/media?parent=11080"}],"curies":[{"name":"wp","href":"https:\/\/api.w.org\/{rel}","templated":true}]}}