{"id":11083,"date":"2013-12-18T10:24:12","date_gmt":"2013-12-18T10:24:12","guid":{"rendered":"http:\/\/nlhoog-salebaboe.savviihq.com\/?page_id=11083"},"modified":"2015-01-29T09:57:32","modified_gmt":"2015-01-29T09:57:32","slug":"destek","status":"publish","type":"page","link":"https:\/\/www.hoogendoorn.nl\/tr\/iletisim\/destek\/","title":{"rendered":"Destek"},"content":{"rendered":"<p>Yerel servisimizin yan\u0131 s\u0131ra, uzaktan teknik destek de sa\u011fl\u0131yoruz. Telefon yard\u0131m masam\u0131z, Hoogendoorn otomasyon \u00e7\u00f6z\u00fcmleriyle ilgili t\u00fcm sorular\u0131n\u0131z\u0131 profesyonel \u015fekilde yan\u0131tlar. Servis teknisyenlerimiz, faaliyet ekran\u0131m\u0131z\u0131 \u00e7evrimi\u00e7i olarak sizinle birlikte g\u00f6r\u00fcnt\u00fcler ve ayarlar\u0131 en uygun duruma getirmenize yard\u0131mc\u0131 olur. Bu \u015fekilde, size daha iyi ve daha h\u0131zl\u0131 hizmet verebiliriz.<\/p>\n<p><strong>Gece g\u00fcnd\u00fcz m\u00fcsait<\/strong><br \/>\nYard\u0131m masam\u0131z gece g\u00fcnd\u00fcz haz\u0131rd\u0131r. Hafta sonlar\u0131 8.00 &#8211; 17.00 saatlerinde do\u011frudan bir Hoogendoorn uzman\u0131na ula\u015fabilirsiniz. Bu saatler d\u0131\u015f\u0131nda, t\u00fcm sorular\u0131n\u0131z\u0131 not alacak bir \u00e7al\u0131\u015fana ula\u015fabilirsiniz. M\u00fcmk\u00fcn olan en k\u0131sa s\u00fcrede size daha fazla yard\u0131mc\u0131 olabilecek bir servis teknisyeni sizi geri \u00a0arar. Servis s\u00f6zle\u015fmeniz varsa bu servis \u00fccretsizdir.<\/p>\n","protected":false},"excerpt":{"rendered":"<p>Yerel servisimizin yan\u0131 s\u0131ra, uzaktan teknik destek de sa\u011fl\u0131yoruz. Telefon yard\u0131m masam\u0131z, Hoogendoorn otomasyon \u00e7\u00f6z\u00fcmleriyle ilgili t\u00fcm sorular\u0131n\u0131z\u0131 profesyonel \u015fekilde yan\u0131tlar. Servis teknisyenlerimiz, faaliyet ekran\u0131m\u0131z\u0131 &#8230;<\/p>\n<div class=\"item-read-more\">\n<p>        <a href=\"https:\/\/www.hoogendoorn.nl\/tr\/iletisim\/destek\/\" style=\"font-weight: normal;\">Daha fazlas\u0131n\u0131 oku<br \/>\n<\/a><\/p><\/div>\n","protected":false},"author":101,"featured_media":0,"parent":11080,"menu_order":0,"comment_status":"open","ping_status":"closed","template":"","meta":{"_acf_changed":false,"_et_pb_use_builder":"","_et_pb_old_content":"","_et_gb_content_width":"","_genesis_hide_title":false,"_genesis_hide_breadcrumbs":false,"_genesis_hide_singular_image":false,"_genesis_hide_footer_widgets":false,"_genesis_custom_body_class":"","_genesis_custom_post_class":"","_genesis_layout":"content-sidebar","footnotes":""},"class_list":{"0":"post-11083","1":"page","2":"type-page","3":"status-publish","5":"entry"},"acf":[],"yoast_head":"<!-- This site is optimized with the Yoast SEO plugin v26.6 - https:\/\/yoast.com\/wordpress\/plugins\/seo\/ -->\n<title>Destek - Hoogendoorn Growth Management<\/title>\n<meta name=\"description\" content=\"Telefon yard\u0131m masam\u0131z, Hoogendoorn otomasyon \u00e7\u00f6z\u00fcmleriyle ilgili t\u00fcm sorular\u0131n\u0131z\u0131 profesyonel \u015fekilde yan\u0131tlar.\" \/>\n<meta name=\"robots\" content=\"noindex, nofollow\" \/>\n<meta property=\"og:locale\" content=\"tr_TR\" \/>\n<meta property=\"og:type\" content=\"article\" \/>\n<meta property=\"og:title\" content=\"Destek - Hoogendoorn Growth Management\" \/>\n<meta property=\"og:description\" content=\"Telefon yard\u0131m masam\u0131z, Hoogendoorn otomasyon \u00e7\u00f6z\u00fcmleriyle ilgili t\u00fcm sorular\u0131n\u0131z\u0131 profesyonel \u015fekilde yan\u0131tlar.\" \/>\n<meta property=\"og:url\" content=\"https:\/\/www.hoogendoorn.nl\/tr\/iletisim\/destek\/\" \/>\n<meta property=\"og:site_name\" content=\"Hoogendoorn Growth Management\" \/>\n<meta property=\"article:modified_time\" content=\"2015-01-29T09:57:32+00:00\" \/>\n<meta name=\"twitter:label1\" content=\"Est. reading time\" \/>\n\t<meta name=\"twitter:data1\" content=\"1 minute\" \/>\n<script type=\"application\/ld+json\" class=\"yoast-schema-graph\">{\"@context\":\"https:\/\/schema.org\",\"@graph\":[{\"@type\":\"WebPage\",\"@id\":\"https:\/\/www.hoogendoorn.nl\/tr\/iletisim\/destek\/\",\"url\":\"https:\/\/www.hoogendoorn.nl\/tr\/iletisim\/destek\/\",\"name\":\"Destek - Hoogendoorn Growth Management\",\"isPartOf\":{\"@id\":\"https:\/\/www.hoogendoorn.nl\/#website\"},\"datePublished\":\"2013-12-18T10:24:12+00:00\",\"dateModified\":\"2015-01-29T09:57:32+00:00\",\"description\":\"Telefon yard\u0131m masam\u0131z, Hoogendoorn otomasyon \u00e7\u00f6z\u00fcmleriyle ilgili t\u00fcm sorular\u0131n\u0131z\u0131 profesyonel \u015fekilde yan\u0131tlar.\",\"breadcrumb\":{\"@id\":\"https:\/\/www.hoogendoorn.nl\/tr\/iletisim\/destek\/#breadcrumb\"},\"inLanguage\":\"tr\",\"potentialAction\":[{\"@type\":\"ReadAction\",\"target\":[\"https:\/\/www.hoogendoorn.nl\/tr\/iletisim\/destek\/\"]}]},{\"@type\":\"BreadcrumbList\",\"@id\":\"https:\/\/www.hoogendoorn.nl\/tr\/iletisim\/destek\/#breadcrumb\",\"itemListElement\":[{\"@type\":\"ListItem\",\"position\":1,\"name\":\"Home\",\"item\":\"https:\/\/www.hoogendoorn.nl\/tr\/\"},{\"@type\":\"ListItem\",\"position\":2,\"name\":\"\u0130leti\u015fim\",\"item\":\"https:\/\/www.hoogendoorn.nl\/tr\/iletisim\/\"},{\"@type\":\"ListItem\",\"position\":3,\"name\":\"Destek\"}]},{\"@type\":\"WebSite\",\"@id\":\"https:\/\/www.hoogendoorn.nl\/#website\",\"url\":\"https:\/\/www.hoogendoorn.nl\/\",\"name\":\"Hoogendoorn Growth Management\",\"description\":\"Wereldwijd duurzame tuinbouwoplossingen op maat\",\"potentialAction\":[{\"@type\":\"SearchAction\",\"target\":{\"@type\":\"EntryPoint\",\"urlTemplate\":\"https:\/\/www.hoogendoorn.nl\/?s={search_term_string}\"},\"query-input\":{\"@type\":\"PropertyValueSpecification\",\"valueRequired\":true,\"valueName\":\"search_term_string\"}}],\"inLanguage\":\"tr\"}]}<\/script>\n<!-- \/ Yoast SEO plugin. -->","yoast_head_json":{"title":"Destek - Hoogendoorn Growth Management","description":"Telefon yard\u0131m masam\u0131z, Hoogendoorn otomasyon \u00e7\u00f6z\u00fcmleriyle ilgili t\u00fcm sorular\u0131n\u0131z\u0131 profesyonel \u015fekilde yan\u0131tlar.","robots":{"index":"noindex","follow":"nofollow"},"og_locale":"tr_TR","og_type":"article","og_title":"Destek - Hoogendoorn Growth Management","og_description":"Telefon yard\u0131m masam\u0131z, Hoogendoorn otomasyon \u00e7\u00f6z\u00fcmleriyle ilgili t\u00fcm sorular\u0131n\u0131z\u0131 profesyonel \u015fekilde yan\u0131tlar.","og_url":"https:\/\/www.hoogendoorn.nl\/tr\/iletisim\/destek\/","og_site_name":"Hoogendoorn Growth Management","article_modified_time":"2015-01-29T09:57:32+00:00","twitter_misc":{"Est. reading time":"1 minute"},"schema":{"@context":"https:\/\/schema.org","@graph":[{"@type":"WebPage","@id":"https:\/\/www.hoogendoorn.nl\/tr\/iletisim\/destek\/","url":"https:\/\/www.hoogendoorn.nl\/tr\/iletisim\/destek\/","name":"Destek - Hoogendoorn Growth Management","isPartOf":{"@id":"https:\/\/www.hoogendoorn.nl\/#website"},"datePublished":"2013-12-18T10:24:12+00:00","dateModified":"2015-01-29T09:57:32+00:00","description":"Telefon yard\u0131m masam\u0131z, Hoogendoorn otomasyon \u00e7\u00f6z\u00fcmleriyle ilgili t\u00fcm sorular\u0131n\u0131z\u0131 profesyonel \u015fekilde yan\u0131tlar.","breadcrumb":{"@id":"https:\/\/www.hoogendoorn.nl\/tr\/iletisim\/destek\/#breadcrumb"},"inLanguage":"tr","potentialAction":[{"@type":"ReadAction","target":["https:\/\/www.hoogendoorn.nl\/tr\/iletisim\/destek\/"]}]},{"@type":"BreadcrumbList","@id":"https:\/\/www.hoogendoorn.nl\/tr\/iletisim\/destek\/#breadcrumb","itemListElement":[{"@type":"ListItem","position":1,"name":"Home","item":"https:\/\/www.hoogendoorn.nl\/tr\/"},{"@type":"ListItem","position":2,"name":"\u0130leti\u015fim","item":"https:\/\/www.hoogendoorn.nl\/tr\/iletisim\/"},{"@type":"ListItem","position":3,"name":"Destek"}]},{"@type":"WebSite","@id":"https:\/\/www.hoogendoorn.nl\/#website","url":"https:\/\/www.hoogendoorn.nl\/","name":"Hoogendoorn Growth Management","description":"Wereldwijd duurzame tuinbouwoplossingen op maat","potentialAction":[{"@type":"SearchAction","target":{"@type":"EntryPoint","urlTemplate":"https:\/\/www.hoogendoorn.nl\/?s={search_term_string}"},"query-input":{"@type":"PropertyValueSpecification","valueRequired":true,"valueName":"search_term_string"}}],"inLanguage":"tr"}]}},"_links":{"self":[{"href":"https:\/\/www.hoogendoorn.nl\/tr\/wp-json\/wp\/v2\/pages\/11083","targetHints":{"allow":["GET"]}}],"collection":[{"href":"https:\/\/www.hoogendoorn.nl\/tr\/wp-json\/wp\/v2\/pages"}],"about":[{"href":"https:\/\/www.hoogendoorn.nl\/tr\/wp-json\/wp\/v2\/types\/page"}],"author":[{"embeddable":true,"href":"https:\/\/www.hoogendoorn.nl\/tr\/wp-json\/wp\/v2\/users\/101"}],"replies":[{"embeddable":true,"href":"https:\/\/www.hoogendoorn.nl\/tr\/wp-json\/wp\/v2\/comments?post=11083"}],"version-history":[{"count":0,"href":"https:\/\/www.hoogendoorn.nl\/tr\/wp-json\/wp\/v2\/pages\/11083\/revisions"}],"up":[{"embeddable":true,"href":"https:\/\/www.hoogendoorn.nl\/tr\/wp-json\/wp\/v2\/pages\/11080"}],"wp:attachment":[{"href":"https:\/\/www.hoogendoorn.nl\/tr\/wp-json\/wp\/v2\/media?parent=11083"}],"curies":[{"name":"wp","href":"https:\/\/api.w.org\/{rel}","templated":true}]}}