{"id":11089,"date":"2013-12-18T10:33:22","date_gmt":"2013-12-18T10:33:22","guid":{"rendered":"http:\/\/nlhoog-salebaboe.savviihq.com\/?page_id=11089"},"modified":"2018-11-07T12:41:09","modified_gmt":"2018-11-07T12:41:09","slug":"ortaklarimiz","status":"publish","type":"page","link":"https:\/\/www.hoogendoorn.nl\/tr\/iletisim\/ortaklarimiz\/","title":{"rendered":"Ortaklar\u0131m\u0131z"},"content":{"rendered":"<div class=\"three-fourths first\"><\/p>\n<p><\/div>\n<div class=\"one-fourth\"><a href=\"http:\/\/login.hoogendoorn.nl\" class=\"button large grey\">Ortaklar i\u00e7in oturum a\u00e7ma<\/a><\/div><div class=\"clearfix\"><\/div>\n<div class=\"partner-map\">\n\n    <div class=\"partner-map-main\">\n\t\t        <a href=\"https:\/\/www.hoogendoorn.nl\/tr\/iletisim\/ortaklarimiz\/afrikadaki-ortaklar\/\" class=\"partner-map-area map-africa\" data-map=\"africa\"><\/a>\n        <a href=\"https:\/\/www.hoogendoorn.nl\/tr\/iletisim\/ortaklarimiz\/asyadaki-ortaklar\/\" class=\"partner-map-area map-asia\" data-map=\"asia\"><\/a>\n        <!--<p class=\"partner-map-area map-australia\" data-map=\"australia\"><\/p>  -->\n         <a href=\"https:\/\/www.hoogendoorn.nl\/tr\/iletisim\/ortaklarimiz\/\" class=\"partner-map-area map-australia\" data-map=\"australia\"><\/a>\n        <a href=\"https:\/\/www.hoogendoorn.nl\/tr\/iletisim\/ortaklarimiz\/avrupadaki-ortaklar\/\" class=\"partner-map-area map-europe\" data-map=\"europe\"><\/a>\n\t\t<a href=\"https:\/\/www.hoogendoorn.nl\/tr\/iletisim\/ortaklarimiz\/\" class=\"partner-map-area map-middle-east\" data-map=\"middle-east\"><\/a>\n        <a href=\"https:\/\/www.hoogendoorn.nl\/tr\/iletisim\/ortaklarimiz\/kuzey-amerikadaki-ortaklar\/\" class=\"partner-map-area map-north-america\" data-map=\"north-america\"><\/a>\n\t\t<a href=\"https:\/\/www.hoogendoorn.nl\/tr\/iletisim\/ortaklarimiz\/orta-amerikadaki-ortaklar\/\" class=\"partner-map-area map-central-america\" data-map=\"central-america\"><\/a>\n        <a href=\"https:\/\/www.hoogendoorn.nl\/tr\/iletisim\/ortaklarimiz\/guney-amerikadaki-ortaklar\/\" class=\"partner-map-area map-south-america\" data-map=\"south-america\"><\/a>\n\n\n        <img decoding=\"async\" src=\"https:\/\/www.hoogendoorn.nl\/wp-content\/themes\/hoogendoorn\/images\/partner-map\/empty.png\" class=\"partner-map-img map-empty\" \/>\n        <img decoding=\"async\" src=\"https:\/\/www.hoogendoorn.nl\/wp-content\/themes\/hoogendoorn\/images\/partner-map\/africa.png\" class=\"partner-map-img map-africa\" \/>\n        <img decoding=\"async\" src=\"https:\/\/www.hoogendoorn.nl\/wp-content\/themes\/hoogendoorn\/images\/partner-map\/asia.png\" class=\"partner-map-img map-asia\" \/>\n        <img decoding=\"async\" src=\"https:\/\/www.hoogendoorn.nl\/wp-content\/themes\/hoogendoorn\/images\/partner-map\/oceanie.png\" class=\"partner-map-img map-australia\" \/>\n        <img decoding=\"async\" src=\"https:\/\/www.hoogendoorn.nl\/wp-content\/themes\/hoogendoorn\/images\/partner-map\/europe.png\" class=\"partner-map-img map-europe\" \/>\n\t\t<img decoding=\"async\" src=\"https:\/\/www.hoogendoorn.nl\/wp-content\/themes\/hoogendoorn\/images\/partner-map\/middle-east.png\" class=\"partner-map-img map-middle-east\" \/>\n        <img decoding=\"async\" src=\"https:\/\/www.hoogendoorn.nl\/wp-content\/themes\/hoogendoorn\/images\/partner-map\/north-america.png\" class=\"partner-map-img map-north-america\" \/>\n\t\t<img decoding=\"async\" src=\"https:\/\/www.hoogendoorn.nl\/wp-content\/themes\/hoogendoorn\/images\/partner-map\/central-america.png\" class=\"partner-map-img map-central-america\" \/>\n        <img decoding=\"async\" src=\"https:\/\/www.hoogendoorn.nl\/wp-content\/themes\/hoogendoorn\/images\/partner-map\/south-america.png\" class=\"partner-map-img map-south-america\" \/>\n\n    <\/div>\n\n<\/div>\n<div class=\"one-fourth first\"><\/p>\n<h2>Her b\u00f6lgede ortaklar<\/h2>\n<p><div class=\"list list-striped\">\n<ul>\n<li><a href=\"https:\/\/www.hoogendoorn.nl\/tr\/iletisim\/ortaklarimiz\/afrikadaki-ortaklar\/\">Afrika&#8217;daki Ortaklar<\/a><\/li>\n<li><a href=\"https:\/\/www.hoogendoorn.nl\/tr\/iletisim\/ortaklarimiz\/asyadaki-ortaklar\/\"> Asya&#8217;daki Ortaklar<\/a><\/li>\n<li><a href=\"https:\/\/www.hoogendoorn.nl\/tr\/iletisim\/ortaklarimiz\/avrupadaki-ortaklar\/\"> Avrupa&#8217;daki Ortaklar<\/a><\/li>\n<li><a href=\"https:\/\/www.hoogendoorn.nl\/tr\/iletisim\/ortaklarimiz\/kuzey-amerikadaki-ortaklar\/\"> Kuzey Amerika&#8217;daki Ortaklar<\/a><\/li>\n<li><a href=\"https:\/\/www.hoogendoorn.nl\/tr\/iletisim\/ortaklarimiz\/guney-amerikadaki-ortaklar\/\"> G\u00fcney Amerika&#8217;daki Ortaklar<\/a><\/li>\n<li><a href=\"https:\/\/www.hoogendoorn.nl\/tr\/iletisim\/ortaklarimiz\/uluslararasi-ortaklar\/\"> Uluslararas\u0131 Ortaklar<\/a><\/li>\n<\/ul>\n<\/div><br \/>\n<\/div>\n<div class=\"three-fourths\"><\/p>\n<h2>Orta\u011f\u0131m\u0131z olmak ister misiniz?<\/h2>\n<p><strong>L\u00fctfen a\u015fa\u011f\u0131daki bilgileri doldurun; size k\u0131sa s\u00fcre i\u00e7inde ula\u015faca\u011f\u0131z.<\/strong><br \/>\nBizimle ileti\u015fim kurmay\u0131 m\u0131 tercih edersiniz? L\u00fctfen \u015fu numaray\u0131 aray\u0131n: +31 (0) 10 460 80 80.<\/p>\n<p><script type=\"text\/javascript\">var gform;gform||(document.addEventListener(\"gform_main_scripts_loaded\",function(){gform.scriptsLoaded=!0}),window.addEventListener(\"DOMContentLoaded\",function(){gform.domLoaded=!0}),gform={domLoaded:!1,scriptsLoaded:!1,initializeOnLoaded:function(o){gform.domLoaded&&gform.scriptsLoaded?o():!gform.domLoaded&&gform.scriptsLoaded?window.addEventListener(\"DOMContentLoaded\",o):document.addEventListener(\"gform_main_scripts_loaded\",o)},hooks:{action:{},filter:{}},addAction:function(o,n,r,t){gform.addHook(\"action\",o,n,r,t)},addFilter:function(o,n,r,t){gform.addHook(\"filter\",o,n,r,t)},doAction:function(o){gform.doHook(\"action\",o,arguments)},applyFilters:function(o){return gform.doHook(\"filter\",o,arguments)},removeAction:function(o,n){gform.removeHook(\"action\",o,n)},removeFilter:function(o,n,r){gform.removeHook(\"filter\",o,n,r)},addHook:function(o,n,r,t,i){null==gform.hooks[o][n]&&(gform.hooks[o][n]=[]);var e=gform.hooks[o][n];null==i&&(i=n+\"_\"+e.length),gform.hooks[o][n].push({tag:i,callable:r,priority:t=null==t?10:t})},doHook:function(n,o,r){var t;if(r=Array.prototype.slice.call(r,1),null!=gform.hooks[n][o]&&((o=gform.hooks[n][o]).sort(function(o,n){return o.priority-n.priority}),o.forEach(function(o){\"function\"!=typeof(t=o.callable)&&(t=window[t]),\"action\"==n?t.apply(null,r):r[0]=t.apply(null,r)})),\"filter\"==n)return r[0]},removeHook:function(o,n,t,i){var r;null!=gform.hooks[o][n]&&(r=(r=gform.hooks[o][n]).filter(function(o,n,r){return!!(null!=i&&i!=o.tag||null!=t&&t!=o.priority)}),gform.hooks[o][n]=r)}});<\/script>\n                <div class='gf_browser_gecko gform_wrapper gform_legacy_markup_wrapper gform-theme--no-framework' data-form-theme='legacy' data-form-index='0' id='gform_wrapper_63' >\n                        <div class='gform_heading'>\n                            <p class='gform_description'><\/p>\n                        <\/div><form method='post' enctype='multipart\/form-data'  id='gform_63'  action='\/tr\/wp-json\/wp\/v2\/pages\/11089' data-formid='63' novalidate>\n                        <div class='gform-body gform_body'><ul id='gform_fields_63' class='gform_fields top_label form_sublabel_below description_below validation_below'><li id=\"field_63_3\" class=\"gfield gfield--type-text gfield_contains_required field_sublabel_below gfield--no-description field_description_below field_validation_below gfield_visibility_visible\"  data-js-reload=\"field_63_3\" ><label class='gfield_label gform-field-label' for='input_63_3'>\u015eirket ad\u0131<span class=\"gfield_required\"><span class=\"gfield_required gfield_required_asterisk\">*<\/span><\/span><\/label><div class='ginput_container ginput_container_text'><input name='input_3' id='input_63_3' type='text' value='' class='medium'     aria-required=\"true\" aria-invalid=\"false\"   \/> <\/div><\/li><li id=\"field_63_4\" class=\"gfield gfield--type-text gfield_contains_required field_sublabel_below gfield--no-description field_description_below field_validation_below gfield_visibility_visible\"  data-js-reload=\"field_63_4\" ><label class='gfield_label gform-field-label' for='input_63_4'>\u015eehir<span class=\"gfield_required\"><span class=\"gfield_required gfield_required_asterisk\">*<\/span><\/span><\/label><div class='ginput_container ginput_container_text'><input name='input_4' id='input_63_4' type='text' value='' class='medium'     aria-required=\"true\" aria-invalid=\"false\"   \/> <\/div><\/li><li id=\"field_63_5\" class=\"gfield gfield--type-text gfield_contains_required field_sublabel_below gfield--no-description field_description_below field_validation_below gfield_visibility_visible\"  data-js-reload=\"field_63_5\" ><label class='gfield_label gform-field-label' for='input_63_5'>\u00dclke<span class=\"gfield_required\"><span class=\"gfield_required gfield_required_asterisk\">*<\/span><\/span><\/label><div class='ginput_container ginput_container_text'><input name='input_5' id='input_63_5' type='text' value='' class='medium'     aria-required=\"true\" aria-invalid=\"false\"   \/> <\/div><\/li><li id=\"field_63_6\" class=\"gfield gfield--type-select gfield_contains_required field_sublabel_below gfield--no-description field_description_below field_validation_below gfield_visibility_visible\"  data-js-reload=\"field_63_6\" ><label class='gfield_label gform-field-label' for='input_63_6'>Unvan<span class=\"gfield_required\"><span class=\"gfield_required gfield_required_asterisk\">*<\/span><\/span><\/label><div class='ginput_container ginput_container_select'><select name='input_6' id='input_63_6' class='medium gfield_select'    aria-required=\"true\" aria-invalid=\"false\" ><option value='Bay' >Bay<\/option><option value='Bayan' >Bayan<\/option><\/select><\/div><\/li><li id=\"field_63_7\" class=\"gfield gfield--type-text gfield_contains_required field_sublabel_below gfield--no-description field_description_below field_validation_below gfield_visibility_visible\"  data-js-reload=\"field_63_7\" ><label class='gfield_label gform-field-label' for='input_63_7'>Ba\u015f harfler<span class=\"gfield_required\"><span class=\"gfield_required gfield_required_asterisk\">*<\/span><\/span><\/label><div class='ginput_container ginput_container_text'><input name='input_7' id='input_63_7' type='text' value='' class='medium'     aria-required=\"true\" aria-invalid=\"false\"   \/> <\/div><\/li><li id=\"field_63_8\" class=\"gfield gfield--type-text gfield_contains_required field_sublabel_below gfield--no-description field_description_below field_validation_below gfield_visibility_visible\"  data-js-reload=\"field_63_8\" ><label class='gfield_label gform-field-label' for='input_63_8'>Soyad\u0131<span class=\"gfield_required\"><span class=\"gfield_required gfield_required_asterisk\">*<\/span><\/span><\/label><div class='ginput_container ginput_container_text'><input name='input_8' id='input_63_8' type='text' value='' class='medium'     aria-required=\"true\" aria-invalid=\"false\"   \/> <\/div><\/li><li id=\"field_63_9\" class=\"gfield gfield--type-email gfield_contains_required field_sublabel_below gfield--no-description field_description_below field_validation_below gfield_visibility_visible\"  data-js-reload=\"field_63_9\" ><label class='gfield_label gform-field-label' for='input_63_9'>E-posta<span class=\"gfield_required\"><span class=\"gfield_required gfield_required_asterisk\">*<\/span><\/span><\/label><div class='ginput_container ginput_container_email'>\n                            <input name='input_9' id='input_63_9' type='email' value='' class='medium'    aria-required=\"true\" aria-invalid=\"false\"  \/>\n                        <\/div><\/li><li id=\"field_63_10\" class=\"gfield gfield--type-phone gfield_contains_required field_sublabel_below gfield--no-description field_description_below field_validation_below gfield_visibility_visible\"  data-js-reload=\"field_63_10\" ><label class='gfield_label gform-field-label' for='input_63_10'>Telefon numaras\u0131<span class=\"gfield_required\"><span class=\"gfield_required gfield_required_asterisk\">*<\/span><\/span><\/label><div class='ginput_container ginput_container_phone'><input name='input_10' id='input_63_10' type='tel' value='' class='medium'   aria-required=\"true\" aria-invalid=\"false\"   \/><\/div><\/li><li id=\"field_63_11\" class=\"gfield gfield--type-textarea field_sublabel_below gfield--no-description field_description_below field_validation_below gfield_visibility_visible\"  data-js-reload=\"field_63_11\" ><label class='gfield_label gform-field-label' for='input_63_11'>Sorunuz veya yorumunuz var m\u0131?<\/label><div class='ginput_container ginput_container_textarea'><textarea name='input_11' id='input_63_11' class='textarea medium'      aria-invalid=\"false\"   rows='10' cols='50'><\/textarea><\/div><\/li><li id=\"field_63_12\" class=\"gfield gfield--type-checkbox gfield--type-choice gfield_contains_required field_sublabel_below gfield--has-description field_description_below field_validation_below gfield_visibility_visible\"  data-js-reload=\"field_63_12\" ><label class='gfield_label gform-field-label gfield_label_before_complex' >Als u dit formulier wilt verzenden, moet u onze Privacyverklaring accepteren<span class=\"gfield_required\"><span class=\"gfield_required gfield_required_asterisk\">*<\/span><\/span><\/label><div class='ginput_container ginput_container_checkbox'><ul class='gfield_checkbox' id='input_63_12'><li class='gchoice gchoice_63_12_1'>\n\t\t\t\t\t\t\t\t<input class='gfield-choice-input' name='input_12.1' type='checkbox'  value='Accepteren'  id='choice_63_12_1'   aria-describedby=\"gfield_description_63_12\"\/>\n\t\t\t\t\t\t\t\t<label for='choice_63_12_1' id='label_63_12_1' class='gform-field-label gform-field-label--type-inline'>Accepteren<\/label>\n\t\t\t\t\t\t\t<\/li><\/ul><\/div><div class='gfield_description' id='gfield_description_63_12'><a href=\"#?cmplz_region_redirect=true\">Privacyverklaring<\/a><\/div><\/li><\/ul><\/div>\n        <div class='gform_footer top_label'> <input type='submit' id='gform_submit_button_63' class='gform_button button' value='G\u00f6nder'  onclick='if(window[\"gf_submitting_63\"]){return false;}  if( !jQuery(\"#gform_63\")[0].checkValidity || jQuery(\"#gform_63\")[0].checkValidity()){window[\"gf_submitting_63\"]=true;}  ' onkeypress='if( event.keyCode == 13 ){ if(window[\"gf_submitting_63\"]){return false;} if( !jQuery(\"#gform_63\")[0].checkValidity || jQuery(\"#gform_63\")[0].checkValidity()){window[\"gf_submitting_63\"]=true;}  jQuery(\"#gform_63\").trigger(\"submit\",[true]); }' \/> \n            <input type='hidden' class='gform_hidden' name='is_submit_63' value='1' \/>\n            <input type='hidden' class='gform_hidden' name='gform_submit' value='63' \/>\n            \n            <input type='hidden' class='gform_hidden' name='gform_unique_id' value='' \/>\n            <input type='hidden' class='gform_hidden' name='state_63' value='WyJbXSIsIjRkNTc2ZjU3Y2ZhOTE1Nzg1NDM0MWUzYzE3YzNkZjk2Il0=' \/>\n            <input type='hidden' class='gform_hidden' name='gform_target_page_number_63' id='gform_target_page_number_63' value='0' \/>\n            <input type='hidden' class='gform_hidden' name='gform_source_page_number_63' id='gform_source_page_number_63' value='1' \/>\n            <input type='hidden' name='gform_field_values' value='' \/>\n            \n        <\/div>\n                        <p style=\"display: none !important;\" class=\"akismet-fields-container\" data-prefix=\"ak_\"><label>&#916;<textarea name=\"ak_hp_textarea\" cols=\"45\" rows=\"8\" maxlength=\"100\"><\/textarea><\/label><input type=\"hidden\" id=\"ak_js_1\" name=\"ak_js\" value=\"213\"\/><script>document.getElementById( \"ak_js_1\" ).setAttribute( \"value\", ( new Date() ).getTime() );<\/script><\/p><\/form>\n                        <\/div><script>\ngform.initializeOnLoaded( function() {gformInitSpinner( 63, 'https:\/\/www.hoogendoorn.nl\/wp-content\/plugins\/gravityforms\/images\/spinner.svg', true );jQuery('#gform_ajax_frame_63').on('load',function(){var contents = jQuery(this).contents().find('*').html();var is_postback = contents.indexOf('GF_AJAX_POSTBACK') >= 0;if(!is_postback){return;}var form_content = jQuery(this).contents().find('#gform_wrapper_63');var is_confirmation = jQuery(this).contents().find('#gform_confirmation_wrapper_63').length > 0;var is_redirect = contents.indexOf('gformRedirect(){') >= 0;var is_form = form_content.length > 0 && ! is_redirect && ! is_confirmation;var mt = parseInt(jQuery('html').css('margin-top'), 10) + parseInt(jQuery('body').css('margin-top'), 10) + 100;if(is_form){jQuery('#gform_wrapper_63').html(form_content.html());if(form_content.hasClass('gform_validation_error')){jQuery('#gform_wrapper_63').addClass('gform_validation_error');} else {jQuery('#gform_wrapper_63').removeClass('gform_validation_error');}setTimeout( function() { \/* delay the scroll by 50 milliseconds to fix a bug in chrome *\/  }, 50 );if(window['gformInitDatepicker']) {gformInitDatepicker();}if(window['gformInitPriceFields']) {gformInitPriceFields();}var current_page = jQuery('#gform_source_page_number_63').val();gformInitSpinner( 63, 'https:\/\/www.hoogendoorn.nl\/wp-content\/plugins\/gravityforms\/images\/spinner.svg', true );jQuery(document).trigger('gform_page_loaded', [63, current_page]);window['gf_submitting_63'] = false;}else if(!is_redirect){var confirmation_content = jQuery(this).contents().find('.GF_AJAX_POSTBACK').html();if(!confirmation_content){confirmation_content = contents;}jQuery('#gform_wrapper_63').replaceWith(confirmation_content);jQuery(document).trigger('gform_confirmation_loaded', [63]);window['gf_submitting_63'] = false;wp.a11y.speak(jQuery('#gform_confirmation_message_63').text());}else{jQuery('#gform_63').append(contents);if(window['gformRedirect']) {gformRedirect();}}jQuery(document).trigger(\"gform_pre_post_render\", [{ formId: \"63\", currentPage: \"current_page\", abort: function() { this.preventDefault(); } }]);                if (event && event.defaultPrevented) {                return;         }        const gformWrapperDiv = document.getElementById( \"gform_wrapper_63\" );        if ( gformWrapperDiv ) {            const visibilitySpan = document.createElement( \"span\" );            visibilitySpan.id = \"gform_visibility_test_63\";            gformWrapperDiv.insertAdjacentElement( \"afterend\", visibilitySpan );        }        const visibilityTestDiv = document.getElementById( \"gform_visibility_test_63\" );        let postRenderFired = false;                function triggerPostRender() {            if ( postRenderFired ) {                return;            }            postRenderFired = true;            jQuery( document ).trigger( 'gform_post_render', [63, current_page] );            gform.utils.trigger( { event: 'gform\/postRender', native: false, data: { formId: 63, currentPage: current_page } } );            if ( visibilityTestDiv ) {                visibilityTestDiv.parentNode.removeChild( visibilityTestDiv );            }        }        function debounce( func, wait, immediate ) {            var timeout;            return function() {                var context = this, args = arguments;                var later = function() {                    timeout = null;                    if ( !immediate ) func.apply( context, args );                };                var callNow = immediate && !timeout;                clearTimeout( timeout );                timeout = setTimeout( later, wait );                if ( callNow ) func.apply( context, args );            };        }        const debouncedTriggerPostRender = debounce( function() {            triggerPostRender();        }, 200 );        if ( visibilityTestDiv && visibilityTestDiv.offsetParent === null ) {            const observer = new MutationObserver( ( mutations ) => {                mutations.forEach( ( mutation ) => {                    if ( mutation.type === 'attributes' && visibilityTestDiv.offsetParent !== null ) {                        debouncedTriggerPostRender();                        observer.disconnect();                    }                });            });            observer.observe( document.body, {                attributes: true,                childList: false,                subtree: true,                attributeFilter: [ 'style', 'class' ],            });        } else {            triggerPostRender();        }    } );} );\n<\/script>\n<\/p>\n<p><\/div>\n","protected":false},"excerpt":{"rendered":"","protected":false},"author":101,"featured_media":0,"parent":11080,"menu_order":0,"comment_status":"open","ping_status":"closed","template":"","meta":{"_acf_changed":false,"_et_pb_use_builder":"","_et_pb_old_content":"","_et_gb_content_width":"","_genesis_hide_title":false,"_genesis_hide_breadcrumbs":false,"_genesis_hide_singular_image":false,"_genesis_hide_footer_widgets":false,"_genesis_custom_body_class":"","_genesis_custom_post_class":"","_genesis_layout":"","footnotes":""},"class_list":{"0":"post-11089","1":"page","2":"type-page","3":"status-publish","5":"entry"},"acf":[],"yoast_head":"<!-- This site is optimized with the Yoast SEO plugin v26.6 - https:\/\/yoast.com\/wordpress\/plugins\/seo\/ -->\n<title>Ortaklar\u0131m\u0131z - Hoogendoorn Growth Management<\/title>\n<meta name=\"robots\" content=\"noindex, nofollow\" \/>\n<meta property=\"og:locale\" content=\"tr_TR\" \/>\n<meta property=\"og:type\" content=\"article\" \/>\n<meta property=\"og:title\" content=\"Ortaklar\u0131m\u0131z - Hoogendoorn Growth Management\" \/>\n<meta property=\"og:url\" content=\"https:\/\/www.hoogendoorn.nl\/tr\/iletisim\/ortaklarimiz\/\" \/>\n<meta property=\"og:site_name\" content=\"Hoogendoorn Growth Management\" \/>\n<meta property=\"article:modified_time\" content=\"2018-11-07T12:41:09+00:00\" \/>\n<script type=\"application\/ld+json\" class=\"yoast-schema-graph\">{\"@context\":\"https:\/\/schema.org\",\"@graph\":[{\"@type\":\"WebPage\",\"@id\":\"https:\/\/www.hoogendoorn.nl\/tr\/iletisim\/ortaklarimiz\/\",\"url\":\"https:\/\/www.hoogendoorn.nl\/tr\/iletisim\/ortaklarimiz\/\",\"name\":\"Ortaklar\u0131m\u0131z - Hoogendoorn Growth Management\",\"isPartOf\":{\"@id\":\"https:\/\/www.hoogendoorn.nl\/#website\"},\"datePublished\":\"2013-12-18T10:33:22+00:00\",\"dateModified\":\"2018-11-07T12:41:09+00:00\",\"breadcrumb\":{\"@id\":\"https:\/\/www.hoogendoorn.nl\/tr\/iletisim\/ortaklarimiz\/#breadcrumb\"},\"inLanguage\":\"tr\",\"potentialAction\":[{\"@type\":\"ReadAction\",\"target\":[\"https:\/\/www.hoogendoorn.nl\/tr\/iletisim\/ortaklarimiz\/\"]}]},{\"@type\":\"BreadcrumbList\",\"@id\":\"https:\/\/www.hoogendoorn.nl\/tr\/iletisim\/ortaklarimiz\/#breadcrumb\",\"itemListElement\":[{\"@type\":\"ListItem\",\"position\":1,\"name\":\"Home\",\"item\":\"https:\/\/www.hoogendoorn.nl\/tr\/\"},{\"@type\":\"ListItem\",\"position\":2,\"name\":\"\u0130leti\u015fim\",\"item\":\"https:\/\/www.hoogendoorn.nl\/tr\/iletisim\/\"},{\"@type\":\"ListItem\",\"position\":3,\"name\":\"Ortaklar\u0131m\u0131z\"}]},{\"@type\":\"WebSite\",\"@id\":\"https:\/\/www.hoogendoorn.nl\/#website\",\"url\":\"https:\/\/www.hoogendoorn.nl\/\",\"name\":\"Hoogendoorn Growth Management\",\"description\":\"Wereldwijd duurzame tuinbouwoplossingen op maat\",\"potentialAction\":[{\"@type\":\"SearchAction\",\"target\":{\"@type\":\"EntryPoint\",\"urlTemplate\":\"https:\/\/www.hoogendoorn.nl\/?s={search_term_string}\"},\"query-input\":{\"@type\":\"PropertyValueSpecification\",\"valueRequired\":true,\"valueName\":\"search_term_string\"}}],\"inLanguage\":\"tr\"}]}<\/script>\n<!-- \/ Yoast SEO plugin. -->","yoast_head_json":{"title":"Ortaklar\u0131m\u0131z - Hoogendoorn Growth Management","robots":{"index":"noindex","follow":"nofollow"},"og_locale":"tr_TR","og_type":"article","og_title":"Ortaklar\u0131m\u0131z - Hoogendoorn Growth Management","og_url":"https:\/\/www.hoogendoorn.nl\/tr\/iletisim\/ortaklarimiz\/","og_site_name":"Hoogendoorn Growth Management","article_modified_time":"2018-11-07T12:41:09+00:00","schema":{"@context":"https:\/\/schema.org","@graph":[{"@type":"WebPage","@id":"https:\/\/www.hoogendoorn.nl\/tr\/iletisim\/ortaklarimiz\/","url":"https:\/\/www.hoogendoorn.nl\/tr\/iletisim\/ortaklarimiz\/","name":"Ortaklar\u0131m\u0131z - Hoogendoorn Growth Management","isPartOf":{"@id":"https:\/\/www.hoogendoorn.nl\/#website"},"datePublished":"2013-12-18T10:33:22+00:00","dateModified":"2018-11-07T12:41:09+00:00","breadcrumb":{"@id":"https:\/\/www.hoogendoorn.nl\/tr\/iletisim\/ortaklarimiz\/#breadcrumb"},"inLanguage":"tr","potentialAction":[{"@type":"ReadAction","target":["https:\/\/www.hoogendoorn.nl\/tr\/iletisim\/ortaklarimiz\/"]}]},{"@type":"BreadcrumbList","@id":"https:\/\/www.hoogendoorn.nl\/tr\/iletisim\/ortaklarimiz\/#breadcrumb","itemListElement":[{"@type":"ListItem","position":1,"name":"Home","item":"https:\/\/www.hoogendoorn.nl\/tr\/"},{"@type":"ListItem","position":2,"name":"\u0130leti\u015fim","item":"https:\/\/www.hoogendoorn.nl\/tr\/iletisim\/"},{"@type":"ListItem","position":3,"name":"Ortaklar\u0131m\u0131z"}]},{"@type":"WebSite","@id":"https:\/\/www.hoogendoorn.nl\/#website","url":"https:\/\/www.hoogendoorn.nl\/","name":"Hoogendoorn Growth Management","description":"Wereldwijd duurzame tuinbouwoplossingen op maat","potentialAction":[{"@type":"SearchAction","target":{"@type":"EntryPoint","urlTemplate":"https:\/\/www.hoogendoorn.nl\/?s={search_term_string}"},"query-input":{"@type":"PropertyValueSpecification","valueRequired":true,"valueName":"search_term_string"}}],"inLanguage":"tr"}]}},"_links":{"self":[{"href":"https:\/\/www.hoogendoorn.nl\/tr\/wp-json\/wp\/v2\/pages\/11089","targetHints":{"allow":["GET"]}}],"collection":[{"href":"https:\/\/www.hoogendoorn.nl\/tr\/wp-json\/wp\/v2\/pages"}],"about":[{"href":"https:\/\/www.hoogendoorn.nl\/tr\/wp-json\/wp\/v2\/types\/page"}],"author":[{"embeddable":true,"href":"https:\/\/www.hoogendoorn.nl\/tr\/wp-json\/wp\/v2\/users\/101"}],"replies":[{"embeddable":true,"href":"https:\/\/www.hoogendoorn.nl\/tr\/wp-json\/wp\/v2\/comments?post=11089"}],"version-history":[{"count":3,"href":"https:\/\/www.hoogendoorn.nl\/tr\/wp-json\/wp\/v2\/pages\/11089\/revisions"}],"predecessor-version":[{"id":31843,"href":"https:\/\/www.hoogendoorn.nl\/tr\/wp-json\/wp\/v2\/pages\/11089\/revisions\/31843"}],"up":[{"embeddable":true,"href":"https:\/\/www.hoogendoorn.nl\/tr\/wp-json\/wp\/v2\/pages\/11080"}],"wp:attachment":[{"href":"https:\/\/www.hoogendoorn.nl\/tr\/wp-json\/wp\/v2\/media?parent=11089"}],"curies":[{"name":"wp","href":"https:\/\/api.w.org\/{rel}","templated":true}]}}