{"id":16325,"date":"2015-01-23T08:55:40","date_gmt":"2015-01-23T08:55:40","guid":{"rendered":"http:\/\/nlhoog-salebaboe.savviihq.com\/?page_id=16325"},"modified":"2015-02-23T08:38:38","modified_gmt":"2015-02-23T08:38:38","slug":"ortagimiz-olun","status":"publish","type":"page","link":"https:\/\/www.hoogendoorn.nl\/tr\/ortagimiz-olun\/","title":{"rendered":"Orta\u011f\u0131m\u0131z olun"},"content":{"rendered":"<p><strong>Neden Hoogendoorn orta\u011f\u0131 olmal\u0131?<\/strong><br \/>\nHoogendoorn Yeti\u015ftirme Y\u00f6netimi serac\u0131l\u0131k pazar\u0131 i\u00e7in en h\u0131zl\u0131 b\u00fcy\u00fcyen s\u00fcrd\u00fcr\u00fclebilir otomasyon \u00e7\u00f6z\u00fcmleri \u00fcreticisidir. Bunu yenilik\u00e7i \u00fcr\u00fcnlerimiz ve adanm\u0131\u015f ekibimiz yan\u0131 s\u0131ra co\u015fkulu ortaklar\u0131m\u0131za da bor\u00e7luyuz.<\/p>\n<p><strong>Bir Hoogendoorn orta\u011f\u0131 olman\u0131n avantajlar\u0131 nelerdir?<\/strong><\/p>\n<ul>\n<li>Serac\u0131l\u0131k pazar\u0131nda en yenilik\u00e7i ve s\u00fcrd\u00fcr\u00fclebilir otomasyon \u00e7\u00f6z\u00fcmlerinin nitelikli da\u011f\u0131t\u0131m orta\u011f\u0131 olursunuz.<\/li>\n<li>El\u00e7imiz olarak, m\u00fc\u015fterilerinize en iyi sat\u0131\u015f ve deste\u011fi sa\u011flayarak karl\u0131 bir i\u015f kurman\u0131z\u0131 sa\u011flayan e\u011fitim orta\u011f\u0131 program\u0131m\u0131za kat\u0131l\u0131rs\u0131n\u0131z.<\/li>\n<li>\u0130\u015fletmeye alma s\u0131ras\u0131nda size yerinde veya uzaktan destek sa\u011flar\u0131z.<\/li>\n<li>Deneyimli teknik yard\u0131m masam\u0131z \u00fcr\u00fcnlerimiz, yani kullan\u0131m ve bak\u0131mlar\u0131 hakk\u0131nda sorular\u0131n\u0131z\u0131 cevaplamak i\u00e7in 24\/7 haz\u0131rd\u0131r.<\/li>\n<\/ul>\n<p><strong>Sizden ne bekliyoruz?<\/strong><br \/>\n\u00c7ok \u015fey bekliyoruz, t\u0131pk\u0131 sizin de bizden \u00e7ok \u015fey bekleyebilece\u011finiz gibi. Ancak, her \u015feyden \u00f6nce, ortaklar\u0131m\u0131zdan bizimle birlikte bir numara olmay\u0131 misyonumuza y\u00f6nelik \u00e7abalarda kararl\u0131 olmalar\u0131n\u0131 bekliyoruz. Ba\u015far\u0131m\u0131z\u0131n b\u00fcy\u00fck bir k\u0131sm\u0131 i\u015f arkada\u015flar\u0131m\u0131z ve ortaklar\u0131m\u0131z\u0131n kendileri i\u00e7in belirledi\u011fi tutarl\u0131 y\u00fcksek standartlardan gelir.<\/p>\n<p><strong>\u0130lginizi \u00e7ekti mi?<\/strong><br \/>\n\u201cOrta\u011f\u0131m\u0131z olun\u201d formunu doldurun, birlikte ne yapabilece\u011fimizi g\u00f6rmek i\u00e7in k\u0131sa bir s\u00fcre i\u00e7inde sizinle irtibata ge\u00e7ece\u011fiz.<\/p>\n<script type=\"text\/javascript\">var gform;gform||(document.addEventListener(\"gform_main_scripts_loaded\",function(){gform.scriptsLoaded=!0}),window.addEventListener(\"DOMContentLoaded\",function(){gform.domLoaded=!0}),gform={domLoaded:!1,scriptsLoaded:!1,initializeOnLoaded:function(o){gform.domLoaded&&gform.scriptsLoaded?o():!gform.domLoaded&&gform.scriptsLoaded?window.addEventListener(\"DOMContentLoaded\",o):document.addEventListener(\"gform_main_scripts_loaded\",o)},hooks:{action:{},filter:{}},addAction:function(o,n,r,t){gform.addHook(\"action\",o,n,r,t)},addFilter:function(o,n,r,t){gform.addHook(\"filter\",o,n,r,t)},doAction:function(o){gform.doHook(\"action\",o,arguments)},applyFilters:function(o){return gform.doHook(\"filter\",o,arguments)},removeAction:function(o,n){gform.removeHook(\"action\",o,n)},removeFilter:function(o,n,r){gform.removeHook(\"filter\",o,n,r)},addHook:function(o,n,r,t,i){null==gform.hooks[o][n]&&(gform.hooks[o][n]=[]);var e=gform.hooks[o][n];null==i&&(i=n+\"_\"+e.length),gform.hooks[o][n].push({tag:i,callable:r,priority:t=null==t?10:t})},doHook:function(n,o,r){var t;if(r=Array.prototype.slice.call(r,1),null!=gform.hooks[n][o]&&((o=gform.hooks[n][o]).sort(function(o,n){return o.priority-n.priority}),o.forEach(function(o){\"function\"!=typeof(t=o.callable)&&(t=window[t]),\"action\"==n?t.apply(null,r):r[0]=t.apply(null,r)})),\"filter\"==n)return r[0]},removeHook:function(o,n,t,i){var r;null!=gform.hooks[o][n]&&(r=(r=gform.hooks[o][n]).filter(function(o,n,r){return!!(null!=i&&i!=o.tag||null!=t&&t!=o.priority)}),gform.hooks[o][n]=r)}});<\/script>\n                <div class='gf_browser_gecko gform_wrapper gform_legacy_markup_wrapper gform-theme--no-framework' data-form-theme='legacy' data-form-index='0' id='gform_wrapper_63' ><form method='post' enctype='multipart\/form-data'  id='gform_63'  action='\/tr\/wp-json\/wp\/v2\/pages\/16325' data-formid='63' novalidate>\n                        <div class='gform-body gform_body'><ul id='gform_fields_63' class='gform_fields top_label form_sublabel_below description_below validation_below'><li id=\"field_63_3\" class=\"gfield gfield--type-text gfield_contains_required field_sublabel_below gfield--no-description field_description_below field_validation_below gfield_visibility_visible\"  data-js-reload=\"field_63_3\" ><label class='gfield_label gform-field-label' for='input_63_3'>\u015eirket ad\u0131<span class=\"gfield_required\"><span class=\"gfield_required gfield_required_asterisk\">*<\/span><\/span><\/label><div class='ginput_container ginput_container_text'><input name='input_3' id='input_63_3' type='text' value='' class='medium'     aria-required=\"true\" aria-invalid=\"false\"   \/> <\/div><\/li><li id=\"field_63_4\" class=\"gfield gfield--type-text gfield_contains_required field_sublabel_below gfield--no-description field_description_below field_validation_below gfield_visibility_visible\"  data-js-reload=\"field_63_4\" ><label class='gfield_label gform-field-label' for='input_63_4'>\u015eehir<span class=\"gfield_required\"><span class=\"gfield_required gfield_required_asterisk\">*<\/span><\/span><\/label><div class='ginput_container ginput_container_text'><input name='input_4' id='input_63_4' type='text' value='' class='medium'     aria-required=\"true\" aria-invalid=\"false\"   \/> <\/div><\/li><li id=\"field_63_5\" class=\"gfield gfield--type-text gfield_contains_required field_sublabel_below gfield--no-description field_description_below field_validation_below gfield_visibility_visible\"  data-js-reload=\"field_63_5\" ><label class='gfield_label gform-field-label' for='input_63_5'>\u00dclke<span class=\"gfield_required\"><span class=\"gfield_required gfield_required_asterisk\">*<\/span><\/span><\/label><div class='ginput_container ginput_container_text'><input name='input_5' id='input_63_5' type='text' value='' class='medium'     aria-required=\"true\" aria-invalid=\"false\"   \/> <\/div><\/li><li id=\"field_63_6\" class=\"gfield gfield--type-select gfield_contains_required field_sublabel_below gfield--no-description field_description_below field_validation_below gfield_visibility_visible\"  data-js-reload=\"field_63_6\" ><label class='gfield_label gform-field-label' for='input_63_6'>Unvan<span class=\"gfield_required\"><span class=\"gfield_required gfield_required_asterisk\">*<\/span><\/span><\/label><div class='ginput_container ginput_container_select'><select name='input_6' id='input_63_6' class='medium gfield_select'    aria-required=\"true\" aria-invalid=\"false\" ><option value='Bay' >Bay<\/option><option value='Bayan' >Bayan<\/option><\/select><\/div><\/li><li id=\"field_63_7\" class=\"gfield gfield--type-text gfield_contains_required field_sublabel_below gfield--no-description field_description_below field_validation_below gfield_visibility_visible\"  data-js-reload=\"field_63_7\" ><label class='gfield_label gform-field-label' for='input_63_7'>Ba\u015f harfler<span class=\"gfield_required\"><span class=\"gfield_required gfield_required_asterisk\">*<\/span><\/span><\/label><div class='ginput_container ginput_container_text'><input name='input_7' id='input_63_7' type='text' value='' class='medium'     aria-required=\"true\" aria-invalid=\"false\"   \/> <\/div><\/li><li id=\"field_63_8\" class=\"gfield gfield--type-text gfield_contains_required field_sublabel_below gfield--no-description field_description_below field_validation_below gfield_visibility_visible\"  data-js-reload=\"field_63_8\" ><label class='gfield_label gform-field-label' for='input_63_8'>Soyad\u0131<span class=\"gfield_required\"><span class=\"gfield_required gfield_required_asterisk\">*<\/span><\/span><\/label><div class='ginput_container ginput_container_text'><input name='input_8' id='input_63_8' type='text' value='' class='medium'     aria-required=\"true\" aria-invalid=\"false\"   \/> <\/div><\/li><li id=\"field_63_9\" class=\"gfield gfield--type-email gfield_contains_required field_sublabel_below gfield--no-description field_description_below field_validation_below gfield_visibility_visible\"  data-js-reload=\"field_63_9\" ><label class='gfield_label gform-field-label' for='input_63_9'>E-posta<span class=\"gfield_required\"><span class=\"gfield_required gfield_required_asterisk\">*<\/span><\/span><\/label><div class='ginput_container ginput_container_email'>\n                            <input name='input_9' id='input_63_9' type='email' value='' class='medium'    aria-required=\"true\" aria-invalid=\"false\"  \/>\n                        <\/div><\/li><li id=\"field_63_10\" class=\"gfield gfield--type-phone gfield_contains_required field_sublabel_below gfield--no-description field_description_below field_validation_below gfield_visibility_visible\"  data-js-reload=\"field_63_10\" ><label class='gfield_label gform-field-label' for='input_63_10'>Telefon numaras\u0131<span class=\"gfield_required\"><span class=\"gfield_required gfield_required_asterisk\">*<\/span><\/span><\/label><div class='ginput_container ginput_container_phone'><input name='input_10' id='input_63_10' type='tel' value='' class='medium'   aria-required=\"true\" aria-invalid=\"false\"   \/><\/div><\/li><li id=\"field_63_11\" class=\"gfield gfield--type-textarea field_sublabel_below gfield--no-description field_description_below field_validation_below gfield_visibility_visible\"  data-js-reload=\"field_63_11\" ><label class='gfield_label gform-field-label' for='input_63_11'>Sorunuz veya yorumunuz var m\u0131?<\/label><div class='ginput_container ginput_container_textarea'><textarea name='input_11' id='input_63_11' class='textarea medium'      aria-invalid=\"false\"   rows='10' cols='50'><\/textarea><\/div><\/li><li id=\"field_63_12\" class=\"gfield gfield--type-checkbox gfield--type-choice gfield_contains_required field_sublabel_below gfield--has-description field_description_below field_validation_below gfield_visibility_visible\"  data-js-reload=\"field_63_12\" ><label class='gfield_label gform-field-label gfield_label_before_complex' >Als u dit formulier wilt verzenden, moet u onze Privacyverklaring accepteren<span class=\"gfield_required\"><span class=\"gfield_required gfield_required_asterisk\">*<\/span><\/span><\/label><div class='ginput_container ginput_container_checkbox'><ul class='gfield_checkbox' id='input_63_12'><li class='gchoice gchoice_63_12_1'>\n\t\t\t\t\t\t\t\t<input class='gfield-choice-input' name='input_12.1' type='checkbox'  value='Accepteren'  id='choice_63_12_1'   aria-describedby=\"gfield_description_63_12\"\/>\n\t\t\t\t\t\t\t\t<label for='choice_63_12_1' id='label_63_12_1' class='gform-field-label gform-field-label--type-inline'>Accepteren<\/label>\n\t\t\t\t\t\t\t<\/li><\/ul><\/div><div class='gfield_description' id='gfield_description_63_12'><a href=\"#?cmplz_region_redirect=true\">Privacyverklaring<\/a><\/div><\/li><\/ul><\/div>\n        <div class='gform_footer top_label'> <input type='submit' id='gform_submit_button_63' class='gform_button button' value='G\u00f6nder'  onclick='if(window[\"gf_submitting_63\"]){return false;}  if( !jQuery(\"#gform_63\")[0].checkValidity || jQuery(\"#gform_63\")[0].checkValidity()){window[\"gf_submitting_63\"]=true;}  ' onkeypress='if( event.keyCode == 13 ){ if(window[\"gf_submitting_63\"]){return false;} if( !jQuery(\"#gform_63\")[0].checkValidity || jQuery(\"#gform_63\")[0].checkValidity()){window[\"gf_submitting_63\"]=true;}  jQuery(\"#gform_63\").trigger(\"submit\",[true]); }' \/> \n            <input type='hidden' class='gform_hidden' name='is_submit_63' value='1' \/>\n            <input type='hidden' class='gform_hidden' name='gform_submit' value='63' \/>\n            \n            <input type='hidden' class='gform_hidden' name='gform_unique_id' value='' \/>\n            <input type='hidden' class='gform_hidden' name='state_63' value='WyJbXSIsIjRkNTc2ZjU3Y2ZhOTE1Nzg1NDM0MWUzYzE3YzNkZjk2Il0=' \/>\n            <input type='hidden' class='gform_hidden' name='gform_target_page_number_63' id='gform_target_page_number_63' value='0' \/>\n            <input type='hidden' class='gform_hidden' name='gform_source_page_number_63' id='gform_source_page_number_63' value='1' \/>\n            <input type='hidden' name='gform_field_values' value='' \/>\n            \n        <\/div>\n                        <p style=\"display: none !important;\" class=\"akismet-fields-container\" data-prefix=\"ak_\"><label>&#916;<textarea name=\"ak_hp_textarea\" cols=\"45\" rows=\"8\" maxlength=\"100\"><\/textarea><\/label><input type=\"hidden\" id=\"ak_js_1\" name=\"ak_js\" value=\"133\"\/><script>document.getElementById( \"ak_js_1\" ).setAttribute( \"value\", ( new Date() ).getTime() );<\/script><\/p><\/form>\n                        <\/div><script>\ngform.initializeOnLoaded( function() {gformInitSpinner( 63, 'https:\/\/www.hoogendoorn.nl\/wp-content\/plugins\/gravityforms\/images\/spinner.svg', true );jQuery('#gform_ajax_frame_63').on('load',function(){var contents = jQuery(this).contents().find('*').html();var is_postback = contents.indexOf('GF_AJAX_POSTBACK') >= 0;if(!is_postback){return;}var form_content = jQuery(this).contents().find('#gform_wrapper_63');var is_confirmation = jQuery(this).contents().find('#gform_confirmation_wrapper_63').length > 0;var is_redirect = contents.indexOf('gformRedirect(){') >= 0;var is_form = form_content.length > 0 && ! is_redirect && ! is_confirmation;var mt = parseInt(jQuery('html').css('margin-top'), 10) + parseInt(jQuery('body').css('margin-top'), 10) + 100;if(is_form){jQuery('#gform_wrapper_63').html(form_content.html());if(form_content.hasClass('gform_validation_error')){jQuery('#gform_wrapper_63').addClass('gform_validation_error');} else {jQuery('#gform_wrapper_63').removeClass('gform_validation_error');}setTimeout( function() { \/* delay the scroll by 50 milliseconds to fix a bug in chrome *\/  }, 50 );if(window['gformInitDatepicker']) {gformInitDatepicker();}if(window['gformInitPriceFields']) {gformInitPriceFields();}var current_page = jQuery('#gform_source_page_number_63').val();gformInitSpinner( 63, 'https:\/\/www.hoogendoorn.nl\/wp-content\/plugins\/gravityforms\/images\/spinner.svg', true );jQuery(document).trigger('gform_page_loaded', [63, current_page]);window['gf_submitting_63'] = false;}else if(!is_redirect){var confirmation_content = jQuery(this).contents().find('.GF_AJAX_POSTBACK').html();if(!confirmation_content){confirmation_content = contents;}jQuery('#gform_wrapper_63').replaceWith(confirmation_content);jQuery(document).trigger('gform_confirmation_loaded', [63]);window['gf_submitting_63'] = false;wp.a11y.speak(jQuery('#gform_confirmation_message_63').text());}else{jQuery('#gform_63').append(contents);if(window['gformRedirect']) {gformRedirect();}}jQuery(document).trigger(\"gform_pre_post_render\", [{ formId: \"63\", currentPage: \"current_page\", abort: function() { this.preventDefault(); } }]);                if (event && event.defaultPrevented) {                return;         }        const gformWrapperDiv = document.getElementById( \"gform_wrapper_63\" );        if ( gformWrapperDiv ) {            const visibilitySpan = document.createElement( \"span\" );            visibilitySpan.id = \"gform_visibility_test_63\";            gformWrapperDiv.insertAdjacentElement( \"afterend\", visibilitySpan );        }        const visibilityTestDiv = document.getElementById( \"gform_visibility_test_63\" );        let postRenderFired = false;                function triggerPostRender() {            if ( postRenderFired ) {                return;            }            postRenderFired = true;            jQuery( document ).trigger( 'gform_post_render', [63, current_page] );            gform.utils.trigger( { event: 'gform\/postRender', native: false, data: { formId: 63, currentPage: current_page } } );            if ( visibilityTestDiv ) {                visibilityTestDiv.parentNode.removeChild( visibilityTestDiv );            }        }        function debounce( func, wait, immediate ) {            var timeout;            return function() {                var context = this, args = arguments;                var later = function() {                    timeout = null;                    if ( !immediate ) func.apply( context, args );                };                var callNow = immediate && !timeout;                clearTimeout( timeout );                timeout = setTimeout( later, wait );                if ( callNow ) func.apply( context, args );            };        }        const debouncedTriggerPostRender = debounce( function() {            triggerPostRender();        }, 200 );        if ( visibilityTestDiv && visibilityTestDiv.offsetParent === null ) {            const observer = new MutationObserver( ( mutations ) => {                mutations.forEach( ( mutation ) => {                    if ( mutation.type === 'attributes' && visibilityTestDiv.offsetParent !== null ) {                        debouncedTriggerPostRender();                        observer.disconnect();                    }                });            });            observer.observe( document.body, {                attributes: true,                childList: false,                subtree: true,                attributeFilter: [ 'style', 'class' ],            });        } else {            triggerPostRender();        }    } );} );\n<\/script>\n\n","protected":false},"excerpt":{"rendered":"<p>Neden Hoogendoorn orta\u011f\u0131 olmal\u0131? Hoogendoorn Yeti\u015ftirme Y\u00f6netimi serac\u0131l\u0131k pazar\u0131 i\u00e7in en h\u0131zl\u0131 b\u00fcy\u00fcyen s\u00fcrd\u00fcr\u00fclebilir otomasyon \u00e7\u00f6z\u00fcmleri \u00fcreticisidir. Bunu yenilik\u00e7i \u00fcr\u00fcnlerimiz ve adanm\u0131\u015f ekibimiz yan\u0131 s\u0131ra &#8230;<\/p>\n<div class=\"item-read-more\">\n<p>        <a href=\"https:\/\/www.hoogendoorn.nl\/tr\/ortagimiz-olun\/\" style=\"font-weight: normal;\">Daha fazlas\u0131n\u0131 oku<br \/>\n<\/a><\/p><\/div>\n","protected":false},"author":101,"featured_media":0,"parent":0,"menu_order":0,"comment_status":"open","ping_status":"closed","template":"","meta":{"_acf_changed":false,"_et_pb_use_builder":"","_et_pb_old_content":"","_et_gb_content_width":"","_genesis_hide_title":false,"_genesis_hide_breadcrumbs":false,"_genesis_hide_singular_image":false,"_genesis_hide_footer_widgets":false,"_genesis_custom_body_class":"","_genesis_custom_post_class":"","_genesis_layout":"","footnotes":""},"class_list":{"0":"post-16325","1":"page","2":"type-page","3":"status-publish","5":"entry"},"acf":[],"yoast_head":"<!-- This site is optimized with the Yoast SEO plugin v26.6 - https:\/\/yoast.com\/wordpress\/plugins\/seo\/ -->\n<title>Orta\u011f\u0131m\u0131z olun - Hoogendoorn Growth Management<\/title>\n<meta name=\"robots\" content=\"index, follow, max-snippet:-1, max-image-preview:large, max-video-preview:-1\" \/>\n<link rel=\"canonical\" href=\"https:\/\/www.hoogendoorn.nl\/tr\/ortagimiz-olun\/\" \/>\n<meta property=\"og:locale\" content=\"tr_TR\" \/>\n<meta property=\"og:type\" content=\"article\" \/>\n<meta property=\"og:title\" content=\"Orta\u011f\u0131m\u0131z olun - Hoogendoorn Growth Management\" \/>\n<meta property=\"og:description\" content=\"Neden Hoogendoorn orta\u011f\u0131 olmal\u0131? Hoogendoorn Yeti\u015ftirme Y\u00f6netimi serac\u0131l\u0131k pazar\u0131 i\u00e7in en h\u0131zl\u0131 b\u00fcy\u00fcyen s\u00fcrd\u00fcr\u00fclebilir otomasyon \u00e7\u00f6z\u00fcmleri \u00fcreticisidir. Bunu yenilik\u00e7i \u00fcr\u00fcnlerimiz ve adanm\u0131\u015f ekibimiz yan\u0131 s\u0131ra ...        Daha fazlas\u0131n\u0131 oku\" \/>\n<meta property=\"og:url\" content=\"https:\/\/www.hoogendoorn.nl\/tr\/ortagimiz-olun\/\" \/>\n<meta property=\"og:site_name\" content=\"Hoogendoorn Growth Management\" \/>\n<meta property=\"article:modified_time\" content=\"2015-02-23T08:38:38+00:00\" \/>\n<meta name=\"twitter:label1\" content=\"Est. reading time\" \/>\n\t<meta name=\"twitter:data1\" content=\"1 minute\" \/>\n<script type=\"application\/ld+json\" class=\"yoast-schema-graph\">{\"@context\":\"https:\/\/schema.org\",\"@graph\":[{\"@type\":\"WebPage\",\"@id\":\"https:\/\/www.hoogendoorn.nl\/tr\/ortagimiz-olun\/\",\"url\":\"https:\/\/www.hoogendoorn.nl\/tr\/ortagimiz-olun\/\",\"name\":\"Orta\u011f\u0131m\u0131z olun - Hoogendoorn Growth Management\",\"isPartOf\":{\"@id\":\"https:\/\/www.hoogendoorn.nl\/#website\"},\"datePublished\":\"2015-01-23T08:55:40+00:00\",\"dateModified\":\"2015-02-23T08:38:38+00:00\",\"breadcrumb\":{\"@id\":\"https:\/\/www.hoogendoorn.nl\/tr\/ortagimiz-olun\/#breadcrumb\"},\"inLanguage\":\"tr\",\"potentialAction\":[{\"@type\":\"ReadAction\",\"target\":[\"https:\/\/www.hoogendoorn.nl\/tr\/ortagimiz-olun\/\"]}]},{\"@type\":\"BreadcrumbList\",\"@id\":\"https:\/\/www.hoogendoorn.nl\/tr\/ortagimiz-olun\/#breadcrumb\",\"itemListElement\":[{\"@type\":\"ListItem\",\"position\":1,\"name\":\"Home\",\"item\":\"https:\/\/www.hoogendoorn.nl\/tr\/\"},{\"@type\":\"ListItem\",\"position\":2,\"name\":\"Orta\u011f\u0131m\u0131z olun\"}]},{\"@type\":\"WebSite\",\"@id\":\"https:\/\/www.hoogendoorn.nl\/#website\",\"url\":\"https:\/\/www.hoogendoorn.nl\/\",\"name\":\"Hoogendoorn Growth Management\",\"description\":\"Wereldwijd duurzame tuinbouwoplossingen op maat\",\"potentialAction\":[{\"@type\":\"SearchAction\",\"target\":{\"@type\":\"EntryPoint\",\"urlTemplate\":\"https:\/\/www.hoogendoorn.nl\/?s={search_term_string}\"},\"query-input\":{\"@type\":\"PropertyValueSpecification\",\"valueRequired\":true,\"valueName\":\"search_term_string\"}}],\"inLanguage\":\"tr\"}]}<\/script>\n<!-- \/ Yoast SEO plugin. -->","yoast_head_json":{"title":"Orta\u011f\u0131m\u0131z olun - Hoogendoorn Growth Management","robots":{"index":"index","follow":"follow","max-snippet":"max-snippet:-1","max-image-preview":"max-image-preview:large","max-video-preview":"max-video-preview:-1"},"canonical":"https:\/\/www.hoogendoorn.nl\/tr\/ortagimiz-olun\/","og_locale":"tr_TR","og_type":"article","og_title":"Orta\u011f\u0131m\u0131z olun - Hoogendoorn Growth Management","og_description":"Neden Hoogendoorn orta\u011f\u0131 olmal\u0131? Hoogendoorn Yeti\u015ftirme Y\u00f6netimi serac\u0131l\u0131k pazar\u0131 i\u00e7in en h\u0131zl\u0131 b\u00fcy\u00fcyen s\u00fcrd\u00fcr\u00fclebilir otomasyon \u00e7\u00f6z\u00fcmleri \u00fcreticisidir. Bunu yenilik\u00e7i \u00fcr\u00fcnlerimiz ve adanm\u0131\u015f ekibimiz yan\u0131 s\u0131ra ...        Daha fazlas\u0131n\u0131 oku","og_url":"https:\/\/www.hoogendoorn.nl\/tr\/ortagimiz-olun\/","og_site_name":"Hoogendoorn Growth Management","article_modified_time":"2015-02-23T08:38:38+00:00","twitter_misc":{"Est. reading time":"1 minute"},"schema":{"@context":"https:\/\/schema.org","@graph":[{"@type":"WebPage","@id":"https:\/\/www.hoogendoorn.nl\/tr\/ortagimiz-olun\/","url":"https:\/\/www.hoogendoorn.nl\/tr\/ortagimiz-olun\/","name":"Orta\u011f\u0131m\u0131z olun - Hoogendoorn Growth Management","isPartOf":{"@id":"https:\/\/www.hoogendoorn.nl\/#website"},"datePublished":"2015-01-23T08:55:40+00:00","dateModified":"2015-02-23T08:38:38+00:00","breadcrumb":{"@id":"https:\/\/www.hoogendoorn.nl\/tr\/ortagimiz-olun\/#breadcrumb"},"inLanguage":"tr","potentialAction":[{"@type":"ReadAction","target":["https:\/\/www.hoogendoorn.nl\/tr\/ortagimiz-olun\/"]}]},{"@type":"BreadcrumbList","@id":"https:\/\/www.hoogendoorn.nl\/tr\/ortagimiz-olun\/#breadcrumb","itemListElement":[{"@type":"ListItem","position":1,"name":"Home","item":"https:\/\/www.hoogendoorn.nl\/tr\/"},{"@type":"ListItem","position":2,"name":"Orta\u011f\u0131m\u0131z olun"}]},{"@type":"WebSite","@id":"https:\/\/www.hoogendoorn.nl\/#website","url":"https:\/\/www.hoogendoorn.nl\/","name":"Hoogendoorn Growth Management","description":"Wereldwijd duurzame tuinbouwoplossingen op maat","potentialAction":[{"@type":"SearchAction","target":{"@type":"EntryPoint","urlTemplate":"https:\/\/www.hoogendoorn.nl\/?s={search_term_string}"},"query-input":{"@type":"PropertyValueSpecification","valueRequired":true,"valueName":"search_term_string"}}],"inLanguage":"tr"}]}},"_links":{"self":[{"href":"https:\/\/www.hoogendoorn.nl\/tr\/wp-json\/wp\/v2\/pages\/16325","targetHints":{"allow":["GET"]}}],"collection":[{"href":"https:\/\/www.hoogendoorn.nl\/tr\/wp-json\/wp\/v2\/pages"}],"about":[{"href":"https:\/\/www.hoogendoorn.nl\/tr\/wp-json\/wp\/v2\/types\/page"}],"author":[{"embeddable":true,"href":"https:\/\/www.hoogendoorn.nl\/tr\/wp-json\/wp\/v2\/users\/101"}],"replies":[{"embeddable":true,"href":"https:\/\/www.hoogendoorn.nl\/tr\/wp-json\/wp\/v2\/comments?post=16325"}],"version-history":[{"count":0,"href":"https:\/\/www.hoogendoorn.nl\/tr\/wp-json\/wp\/v2\/pages\/16325\/revisions"}],"wp:attachment":[{"href":"https:\/\/www.hoogendoorn.nl\/tr\/wp-json\/wp\/v2\/media?parent=16325"}],"curies":[{"name":"wp","href":"https:\/\/api.w.org\/{rel}","templated":true}]}}