{"id":16328,"date":"2015-01-23T09:21:54","date_gmt":"2015-01-23T09:21:54","guid":{"rendered":"http:\/\/nlhoog-salebaboe.savviihq.com\/?page_id=16328"},"modified":"2015-04-13T07:07:17","modified_gmt":"2015-04-13T07:07:17","slug":"egitim","status":"publish","type":"page","link":"https:\/\/www.hoogendoorn.nl\/tr\/egitim\/","title":{"rendered":"E\u011fitim"},"content":{"rendered":"<p>\u0130klim d\u00fczenlemesi, enerji optimizasyonu, su y\u00f6netimi ve bitki yeti\u015ftirme ile ilgili her \u015fey hakk\u0131nda geni\u015f bilgi ve deneyimlerimizi sizinle payla\u015fmaya \u00f6nem veriyoruz. Kurslar, at\u00f6lye \u00e7al\u0131\u015fmalar\u0131 ve temel s\u0131n\u0131flar ile, yeniliklerimiz ve s\u00fcrd\u00fcr\u00fclebilir teknolojimizden etkin bi\u00e7imde yararlanman\u0131za yard\u0131mc\u0131 oluyoruz. Serac\u0131l\u0131k sekt\u00f6r\u00fcndeki g\u00fcncel geli\u015fmeler de tart\u0131\u015f\u0131lmaktad\u0131r. Bunun i\u00e7in , sayg\u0131n \u00fcniversiteler ve ara\u015ft\u0131rma merkezleri ile i\u015fbirli\u011fi yap\u0131yoruz. Bilgi payla\u015f\u0131m\u0131 ile, hem \u00fcr\u00fcn\u00fcn\u00fcz\u00fc m\u00fcmk\u00fcn oldu\u011funca iyi yeti\u015ftirebilir ve \u00fcretiminizden maksimum kazan\u00e7 elde edebilirsiniz.<\/p>\n<p><strong>E\u011fitim olanaklar\u0131<\/strong><br \/>\nOfisimizde, \u015firket i\u00e7inde veya bir webinar yoluyla \u00e7evrimi\u00e7i (ihtiya\u00e7lara uyarlanm\u0131\u015f) e\u011fitim sa\u011fl\u0131yoruz. Kurslar\u0131m\u0131z, at\u00f6lye \u00e7al\u0131\u015fmalar\u0131m\u0131z ve temel s\u0131n\u0131flar\u0131m\u0131za ders materyali ve \u00f6\u011fle yeme\u011fi dahildir. T\u00fcm fiyatlar KDV hari\u00e7 fiyatlard\u0131r; fiyatlarda de\u011fi\u015fiklik yap\u0131labilir.<br \/>\n\u00c7al\u0131\u015fanlar\u0131m\u0131z t\u00fcm e\u011fitim olanaklar\u0131 hakk\u0131nda sizi bilgilendirmekten mutluluk duyacakt\u0131r.<br \/>\n\u015eirket hedeflerinize g\u00f6re, dan\u0131\u015fmanlar\u0131m\u0131z siz ve personeliniz i\u00e7in en uygun e\u011fitimi verecektir. Bizimle +31 (0)10 460 80 80 numaral\u0131 telefondan irtibata ge\u00e7iniz.<\/p>\n","protected":false},"excerpt":{"rendered":"<p>\u0130klim d\u00fczenlemesi, enerji optimizasyonu, su y\u00f6netimi ve bitki yeti\u015ftirme ile ilgili her \u015fey hakk\u0131nda geni\u015f bilgi ve deneyimlerimizi sizinle payla\u015fmaya \u00f6nem veriyoruz. Kurslar, at\u00f6lye \u00e7al\u0131\u015fmalar\u0131 &#8230;<\/p>\n<div class=\"item-read-more\">\n<p>        <a href=\"https:\/\/www.hoogendoorn.nl\/tr\/egitim\/\" style=\"font-weight: normal;\">Daha fazlas\u0131n\u0131 oku<br \/>\n<\/a><\/p><\/div>\n","protected":false},"author":101,"featured_media":0,"parent":0,"menu_order":0,"comment_status":"open","ping_status":"closed","template":"","meta":{"_acf_changed":false,"_et_pb_use_builder":"","_et_pb_old_content":"","_et_gb_content_width":"","_genesis_hide_title":false,"_genesis_hide_breadcrumbs":false,"_genesis_hide_singular_image":false,"_genesis_hide_footer_widgets":false,"_genesis_custom_body_class":"","_genesis_custom_post_class":"","_genesis_layout":"","footnotes":""},"class_list":{"0":"post-16328","1":"page","2":"type-page","3":"status-publish","5":"entry"},"acf":[],"yoast_head":"<!-- This site is optimized with the Yoast SEO plugin v26.6 - https:\/\/yoast.com\/wordpress\/plugins\/seo\/ -->\n<title>E\u011fitim - Hoogendoorn Growth Management<\/title>\n<meta name=\"robots\" content=\"index, follow, max-snippet:-1, max-image-preview:large, max-video-preview:-1\" \/>\n<link rel=\"canonical\" href=\"https:\/\/www.hoogendoorn.nl\/tr\/egitim\/\" \/>\n<meta property=\"og:locale\" content=\"tr_TR\" \/>\n<meta property=\"og:type\" content=\"article\" \/>\n<meta property=\"og:title\" content=\"E\u011fitim - Hoogendoorn Growth Management\" \/>\n<meta property=\"og:description\" content=\"\u0130klim d\u00fczenlemesi, enerji optimizasyonu, su y\u00f6netimi ve bitki yeti\u015ftirme ile ilgili her \u015fey hakk\u0131nda geni\u015f bilgi ve deneyimlerimizi sizinle payla\u015fmaya \u00f6nem veriyoruz. Kurslar, at\u00f6lye \u00e7al\u0131\u015fmalar\u0131 ...        Daha fazlas\u0131n\u0131 oku\" \/>\n<meta property=\"og:url\" content=\"https:\/\/www.hoogendoorn.nl\/tr\/egitim\/\" \/>\n<meta property=\"og:site_name\" content=\"Hoogendoorn Growth Management\" \/>\n<meta property=\"article:modified_time\" content=\"2015-04-13T07:07:17+00:00\" \/>\n<meta name=\"twitter:label1\" content=\"Est. reading time\" \/>\n\t<meta name=\"twitter:data1\" content=\"1 minute\" \/>\n<script type=\"application\/ld+json\" class=\"yoast-schema-graph\">{\"@context\":\"https:\/\/schema.org\",\"@graph\":[{\"@type\":\"WebPage\",\"@id\":\"https:\/\/www.hoogendoorn.nl\/tr\/egitim\/\",\"url\":\"https:\/\/www.hoogendoorn.nl\/tr\/egitim\/\",\"name\":\"E\u011fitim - Hoogendoorn Growth Management\",\"isPartOf\":{\"@id\":\"https:\/\/www.hoogendoorn.nl\/#website\"},\"datePublished\":\"2015-01-23T09:21:54+00:00\",\"dateModified\":\"2015-04-13T07:07:17+00:00\",\"breadcrumb\":{\"@id\":\"https:\/\/www.hoogendoorn.nl\/tr\/egitim\/#breadcrumb\"},\"inLanguage\":\"tr\",\"potentialAction\":[{\"@type\":\"ReadAction\",\"target\":[\"https:\/\/www.hoogendoorn.nl\/tr\/egitim\/\"]}]},{\"@type\":\"BreadcrumbList\",\"@id\":\"https:\/\/www.hoogendoorn.nl\/tr\/egitim\/#breadcrumb\",\"itemListElement\":[{\"@type\":\"ListItem\",\"position\":1,\"name\":\"Home\",\"item\":\"https:\/\/www.hoogendoorn.nl\/tr\/\"},{\"@type\":\"ListItem\",\"position\":2,\"name\":\"E\u011fitim\"}]},{\"@type\":\"WebSite\",\"@id\":\"https:\/\/www.hoogendoorn.nl\/#website\",\"url\":\"https:\/\/www.hoogendoorn.nl\/\",\"name\":\"Hoogendoorn Growth Management\",\"description\":\"Wereldwijd duurzame tuinbouwoplossingen op maat\",\"potentialAction\":[{\"@type\":\"SearchAction\",\"target\":{\"@type\":\"EntryPoint\",\"urlTemplate\":\"https:\/\/www.hoogendoorn.nl\/?s={search_term_string}\"},\"query-input\":{\"@type\":\"PropertyValueSpecification\",\"valueRequired\":true,\"valueName\":\"search_term_string\"}}],\"inLanguage\":\"tr\"}]}<\/script>\n<!-- \/ Yoast SEO plugin. -->","yoast_head_json":{"title":"E\u011fitim - Hoogendoorn Growth Management","robots":{"index":"index","follow":"follow","max-snippet":"max-snippet:-1","max-image-preview":"max-image-preview:large","max-video-preview":"max-video-preview:-1"},"canonical":"https:\/\/www.hoogendoorn.nl\/tr\/egitim\/","og_locale":"tr_TR","og_type":"article","og_title":"E\u011fitim - Hoogendoorn Growth Management","og_description":"\u0130klim d\u00fczenlemesi, enerji optimizasyonu, su y\u00f6netimi ve bitki yeti\u015ftirme ile ilgili her \u015fey hakk\u0131nda geni\u015f bilgi ve deneyimlerimizi sizinle payla\u015fmaya \u00f6nem veriyoruz. Kurslar, at\u00f6lye \u00e7al\u0131\u015fmalar\u0131 ...        Daha fazlas\u0131n\u0131 oku","og_url":"https:\/\/www.hoogendoorn.nl\/tr\/egitim\/","og_site_name":"Hoogendoorn Growth Management","article_modified_time":"2015-04-13T07:07:17+00:00","twitter_misc":{"Est. reading time":"1 minute"},"schema":{"@context":"https:\/\/schema.org","@graph":[{"@type":"WebPage","@id":"https:\/\/www.hoogendoorn.nl\/tr\/egitim\/","url":"https:\/\/www.hoogendoorn.nl\/tr\/egitim\/","name":"E\u011fitim - Hoogendoorn Growth Management","isPartOf":{"@id":"https:\/\/www.hoogendoorn.nl\/#website"},"datePublished":"2015-01-23T09:21:54+00:00","dateModified":"2015-04-13T07:07:17+00:00","breadcrumb":{"@id":"https:\/\/www.hoogendoorn.nl\/tr\/egitim\/#breadcrumb"},"inLanguage":"tr","potentialAction":[{"@type":"ReadAction","target":["https:\/\/www.hoogendoorn.nl\/tr\/egitim\/"]}]},{"@type":"BreadcrumbList","@id":"https:\/\/www.hoogendoorn.nl\/tr\/egitim\/#breadcrumb","itemListElement":[{"@type":"ListItem","position":1,"name":"Home","item":"https:\/\/www.hoogendoorn.nl\/tr\/"},{"@type":"ListItem","position":2,"name":"E\u011fitim"}]},{"@type":"WebSite","@id":"https:\/\/www.hoogendoorn.nl\/#website","url":"https:\/\/www.hoogendoorn.nl\/","name":"Hoogendoorn Growth Management","description":"Wereldwijd duurzame tuinbouwoplossingen op maat","potentialAction":[{"@type":"SearchAction","target":{"@type":"EntryPoint","urlTemplate":"https:\/\/www.hoogendoorn.nl\/?s={search_term_string}"},"query-input":{"@type":"PropertyValueSpecification","valueRequired":true,"valueName":"search_term_string"}}],"inLanguage":"tr"}]}},"_links":{"self":[{"href":"https:\/\/www.hoogendoorn.nl\/tr\/wp-json\/wp\/v2\/pages\/16328","targetHints":{"allow":["GET"]}}],"collection":[{"href":"https:\/\/www.hoogendoorn.nl\/tr\/wp-json\/wp\/v2\/pages"}],"about":[{"href":"https:\/\/www.hoogendoorn.nl\/tr\/wp-json\/wp\/v2\/types\/page"}],"author":[{"embeddable":true,"href":"https:\/\/www.hoogendoorn.nl\/tr\/wp-json\/wp\/v2\/users\/101"}],"replies":[{"embeddable":true,"href":"https:\/\/www.hoogendoorn.nl\/tr\/wp-json\/wp\/v2\/comments?post=16328"}],"version-history":[{"count":0,"href":"https:\/\/www.hoogendoorn.nl\/tr\/wp-json\/wp\/v2\/pages\/16328\/revisions"}],"wp:attachment":[{"href":"https:\/\/www.hoogendoorn.nl\/tr\/wp-json\/wp\/v2\/media?parent=16328"}],"curies":[{"name":"wp","href":"https:\/\/api.w.org\/{rel}","templated":true}]}}