{"id":16334,"date":"2015-01-23T10:21:05","date_gmt":"2015-01-23T10:21:05","guid":{"rendered":"http:\/\/nlhoog-salebaboe.savviihq.com\/?page_id=16334"},"modified":"2018-08-17T08:22:45","modified_gmt":"2018-08-17T08:22:45","slug":"kalite-ve-yenilik","status":"publish","type":"page","link":"https:\/\/www.hoogendoorn.nl\/tr\/hakkimizda\/kalite-ve-yenilik\/","title":{"rendered":"Kalite ve yenilik"},"content":{"rendered":"<p><strong>Yenilik<\/strong><br \/>\nHer y\u0131l , cironun %15\u2019i \u00fcr\u00fcn yenilikleri ve geli\u015ftirme i\u00e7in kullan\u0131l\u0131r. Kendi ArGe departman\u0131m\u0131z d\u00fcnya \u00e7ap\u0131nda yenilik\u00e7i m\u00fc\u015fteriler ve \u00f6nde gelen \u00fcniversiteler ile birlikte \u00e7al\u0131\u015f\u0131r.<br \/>\nHoogendoorn\u2019un yenilikleri en son teknoloji ve donan\u0131m ile donat\u0131l\u0131r ve uluslararas\u0131 kalite standartlar\u0131na g\u00f6re \u00fcretilir.<\/p>\n<p><strong>Kalite y\u00f6netimi<\/strong><br \/>\nS\u00fcrd\u00fcr\u00fclebilirlik ve kullan\u0131m kolayl\u0131\u011f\u0131 yan\u0131nda, kalite de yeniliklerimiz i\u00e7in \u00f6nemli bir ilkedir. Hoogendoorn sistemleri, son derece dayan\u0131kl\u0131 end\u00fcstriyel donan\u0131m kullan\u0131m\u0131 sayesinde uzun bir \u00f6mre sahiptir. Dahas\u0131, t\u00fcm sistemler en son yaz\u0131l\u0131m ile kolayca y\u00fckseltilebilir. Sonu\u00e7 olarak, bu otomasyon \u00e7\u00f6z\u00fcmlerimizi y\u00fcksek getirili bir uzun vadeli bir yat\u0131r\u0131m yapar. \u00dcr\u00fcn ve s\u00fcre\u00e7lerimizin s\u00fcrekli kalitesini g\u00fcvence alt\u0131na almak i\u00e7in, Hoogendoorn ISO 9001 ve HortiQ belgeli.<\/p>\n<p><a href=\"https:\/\/www.hoogendoorn.nl\/wp-content\/uploads\/2015\/01\/Kiwa-ISO-9001-logo-UK.jpg\"><img loading=\"lazy\" decoding=\"async\" class=\"alignleft wp-image-20605\" src=\"https:\/\/www.hoogendoorn.nl\/wp-content\/uploads\/2015\/01\/Kiwa-ISO-9001-logo-UK.jpg\" alt=\"\" width=\"100\" height=\"191\" srcset=\"https:\/\/www.hoogendoorn.nl\/wp-content\/uploads\/2015\/01\/Kiwa-ISO-9001-logo-UK.jpg 929w, https:\/\/www.hoogendoorn.nl\/wp-content\/uploads\/2015\/01\/Kiwa-ISO-9001-logo-UK-157x300.jpg 157w, https:\/\/www.hoogendoorn.nl\/wp-content\/uploads\/2015\/01\/Kiwa-ISO-9001-logo-UK-535x1024.jpg 535w\" sizes=\"auto, (max-width: 100px) 100vw, 100px\" \/><\/a><br \/>\n<em>ISO 9001 belgeli kalite y\u00f6netim sistemleri<\/em><br \/>\nISO 9001 Kalite Y\u00f6netim Sistemleri i\u00e7in uluslararas\u0131 tan\u0131nan bir standartt\u0131r. Firmam\u0131z\u0131n sistematik ve s\u00fcre\u00e7 odakl\u0131 yakla\u015f\u0131m ile, kalite ve tutarl\u0131 d\u00fczeyde memnuniyet tamamlan\u0131r.<\/p>\n<p>&nbsp;<\/p>\n<p>&nbsp;<\/p>\n<p>&nbsp;<\/p>\n<p><em><a href=\"https:\/\/www.hoogendoorn.nl\/wp-content\/uploads\/2018\/06\/HortiQ-8001-rgb.png\"><img loading=\"lazy\" decoding=\"async\" class=\"alignleft wp-image-28589\" src=\"https:\/\/www.hoogendoorn.nl\/wp-content\/uploads\/2018\/06\/HortiQ-8001-rgb-219x300.png\" alt=\"\" width=\"100\" height=\"137\" srcset=\"https:\/\/www.hoogendoorn.nl\/wp-content\/uploads\/2018\/06\/HortiQ-8001-rgb-219x300.png 219w, https:\/\/www.hoogendoorn.nl\/wp-content\/uploads\/2018\/06\/HortiQ-8001-rgb.png 400w\" sizes=\"auto, (max-width: 100px) 100vw, 100px\" \/><\/a><br \/>\nDonan\u0131m kalitesi HortiQ belgeli BRL 8001<\/em><br \/>\nHortiQ, size t\u00fcm \u00fcr\u00fcnlerin kat\u0131 teknik gereksinimlere g\u00f6re \u00fcretildi\u011fi ve bunlar\u0131n da uluslararas\u0131 standartlara uygun oldu\u011fu konusunda g\u00fcvence veren ba\u011f\u0131ms\u0131z ve g\u00fcvenilir bir kalite belgesidir.<\/p>\n","protected":false},"excerpt":{"rendered":"<p>Yenilik Her y\u0131l , cironun %15\u2019i \u00fcr\u00fcn yenilikleri ve geli\u015ftirme i\u00e7in kullan\u0131l\u0131r. Kendi ArGe departman\u0131m\u0131z d\u00fcnya \u00e7ap\u0131nda yenilik\u00e7i m\u00fc\u015fteriler ve \u00f6nde gelen \u00fcniversiteler ile birlikte &#8230;<\/p>\n<div class=\"item-read-more\">\n<p>        <a href=\"https:\/\/www.hoogendoorn.nl\/tr\/hakkimizda\/kalite-ve-yenilik\/\" style=\"font-weight: normal;\">Daha fazlas\u0131n\u0131 oku<br \/>\n<\/a><\/p><\/div>\n","protected":false},"author":101,"featured_media":0,"parent":11067,"menu_order":0,"comment_status":"open","ping_status":"open","template":"","meta":{"_acf_changed":false,"_et_pb_use_builder":"","_et_pb_old_content":"","_et_gb_content_width":"","_genesis_hide_title":false,"_genesis_hide_breadcrumbs":false,"_genesis_hide_singular_image":false,"_genesis_hide_footer_widgets":false,"_genesis_custom_body_class":"","_genesis_custom_post_class":"","_genesis_layout":"","footnotes":""},"class_list":{"0":"post-16334","1":"page","2":"type-page","3":"status-publish","5":"entry"},"acf":[],"yoast_head":"<!-- This site is optimized with the Yoast SEO plugin v26.6 - https:\/\/yoast.com\/wordpress\/plugins\/seo\/ -->\n<title>Kalite ve yenilik - Hoogendoorn Growth Management<\/title>\n<meta name=\"robots\" content=\"index, follow, max-snippet:-1, max-image-preview:large, max-video-preview:-1\" \/>\n<link rel=\"canonical\" href=\"https:\/\/www.hoogendoorn.nl\/tr\/hakkimizda\/kalite-ve-yenilik\/\" \/>\n<meta property=\"og:locale\" content=\"tr_TR\" \/>\n<meta property=\"og:type\" content=\"article\" \/>\n<meta property=\"og:title\" content=\"Kalite ve yenilik - Hoogendoorn Growth Management\" \/>\n<meta property=\"og:description\" content=\"Yenilik Her y\u0131l , cironun %15\u2019i \u00fcr\u00fcn yenilikleri ve geli\u015ftirme i\u00e7in kullan\u0131l\u0131r. Kendi ArGe departman\u0131m\u0131z d\u00fcnya \u00e7ap\u0131nda yenilik\u00e7i m\u00fc\u015fteriler ve \u00f6nde gelen \u00fcniversiteler ile birlikte ...        Daha fazlas\u0131n\u0131 oku\" \/>\n<meta property=\"og:url\" content=\"https:\/\/www.hoogendoorn.nl\/tr\/hakkimizda\/kalite-ve-yenilik\/\" \/>\n<meta property=\"og:site_name\" content=\"Hoogendoorn Growth Management\" \/>\n<meta property=\"article:modified_time\" content=\"2018-08-17T08:22:45+00:00\" \/>\n<meta property=\"og:image\" content=\"https:\/\/www.hoogendoorn.nl\/wp-content\/uploads\/2015\/01\/Kiwa-ISO-9001-logo-UK.jpg\" \/>\n<meta name=\"twitter:label1\" content=\"Est. reading time\" \/>\n\t<meta name=\"twitter:data1\" content=\"1 minute\" \/>\n<script type=\"application\/ld+json\" class=\"yoast-schema-graph\">{\"@context\":\"https:\/\/schema.org\",\"@graph\":[{\"@type\":\"WebPage\",\"@id\":\"https:\/\/www.hoogendoorn.nl\/tr\/hakkimizda\/kalite-ve-yenilik\/\",\"url\":\"https:\/\/www.hoogendoorn.nl\/tr\/hakkimizda\/kalite-ve-yenilik\/\",\"name\":\"Kalite ve yenilik - Hoogendoorn Growth Management\",\"isPartOf\":{\"@id\":\"https:\/\/www.hoogendoorn.nl\/#website\"},\"primaryImageOfPage\":{\"@id\":\"https:\/\/www.hoogendoorn.nl\/tr\/hakkimizda\/kalite-ve-yenilik\/#primaryimage\"},\"image\":{\"@id\":\"https:\/\/www.hoogendoorn.nl\/tr\/hakkimizda\/kalite-ve-yenilik\/#primaryimage\"},\"thumbnailUrl\":\"https:\/\/www.hoogendoorn.nl\/wp-content\/uploads\/2015\/01\/Kiwa-ISO-9001-logo-UK.jpg\",\"datePublished\":\"2015-01-23T10:21:05+00:00\",\"dateModified\":\"2018-08-17T08:22:45+00:00\",\"breadcrumb\":{\"@id\":\"https:\/\/www.hoogendoorn.nl\/tr\/hakkimizda\/kalite-ve-yenilik\/#breadcrumb\"},\"inLanguage\":\"tr\",\"potentialAction\":[{\"@type\":\"ReadAction\",\"target\":[\"https:\/\/www.hoogendoorn.nl\/tr\/hakkimizda\/kalite-ve-yenilik\/\"]}]},{\"@type\":\"ImageObject\",\"inLanguage\":\"tr\",\"@id\":\"https:\/\/www.hoogendoorn.nl\/tr\/hakkimizda\/kalite-ve-yenilik\/#primaryimage\",\"url\":\"https:\/\/www.hoogendoorn.nl\/wp-content\/uploads\/2015\/01\/Kiwa-ISO-9001-logo-UK.jpg\",\"contentUrl\":\"https:\/\/www.hoogendoorn.nl\/wp-content\/uploads\/2015\/01\/Kiwa-ISO-9001-logo-UK.jpg\"},{\"@type\":\"BreadcrumbList\",\"@id\":\"https:\/\/www.hoogendoorn.nl\/tr\/hakkimizda\/kalite-ve-yenilik\/#breadcrumb\",\"itemListElement\":[{\"@type\":\"ListItem\",\"position\":1,\"name\":\"Home\",\"item\":\"https:\/\/www.hoogendoorn.nl\/tr\/\"},{\"@type\":\"ListItem\",\"position\":2,\"name\":\"Hakk\u0131m\u0131zda\",\"item\":\"https:\/\/www.hoogendoorn.nl\/tr\/hakkimizda\/\"},{\"@type\":\"ListItem\",\"position\":3,\"name\":\"Kalite ve yenilik\"}]},{\"@type\":\"WebSite\",\"@id\":\"https:\/\/www.hoogendoorn.nl\/#website\",\"url\":\"https:\/\/www.hoogendoorn.nl\/\",\"name\":\"Hoogendoorn Growth Management\",\"description\":\"Wereldwijd duurzame tuinbouwoplossingen op maat\",\"potentialAction\":[{\"@type\":\"SearchAction\",\"target\":{\"@type\":\"EntryPoint\",\"urlTemplate\":\"https:\/\/www.hoogendoorn.nl\/?s={search_term_string}\"},\"query-input\":{\"@type\":\"PropertyValueSpecification\",\"valueRequired\":true,\"valueName\":\"search_term_string\"}}],\"inLanguage\":\"tr\"}]}<\/script>\n<!-- \/ Yoast SEO plugin. -->","yoast_head_json":{"title":"Kalite ve yenilik - Hoogendoorn Growth Management","robots":{"index":"index","follow":"follow","max-snippet":"max-snippet:-1","max-image-preview":"max-image-preview:large","max-video-preview":"max-video-preview:-1"},"canonical":"https:\/\/www.hoogendoorn.nl\/tr\/hakkimizda\/kalite-ve-yenilik\/","og_locale":"tr_TR","og_type":"article","og_title":"Kalite ve yenilik - Hoogendoorn Growth Management","og_description":"Yenilik Her y\u0131l , cironun %15\u2019i \u00fcr\u00fcn yenilikleri ve geli\u015ftirme i\u00e7in kullan\u0131l\u0131r. Kendi ArGe departman\u0131m\u0131z d\u00fcnya \u00e7ap\u0131nda yenilik\u00e7i m\u00fc\u015fteriler ve \u00f6nde gelen \u00fcniversiteler ile birlikte ...        Daha fazlas\u0131n\u0131 oku","og_url":"https:\/\/www.hoogendoorn.nl\/tr\/hakkimizda\/kalite-ve-yenilik\/","og_site_name":"Hoogendoorn Growth Management","article_modified_time":"2018-08-17T08:22:45+00:00","og_image":[{"url":"https:\/\/www.hoogendoorn.nl\/wp-content\/uploads\/2015\/01\/Kiwa-ISO-9001-logo-UK.jpg","type":"","width":"","height":""}],"twitter_misc":{"Est. reading time":"1 minute"},"schema":{"@context":"https:\/\/schema.org","@graph":[{"@type":"WebPage","@id":"https:\/\/www.hoogendoorn.nl\/tr\/hakkimizda\/kalite-ve-yenilik\/","url":"https:\/\/www.hoogendoorn.nl\/tr\/hakkimizda\/kalite-ve-yenilik\/","name":"Kalite ve yenilik - Hoogendoorn Growth Management","isPartOf":{"@id":"https:\/\/www.hoogendoorn.nl\/#website"},"primaryImageOfPage":{"@id":"https:\/\/www.hoogendoorn.nl\/tr\/hakkimizda\/kalite-ve-yenilik\/#primaryimage"},"image":{"@id":"https:\/\/www.hoogendoorn.nl\/tr\/hakkimizda\/kalite-ve-yenilik\/#primaryimage"},"thumbnailUrl":"https:\/\/www.hoogendoorn.nl\/wp-content\/uploads\/2015\/01\/Kiwa-ISO-9001-logo-UK.jpg","datePublished":"2015-01-23T10:21:05+00:00","dateModified":"2018-08-17T08:22:45+00:00","breadcrumb":{"@id":"https:\/\/www.hoogendoorn.nl\/tr\/hakkimizda\/kalite-ve-yenilik\/#breadcrumb"},"inLanguage":"tr","potentialAction":[{"@type":"ReadAction","target":["https:\/\/www.hoogendoorn.nl\/tr\/hakkimizda\/kalite-ve-yenilik\/"]}]},{"@type":"ImageObject","inLanguage":"tr","@id":"https:\/\/www.hoogendoorn.nl\/tr\/hakkimizda\/kalite-ve-yenilik\/#primaryimage","url":"https:\/\/www.hoogendoorn.nl\/wp-content\/uploads\/2015\/01\/Kiwa-ISO-9001-logo-UK.jpg","contentUrl":"https:\/\/www.hoogendoorn.nl\/wp-content\/uploads\/2015\/01\/Kiwa-ISO-9001-logo-UK.jpg"},{"@type":"BreadcrumbList","@id":"https:\/\/www.hoogendoorn.nl\/tr\/hakkimizda\/kalite-ve-yenilik\/#breadcrumb","itemListElement":[{"@type":"ListItem","position":1,"name":"Home","item":"https:\/\/www.hoogendoorn.nl\/tr\/"},{"@type":"ListItem","position":2,"name":"Hakk\u0131m\u0131zda","item":"https:\/\/www.hoogendoorn.nl\/tr\/hakkimizda\/"},{"@type":"ListItem","position":3,"name":"Kalite ve yenilik"}]},{"@type":"WebSite","@id":"https:\/\/www.hoogendoorn.nl\/#website","url":"https:\/\/www.hoogendoorn.nl\/","name":"Hoogendoorn Growth Management","description":"Wereldwijd duurzame tuinbouwoplossingen op maat","potentialAction":[{"@type":"SearchAction","target":{"@type":"EntryPoint","urlTemplate":"https:\/\/www.hoogendoorn.nl\/?s={search_term_string}"},"query-input":{"@type":"PropertyValueSpecification","valueRequired":true,"valueName":"search_term_string"}}],"inLanguage":"tr"}]}},"_links":{"self":[{"href":"https:\/\/www.hoogendoorn.nl\/tr\/wp-json\/wp\/v2\/pages\/16334","targetHints":{"allow":["GET"]}}],"collection":[{"href":"https:\/\/www.hoogendoorn.nl\/tr\/wp-json\/wp\/v2\/pages"}],"about":[{"href":"https:\/\/www.hoogendoorn.nl\/tr\/wp-json\/wp\/v2\/types\/page"}],"author":[{"embeddable":true,"href":"https:\/\/www.hoogendoorn.nl\/tr\/wp-json\/wp\/v2\/users\/101"}],"replies":[{"embeddable":true,"href":"https:\/\/www.hoogendoorn.nl\/tr\/wp-json\/wp\/v2\/comments?post=16334"}],"version-history":[{"count":0,"href":"https:\/\/www.hoogendoorn.nl\/tr\/wp-json\/wp\/v2\/pages\/16334\/revisions"}],"up":[{"embeddable":true,"href":"https:\/\/www.hoogendoorn.nl\/tr\/wp-json\/wp\/v2\/pages\/11067"}],"wp:attachment":[{"href":"https:\/\/www.hoogendoorn.nl\/tr\/wp-json\/wp\/v2\/media?parent=16334"}],"curies":[{"name":"wp","href":"https:\/\/api.w.org\/{rel}","templated":true}]}}