{"id":17097,"date":"2015-01-29T10:03:58","date_gmt":"2015-01-29T10:03:58","guid":{"rendered":"http:\/\/nlhoog-salebaboe.savviihq.com\/?page_id=17097"},"modified":"2015-03-18T14:54:49","modified_gmt":"2015-03-18T14:54:49","slug":"projeler","status":"publish","type":"page","link":"https:\/\/www.hoogendoorn.nl\/tr\/projeler\/","title":{"rendered":"Projeler"},"content":{"rendered":"<script type=\"text\/javascript\">\n\n\n\njQuery(document).ready(function($) {\n\n    var isTouch = (('ontouchstart' in window) || (navigator.msMaxTouchPoints > 0));\n\n    if (!isTouch) {\n\n        $('article.project .entry-link').hover(function(){\n\n            $(this).find('.entry-info-toggle').css('visibility', 'visible').animate({height:'235px'},250);\n\n\n        }, function(){\n\n            $(this).find('.entry-info-toggle').animate({height:'0px'},250, function(){\n\n                $(this).css('visibility', 'hidden');\n\n            });\n\n        });\n\n    }\n\n\n\n});\n\n\n\n<\/script>\n\n\n\n<section class=\"project-list\">\n\n\n\n    \n\n\n        \n\n\n            <article class=\"project entry\" itemscope=\"itemscope\" itemtype=\"http:\/\/schema.org\/BlogPosting\" itemprop=\"blogPost\">\n\n\n\n                <header class=\"entry-header\">\n\n\n\n                    <div class=\"entry-img\">\n\n\n\n                        <a href=\"https:\/\/www.hoogendoorn.nl\/tr\/project\/cluster-bergschenhoek\/\"  class=\"entry-link\" style=\"background-image: url('https:\/\/www.hoogendoorn.nl\/wp-content\/uploads\/2015\/03\/Aircobreeze_verticaal-ventileren_Aad-Zuijderwijk_web.jpg');\" >\n\n\n\n                            <div class=\"entry-info-toggle\">\n\n\n\n                                <div class=\"entry-subtitle\">\u201c5 yeti\u015ftiricimiz gibi, ben de Hoogendoorn iklim bilgisayar\u0131 kullan\u0131yorum. Bence bir b\u00fcy\u00fck avantaj da \u00e7ok say\u0131da kontrol\u00fc \u00f6zelle\u015ftirebilmeniz.\u201d<\/div>\n\n                                <div class=\"entry-short-description\">20 ha<br \/>\r\nBiber, k\u00fc\u00e7\u00fck ve b\u00fcy\u00fck \u00e7i\u00e7ekli gerbera, domates ve bromeliad<\/div>\n\n\n\n                            <\/div>\n\n\n\n                            <div class=\"entry-info\">\n\n                                <h1>Cluster Bergschenhoek<\/h1>\n\n                                <div class=\"entry-country\">Hollanda<\/div>\n\n                            <\/div>\n\n\n\n                        <\/a>\n\n\n\n                    <\/div>\n\n\n\n                <\/header>\n\n\n\n\t\t\t<\/article>\n\n\n\n        \n\n\n            <article class=\"project entry\" itemscope=\"itemscope\" itemtype=\"http:\/\/schema.org\/BlogPosting\" itemprop=\"blogPost\">\n\n\n\n                <header class=\"entry-header\">\n\n\n\n                    <div class=\"entry-img\">\n\n\n\n                        <a href=\"https:\/\/www.hoogendoorn.nl\/tr\/project\/van-den-berg-roses\/\"  class=\"entry-link\" style=\"background-image: url('https:\/\/www.hoogendoorn.nl\/wp-content\/uploads\/2015\/03\/Witte-rozen-close-up_web.jpg');\" >\n\n\n\n                            <div class=\"entry-info-toggle\">\n\n\n\n                                <div class=\"entry-subtitle\">\u201cDaha d\u00fc\u015f\u00fck su ve g\u00fcbre girdileri ile daha y\u00fcksek \u00fcretim seviyeleri sayesinde, getiri artarken i\u015fletme maliyetleri d\u00fc\u015f\u00fck kal\u0131yor.\u201d<\/div>\n\n                                <div class=\"entry-short-description\">1,6 ha<br \/>\r\nG\u00fcl<\/div>\n\n\n\n                            <\/div>\n\n\n\n                            <div class=\"entry-info\">\n\n                                <h1>Van den Berg Roses<\/h1>\n\n                                <div class=\"entry-country\">Kenya<\/div>\n\n                            <\/div>\n\n\n\n                        <\/a>\n\n\n\n                    <\/div>\n\n\n\n                <\/header>\n\n\n\n\t\t\t<\/article>\n\n\n\n        \n\n\n            <article class=\"project entry\" itemscope=\"itemscope\" itemtype=\"http:\/\/schema.org\/BlogPosting\" itemprop=\"blogPost\">\n\n\n\n                <header class=\"entry-header\">\n\n\n\n                    <div class=\"entry-img\">\n\n\n\n                        <a href=\"https:\/\/www.hoogendoorn.nl\/tr\/project\/clement\/\"  class=\"entry-link\" style=\"background-image: url('https:\/\/www.hoogendoorn.nl\/wp-content\/uploads\/2015\/07\/Klanten-Van-der-Hoeven-ModulAIR-kas-Serre-Clement-Frankrijk-2013-3-e1439375171968.jpg');\" >\n\n\n\n                            <div class=\"entry-info-toggle\">\n\n\n\n                                <div class=\"entry-subtitle\">\u201cDi\u011fer tedarik\u00e7iler ile daha \u00e7ok yaz\u0131l\u0131m d\u00fczenlemeyi etkiliyor, ama iSii ile  kendi stratejimizi tan\u0131ml\u0131yoruz. A\u00e7\u0131k yaz\u0131l\u0131m\u0131 sayesinde, programlamada daha fazla \u00f6zg\u00fcrl\u00fc\u011f\u00fcm\u00fcz var.\u201d <\/div>\n\n                                <div class=\"entry-short-description\">3,5 ha<br \/>\r\nDomates<\/div>\n\n\n\n                            <\/div>\n\n\n\n                            <div class=\"entry-info\">\n\n                                <h1>Cl\u00e9ment<\/h1>\n\n                                <div class=\"entry-country\">Fransa<\/div>\n\n                            <\/div>\n\n\n\n                        <\/a>\n\n\n\n                    <\/div>\n\n\n\n                <\/header>\n\n\n\n\t\t\t<\/article>\n\n\n\n        \n\n\n            <article class=\"project entry\" itemscope=\"itemscope\" itemtype=\"http:\/\/schema.org\/BlogPosting\" itemprop=\"blogPost\">\n\n\n\n                <header class=\"entry-header\">\n\n\n\n                    <div class=\"entry-img\">\n\n\n\n                        <a href=\"https:\/\/www.hoogendoorn.nl\/tr\/project\/agro-invest\/\"  class=\"entry-link\" style=\"background-image: url('https:\/\/www.hoogendoorn.nl\/wp-content\/uploads\/2016\/05\/Hoogendoorn-Agro-invest_1_V2.jpg');\" >\n\n\n\n                            <div class=\"entry-info-toggle\">\n\n\n\n                                <div class=\"entry-subtitle\">\u201c\u0130klim bilgisayar\u0131 esnek, g\u00fcvenilir ve kullan\u0131m\u0131 kolay olmal\u0131. Bu Hoogendoorn'u se\u00e7memize yol a\u00e7t\u0131.\u201d<\/div>\n\n                                <div class=\"entry-short-description\">20 ha<br \/>\r\nDomates, salatal\u0131k, gen\u00e7 bitkiler<\/div>\n\n\n\n                            <\/div>\n\n\n\n                            <div class=\"entry-info\">\n\n                                <h1>Agro-Invest<\/h1>\n\n                                <div class=\"entry-country\">Rusya<\/div>\n\n                            <\/div>\n\n\n\n                        <\/a>\n\n\n\n                    <\/div>\n\n\n\n                <\/header>\n\n\n\n\t\t\t<\/article>\n\n\n\n        \n\n\n            <article class=\"project entry\" itemscope=\"itemscope\" itemtype=\"http:\/\/schema.org\/BlogPosting\" itemprop=\"blogPost\">\n\n\n\n                <header class=\"entry-header\">\n\n\n\n                    <div class=\"entry-img\">\n\n\n\n                        <a href=\"https:\/\/www.hoogendoorn.nl\/tr\/project\/techni-gro\/\"  class=\"entry-link\" style=\"background-image: url('https:\/\/www.hoogendoorn.nl\/wp-content\/uploads\/2015\/03\/Gerbera-greenhouse_web.jpg');\" >\n\n\n\n                            <div class=\"entry-info-toggle\">\n\n\n\n                                <div class=\"entry-subtitle\">\u201ciSii kullanmaya ba\u015flamam\u0131zdan bu yana, daha y\u00fcksek enerji tasarrufu ile \u00e7ok daha istikrarl\u0131 bir ortam\u0131 ger\u00e7ekle\u015ftirmemiz m\u00fcmk\u00fcn oldu. Bence bu piyasadaki en iyi sistem.\u201d<\/div>\n\n                                <div class=\"entry-short-description\">1 ha<br \/>\r\nGerbera<\/div>\n\n\n\n                            <\/div>\n\n\n\n                            <div class=\"entry-info\">\n\n                                <h1>Techni-Gro<\/h1>\n\n                                <div class=\"entry-country\">Kanada<\/div>\n\n                            <\/div>\n\n\n\n                        <\/a>\n\n\n\n                    <\/div>\n\n\n\n                <\/header>\n\n\n\n\t\t\t<\/article>\n\n\n\n        \n\n\n            <article class=\"project entry\" itemscope=\"itemscope\" itemtype=\"http:\/\/schema.org\/BlogPosting\" itemprop=\"blogPost\">\n\n\n\n                <header class=\"entry-header\">\n\n\n\n                    <div class=\"entry-img\">\n\n\n\n                        <a href=\"https:\/\/www.hoogendoorn.nl\/tr\/project\/foodventures\/\"  class=\"entry-link\" style=\"background-image: url('https:\/\/www.hoogendoorn.nl\/wp-content\/uploads\/2015\/03\/High-tech-greenhouse-Samtredia-Georgia-FoodVentures-Hoogendoorn-Growth-Management-2014_web.jpg');\" >\n\n\n\n                            <div class=\"entry-info-toggle\">\n\n\n\n                                <div class=\"entry-subtitle\">\u201cG\u00fcrcistan\u2019da modern bir seray\u0131 ilk i\u015fletenler biz olduk. Hoogendoorn bu alandaki hedeflerimize ula\u015fmak i\u00e7in kendi bilgi ve esnekli\u011fi ile bize destek verdi.\u201d \t<\/div>\n\n                                <div class=\"entry-short-description\">Marul ve salatal\u0131k<br \/>\r\n2 Sera, Khobi\u2019deki 3400 m2 ve Samtredia\u2019daki 1,4 hektar<br \/>\r\n<\/div>\n\n\n\n                            <\/div>\n\n\n\n                            <div class=\"entry-info\">\n\n                                <h1>FoodVentures<\/h1>\n\n                                <div class=\"entry-country\">G\u00fcrcistan<\/div>\n\n                            <\/div>\n\n\n\n                        <\/a>\n\n\n\n                    <\/div>\n\n\n\n                <\/header>\n\n\n\n\t\t\t<\/article>\n\n\n\n        \n\n\n            <article class=\"project entry\" itemscope=\"itemscope\" itemtype=\"http:\/\/schema.org\/BlogPosting\" itemprop=\"blogPost\">\n\n\n\n                <header class=\"entry-header\">\n\n\n\n                    <div class=\"entry-img\">\n\n\n\n                        <a href=\"https:\/\/www.hoogendoorn.nl\/tr\/project\/sunny-fields\/\"  class=\"entry-link\" style=\"background-image: url('https:\/\/www.hoogendoorn.nl\/wp-content\/uploads\/2015\/03\/Sunny-Fields-medewerkers-in-kas-Mexico-5_web.jpg');\" >\n\n\n\n                            <div class=\"entry-info-toggle\">\n\n\n\n                                <div class=\"entry-subtitle\">\u201cBa\u015ftan beri d\u00fczenli olarak bizimle irtibat i\u00e7inde oldular. Bu Hoogendoorn\u2019u de\u011ferli tedarik\u00e7i yap\u0131yor.\u201d<\/div>\n\n                                <div class=\"entry-short-description\">8 ha<br \/>\r\nDomates<\/div>\n\n\n\n                            <\/div>\n\n\n\n                            <div class=\"entry-info\">\n\n                                <h1>Sunny Fields<\/h1>\n\n                                <div class=\"entry-country\">Meksika<\/div>\n\n                            <\/div>\n\n\n\n                        <\/a>\n\n\n\n                    <\/div>\n\n\n\n                <\/header>\n\n\n\n\t\t\t<\/article>\n\n\n\n        \n\n\n            <article class=\"project entry\" itemscope=\"itemscope\" itemtype=\"http:\/\/schema.org\/BlogPosting\" itemprop=\"blogPost\">\n\n\n\n                <header class=\"entry-header\">\n\n\n\n                    <div class=\"entry-img\">\n\n\n\n                        <a href=\"https:\/\/www.hoogendoorn.nl\/tr\/project\/al-mallouhi-agriculture\/\"  class=\"entry-link\" style=\"background-image: url('https:\/\/www.hoogendoorn.nl\/wp-content\/uploads\/2015\/03\/Arabier-in-kas-3-bewerkt.jpg');\" >\n\n\n\n                            <div class=\"entry-info-toggle\">\n\n\n\n                                <div class=\"entry-subtitle\">\u201cHoogendoorn bilgisayar\u0131 kullanmam\u0131z sayesinde \u00fcretimimiz de artt\u0131. Bu son derece hassas PAD & FAN bilgisayar program\u0131ndan kaynaklan\u0131yor.\u201d<\/div>\n\n                                <div class=\"entry-short-description\">25 ha<br \/>\r\nDomates, biber ve salatal\u0131k<\/div>\n\n\n\n                            <\/div>\n\n\n\n                            <div class=\"entry-info\">\n\n                                <h1>Al Mallouhi Agriculture<\/h1>\n\n                                <div class=\"entry-country\">Suudi Arabistan<\/div>\n\n                            <\/div>\n\n\n\n                        <\/a>\n\n\n\n                    <\/div>\n\n\n\n                <\/header>\n\n\n\n\t\t\t<\/article>\n\n\n\n        \n\n\n        <div class=\"clearfix\"><\/div>\n\n\n\n    \n\n\n<\/section>\n","protected":false},"excerpt":{"rendered":"","protected":false},"author":101,"featured_media":0,"parent":0,"menu_order":0,"comment_status":"open","ping_status":"closed","template":"","meta":{"_acf_changed":false,"_et_pb_use_builder":"","_et_pb_old_content":"","_et_gb_content_width":"","_genesis_hide_title":false,"_genesis_hide_breadcrumbs":false,"_genesis_hide_singular_image":false,"_genesis_hide_footer_widgets":false,"_genesis_custom_body_class":"","_genesis_custom_post_class":"","_genesis_layout":"","footnotes":""},"class_list":{"0":"post-17097","1":"page","2":"type-page","3":"status-publish","5":"entry"},"acf":[],"yoast_head":"<!-- This site is optimized with the Yoast SEO plugin v26.6 - https:\/\/yoast.com\/wordpress\/plugins\/seo\/ -->\n<title>Projeler - Hoogendoorn Growth Management<\/title>\n<meta name=\"robots\" content=\"index, follow, max-snippet:-1, max-image-preview:large, max-video-preview:-1\" \/>\n<link rel=\"canonical\" href=\"https:\/\/www.hoogendoorn.nl\/tr\/projeler\/\" \/>\n<meta property=\"og:locale\" content=\"tr_TR\" \/>\n<meta property=\"og:type\" content=\"article\" \/>\n<meta property=\"og:title\" content=\"Projeler - Hoogendoorn Growth Management\" \/>\n<meta property=\"og:url\" content=\"https:\/\/www.hoogendoorn.nl\/tr\/projeler\/\" \/>\n<meta property=\"og:site_name\" content=\"Hoogendoorn Growth Management\" \/>\n<meta property=\"article:modified_time\" content=\"2015-03-18T14:54:49+00:00\" \/>\n<script type=\"application\/ld+json\" class=\"yoast-schema-graph\">{\"@context\":\"https:\/\/schema.org\",\"@graph\":[{\"@type\":\"WebPage\",\"@id\":\"https:\/\/www.hoogendoorn.nl\/tr\/projeler\/\",\"url\":\"https:\/\/www.hoogendoorn.nl\/tr\/projeler\/\",\"name\":\"Projeler - Hoogendoorn Growth Management\",\"isPartOf\":{\"@id\":\"https:\/\/www.hoogendoorn.nl\/#website\"},\"datePublished\":\"2015-01-29T10:03:58+00:00\",\"dateModified\":\"2015-03-18T14:54:49+00:00\",\"breadcrumb\":{\"@id\":\"https:\/\/www.hoogendoorn.nl\/tr\/projeler\/#breadcrumb\"},\"inLanguage\":\"tr\",\"potentialAction\":[{\"@type\":\"ReadAction\",\"target\":[\"https:\/\/www.hoogendoorn.nl\/tr\/projeler\/\"]}]},{\"@type\":\"WebSite\",\"@id\":\"https:\/\/www.hoogendoorn.nl\/#website\",\"url\":\"https:\/\/www.hoogendoorn.nl\/\",\"name\":\"Hoogendoorn Growth Management\",\"description\":\"Wereldwijd duurzame tuinbouwoplossingen op maat\",\"potentialAction\":[{\"@type\":\"SearchAction\",\"target\":{\"@type\":\"EntryPoint\",\"urlTemplate\":\"https:\/\/www.hoogendoorn.nl\/?s={search_term_string}\"},\"query-input\":{\"@type\":\"PropertyValueSpecification\",\"valueRequired\":true,\"valueName\":\"search_term_string\"}}],\"inLanguage\":\"tr\"}]}<\/script>\n<!-- \/ Yoast SEO plugin. -->","yoast_head_json":{"title":"Projeler - Hoogendoorn Growth Management","robots":{"index":"index","follow":"follow","max-snippet":"max-snippet:-1","max-image-preview":"max-image-preview:large","max-video-preview":"max-video-preview:-1"},"canonical":"https:\/\/www.hoogendoorn.nl\/tr\/projeler\/","og_locale":"tr_TR","og_type":"article","og_title":"Projeler - Hoogendoorn Growth Management","og_url":"https:\/\/www.hoogendoorn.nl\/tr\/projeler\/","og_site_name":"Hoogendoorn Growth Management","article_modified_time":"2015-03-18T14:54:49+00:00","schema":{"@context":"https:\/\/schema.org","@graph":[{"@type":"WebPage","@id":"https:\/\/www.hoogendoorn.nl\/tr\/projeler\/","url":"https:\/\/www.hoogendoorn.nl\/tr\/projeler\/","name":"Projeler - Hoogendoorn Growth Management","isPartOf":{"@id":"https:\/\/www.hoogendoorn.nl\/#website"},"datePublished":"2015-01-29T10:03:58+00:00","dateModified":"2015-03-18T14:54:49+00:00","breadcrumb":{"@id":"https:\/\/www.hoogendoorn.nl\/tr\/projeler\/#breadcrumb"},"inLanguage":"tr","potentialAction":[{"@type":"ReadAction","target":["https:\/\/www.hoogendoorn.nl\/tr\/projeler\/"]}]},{"@type":"WebSite","@id":"https:\/\/www.hoogendoorn.nl\/#website","url":"https:\/\/www.hoogendoorn.nl\/","name":"Hoogendoorn Growth Management","description":"Wereldwijd duurzame tuinbouwoplossingen op maat","potentialAction":[{"@type":"SearchAction","target":{"@type":"EntryPoint","urlTemplate":"https:\/\/www.hoogendoorn.nl\/?s={search_term_string}"},"query-input":{"@type":"PropertyValueSpecification","valueRequired":true,"valueName":"search_term_string"}}],"inLanguage":"tr"}]}},"_links":{"self":[{"href":"https:\/\/www.hoogendoorn.nl\/tr\/wp-json\/wp\/v2\/pages\/17097","targetHints":{"allow":["GET"]}}],"collection":[{"href":"https:\/\/www.hoogendoorn.nl\/tr\/wp-json\/wp\/v2\/pages"}],"about":[{"href":"https:\/\/www.hoogendoorn.nl\/tr\/wp-json\/wp\/v2\/types\/page"}],"author":[{"embeddable":true,"href":"https:\/\/www.hoogendoorn.nl\/tr\/wp-json\/wp\/v2\/users\/101"}],"replies":[{"embeddable":true,"href":"https:\/\/www.hoogendoorn.nl\/tr\/wp-json\/wp\/v2\/comments?post=17097"}],"version-history":[{"count":0,"href":"https:\/\/www.hoogendoorn.nl\/tr\/wp-json\/wp\/v2\/pages\/17097\/revisions"}],"wp:attachment":[{"href":"https:\/\/www.hoogendoorn.nl\/tr\/wp-json\/wp\/v2\/media?parent=17097"}],"curies":[{"name":"wp","href":"https:\/\/api.w.org\/{rel}","templated":true}]}}