{"id":18583,"date":"2015-03-05T22:39:26","date_gmt":"2015-03-05T22:39:26","guid":{"rendered":"http:\/\/nlhoog-salebaboe.savviihq.com\/?page_id=18583"},"modified":"2015-03-05T22:39:26","modified_gmt":"2015-03-05T22:39:26","slug":"modul-aktif-hava","status":"publish","type":"page","link":"https:\/\/www.hoogendoorn.nl\/tr\/modul-aktif-hava\/","title":{"rendered":"Mod\u00fcl: Aktif Hava"},"content":{"rendered":"<p>K<strong>imin i\u00e7in?<br \/>\n<\/strong>Aktif Hava (yar\u0131) kapal\u0131 seralar\u0131 olan yeti\u015ftiriciler i\u00e7in son derece uygundur.<\/p>\n<p><strong>Neden Aktif Hava mod\u00fcl\u00fc?<\/strong><br \/>\nHoogendoorn\u2019un iSii s\u00fcre\u00e7 bilgisayar\u0131ndaki Aktif Hava mod\u00fcl\u00fc ideal sera iklimine ula\u015fmada size yard\u0131mc\u0131 olur. Bu iste\u011fe ba\u011fl\u0131 yaz\u0131l\u0131m mod\u00fcl\u00fc(yar\u0131) kapal\u0131 seralarda yatay ve\/veya dikey fanl\u0131 hava dola\u015f\u0131m\u0131, cebri havaland\u0131rma, d\u0131\u015f hava ile nem giderme, sisleme, \u00e7at\u0131 p\u00fcsk\u00fcrt\u00fcc\u00fcleri, klima \u00fcniteleri, ile so\u011futma ve nem alma gibi tesisatlar\u0131 kontrol eder.<\/p>\n<p>Dahas\u0131, Aktif Hava, bu tesisatlar\u0131n kontrol\u00fcn\u00fc \u0131s\u0131tma ve havaland\u0131rma gibi iSii temel i\u015flevleri ile entegre etmeyi sa\u011flar. Mod\u00fcl tamamen entegrasyon ve basitle\u015ftirme hakk\u0131ndad\u0131r; net genel g\u00f6r\u00fcn\u00fcm\u00fc ile kullan\u0131m\u0131 ve kurulumu kolayd\u0131r.<\/p>\n<p>Entegre kontrol sayesinde, bir genel g\u00f6r\u00fcn\u00fcm elde eder ve tesisatlar\u0131n optimum \u015fekilde bir arada \u00e7ak\u0131\u015fmas\u0131n\u0131 sa\u011flayabilirsiniz.<\/p>\n<p><strong>K\u0131saca Aktif Hava:<\/strong><\/p>\n<ul>\n<li>(Yar\u0131) kapal\u0131 seralarda kullan\u0131lan \u00e7e\u015fitli ekipmanlar\u0131n optimum kontrol\u00fcn\u00fcn \u0131s\u0131tma ve havaland\u0131rma gibi temel i\u015flevler entegrasyonu<\/li>\n<li>\u00dcr\u00fcn i\u00e7in optimum b\u00fcy\u00fcme iklimi<\/li>\n<li>Optimum \u00fcretim ve \u00fcr\u00fcn kalitesi<\/li>\n<li>Kullan\u0131c\u0131 dostu ve zaman tasarruflu<\/li>\n<li>Asgari enerji kullan\u0131m\u0131 ve asgari CO<sub>2<\/sub> emisyonu<\/li>\n<\/ul>\n<p><a class=\"button grey large\" href=\"https:\/\/www.hoogendoorn.nl\/product\/speciale-isii-modules\/\">Geri iSii mod\u00fcller<\/a> <a class=\"button red large\" href=\"https:\/\/www.hoogendoorn.nl\/tr\/iletisim\/oneri\/\"> \u00d6neriniz var m\u0131?<\/p>\n<p><\/a><\/p>\n","protected":false},"excerpt":{"rendered":"<p>Kimin i\u00e7in? Aktif Hava (yar\u0131) kapal\u0131 seralar\u0131 olan yeti\u015ftiriciler i\u00e7in son derece uygundur. Neden Aktif Hava mod\u00fcl\u00fc? Hoogendoorn\u2019un iSii s\u00fcre\u00e7 bilgisayar\u0131ndaki Aktif Hava mod\u00fcl\u00fc ideal &#8230;<\/p>\n<div class=\"item-read-more\">\n<p>        <a href=\"https:\/\/www.hoogendoorn.nl\/tr\/modul-aktif-hava\/\" style=\"font-weight: normal;\">Daha fazlas\u0131n\u0131 oku<br \/>\n<\/a><\/p><\/div>\n","protected":false},"author":101,"featured_media":0,"parent":0,"menu_order":0,"comment_status":"open","ping_status":"open","template":"","meta":{"_acf_changed":false,"_et_pb_use_builder":"","_et_pb_old_content":"","_et_gb_content_width":"","_genesis_hide_title":false,"_genesis_hide_breadcrumbs":false,"_genesis_hide_singular_image":false,"_genesis_hide_footer_widgets":false,"_genesis_custom_body_class":"","_genesis_custom_post_class":"","_genesis_layout":"","footnotes":""},"class_list":{"0":"post-18583","1":"page","2":"type-page","3":"status-publish","5":"entry"},"acf":[],"yoast_head":"<!-- This site is optimized with the Yoast SEO plugin v26.6 - https:\/\/yoast.com\/wordpress\/plugins\/seo\/ -->\n<title>Mod\u00fcl: Aktif Hava - Hoogendoorn Growth Management<\/title>\n<meta name=\"description\" content=\"Hoogendoorn\u2019un iSii s\u00fcre\u00e7 bilgisayar\u0131ndaki Aktif Hava mod\u00fcl\u00fc ideal sera iklimine ula\u015fmada size yard\u0131mc\u0131 olur.\" \/>\n<meta name=\"robots\" content=\"index, follow, max-snippet:-1, max-image-preview:large, max-video-preview:-1\" \/>\n<link rel=\"canonical\" href=\"https:\/\/www.hoogendoorn.nl\/tr\/modul-aktif-hava\/\" \/>\n<meta property=\"og:locale\" content=\"tr_TR\" \/>\n<meta property=\"og:type\" content=\"article\" \/>\n<meta property=\"og:title\" content=\"Mod\u00fcl: Aktif Hava - Hoogendoorn Growth Management\" \/>\n<meta property=\"og:description\" content=\"Hoogendoorn\u2019un iSii s\u00fcre\u00e7 bilgisayar\u0131ndaki Aktif Hava mod\u00fcl\u00fc ideal sera iklimine ula\u015fmada size yard\u0131mc\u0131 olur.\" \/>\n<meta property=\"og:url\" content=\"https:\/\/www.hoogendoorn.nl\/tr\/modul-aktif-hava\/\" \/>\n<meta property=\"og:site_name\" content=\"Hoogendoorn Growth Management\" \/>\n<meta name=\"twitter:label1\" content=\"Est. reading time\" \/>\n\t<meta name=\"twitter:data1\" content=\"1 minute\" \/>\n<script type=\"application\/ld+json\" class=\"yoast-schema-graph\">{\"@context\":\"https:\/\/schema.org\",\"@graph\":[{\"@type\":\"WebPage\",\"@id\":\"https:\/\/www.hoogendoorn.nl\/tr\/modul-aktif-hava\/\",\"url\":\"https:\/\/www.hoogendoorn.nl\/tr\/modul-aktif-hava\/\",\"name\":\"Mod\u00fcl: Aktif Hava - Hoogendoorn Growth Management\",\"isPartOf\":{\"@id\":\"https:\/\/www.hoogendoorn.nl\/#website\"},\"datePublished\":\"2015-03-05T22:39:26+00:00\",\"description\":\"Hoogendoorn\u2019un iSii s\u00fcre\u00e7 bilgisayar\u0131ndaki Aktif Hava mod\u00fcl\u00fc ideal sera iklimine ula\u015fmada size yard\u0131mc\u0131 olur.\",\"breadcrumb\":{\"@id\":\"https:\/\/www.hoogendoorn.nl\/tr\/modul-aktif-hava\/#breadcrumb\"},\"inLanguage\":\"tr\",\"potentialAction\":[{\"@type\":\"ReadAction\",\"target\":[\"https:\/\/www.hoogendoorn.nl\/tr\/modul-aktif-hava\/\"]}]},{\"@type\":\"BreadcrumbList\",\"@id\":\"https:\/\/www.hoogendoorn.nl\/tr\/modul-aktif-hava\/#breadcrumb\",\"itemListElement\":[{\"@type\":\"ListItem\",\"position\":1,\"name\":\"Home\",\"item\":\"https:\/\/www.hoogendoorn.nl\/tr\/\"},{\"@type\":\"ListItem\",\"position\":2,\"name\":\"Mod\u00fcl: Aktif Hava\"}]},{\"@type\":\"WebSite\",\"@id\":\"https:\/\/www.hoogendoorn.nl\/#website\",\"url\":\"https:\/\/www.hoogendoorn.nl\/\",\"name\":\"Hoogendoorn Growth Management\",\"description\":\"Wereldwijd duurzame tuinbouwoplossingen op maat\",\"potentialAction\":[{\"@type\":\"SearchAction\",\"target\":{\"@type\":\"EntryPoint\",\"urlTemplate\":\"https:\/\/www.hoogendoorn.nl\/?s={search_term_string}\"},\"query-input\":{\"@type\":\"PropertyValueSpecification\",\"valueRequired\":true,\"valueName\":\"search_term_string\"}}],\"inLanguage\":\"tr\"}]}<\/script>\n<!-- \/ Yoast SEO plugin. -->","yoast_head_json":{"title":"Mod\u00fcl: Aktif Hava - Hoogendoorn Growth Management","description":"Hoogendoorn\u2019un iSii s\u00fcre\u00e7 bilgisayar\u0131ndaki Aktif Hava mod\u00fcl\u00fc ideal sera iklimine ula\u015fmada size yard\u0131mc\u0131 olur.","robots":{"index":"index","follow":"follow","max-snippet":"max-snippet:-1","max-image-preview":"max-image-preview:large","max-video-preview":"max-video-preview:-1"},"canonical":"https:\/\/www.hoogendoorn.nl\/tr\/modul-aktif-hava\/","og_locale":"tr_TR","og_type":"article","og_title":"Mod\u00fcl: Aktif Hava - Hoogendoorn Growth Management","og_description":"Hoogendoorn\u2019un iSii s\u00fcre\u00e7 bilgisayar\u0131ndaki Aktif Hava mod\u00fcl\u00fc ideal sera iklimine ula\u015fmada size yard\u0131mc\u0131 olur.","og_url":"https:\/\/www.hoogendoorn.nl\/tr\/modul-aktif-hava\/","og_site_name":"Hoogendoorn Growth Management","twitter_misc":{"Est. reading time":"1 minute"},"schema":{"@context":"https:\/\/schema.org","@graph":[{"@type":"WebPage","@id":"https:\/\/www.hoogendoorn.nl\/tr\/modul-aktif-hava\/","url":"https:\/\/www.hoogendoorn.nl\/tr\/modul-aktif-hava\/","name":"Mod\u00fcl: Aktif Hava - Hoogendoorn Growth Management","isPartOf":{"@id":"https:\/\/www.hoogendoorn.nl\/#website"},"datePublished":"2015-03-05T22:39:26+00:00","description":"Hoogendoorn\u2019un iSii s\u00fcre\u00e7 bilgisayar\u0131ndaki Aktif Hava mod\u00fcl\u00fc ideal sera iklimine ula\u015fmada size yard\u0131mc\u0131 olur.","breadcrumb":{"@id":"https:\/\/www.hoogendoorn.nl\/tr\/modul-aktif-hava\/#breadcrumb"},"inLanguage":"tr","potentialAction":[{"@type":"ReadAction","target":["https:\/\/www.hoogendoorn.nl\/tr\/modul-aktif-hava\/"]}]},{"@type":"BreadcrumbList","@id":"https:\/\/www.hoogendoorn.nl\/tr\/modul-aktif-hava\/#breadcrumb","itemListElement":[{"@type":"ListItem","position":1,"name":"Home","item":"https:\/\/www.hoogendoorn.nl\/tr\/"},{"@type":"ListItem","position":2,"name":"Mod\u00fcl: Aktif Hava"}]},{"@type":"WebSite","@id":"https:\/\/www.hoogendoorn.nl\/#website","url":"https:\/\/www.hoogendoorn.nl\/","name":"Hoogendoorn Growth Management","description":"Wereldwijd duurzame tuinbouwoplossingen op maat","potentialAction":[{"@type":"SearchAction","target":{"@type":"EntryPoint","urlTemplate":"https:\/\/www.hoogendoorn.nl\/?s={search_term_string}"},"query-input":{"@type":"PropertyValueSpecification","valueRequired":true,"valueName":"search_term_string"}}],"inLanguage":"tr"}]}},"_links":{"self":[{"href":"https:\/\/www.hoogendoorn.nl\/tr\/wp-json\/wp\/v2\/pages\/18583","targetHints":{"allow":["GET"]}}],"collection":[{"href":"https:\/\/www.hoogendoorn.nl\/tr\/wp-json\/wp\/v2\/pages"}],"about":[{"href":"https:\/\/www.hoogendoorn.nl\/tr\/wp-json\/wp\/v2\/types\/page"}],"author":[{"embeddable":true,"href":"https:\/\/www.hoogendoorn.nl\/tr\/wp-json\/wp\/v2\/users\/101"}],"replies":[{"embeddable":true,"href":"https:\/\/www.hoogendoorn.nl\/tr\/wp-json\/wp\/v2\/comments?post=18583"}],"version-history":[{"count":0,"href":"https:\/\/www.hoogendoorn.nl\/tr\/wp-json\/wp\/v2\/pages\/18583\/revisions"}],"wp:attachment":[{"href":"https:\/\/www.hoogendoorn.nl\/tr\/wp-json\/wp\/v2\/media?parent=18583"}],"curies":[{"name":"wp","href":"https:\/\/api.w.org\/{rel}","templated":true}]}}