{"id":18587,"date":"2015-03-05T22:45:35","date_gmt":"2015-03-05T22:45:35","guid":{"rendered":"http:\/\/nlhoog-salebaboe.savviihq.com\/?page_id=18587"},"modified":"2015-03-05T22:45:35","modified_gmt":"2015-03-05T22:45:35","slug":"modul-co2-2","status":"publish","type":"page","link":"https:\/\/www.hoogendoorn.nl\/tr\/modul-co2-2\/","title":{"rendered":"Mod\u00fcl: CO<sub>2<\/sub>"},"content":{"rendered":"<p><strong>Kimin i\u00e7in?<\/strong><br \/>\nCO<sub>2<\/sub> mod\u00fcl\u00fc CO<sub>2<\/sub> kaynaklar\u0131n\u0131 en etkin \u015fekilde kontrol etmek isteyen yeti\u015ftiriciler i\u00e7in tavsiye edilir.<\/p>\n<p>\u00d6zellikle birden fazla CO<sub>2<\/sub> kaynaklar\u0131 i\u00e7eren seralar ve b\u00f6l\u00fcmler i\u00e7in bu mod\u00fcl \u00e7ok yararl\u0131d\u0131r.<\/p>\n<p><strong>Neden bir CO<sub>2<\/sub> mod\u00fcl\u00fc?<\/strong><br \/>\nCO<sub>2 <\/sub>mod\u00fcl\u00fc serada da\u011f\u0131t\u0131lan mevcut CO2 ile yat\u0131r\u0131mdan maksimum getiriyi elde etmeye yard\u0131mc\u0131 olur. Mod\u00fcl, \u00f6rne\u011fin kazanlar ve di\u011fer kaynaklardan mevcut CO<sub>2<\/sub> gaz\u0131n\u0131 b\u00f6ler ve b\u00fcy\u00fcme ko\u015fullar\u0131na uyarlar. \u00dcr\u00fcn\u00fcn\u00fcz her \u00fcr\u00fcn i\u00e7in farkl\u0131 olabilen, ihtiya\u00e7 duydu\u011fu miktarda CO<sub>2<\/sub> al\u0131r. Bu, \u00f6rne\u011fin g\u00fcne\u015f \u0131\u015f\u0131n\u0131m miktar\u0131, \u00fcr\u00fcn t\u00fcr\u00fc ve b\u00fcy\u00fcme a\u015famas\u0131na ba\u011fl\u0131d\u0131r. Verilen CO<sub>2<\/sub> miktar\u0131 kg\/ha\/saat olarak g\u00f6sterilir ve bu da hassas ve kontroll\u00fc bir CO<sub>2<\/sub> da\u011f\u0131l\u0131m\u0131 sa\u011flar.<\/p>\n<p>Bu daha y\u00fcksek \u00fcretime ve daha az CO<sub>2 <\/sub>israf\u0131na katk\u0131da bulunur. CO<sub>2<\/sub> mod\u00fcl\u00fc ile, hassas ve etkili bir dozlama stratejisi i\u00e7in tamamen haz\u0131r olursunuz.<\/p>\n<p><strong>K\u0131saca CO<sub>2 <\/sub>mod\u00fcl\u00fc:<\/strong><\/p>\n<ul>\n<li>Seralarda ve b\u00f6l\u00fcmlerde kaynaklardan gelen CO<sub>2<\/sub> gaz\u0131n\u0131n optimum da\u011f\u0131l\u0131m\u0131<\/li>\n<li>CO<sub>2<\/sub> dozlamas\u0131 bitkilerin gereksinimlerin uyarlan\u0131r<\/li>\n<li>Optimum \u00fcretim ve \u00fcr\u00fcn kalitesi<\/li>\n<li>Kullan\u0131c\u0131 dostu ve zaman tasarruflu<\/li>\n<li>Mevcut CO<sub>2<\/sub> \u0131s\u0131 depolama ile birlikte g\u00fcn boyunca e\u015fit olarak da\u011f\u0131t\u0131l\u0131r<\/li>\n<\/ul>\n<p><a class=\"button grey large\" href=\"https:\/\/www.hoogendoorn.nl\/product\/speciale-isii-modules\/\">Geri iSii mod\u00fcller<\/a> <a class=\"button red large\" href=\"https:\/\/www.hoogendoorn.nl\/tr\/iletisim\/oneri\/\"> \u00d6neriniz var m\u0131?<\/a><\/p>\n","protected":false},"excerpt":{"rendered":"<p>Kimin i\u00e7in? CO2 mod\u00fcl\u00fc CO2 kaynaklar\u0131n\u0131 en etkin \u015fekilde kontrol etmek isteyen yeti\u015ftiriciler i\u00e7in tavsiye edilir. \u00d6zellikle birden fazla CO2 kaynaklar\u0131 i\u00e7eren seralar ve b\u00f6l\u00fcmler &#8230;<\/p>\n<div class=\"item-read-more\">\n<p>        <a href=\"https:\/\/www.hoogendoorn.nl\/tr\/modul-co2-2\/\" style=\"font-weight: normal;\">Daha fazlas\u0131n\u0131 oku<br \/>\n<\/a><\/p><\/div>\n","protected":false},"author":101,"featured_media":0,"parent":0,"menu_order":0,"comment_status":"open","ping_status":"open","template":"","meta":{"_acf_changed":false,"_et_pb_use_builder":"","_et_pb_old_content":"","_et_gb_content_width":"","_genesis_hide_title":false,"_genesis_hide_breadcrumbs":false,"_genesis_hide_singular_image":false,"_genesis_hide_footer_widgets":false,"_genesis_custom_body_class":"","_genesis_custom_post_class":"","_genesis_layout":"","footnotes":""},"class_list":{"0":"post-18587","1":"page","2":"type-page","3":"status-publish","5":"entry"},"acf":[],"yoast_head":"<!-- This site is optimized with the Yoast SEO plugin v26.6 - https:\/\/yoast.com\/wordpress\/plugins\/seo\/ -->\n<title>Mod\u00fcl: CO2 - Hoogendoorn Growth Management<\/title>\n<meta name=\"description\" content=\"CO2 mod\u00fcl\u00fc serada da\u011f\u0131t\u0131lan mevcut CO2 ile yat\u0131r\u0131mdan maksimum getiriyi elde etmeye yard\u0131mc\u0131 olur.\" \/>\n<meta name=\"robots\" content=\"index, follow, max-snippet:-1, max-image-preview:large, max-video-preview:-1\" \/>\n<link rel=\"canonical\" href=\"https:\/\/www.hoogendoorn.nl\/tr\/modul-co2-2\/\" \/>\n<meta property=\"og:locale\" content=\"tr_TR\" \/>\n<meta property=\"og:type\" content=\"article\" \/>\n<meta property=\"og:title\" content=\"Mod\u00fcl: CO2 - Hoogendoorn Growth Management\" \/>\n<meta property=\"og:description\" content=\"CO2 mod\u00fcl\u00fc serada da\u011f\u0131t\u0131lan mevcut CO2 ile yat\u0131r\u0131mdan maksimum getiriyi elde etmeye yard\u0131mc\u0131 olur.\" \/>\n<meta property=\"og:url\" content=\"https:\/\/www.hoogendoorn.nl\/tr\/modul-co2-2\/\" \/>\n<meta property=\"og:site_name\" content=\"Hoogendoorn Growth Management\" \/>\n<meta name=\"twitter:label1\" content=\"Est. reading time\" \/>\n\t<meta name=\"twitter:data1\" content=\"1 minute\" \/>\n<script type=\"application\/ld+json\" class=\"yoast-schema-graph\">{\"@context\":\"https:\/\/schema.org\",\"@graph\":[{\"@type\":\"WebPage\",\"@id\":\"https:\/\/www.hoogendoorn.nl\/tr\/modul-co2-2\/\",\"url\":\"https:\/\/www.hoogendoorn.nl\/tr\/modul-co2-2\/\",\"name\":\"Mod\u00fcl: CO2 - Hoogendoorn Growth Management\",\"isPartOf\":{\"@id\":\"https:\/\/www.hoogendoorn.nl\/#website\"},\"datePublished\":\"2015-03-05T22:45:35+00:00\",\"description\":\"CO2 mod\u00fcl\u00fc serada da\u011f\u0131t\u0131lan mevcut CO2 ile yat\u0131r\u0131mdan maksimum getiriyi elde etmeye yard\u0131mc\u0131 olur.\",\"breadcrumb\":{\"@id\":\"https:\/\/www.hoogendoorn.nl\/tr\/modul-co2-2\/#breadcrumb\"},\"inLanguage\":\"tr\",\"potentialAction\":[{\"@type\":\"ReadAction\",\"target\":[\"https:\/\/www.hoogendoorn.nl\/tr\/modul-co2-2\/\"]}]},{\"@type\":\"BreadcrumbList\",\"@id\":\"https:\/\/www.hoogendoorn.nl\/tr\/modul-co2-2\/#breadcrumb\",\"itemListElement\":[{\"@type\":\"ListItem\",\"position\":1,\"name\":\"Home\",\"item\":\"https:\/\/www.hoogendoorn.nl\/tr\/\"},{\"@type\":\"ListItem\",\"position\":2,\"name\":\"Mod\u00fcl: CO2\"}]},{\"@type\":\"WebSite\",\"@id\":\"https:\/\/www.hoogendoorn.nl\/#website\",\"url\":\"https:\/\/www.hoogendoorn.nl\/\",\"name\":\"Hoogendoorn Growth Management\",\"description\":\"Wereldwijd duurzame tuinbouwoplossingen op maat\",\"potentialAction\":[{\"@type\":\"SearchAction\",\"target\":{\"@type\":\"EntryPoint\",\"urlTemplate\":\"https:\/\/www.hoogendoorn.nl\/?s={search_term_string}\"},\"query-input\":{\"@type\":\"PropertyValueSpecification\",\"valueRequired\":true,\"valueName\":\"search_term_string\"}}],\"inLanguage\":\"tr\"}]}<\/script>\n<!-- \/ Yoast SEO plugin. -->","yoast_head_json":{"title":"Mod\u00fcl: CO2 - Hoogendoorn Growth Management","description":"CO2 mod\u00fcl\u00fc serada da\u011f\u0131t\u0131lan mevcut CO2 ile yat\u0131r\u0131mdan maksimum getiriyi elde etmeye yard\u0131mc\u0131 olur.","robots":{"index":"index","follow":"follow","max-snippet":"max-snippet:-1","max-image-preview":"max-image-preview:large","max-video-preview":"max-video-preview:-1"},"canonical":"https:\/\/www.hoogendoorn.nl\/tr\/modul-co2-2\/","og_locale":"tr_TR","og_type":"article","og_title":"Mod\u00fcl: CO2 - Hoogendoorn Growth Management","og_description":"CO2 mod\u00fcl\u00fc serada da\u011f\u0131t\u0131lan mevcut CO2 ile yat\u0131r\u0131mdan maksimum getiriyi elde etmeye yard\u0131mc\u0131 olur.","og_url":"https:\/\/www.hoogendoorn.nl\/tr\/modul-co2-2\/","og_site_name":"Hoogendoorn Growth Management","twitter_misc":{"Est. reading time":"1 minute"},"schema":{"@context":"https:\/\/schema.org","@graph":[{"@type":"WebPage","@id":"https:\/\/www.hoogendoorn.nl\/tr\/modul-co2-2\/","url":"https:\/\/www.hoogendoorn.nl\/tr\/modul-co2-2\/","name":"Mod\u00fcl: CO2 - Hoogendoorn Growth Management","isPartOf":{"@id":"https:\/\/www.hoogendoorn.nl\/#website"},"datePublished":"2015-03-05T22:45:35+00:00","description":"CO2 mod\u00fcl\u00fc serada da\u011f\u0131t\u0131lan mevcut CO2 ile yat\u0131r\u0131mdan maksimum getiriyi elde etmeye yard\u0131mc\u0131 olur.","breadcrumb":{"@id":"https:\/\/www.hoogendoorn.nl\/tr\/modul-co2-2\/#breadcrumb"},"inLanguage":"tr","potentialAction":[{"@type":"ReadAction","target":["https:\/\/www.hoogendoorn.nl\/tr\/modul-co2-2\/"]}]},{"@type":"BreadcrumbList","@id":"https:\/\/www.hoogendoorn.nl\/tr\/modul-co2-2\/#breadcrumb","itemListElement":[{"@type":"ListItem","position":1,"name":"Home","item":"https:\/\/www.hoogendoorn.nl\/tr\/"},{"@type":"ListItem","position":2,"name":"Mod\u00fcl: CO2"}]},{"@type":"WebSite","@id":"https:\/\/www.hoogendoorn.nl\/#website","url":"https:\/\/www.hoogendoorn.nl\/","name":"Hoogendoorn Growth Management","description":"Wereldwijd duurzame tuinbouwoplossingen op maat","potentialAction":[{"@type":"SearchAction","target":{"@type":"EntryPoint","urlTemplate":"https:\/\/www.hoogendoorn.nl\/?s={search_term_string}"},"query-input":{"@type":"PropertyValueSpecification","valueRequired":true,"valueName":"search_term_string"}}],"inLanguage":"tr"}]}},"_links":{"self":[{"href":"https:\/\/www.hoogendoorn.nl\/tr\/wp-json\/wp\/v2\/pages\/18587","targetHints":{"allow":["GET"]}}],"collection":[{"href":"https:\/\/www.hoogendoorn.nl\/tr\/wp-json\/wp\/v2\/pages"}],"about":[{"href":"https:\/\/www.hoogendoorn.nl\/tr\/wp-json\/wp\/v2\/types\/page"}],"author":[{"embeddable":true,"href":"https:\/\/www.hoogendoorn.nl\/tr\/wp-json\/wp\/v2\/users\/101"}],"replies":[{"embeddable":true,"href":"https:\/\/www.hoogendoorn.nl\/tr\/wp-json\/wp\/v2\/comments?post=18587"}],"version-history":[{"count":0,"href":"https:\/\/www.hoogendoorn.nl\/tr\/wp-json\/wp\/v2\/pages\/18587\/revisions"}],"wp:attachment":[{"href":"https:\/\/www.hoogendoorn.nl\/tr\/wp-json\/wp\/v2\/media?parent=18587"}],"curies":[{"name":"wp","href":"https:\/\/api.w.org\/{rel}","templated":true}]}}