{"id":18591,"date":"2015-03-05T22:56:03","date_gmt":"2015-03-05T22:56:03","guid":{"rendered":"http:\/\/nlhoog-salebaboe.savviihq.com\/?page_id=18591"},"modified":"2015-03-05T22:56:52","modified_gmt":"2015-03-05T22:56:52","slug":"modul-aquabalance","status":"publish","type":"page","link":"https:\/\/www.hoogendoorn.nl\/tr\/modul-aquabalance\/","title":{"rendered":"Mod\u00fcl: Aquabalance"},"content":{"rendered":"<p><strong>Kimin i\u00e7in?<br \/>\n<\/strong>Aquabalance \u00f6zellikle domates ve salatal\u0131k gibi hidroponik bitkiler i\u00e7in uygundur.<\/p>\n<p><strong>Neden Aquabalance mod\u00fcl\u00fc?<\/strong><br \/>\nHassas bir sulama daha y\u00fcksek \u00fcretim ve kalite sa\u011flar. Aquabalance ile bitkileriniz hi\u00e7bir zaman \u00e7ok kuru veya \u00e7ok nemli olmaz. \u00dcr\u00fcn\u00fcn\u00fcz\u00fcn kalitesini belirleyen aktif, sa\u011fl\u0131kl\u0131 bir k\u00f6k sistemi elde edersiniz. Her damlatma d\u00f6ng\u00fcs\u00fc i\u00e7in ba\u015flang\u0131\u00e7 \u200b\u200bzaman\u0131 alt katman\u0131n doyma a\u011f\u0131rl\u0131\u011f\u0131na g\u00f6re bitkilerin kendileri taraf\u0131ndan kontrol edilebilir.<\/p>\n<p>Aquabalance \u00fcr\u00fcn ihtiyac\u0131na g\u00f6re 24\/7 sulamay\u0131 koordine yard\u0131mc\u0131 olan bir alt katman \u00f6l\u00e7e\u011fidir. Aquabalance Mod\u00fcl\u00fc alt katman a\u011f\u0131rl\u0131\u011f\u0131 ve drenaj miktar\u0131n\u0131 cc cinsinden \u00f6l\u00e7er. Ayr\u0131ca, EC ve pH de\u011ferini \u00f6l\u00e7mek de m\u00fcmk\u00fcnd\u00fcr (iste\u011fe ba\u011fl\u0131).<\/p>\n<p>Bu mod\u00fcl doygunluk a\u011f\u0131rl\u0131\u011f\u0131n\u0131 ve drenaj y\u00fczdesini hesaplar. \u0130stenilen drenaj y\u00fczdesini ger\u00e7ekle\u015ftirmek i\u00e7in do\u011fru ba\u015flang\u0131\u00e7 \u200b\u200ban\u0131n\u0131 belirler. Gece boyunca, Aquabalance sa\u011fl\u0131kl\u0131 k\u00f6kleri ve optimal \u00fcretimi sa\u011flamak i\u00e7in kontroll\u00fc bir \u015fekilde katmanlarda dehidrasyon Ger\u00e7ekle\u015ftirir. B\u00f6ylece, Aquabalance daha y\u00fcksek \u00fcretim ve kalite sa\u011flar.<strong>\u00a0<\/strong><\/p>\n<p><strong>K\u0131saca Aquabalance mod\u00fcl\u00fc:<\/strong><\/p>\n<ul>\n<li>Bitkiler 24\/7 do\u011fru zamanda do\u011fru miktarda su ve g\u00fcbre al\u0131r<\/li>\n<li>Optimum b\u00fcy\u00fcme, \u00fcretim ve kalite<\/li>\n<li>Kontroll\u00fc miktarda drenaj<\/li>\n<li>Sa\u011fl\u0131kl\u0131 k\u00f6kleri i\u00e7in geceleri alt katmanda kontroll\u00fc dehidrasyon<\/li>\n<li>Gerekirse (alt katman \u00e7ok kuru oldu\u011funda) geceleri otomatik sulama d\u00f6ng\u00fcs\u00fc<\/li>\n<li>Su ve g\u00fcbre israf\u0131n\u0131 \u00f6nler<\/li>\n<li>Kullan\u0131c\u0131 dostu ve zaman tasarruflu<\/li>\n<\/ul>\n<p><em>* Bu mod\u00fcl\u00fc sat\u0131n almak i\u00e7in, Aquabalance \u00fcr\u00fcn\u00fc (\u00f6l\u00e7ekler ve aray\u00fcz) zorunludur.<\/em><\/p>\n<p>Aquabalance \u00fcr\u00fcn\u00fc hakk\u0131nda daha fazla bilgi ister misiniz?\u00a0<a href=\"&lt;a%20class=&quot;leesmeerlink&quot; href=&quot;https:\/\/www.hoogendoorn.nl\/tr\/cozumler-ve-urunler\/su-yonetimi\/&quot;&gt;Daha fazlas\u0131n\u0131 oku&lt;\/a&gt;\" target=\"_blank\">Daha fazlas\u0131n\u0131 oku.<\/a><\/p>\n<p><a class=\"button grey large\" href=\"https:\/\/www.hoogendoorn.nl\/product\/speciale-isii-modules\/\">Geri iSii mod\u00fcller<\/a> <a class=\"button red large\" href=\"https:\/\/www.hoogendoorn.nl\/tr\/iletisim\/oneri\/\"> \u00d6neriniz var m\u0131?<\/a><\/p>\n","protected":false},"excerpt":{"rendered":"<p>Kimin i\u00e7in? Aquabalance \u00f6zellikle domates ve salatal\u0131k gibi hidroponik bitkiler i\u00e7in uygundur. Neden Aquabalance mod\u00fcl\u00fc? Hassas bir sulama daha y\u00fcksek \u00fcretim ve kalite sa\u011flar. Aquabalance &#8230;<\/p>\n<div class=\"item-read-more\">\n<p>        <a href=\"https:\/\/www.hoogendoorn.nl\/tr\/modul-aquabalance\/\" style=\"font-weight: normal;\">Daha fazlas\u0131n\u0131 oku<br \/>\n<\/a><\/p><\/div>\n","protected":false},"author":101,"featured_media":0,"parent":0,"menu_order":0,"comment_status":"open","ping_status":"open","template":"","meta":{"_acf_changed":false,"_et_pb_use_builder":"","_et_pb_old_content":"","_et_gb_content_width":"","_genesis_hide_title":false,"_genesis_hide_breadcrumbs":false,"_genesis_hide_singular_image":false,"_genesis_hide_footer_widgets":false,"_genesis_custom_body_class":"","_genesis_custom_post_class":"","_genesis_layout":"","footnotes":""},"class_list":{"0":"post-18591","1":"page","2":"type-page","3":"status-publish","5":"entry"},"acf":[],"yoast_head":"<!-- This site is optimized with the Yoast SEO plugin v26.6 - https:\/\/yoast.com\/wordpress\/plugins\/seo\/ -->\n<title>Mod\u00fcl: Aquabalance - Hoogendoorn Growth Management<\/title>\n<meta name=\"description\" content=\"Aquabalance \u00fcr\u00fcn ihtiyac\u0131na g\u00f6re 24\/7 sulamay\u0131 koordine yard\u0131mc\u0131 olan bir alt katman \u00f6l\u00e7e\u011fidir.\" \/>\n<meta name=\"robots\" content=\"index, follow, max-snippet:-1, max-image-preview:large, max-video-preview:-1\" \/>\n<link rel=\"canonical\" href=\"https:\/\/www.hoogendoorn.nl\/tr\/modul-aquabalance\/\" \/>\n<meta property=\"og:locale\" content=\"tr_TR\" \/>\n<meta property=\"og:type\" content=\"article\" \/>\n<meta property=\"og:title\" content=\"Mod\u00fcl: Aquabalance - Hoogendoorn Growth Management\" \/>\n<meta property=\"og:description\" content=\"Aquabalance \u00fcr\u00fcn ihtiyac\u0131na g\u00f6re 24\/7 sulamay\u0131 koordine yard\u0131mc\u0131 olan bir alt katman \u00f6l\u00e7e\u011fidir.\" \/>\n<meta property=\"og:url\" content=\"https:\/\/www.hoogendoorn.nl\/tr\/modul-aquabalance\/\" \/>\n<meta property=\"og:site_name\" content=\"Hoogendoorn Growth Management\" \/>\n<meta property=\"article:modified_time\" content=\"2015-03-05T22:56:52+00:00\" \/>\n<meta name=\"twitter:label1\" content=\"Est. reading time\" \/>\n\t<meta name=\"twitter:data1\" content=\"2 minutes\" \/>\n<script type=\"application\/ld+json\" class=\"yoast-schema-graph\">{\"@context\":\"https:\/\/schema.org\",\"@graph\":[{\"@type\":\"WebPage\",\"@id\":\"https:\/\/www.hoogendoorn.nl\/tr\/modul-aquabalance\/\",\"url\":\"https:\/\/www.hoogendoorn.nl\/tr\/modul-aquabalance\/\",\"name\":\"Mod\u00fcl: Aquabalance - Hoogendoorn Growth Management\",\"isPartOf\":{\"@id\":\"https:\/\/www.hoogendoorn.nl\/#website\"},\"datePublished\":\"2015-03-05T22:56:03+00:00\",\"dateModified\":\"2015-03-05T22:56:52+00:00\",\"description\":\"Aquabalance \u00fcr\u00fcn ihtiyac\u0131na g\u00f6re 24\/7 sulamay\u0131 koordine yard\u0131mc\u0131 olan bir alt katman \u00f6l\u00e7e\u011fidir.\",\"breadcrumb\":{\"@id\":\"https:\/\/www.hoogendoorn.nl\/tr\/modul-aquabalance\/#breadcrumb\"},\"inLanguage\":\"tr\",\"potentialAction\":[{\"@type\":\"ReadAction\",\"target\":[\"https:\/\/www.hoogendoorn.nl\/tr\/modul-aquabalance\/\"]}]},{\"@type\":\"BreadcrumbList\",\"@id\":\"https:\/\/www.hoogendoorn.nl\/tr\/modul-aquabalance\/#breadcrumb\",\"itemListElement\":[{\"@type\":\"ListItem\",\"position\":1,\"name\":\"Home\",\"item\":\"https:\/\/www.hoogendoorn.nl\/tr\/\"},{\"@type\":\"ListItem\",\"position\":2,\"name\":\"Mod\u00fcl: Aquabalance\"}]},{\"@type\":\"WebSite\",\"@id\":\"https:\/\/www.hoogendoorn.nl\/#website\",\"url\":\"https:\/\/www.hoogendoorn.nl\/\",\"name\":\"Hoogendoorn Growth Management\",\"description\":\"Wereldwijd duurzame tuinbouwoplossingen op maat\",\"potentialAction\":[{\"@type\":\"SearchAction\",\"target\":{\"@type\":\"EntryPoint\",\"urlTemplate\":\"https:\/\/www.hoogendoorn.nl\/?s={search_term_string}\"},\"query-input\":{\"@type\":\"PropertyValueSpecification\",\"valueRequired\":true,\"valueName\":\"search_term_string\"}}],\"inLanguage\":\"tr\"}]}<\/script>\n<!-- \/ Yoast SEO plugin. -->","yoast_head_json":{"title":"Mod\u00fcl: Aquabalance - Hoogendoorn Growth Management","description":"Aquabalance \u00fcr\u00fcn ihtiyac\u0131na g\u00f6re 24\/7 sulamay\u0131 koordine yard\u0131mc\u0131 olan bir alt katman \u00f6l\u00e7e\u011fidir.","robots":{"index":"index","follow":"follow","max-snippet":"max-snippet:-1","max-image-preview":"max-image-preview:large","max-video-preview":"max-video-preview:-1"},"canonical":"https:\/\/www.hoogendoorn.nl\/tr\/modul-aquabalance\/","og_locale":"tr_TR","og_type":"article","og_title":"Mod\u00fcl: Aquabalance - Hoogendoorn Growth Management","og_description":"Aquabalance \u00fcr\u00fcn ihtiyac\u0131na g\u00f6re 24\/7 sulamay\u0131 koordine yard\u0131mc\u0131 olan bir alt katman \u00f6l\u00e7e\u011fidir.","og_url":"https:\/\/www.hoogendoorn.nl\/tr\/modul-aquabalance\/","og_site_name":"Hoogendoorn Growth Management","article_modified_time":"2015-03-05T22:56:52+00:00","twitter_misc":{"Est. reading time":"2 minutes"},"schema":{"@context":"https:\/\/schema.org","@graph":[{"@type":"WebPage","@id":"https:\/\/www.hoogendoorn.nl\/tr\/modul-aquabalance\/","url":"https:\/\/www.hoogendoorn.nl\/tr\/modul-aquabalance\/","name":"Mod\u00fcl: Aquabalance - Hoogendoorn Growth Management","isPartOf":{"@id":"https:\/\/www.hoogendoorn.nl\/#website"},"datePublished":"2015-03-05T22:56:03+00:00","dateModified":"2015-03-05T22:56:52+00:00","description":"Aquabalance \u00fcr\u00fcn ihtiyac\u0131na g\u00f6re 24\/7 sulamay\u0131 koordine yard\u0131mc\u0131 olan bir alt katman \u00f6l\u00e7e\u011fidir.","breadcrumb":{"@id":"https:\/\/www.hoogendoorn.nl\/tr\/modul-aquabalance\/#breadcrumb"},"inLanguage":"tr","potentialAction":[{"@type":"ReadAction","target":["https:\/\/www.hoogendoorn.nl\/tr\/modul-aquabalance\/"]}]},{"@type":"BreadcrumbList","@id":"https:\/\/www.hoogendoorn.nl\/tr\/modul-aquabalance\/#breadcrumb","itemListElement":[{"@type":"ListItem","position":1,"name":"Home","item":"https:\/\/www.hoogendoorn.nl\/tr\/"},{"@type":"ListItem","position":2,"name":"Mod\u00fcl: Aquabalance"}]},{"@type":"WebSite","@id":"https:\/\/www.hoogendoorn.nl\/#website","url":"https:\/\/www.hoogendoorn.nl\/","name":"Hoogendoorn Growth Management","description":"Wereldwijd duurzame tuinbouwoplossingen op maat","potentialAction":[{"@type":"SearchAction","target":{"@type":"EntryPoint","urlTemplate":"https:\/\/www.hoogendoorn.nl\/?s={search_term_string}"},"query-input":{"@type":"PropertyValueSpecification","valueRequired":true,"valueName":"search_term_string"}}],"inLanguage":"tr"}]}},"_links":{"self":[{"href":"https:\/\/www.hoogendoorn.nl\/tr\/wp-json\/wp\/v2\/pages\/18591","targetHints":{"allow":["GET"]}}],"collection":[{"href":"https:\/\/www.hoogendoorn.nl\/tr\/wp-json\/wp\/v2\/pages"}],"about":[{"href":"https:\/\/www.hoogendoorn.nl\/tr\/wp-json\/wp\/v2\/types\/page"}],"author":[{"embeddable":true,"href":"https:\/\/www.hoogendoorn.nl\/tr\/wp-json\/wp\/v2\/users\/101"}],"replies":[{"embeddable":true,"href":"https:\/\/www.hoogendoorn.nl\/tr\/wp-json\/wp\/v2\/comments?post=18591"}],"version-history":[{"count":0,"href":"https:\/\/www.hoogendoorn.nl\/tr\/wp-json\/wp\/v2\/pages\/18591\/revisions"}],"wp:attachment":[{"href":"https:\/\/www.hoogendoorn.nl\/tr\/wp-json\/wp\/v2\/media?parent=18591"}],"curies":[{"name":"wp","href":"https:\/\/api.w.org\/{rel}","templated":true}]}}