{"id":18593,"date":"2015-03-05T22:59:17","date_gmt":"2015-03-05T22:59:17","guid":{"rendered":"http:\/\/nlhoog-salebaboe.savviihq.com\/?page_id=18593"},"modified":"2015-03-05T22:59:17","modified_gmt":"2015-03-05T22:59:17","slug":"modul-urun-yogusma","status":"publish","type":"page","link":"https:\/\/www.hoogendoorn.nl\/tr\/modul-urun-yogusma\/","title":{"rendered":"Mod\u00fcl: \u00dcr\u00fcn yo\u011fu\u015fma"},"content":{"rendered":"<p><strong>Kimin i\u00e7in?<br \/>\n<\/strong>\u00dcr\u00fcn yo\u011fu\u015fma mod\u00fcl\u00fc yo\u011fu\u015fmaya duyarl\u0131 \u00fcr\u00fcnleri olan yeti\u015ftiriciler i\u00e7in tavsiye edilir.<\/p>\n<p><strong>Neden \u00fcr\u00fcn yo\u011fu\u015fma mod\u00fcl\u00fc?<br \/>\n<\/strong>Bu mod\u00fcl \u00fcr\u00fcnde yo\u011fu\u015fmay\u0131 \u00f6nlemek i\u00e7in Hoogendoorn taraf\u0131ndan geli\u015ftirilmi\u015ftir. Bu mod\u00fcl sayesinde \u00f6l\u00e7\u00fcmler ve hesaplamalar temelinde s\u0131cakl\u0131k ve nem de\u011fi\u015fikliklerinin etkisini \u00f6ng\u00f6rmek m\u00fcmk\u00fcnd\u00fcr. Yo\u011fu\u015fma riskini belirler ve enerji kayb\u0131n\u0131 \u00f6nlemeye yard\u0131mc\u0131 olur. Nas\u0131l?<\/p>\n<p>Birinci olarak, mod\u00fcl \u00fcr\u00fcn\u00fcn t\u00fcr\u00fcn\u00fc ve meyve b\u00fcy\u00fckl\u00fc\u011f\u00fcn\u00fc\u00a0 ayarlamak i\u00e7in parametreleri sa\u011flar. A\u00e7\u0131kt\u0131r ki meyveleriniz ne kadar b\u00fcy\u00fckse \u0131s\u0131nmalar\u0131 da o kadar yava\u015f olur. \u0130kinci olarak, mod\u00fcl sera ko\u015fullar\u0131nda h\u0131zl\u0131 veya yava\u015f de\u011fi\u015fikliklere g\u00f6re meyve ve \u00e7i\u011f noktas\u0131 s\u0131cakl\u0131\u011f\u0131 fark\u0131n\u0131 belirlemek i\u00e7in hesaplamalar sa\u011flar. Meyve ve \u00e7i\u011f s\u0131cakl\u0131\u011f\u0131n\u0131n birle\u015fimi yo\u011fu\u015fma riskini belirler. \u00c7i\u011f noktas\u0131 s\u0131cakl\u0131\u011f\u0131 meyve s\u0131cakl\u0131\u011f\u0131na yakla\u015f\u0131rsa yo\u011fu\u015fma riski artar. Yo\u011fu\u015fma riskini azaltmak i\u00e7in, \u00f6nlemler otomatik olarak al\u0131nabilir.<\/p>\n<p>Bu mod\u00fcl ile, sadece ger\u00e7ek bir yo\u011fu\u015fma riski durumunda havaland\u0131rma, enerji perdesinde nem a\u00e7\u0131\u011f\u0131 ve dolay\u0131s\u0131yla \u0131s\u0131tmada otomatik d\u00fczeltme yapabilirsiniz. B\u00f6ylece asgari t\u00fcp ve\/veya havaland\u0131rman\u0131n gereksiz kullan\u0131m\u0131 \u00f6nlenebilir ve dolay\u0131s\u0131yla enerji tasarrufu sa\u011flan\u0131r.<\/p>\n<p><strong>K\u0131saca \u00fcr\u00fcn yo\u011fu\u015fma mod\u00fcl\u00fc:<\/strong><\/p>\n<ul>\n<li>Ekstra nem ta\u015f\u0131ma\/drenaj sadece gerekti\u011finde oldu\u011fundan enerji tasarrufu sa\u011flar<\/li>\n<li>Zararl\u0131 ve hastal\u0131k riskini en aza indirir ve kaliteyi artt\u0131r\u0131r<\/li>\n<\/ul>\n<p><a class=\"button grey large\" href=\"https:\/\/www.hoogendoorn.nl\/product\/speciale-isii-modules\/\">Geri iSii mod\u00fcller<\/a> <a class=\"button red large\" href=\"https:\/\/www.hoogendoorn.nl\/tr\/iletisim\/oneri\/\"> \u00d6neriniz var m\u0131?<\/a><\/p>\n","protected":false},"excerpt":{"rendered":"<p>Kimin i\u00e7in? \u00dcr\u00fcn yo\u011fu\u015fma mod\u00fcl\u00fc yo\u011fu\u015fmaya duyarl\u0131 \u00fcr\u00fcnleri olan yeti\u015ftiriciler i\u00e7in tavsiye edilir. Neden \u00fcr\u00fcn yo\u011fu\u015fma mod\u00fcl\u00fc? Bu mod\u00fcl \u00fcr\u00fcnde yo\u011fu\u015fmay\u0131 \u00f6nlemek i\u00e7in Hoogendoorn taraf\u0131ndan &#8230;<\/p>\n<div class=\"item-read-more\">\n<p>        <a href=\"https:\/\/www.hoogendoorn.nl\/tr\/modul-urun-yogusma\/\" style=\"font-weight: normal;\">Daha fazlas\u0131n\u0131 oku<br \/>\n<\/a><\/p><\/div>\n","protected":false},"author":101,"featured_media":0,"parent":0,"menu_order":0,"comment_status":"open","ping_status":"open","template":"","meta":{"_acf_changed":false,"_et_pb_use_builder":"","_et_pb_old_content":"","_et_gb_content_width":"","_genesis_hide_title":false,"_genesis_hide_breadcrumbs":false,"_genesis_hide_singular_image":false,"_genesis_hide_footer_widgets":false,"_genesis_custom_body_class":"","_genesis_custom_post_class":"","_genesis_layout":"","footnotes":""},"class_list":{"0":"post-18593","1":"page","2":"type-page","3":"status-publish","5":"entry"},"acf":[],"yoast_head":"<!-- This site is optimized with the Yoast SEO plugin v26.6 - https:\/\/yoast.com\/wordpress\/plugins\/seo\/ -->\n<title>Mod\u00fcl: \u00dcr\u00fcn yo\u011fu\u015fma - Hoogendoorn Growth Management<\/title>\n<meta name=\"description\" content=\"Bu mod\u00fcl \u00fcr\u00fcnde yo\u011fu\u015fmay\u0131 \u00f6nlemek i\u00e7in Hoogendoorn taraf\u0131ndan geli\u015ftirilmi\u015ftir.\" \/>\n<meta name=\"robots\" content=\"index, follow, max-snippet:-1, max-image-preview:large, max-video-preview:-1\" \/>\n<link rel=\"canonical\" href=\"https:\/\/www.hoogendoorn.nl\/tr\/modul-urun-yogusma\/\" \/>\n<meta property=\"og:locale\" content=\"tr_TR\" \/>\n<meta property=\"og:type\" content=\"article\" \/>\n<meta property=\"og:title\" content=\"Mod\u00fcl: \u00dcr\u00fcn yo\u011fu\u015fma - Hoogendoorn Growth Management\" \/>\n<meta property=\"og:description\" content=\"Bu mod\u00fcl \u00fcr\u00fcnde yo\u011fu\u015fmay\u0131 \u00f6nlemek i\u00e7in Hoogendoorn taraf\u0131ndan geli\u015ftirilmi\u015ftir.\" \/>\n<meta property=\"og:url\" content=\"https:\/\/www.hoogendoorn.nl\/tr\/modul-urun-yogusma\/\" \/>\n<meta property=\"og:site_name\" content=\"Hoogendoorn Growth Management\" \/>\n<meta name=\"twitter:label1\" content=\"Est. reading time\" \/>\n\t<meta name=\"twitter:data1\" content=\"1 minute\" \/>\n<script type=\"application\/ld+json\" class=\"yoast-schema-graph\">{\"@context\":\"https:\/\/schema.org\",\"@graph\":[{\"@type\":\"WebPage\",\"@id\":\"https:\/\/www.hoogendoorn.nl\/tr\/modul-urun-yogusma\/\",\"url\":\"https:\/\/www.hoogendoorn.nl\/tr\/modul-urun-yogusma\/\",\"name\":\"Mod\u00fcl: \u00dcr\u00fcn yo\u011fu\u015fma - Hoogendoorn Growth Management\",\"isPartOf\":{\"@id\":\"https:\/\/www.hoogendoorn.nl\/#website\"},\"datePublished\":\"2015-03-05T22:59:17+00:00\",\"description\":\"Bu mod\u00fcl \u00fcr\u00fcnde yo\u011fu\u015fmay\u0131 \u00f6nlemek i\u00e7in Hoogendoorn taraf\u0131ndan geli\u015ftirilmi\u015ftir.\",\"breadcrumb\":{\"@id\":\"https:\/\/www.hoogendoorn.nl\/tr\/modul-urun-yogusma\/#breadcrumb\"},\"inLanguage\":\"tr\",\"potentialAction\":[{\"@type\":\"ReadAction\",\"target\":[\"https:\/\/www.hoogendoorn.nl\/tr\/modul-urun-yogusma\/\"]}]},{\"@type\":\"BreadcrumbList\",\"@id\":\"https:\/\/www.hoogendoorn.nl\/tr\/modul-urun-yogusma\/#breadcrumb\",\"itemListElement\":[{\"@type\":\"ListItem\",\"position\":1,\"name\":\"Home\",\"item\":\"https:\/\/www.hoogendoorn.nl\/tr\/\"},{\"@type\":\"ListItem\",\"position\":2,\"name\":\"Mod\u00fcl: \u00dcr\u00fcn yo\u011fu\u015fma\"}]},{\"@type\":\"WebSite\",\"@id\":\"https:\/\/www.hoogendoorn.nl\/#website\",\"url\":\"https:\/\/www.hoogendoorn.nl\/\",\"name\":\"Hoogendoorn Growth Management\",\"description\":\"Wereldwijd duurzame tuinbouwoplossingen op maat\",\"potentialAction\":[{\"@type\":\"SearchAction\",\"target\":{\"@type\":\"EntryPoint\",\"urlTemplate\":\"https:\/\/www.hoogendoorn.nl\/?s={search_term_string}\"},\"query-input\":{\"@type\":\"PropertyValueSpecification\",\"valueRequired\":true,\"valueName\":\"search_term_string\"}}],\"inLanguage\":\"tr\"}]}<\/script>\n<!-- \/ Yoast SEO plugin. -->","yoast_head_json":{"title":"Mod\u00fcl: \u00dcr\u00fcn yo\u011fu\u015fma - Hoogendoorn Growth Management","description":"Bu mod\u00fcl \u00fcr\u00fcnde yo\u011fu\u015fmay\u0131 \u00f6nlemek i\u00e7in Hoogendoorn taraf\u0131ndan geli\u015ftirilmi\u015ftir.","robots":{"index":"index","follow":"follow","max-snippet":"max-snippet:-1","max-image-preview":"max-image-preview:large","max-video-preview":"max-video-preview:-1"},"canonical":"https:\/\/www.hoogendoorn.nl\/tr\/modul-urun-yogusma\/","og_locale":"tr_TR","og_type":"article","og_title":"Mod\u00fcl: \u00dcr\u00fcn yo\u011fu\u015fma - Hoogendoorn Growth Management","og_description":"Bu mod\u00fcl \u00fcr\u00fcnde yo\u011fu\u015fmay\u0131 \u00f6nlemek i\u00e7in Hoogendoorn taraf\u0131ndan geli\u015ftirilmi\u015ftir.","og_url":"https:\/\/www.hoogendoorn.nl\/tr\/modul-urun-yogusma\/","og_site_name":"Hoogendoorn Growth Management","twitter_misc":{"Est. reading time":"1 minute"},"schema":{"@context":"https:\/\/schema.org","@graph":[{"@type":"WebPage","@id":"https:\/\/www.hoogendoorn.nl\/tr\/modul-urun-yogusma\/","url":"https:\/\/www.hoogendoorn.nl\/tr\/modul-urun-yogusma\/","name":"Mod\u00fcl: \u00dcr\u00fcn yo\u011fu\u015fma - Hoogendoorn Growth Management","isPartOf":{"@id":"https:\/\/www.hoogendoorn.nl\/#website"},"datePublished":"2015-03-05T22:59:17+00:00","description":"Bu mod\u00fcl \u00fcr\u00fcnde yo\u011fu\u015fmay\u0131 \u00f6nlemek i\u00e7in Hoogendoorn taraf\u0131ndan geli\u015ftirilmi\u015ftir.","breadcrumb":{"@id":"https:\/\/www.hoogendoorn.nl\/tr\/modul-urun-yogusma\/#breadcrumb"},"inLanguage":"tr","potentialAction":[{"@type":"ReadAction","target":["https:\/\/www.hoogendoorn.nl\/tr\/modul-urun-yogusma\/"]}]},{"@type":"BreadcrumbList","@id":"https:\/\/www.hoogendoorn.nl\/tr\/modul-urun-yogusma\/#breadcrumb","itemListElement":[{"@type":"ListItem","position":1,"name":"Home","item":"https:\/\/www.hoogendoorn.nl\/tr\/"},{"@type":"ListItem","position":2,"name":"Mod\u00fcl: \u00dcr\u00fcn yo\u011fu\u015fma"}]},{"@type":"WebSite","@id":"https:\/\/www.hoogendoorn.nl\/#website","url":"https:\/\/www.hoogendoorn.nl\/","name":"Hoogendoorn Growth Management","description":"Wereldwijd duurzame tuinbouwoplossingen op maat","potentialAction":[{"@type":"SearchAction","target":{"@type":"EntryPoint","urlTemplate":"https:\/\/www.hoogendoorn.nl\/?s={search_term_string}"},"query-input":{"@type":"PropertyValueSpecification","valueRequired":true,"valueName":"search_term_string"}}],"inLanguage":"tr"}]}},"_links":{"self":[{"href":"https:\/\/www.hoogendoorn.nl\/tr\/wp-json\/wp\/v2\/pages\/18593","targetHints":{"allow":["GET"]}}],"collection":[{"href":"https:\/\/www.hoogendoorn.nl\/tr\/wp-json\/wp\/v2\/pages"}],"about":[{"href":"https:\/\/www.hoogendoorn.nl\/tr\/wp-json\/wp\/v2\/types\/page"}],"author":[{"embeddable":true,"href":"https:\/\/www.hoogendoorn.nl\/tr\/wp-json\/wp\/v2\/users\/101"}],"replies":[{"embeddable":true,"href":"https:\/\/www.hoogendoorn.nl\/tr\/wp-json\/wp\/v2\/comments?post=18593"}],"version-history":[{"count":0,"href":"https:\/\/www.hoogendoorn.nl\/tr\/wp-json\/wp\/v2\/pages\/18593\/revisions"}],"wp:attachment":[{"href":"https:\/\/www.hoogendoorn.nl\/tr\/wp-json\/wp\/v2\/media?parent=18593"}],"curies":[{"name":"wp","href":"https:\/\/api.w.org\/{rel}","templated":true}]}}