{"id":18595,"date":"2015-03-05T23:02:09","date_gmt":"2015-03-05T23:02:09","guid":{"rendered":"http:\/\/nlhoog-salebaboe.savviihq.com\/?page_id=18595"},"modified":"2020-02-04T10:20:07","modified_gmt":"2020-02-04T10:20:07","slug":"modul-meteoscope","status":"publish","type":"page","link":"https:\/\/www.hoogendoorn.nl\/tr\/modul-meteoscope\/","title":{"rendered":"Mod\u00fcl: Meteoscope"},"content":{"rendered":"<p><strong>Kimin i\u00e7in?<br \/>\n<\/strong>Meteoscope mod\u00fcl\u00fc t\u00fcm ekimler, \u00f6zellikle optimum bitki b\u00fcy\u00fcme ve y\u00fcksek kaliteli \u00fcretimi sa\u011flamak ve enerji tasarruf etmek amac\u0131yla hava durumunu tahmin etmek isteyen yeti\u015ftiriciler i\u00e7in uygundur.<\/p>\n<p><strong>Neden Meteoscope mod\u00fcl\u00fc?<\/strong><br \/>\nHava ko\u015fullar\u0131 seran\u0131zda iklim ko\u015fullar\u0131 \u00fczerinde b\u00fcy\u00fck bir etkiye sahiptir. Hoogendoorn iSii 7 g\u00fcn \u00f6ncesizine kadar \u00f6zel sera konumunuz i\u00e7in \u00f6zelle\u015ftirilmi\u015f hava tahminlerini alman\u0131z\u0131 sa\u011flar. Bu hizmet Meteoscope olarak adland\u0131r\u0131l\u0131r ve abonelik yoluyla Meteo Group taraf\u0131ndan sa\u011flan\u0131r.<\/p>\n<p>Meteoscope a\u015fa\u011f\u0131dakileri i\u00e7erir:<\/p>\n<ul>\n<li>Hava durumu verilerini Meteo Group\u2019tan iSii bilgisayar\u0131n\u0131za otomatik indirme.<\/li>\n<li>R\u00fczgar h\u0131z\u0131, d\u0131\u015f s\u0131cakl\u0131k, \u0131\u015f\u0131n\u0131m yo\u011funlu\u011fu, nem, bulutluluk d\u00fczeyi hakk\u0131nda saatlik g\u00fcncelleme veriler ile, \u00f6zel konumunuz (GPS konumu) i\u00e7in hedefli 7 g\u00fcnl\u00fck hava durumu tahmini<\/li>\n<li>iSii s\u00fcre\u00e7 bilgisayar\u0131n\u0131zda enerji, iklim ve\/veya sulama ayarlar\u0131n\u0131z\u0131n otomatik olarak ayarlanmas\u0131<\/li>\n<\/ul>\n<p>Meteoscope hava durumunu \u00f6ng\u00f6rmenizi sa\u011flar. \u00d6rne\u011fin, so\u011fuk hava bekleniyorsa \u0131s\u0131 depolama tank\u0131nda daha fazla enerji depolayabilirsiniz veya bulutsuz a\u00e7\u0131k bir gece bekleniyorsa \u00f6nceden enerji perdesini kapatabilirsiniz. B\u00f6ylece, \u00e7\u0131k \u0131\u015f\u0131n\u0131m bekleniyorsa bitkilerinize ilave su verebilirsiniz. G\u00fcn\u00fcn sonunda az \u0131\u015f\u0131n\u0131m bekleniyorsa, zaman\u0131nda bitkilere su vermeyi durdurabilirsiniz. Veya yeterli \u0131\u015f\u0131n\u0131m bekleniyorsa, \u00f6nceden lambalar\u0131 kapatabilir ya da hi\u00e7 yakmayabilirsiniz.<\/p>\n<p>Bu, enerji y\u00f6netimini optimize etmek i\u00e7in yararl\u0131 bir ara\u00e7 olabilir. \u00c7\u00fcnk\u00fc tats\u0131z durumlar\u0131 \u00f6nlemek sonradan d\u00fczeltmeler yapmak zorunda kalmaktan daha iyidir.<\/p>\n<p><strong>K\u0131saca Meteoscope:<\/strong><\/p>\n<ul>\n<li>Meteoscope hava durumunu \u00f6ng\u00f6rmenizi sa\u011flar<\/li>\n<li>Sonradan d\u00fczeltmeler yapmak zorunda kalmaman\u0131z\u0131 sa\u011flar<\/li>\n<li>Optimum bitki b\u00fcy\u00fcmesi ve y\u00fcksek kaliteli \u00fcretim olu\u015fturur<\/li>\n<li>Enerji tasarrufu sa\u011flar<\/li>\n<\/ul>\n<p><a class=\"button grey large\" href=\"https:\/\/www.hoogendoorn.nl\/product\/speciale-isii-modules\/\">Geri iSii mod\u00fcller<\/a> <a class=\"button red large\" href=\"https:\/\/www.hoogendoorn.nl\/tr\/iletisim\/oneri\/\"> \u00d6neriniz var m\u0131?<\/a><\/p>\n","protected":false},"excerpt":{"rendered":"<p>Kimin i\u00e7in? Meteoscope mod\u00fcl\u00fc t\u00fcm ekimler, \u00f6zellikle optimum bitki b\u00fcy\u00fcme ve y\u00fcksek kaliteli \u00fcretimi sa\u011flamak ve enerji tasarruf etmek amac\u0131yla hava durumunu tahmin etmek isteyen &#8230;<\/p>\n<div class=\"item-read-more\">\n<p>        <a href=\"https:\/\/www.hoogendoorn.nl\/tr\/modul-meteoscope\/\" style=\"font-weight: normal;\">Daha fazlas\u0131n\u0131 oku<br \/>\n<\/a><\/p><\/div>\n","protected":false},"author":101,"featured_media":0,"parent":0,"menu_order":0,"comment_status":"open","ping_status":"open","template":"","meta":{"_acf_changed":false,"_et_pb_use_builder":"","_et_pb_old_content":"","_et_gb_content_width":"","_genesis_hide_title":false,"_genesis_hide_breadcrumbs":false,"_genesis_hide_singular_image":false,"_genesis_hide_footer_widgets":false,"_genesis_custom_body_class":"","_genesis_custom_post_class":"","_genesis_layout":"","footnotes":""},"class_list":{"0":"post-18595","1":"page","2":"type-page","3":"status-publish","5":"entry"},"acf":[],"yoast_head":"<!-- This site is optimized with the Yoast SEO plugin v26.6 - https:\/\/yoast.com\/wordpress\/plugins\/seo\/ -->\n<title>Mod\u00fcl: Meteoscope - Hoogendoorn Growth Management<\/title>\n<meta name=\"description\" content=\"Hava ko\u015fullar\u0131 seran\u0131zda iklim ko\u015fullar\u0131 \u00fczerinde b\u00fcy\u00fck bir etkiye sahiptir. MeteoScope hava durumunu \u00f6ng\u00f6rmenizi sa\u011flar.\" \/>\n<meta name=\"robots\" content=\"index, follow, max-snippet:-1, max-image-preview:large, max-video-preview:-1\" \/>\n<link rel=\"canonical\" href=\"https:\/\/www.hoogendoorn.nl\/tr\/modul-meteoscope\/\" \/>\n<meta property=\"og:locale\" content=\"tr_TR\" \/>\n<meta property=\"og:type\" content=\"article\" \/>\n<meta property=\"og:title\" content=\"Mod\u00fcl: Meteoscope - Hoogendoorn Growth Management\" \/>\n<meta property=\"og:description\" content=\"Hava ko\u015fullar\u0131 seran\u0131zda iklim ko\u015fullar\u0131 \u00fczerinde b\u00fcy\u00fck bir etkiye sahiptir. MeteoScope hava durumunu \u00f6ng\u00f6rmenizi sa\u011flar.\" \/>\n<meta property=\"og:url\" content=\"https:\/\/www.hoogendoorn.nl\/tr\/modul-meteoscope\/\" \/>\n<meta property=\"og:site_name\" content=\"Hoogendoorn Growth Management\" \/>\n<meta property=\"article:modified_time\" content=\"2020-02-04T10:20:07+00:00\" \/>\n<meta name=\"twitter:label1\" content=\"Est. reading time\" \/>\n\t<meta name=\"twitter:data1\" content=\"2 minutes\" \/>\n<script type=\"application\/ld+json\" class=\"yoast-schema-graph\">{\"@context\":\"https:\/\/schema.org\",\"@graph\":[{\"@type\":\"WebPage\",\"@id\":\"https:\/\/www.hoogendoorn.nl\/tr\/modul-meteoscope\/\",\"url\":\"https:\/\/www.hoogendoorn.nl\/tr\/modul-meteoscope\/\",\"name\":\"Mod\u00fcl: Meteoscope - Hoogendoorn Growth Management\",\"isPartOf\":{\"@id\":\"https:\/\/www.hoogendoorn.nl\/#website\"},\"datePublished\":\"2015-03-05T23:02:09+00:00\",\"dateModified\":\"2020-02-04T10:20:07+00:00\",\"description\":\"Hava ko\u015fullar\u0131 seran\u0131zda iklim ko\u015fullar\u0131 \u00fczerinde b\u00fcy\u00fck bir etkiye sahiptir. MeteoScope hava durumunu \u00f6ng\u00f6rmenizi sa\u011flar.\",\"breadcrumb\":{\"@id\":\"https:\/\/www.hoogendoorn.nl\/tr\/modul-meteoscope\/#breadcrumb\"},\"inLanguage\":\"tr\",\"potentialAction\":[{\"@type\":\"ReadAction\",\"target\":[\"https:\/\/www.hoogendoorn.nl\/tr\/modul-meteoscope\/\"]}]},{\"@type\":\"BreadcrumbList\",\"@id\":\"https:\/\/www.hoogendoorn.nl\/tr\/modul-meteoscope\/#breadcrumb\",\"itemListElement\":[{\"@type\":\"ListItem\",\"position\":1,\"name\":\"Home\",\"item\":\"https:\/\/www.hoogendoorn.nl\/tr\/\"},{\"@type\":\"ListItem\",\"position\":2,\"name\":\"Mod\u00fcl: Meteoscope\"}]},{\"@type\":\"WebSite\",\"@id\":\"https:\/\/www.hoogendoorn.nl\/#website\",\"url\":\"https:\/\/www.hoogendoorn.nl\/\",\"name\":\"Hoogendoorn Growth Management\",\"description\":\"Wereldwijd duurzame tuinbouwoplossingen op maat\",\"potentialAction\":[{\"@type\":\"SearchAction\",\"target\":{\"@type\":\"EntryPoint\",\"urlTemplate\":\"https:\/\/www.hoogendoorn.nl\/?s={search_term_string}\"},\"query-input\":{\"@type\":\"PropertyValueSpecification\",\"valueRequired\":true,\"valueName\":\"search_term_string\"}}],\"inLanguage\":\"tr\"}]}<\/script>\n<!-- \/ Yoast SEO plugin. -->","yoast_head_json":{"title":"Mod\u00fcl: Meteoscope - Hoogendoorn Growth Management","description":"Hava ko\u015fullar\u0131 seran\u0131zda iklim ko\u015fullar\u0131 \u00fczerinde b\u00fcy\u00fck bir etkiye sahiptir. MeteoScope hava durumunu \u00f6ng\u00f6rmenizi sa\u011flar.","robots":{"index":"index","follow":"follow","max-snippet":"max-snippet:-1","max-image-preview":"max-image-preview:large","max-video-preview":"max-video-preview:-1"},"canonical":"https:\/\/www.hoogendoorn.nl\/tr\/modul-meteoscope\/","og_locale":"tr_TR","og_type":"article","og_title":"Mod\u00fcl: Meteoscope - Hoogendoorn Growth Management","og_description":"Hava ko\u015fullar\u0131 seran\u0131zda iklim ko\u015fullar\u0131 \u00fczerinde b\u00fcy\u00fck bir etkiye sahiptir. MeteoScope hava durumunu \u00f6ng\u00f6rmenizi sa\u011flar.","og_url":"https:\/\/www.hoogendoorn.nl\/tr\/modul-meteoscope\/","og_site_name":"Hoogendoorn Growth Management","article_modified_time":"2020-02-04T10:20:07+00:00","twitter_misc":{"Est. reading time":"2 minutes"},"schema":{"@context":"https:\/\/schema.org","@graph":[{"@type":"WebPage","@id":"https:\/\/www.hoogendoorn.nl\/tr\/modul-meteoscope\/","url":"https:\/\/www.hoogendoorn.nl\/tr\/modul-meteoscope\/","name":"Mod\u00fcl: Meteoscope - Hoogendoorn Growth Management","isPartOf":{"@id":"https:\/\/www.hoogendoorn.nl\/#website"},"datePublished":"2015-03-05T23:02:09+00:00","dateModified":"2020-02-04T10:20:07+00:00","description":"Hava ko\u015fullar\u0131 seran\u0131zda iklim ko\u015fullar\u0131 \u00fczerinde b\u00fcy\u00fck bir etkiye sahiptir. MeteoScope hava durumunu \u00f6ng\u00f6rmenizi sa\u011flar.","breadcrumb":{"@id":"https:\/\/www.hoogendoorn.nl\/tr\/modul-meteoscope\/#breadcrumb"},"inLanguage":"tr","potentialAction":[{"@type":"ReadAction","target":["https:\/\/www.hoogendoorn.nl\/tr\/modul-meteoscope\/"]}]},{"@type":"BreadcrumbList","@id":"https:\/\/www.hoogendoorn.nl\/tr\/modul-meteoscope\/#breadcrumb","itemListElement":[{"@type":"ListItem","position":1,"name":"Home","item":"https:\/\/www.hoogendoorn.nl\/tr\/"},{"@type":"ListItem","position":2,"name":"Mod\u00fcl: Meteoscope"}]},{"@type":"WebSite","@id":"https:\/\/www.hoogendoorn.nl\/#website","url":"https:\/\/www.hoogendoorn.nl\/","name":"Hoogendoorn Growth Management","description":"Wereldwijd duurzame tuinbouwoplossingen op maat","potentialAction":[{"@type":"SearchAction","target":{"@type":"EntryPoint","urlTemplate":"https:\/\/www.hoogendoorn.nl\/?s={search_term_string}"},"query-input":{"@type":"PropertyValueSpecification","valueRequired":true,"valueName":"search_term_string"}}],"inLanguage":"tr"}]}},"_links":{"self":[{"href":"https:\/\/www.hoogendoorn.nl\/tr\/wp-json\/wp\/v2\/pages\/18595","targetHints":{"allow":["GET"]}}],"collection":[{"href":"https:\/\/www.hoogendoorn.nl\/tr\/wp-json\/wp\/v2\/pages"}],"about":[{"href":"https:\/\/www.hoogendoorn.nl\/tr\/wp-json\/wp\/v2\/types\/page"}],"author":[{"embeddable":true,"href":"https:\/\/www.hoogendoorn.nl\/tr\/wp-json\/wp\/v2\/users\/101"}],"replies":[{"embeddable":true,"href":"https:\/\/www.hoogendoorn.nl\/tr\/wp-json\/wp\/v2\/comments?post=18595"}],"version-history":[{"count":2,"href":"https:\/\/www.hoogendoorn.nl\/tr\/wp-json\/wp\/v2\/pages\/18595\/revisions"}],"predecessor-version":[{"id":43076,"href":"https:\/\/www.hoogendoorn.nl\/tr\/wp-json\/wp\/v2\/pages\/18595\/revisions\/43076"}],"wp:attachment":[{"href":"https:\/\/www.hoogendoorn.nl\/tr\/wp-json\/wp\/v2\/media?parent=18595"}],"curies":[{"name":"wp","href":"https:\/\/api.w.org\/{rel}","templated":true}]}}